{"id":5187096,"date":"2025-06-22T17:32:31","date_gmt":"2025-06-22T15:32:31","guid":{"rendered":"https:\/\/lds-service.com\/?post_type=product&#038;p=5187096"},"modified":"2026-04-02T21:08:51","modified_gmt":"2026-04-02T19:08:51","slug":"e-mtb-lenker","status":"publish","type":"product","link":"https:\/\/lds-service.com\/cs\/product\/e-mtb-lenker\/","title":{"rendered":"\u0158\u00edd\u00edtka pro elektromotorky"},"content":{"rendered":"<p>Original Ersatzteil fuer IAN 478053<\/p>","protected":false},"excerpt":{"rendered":"<p>Lieferumfang:  1x Lenker <\/p>","protected":false},"featured_media":5210867,"template":"","meta":{"site-sidebar-layout":"default","site-content-layout":"","ast-site-content-layout":"default","site-content-style":"default","site-sidebar-style":"default","ast-global-header-display":"","ast-banner-title-visibility":"","ast-main-header-display":"","ast-hfb-above-header-display":"","ast-hfb-below-header-display":"","ast-hfb-mobile-header-display":"","site-post-title":"","ast-breadcrumbs-content":"","ast-featured-img":"","footer-sml-layout":"","theme-transparent-header-meta":"","adv-header-id-meta":"","stick-header-meta":"","header-above-stick-meta":"","header-main-stick-meta":"","header-below-stick-meta":"","astra-migrate-meta-layouts":"default","ast-page-background-enabled":"default","ast-page-background-meta":{"desktop":{"background-color":"","background-image":"","background-repeat":"repeat","background-position":"center center","background-size":"auto","background-attachment":"scroll","background-type":"","background-media":"","overlay-type":"","overlay-color":"","overlay-opacity":"","overlay-gradient":""},"tablet":{"background-color":"","background-image":"","background-repeat":"repeat","background-position":"center center","background-size":"auto","background-attachment":"scroll","background-type":"","background-media":"","overlay-type":"","overlay-color":"","overlay-opacity":"","overlay-gradient":""},"mobile":{"background-color":"","background-image":"","background-repeat":"repeat","background-position":"center center","background-size":"auto","background-attachment":"scroll","background-type":"","background-media":"","overlay-type":"","overlay-color":"","overlay-opacity":"","overlay-gradient":""}},"ast-content-background-meta":{"desktop":{"background-color":"var(--ast-global-color-5)","background-image":"","background-repeat":"repeat","background-position":"center center","background-size":"auto","background-attachment":"scroll","background-type":"","background-media":"","overlay-type":"","overlay-color":"","overlay-opacity":"","overlay-gradient":""},"tablet":{"background-color":"var(--ast-global-color-5)","background-image":"","background-repeat":"repeat","background-position":"center center","background-size":"auto","background-attachment":"scroll","background-type":"","background-media":"","overlay-type":"","overlay-color":"","overlay-opacity":"","overlay-gradient":""},"mobile":{"background-color":"var(--ast-global-color-5)","background-image":"","background-repeat":"repeat","background-position":"center center","background-size":"auto","background-attachment":"scroll","background-type":"","background-media":"","overlay-type":"","overlay-color":"","overlay-opacity":"","overlay-gradient":""}}},"product_brand":[1213],"product_cat":[781],"product_tag":[1260],"class_list":{"0":"post-5187096","1":"product","2":"type-product","3":"status-publish","4":"has-post-thumbnail","6":"product_brand-crivit","7":"product_cat-e-bike-mountainbike-peak-709","8":"product_tag-20255187096709crivitersatzteilelidlmtbpeak-4032611350058-16529-lenker","9":"desktop-align-left","10":"tablet-align-left","11":"mobile-align-left","12":"ast-product-gallery-layout-horizontal","13":"ast-product-gallery-with-no-image","15":"first","16":"instock","17":"taxable","18":"shipping-taxable","19":"purchasable","20":"product-type-simple"},"_links":{"self":[{"href":"https:\/\/lds-service.com\/cs\/wp-json\/wp\/v2\/product\/5187096","targetHints":{"allow":["GET"]}}],"collection":[{"href":"https:\/\/lds-service.com\/cs\/wp-json\/wp\/v2\/product"}],"about":[{"href":"https:\/\/lds-service.com\/cs\/wp-json\/wp\/v2\/types\/product"}],"version-history":[{"count":2,"href":"https:\/\/lds-service.com\/cs\/wp-json\/wp\/v2\/product\/5187096\/revisions"}],"predecessor-version":[{"id":5211630,"href":"https:\/\/lds-service.com\/cs\/wp-json\/wp\/v2\/product\/5187096\/revisions\/5211630"}],"wp:featuredmedia":[{"embeddable":true,"href":"https:\/\/lds-service.com\/cs\/wp-json\/wp\/v2\/media\/5210867"}],"wp:attachment":[{"href":"https:\/\/lds-service.com\/cs\/wp-json\/wp\/v2\/media?parent=5187096"}],"wp:term":[{"taxonomy":"product_brand","embeddable":true,"href":"https:\/\/lds-service.com\/cs\/wp-json\/wp\/v2\/product_brand?post=5187096"},{"taxonomy":"product_cat","embeddable":true,"href":"https:\/\/lds-service.com\/cs\/wp-json\/wp\/v2\/product_cat?post=5187096"},{"taxonomy":"product_tag","embeddable":true,"href":"https:\/\/lds-service.com\/cs\/wp-json\/wp\/v2\/product_tag?post=5187096"}],"curies":[{"name":"wp","href":"https:\/\/api.w.org\/{rel}","templated":true}]}}