{"id":6079,"date":"2023-07-26T11:13:11","date_gmt":"2023-07-26T09:13:11","guid":{"rendered":"https:\/\/yesvcan.de\/?post_type=product&#038;p=6079"},"modified":"2026-04-28T20:51:10","modified_gmt":"2026-04-28T18:51:10","slug":"10-x-asfaltove-podlozky-crivit-nw","status":"publish","type":"product","link":"https:\/\/lds-service.com\/cs\/product\/10-x-crivit-nw-asphalt-pads\/","title":{"rendered":"Podlo\u017eky na Nordic Walking Sticks Crivit - 10 v sad\u011b"},"content":{"rendered":"","protected":false},"excerpt":{"rendered":"<p>Vhodn\u00e9 pro n\u00e1sleduj\u00edc\u00ed \u010d\u00edsla IAN: 292986 307011 326845<\/p>\n<p>Profilovan\u00e9 asfaltov\u00e9 podlo\u017eky tlum\u00edc\u00ed n\u00e1razy pro nejnov\u011bj\u0161\u00ed generaci hol\u00ed Crivit Nordic Walking.<br \/>\nPodlo\u017eky jsou vyrobeny z protiskluzov\u00e9ho plastu TPR pro ochranu kovov\u00fdch hrot\u016f<br \/>\nm\u00edt odpov\u00eddaj\u00edc\u00ed vybr\u00e1n\u00ed pro pr\u016fchod kovov\u00e9ho hrotu.<\/p>\n<ul>\n<li>Profilovan\u00e9 asfaltov\u00e9 podlo\u017eky pod hole na nordic walking zna\u010dky Crivit<\/li>\n<li>Rozm\u011bry: L 53, vn\u011bj\u0161\u00ed otvor dr\u017e\u00e1ku ty\u010de 24 mm x vnit\u0159n\u00ed 10 mm<\/li>\n<li>Uvnit\u0159 vyztu\u017een\u00fd kovov\u00fdm krou\u017ekem<\/li>\n<li>Hmotnost 11 gram\u016f na podlo\u017eku<\/li>\n<\/ul>\n<p>Dal\u0161\u00ed informace o FX karbonov\u00fdch hol\u00edch na nordic walking najdete v <a data-link-type=\"external\" data-type=\"linkpicker\" href=\"http:\/\/www.lidl-service.com\/static\/333933634\/282089_CH_DE_FR_IT.pdf\">n\u00e1vod k pou\u017eit\u00ed<\/a> va\u0161eho modelu.<\/p>","protected":false},"featured_media":6516,"template":"","meta":{"site-sidebar-layout":"default","site-content-layout":"default","ast-site-content-layout":"default","site-content-style":"default","site-sidebar-style":"default","ast-global-header-display":"","ast-banner-title-visibility":"","ast-main-header-display":"","ast-hfb-above-header-display":"","ast-hfb-below-header-display":"","ast-hfb-mobile-header-display":"","site-post-title":"","ast-breadcrumbs-content":"","ast-featured-img":"","footer-sml-layout":"","theme-transparent-header-meta":"default","adv-header-id-meta":"","stick-header-meta":"default","header-above-stick-meta":"","header-main-stick-meta":"","header-below-stick-meta":"","astra-migrate-meta-layouts":"default","ast-page-background-enabled":"default","ast-page-background-meta":{"desktop":{"background-color":"","background-image":"","background-repeat":"repeat","background-position":"center center","background-size":"auto","background-attachment":"scroll","background-type":"","background-media":"","overlay-type":"","overlay-color":"","overlay-opacity":"","overlay-gradient":""},"tablet":{"background-color":"","background-image":"","background-repeat":"repeat","background-position":"center center","background-size":"auto","background-attachment":"scroll","background-type":"","background-media":"","overlay-type":"","overlay-color":"","overlay-opacity":"","overlay-gradient":""},"mobile":{"background-color":"","background-image":"","background-repeat":"repeat","background-position":"center center","background-size":"auto","background-attachment":"scroll","background-type":"","background-media":"","overlay-type":"","overlay-color":"","overlay-opacity":"","overlay-gradient":""}},"ast-content-background-meta":{"desktop":{"background-color":"var(--ast-global-color-5)","background-image":"","background-repeat":"repeat","background-position":"center center","background-size":"auto","background-attachment":"scroll","background-type":"","background-media":"","overlay-type":"","overlay-color":"","overlay-opacity":"","overlay-gradient":""},"tablet":{"background-color":"var(--ast-global-color-5)","background-image":"","background-repeat":"repeat","background-position":"center center","background-size":"auto","background-attachment":"scroll","background-type":"","background-media":"","overlay-type":"","overlay-color":"","overlay-opacity":"","overlay-gradient":""},"mobile":{"background-color":"var(--ast-global-color-5)","background-image":"","background-repeat":"repeat","background-position":"center center","background-size":"auto","background-attachment":"scroll","background-type":"","background-media":"","overlay-type":"","overlay-color":"","overlay-opacity":"","overlay-gradient":""}}},"product_brand":[],"product_cat":[143],"product_tag":[433,432,482,484,483,447,191,481,190,480,448],"class_list":{"0":"post-6079","1":"product","2":"type-product","3":"status-publish","4":"has-post-thumbnail","6":"product_cat-trekking-und-nw-stoecke","7":"product_tag-433","8":"product_tag-432","9":"product_tag-482","10":"product_tag-484","11":"product_tag-483","12":"product_tag-asphalt-pads","13":"product_tag-crivit","14":"product_tag-fx-carbon-nordic-walking-stoecken","15":"product_tag-lidl","16":"product_tag-nordic-walking","17":"product_tag-pads","18":"desktop-align-left","19":"tablet-align-left","20":"mobile-align-left","21":"ast-product-gallery-layout-horizontal","22":"ast-product-gallery-with-no-image","24":"first","25":"instock","26":"taxable","27":"shipping-taxable","28":"purchasable","29":"product-type-simple"},"_links":{"self":[{"href":"https:\/\/lds-service.com\/cs\/wp-json\/wp\/v2\/product\/6079","targetHints":{"allow":["GET"]}}],"collection":[{"href":"https:\/\/lds-service.com\/cs\/wp-json\/wp\/v2\/product"}],"about":[{"href":"https:\/\/lds-service.com\/cs\/wp-json\/wp\/v2\/types\/product"}],"version-history":[{"count":0,"href":"https:\/\/lds-service.com\/cs\/wp-json\/wp\/v2\/product\/6079\/revisions"}],"wp:featuredmedia":[{"embeddable":true,"href":"https:\/\/lds-service.com\/cs\/wp-json\/wp\/v2\/media\/6516"}],"wp:attachment":[{"href":"https:\/\/lds-service.com\/cs\/wp-json\/wp\/v2\/media?parent=6079"}],"wp:term":[{"taxonomy":"product_brand","embeddable":true,"href":"https:\/\/lds-service.com\/cs\/wp-json\/wp\/v2\/product_brand?post=6079"},{"taxonomy":"product_cat","embeddable":true,"href":"https:\/\/lds-service.com\/cs\/wp-json\/wp\/v2\/product_cat?post=6079"},{"taxonomy":"product_tag","embeddable":true,"href":"https:\/\/lds-service.com\/cs\/wp-json\/wp\/v2\/product_tag?post=6079"}],"curies":[{"name":"wp","href":"https:\/\/api.w.org\/{rel}","templated":true}]}}