{"id":6103,"date":"2023-07-26T11:13:17","date_gmt":"2023-07-26T09:13:17","guid":{"rendered":"https:\/\/yesvcan.de\/?post_type=product&#038;p=6103"},"modified":"2026-04-07T08:58:56","modified_gmt":"2026-04-07T06:58:56","slug":"skakaci-plocha-s-ocky-pro-zahradni-trampolinu-crivit-300-cm-288","status":"publish","type":"product","link":"https:\/\/lds-service.com\/cs\/product\/sprungtuch-mit-oesen-crivit-garten-trampolin-300-cm-288\/","title":{"rendered":"Sk\u00e1kac\u00ed plocha s o\u010dky | Zahradn\u00ed trampol\u00edna Crivit (305 cm) -288"},"content":{"rendered":"<p>360625, Crivit, Garten-Trampolin, Garten, Trampolin, Gartentrampolin, Sprungtuch, Sprungnetz<\/p>","protected":false},"excerpt":{"rendered":"<p>Rozsah dod\u00e1vky: 1 sk\u00e1kac\u00ed podlo\u017eka v\u010detn\u011b 56 o\u010dek (viz 6 + 6a)<br \/>\nAbmessungen: 700 x 370 x 40 mm<\/p>\n<p>Vhodn\u00e9 pro zahradn\u00ed trampol\u00ednu Crivit s IAN 360625<\/p>","protected":false},"featured_media":0,"template":"","meta":{"site-sidebar-layout":"default","site-content-layout":"","ast-site-content-layout":"default","site-content-style":"default","site-sidebar-style":"default","ast-global-header-display":"","ast-banner-title-visibility":"","ast-main-header-display":"","ast-hfb-above-header-display":"","ast-hfb-below-header-display":"","ast-hfb-mobile-header-display":"","site-post-title":"","ast-breadcrumbs-content":"","ast-featured-img":"","footer-sml-layout":"","theme-transparent-header-meta":"default","adv-header-id-meta":"","stick-header-meta":"default","header-above-stick-meta":"","header-main-stick-meta":"","header-below-stick-meta":"","astra-migrate-meta-layouts":"set","ast-page-background-enabled":"default","ast-page-background-meta":{"desktop":{"background-color":"","background-image":"","background-repeat":"repeat","background-position":"center center","background-size":"auto","background-attachment":"scroll","background-type":"","background-media":"","overlay-type":"","overlay-color":"","overlay-opacity":"","overlay-gradient":""},"tablet":{"background-color":"","background-image":"","background-repeat":"repeat","background-position":"center center","background-size":"auto","background-attachment":"scroll","background-type":"","background-media":"","overlay-type":"","overlay-color":"","overlay-opacity":"","overlay-gradient":""},"mobile":{"background-color":"","background-image":"","background-repeat":"repeat","background-position":"center center","background-size":"auto","background-attachment":"scroll","background-type":"","background-media":"","overlay-type":"","overlay-color":"","overlay-opacity":"","overlay-gradient":""}},"ast-content-background-meta":{"desktop":{"background-color":"var(--ast-global-color-5)","background-image":"","background-repeat":"repeat","background-position":"center center","background-size":"auto","background-attachment":"scroll","background-type":"","background-media":"","overlay-type":"","overlay-color":"","overlay-opacity":"","overlay-gradient":""},"tablet":{"background-color":"var(--ast-global-color-5)","background-image":"","background-repeat":"repeat","background-position":"center center","background-size":"auto","background-attachment":"scroll","background-type":"","background-media":"","overlay-type":"","overlay-color":"","overlay-opacity":"","overlay-gradient":""},"mobile":{"background-color":"var(--ast-global-color-5)","background-image":"","background-repeat":"repeat","background-position":"center center","background-size":"auto","background-attachment":"scroll","background-type":"","background-media":"","overlay-type":"","overlay-color":"","overlay-opacity":"","overlay-gradient":""}}},"product_brand":[],"product_cat":[146],"product_tag":[939,523,940,191,525,524,466,938,529,528,467],"class_list":{"0":"post-6103","1":"product","2":"type-product","3":"status-publish","5":"product_cat-gartentrampolin","6":"product_tag-10-ft","7":"product_tag-523","8":"product_tag-940","9":"product_tag-crivit","10":"product_tag-garten","11":"product_tag-garten-trampolin","12":"product_tag-gartentrampolin","13":"product_tag-matte","14":"product_tag-sprungnetz","15":"product_tag-sprungtuch","16":"product_tag-trampolin","17":"desktop-align-left","18":"tablet-align-left","19":"mobile-align-left","20":"ast-product-gallery-layout-horizontal","21":"ast-product-gallery-with-no-image","23":"first","24":"instock","25":"taxable","26":"shipping-taxable","27":"purchasable","28":"product-type-simple"},"_links":{"self":[{"href":"https:\/\/lds-service.com\/cs\/wp-json\/wp\/v2\/product\/6103","targetHints":{"allow":["GET"]}}],"collection":[{"href":"https:\/\/lds-service.com\/cs\/wp-json\/wp\/v2\/product"}],"about":[{"href":"https:\/\/lds-service.com\/cs\/wp-json\/wp\/v2\/types\/product"}],"version-history":[{"count":2,"href":"https:\/\/lds-service.com\/cs\/wp-json\/wp\/v2\/product\/6103\/revisions"}],"predecessor-version":[{"id":5210225,"href":"https:\/\/lds-service.com\/cs\/wp-json\/wp\/v2\/product\/6103\/revisions\/5210225"}],"wp:attachment":[{"href":"https:\/\/lds-service.com\/cs\/wp-json\/wp\/v2\/media?parent=6103"}],"wp:term":[{"taxonomy":"product_brand","embeddable":true,"href":"https:\/\/lds-service.com\/cs\/wp-json\/wp\/v2\/product_brand?post=6103"},{"taxonomy":"product_cat","embeddable":true,"href":"https:\/\/lds-service.com\/cs\/wp-json\/wp\/v2\/product_cat?post=6103"},{"taxonomy":"product_tag","embeddable":true,"href":"https:\/\/lds-service.com\/cs\/wp-json\/wp\/v2\/product_tag?post=6103"}],"curies":[{"name":"wp","href":"https:\/\/api.w.org\/{rel}","templated":true}]}}