{"id":6374,"date":"2023-07-29T20:04:24","date_gmt":"2023-07-29T18:04:24","guid":{"rendered":"https:\/\/yesvcan.de\/?post_type=product&#038;p=6374"},"modified":"2023-08-01T16:48:57","modified_gmt":"2023-08-01T14:48:57","slug":"crivit-rollschuhe-rollen-set-4-teilig","status":"publish","type":"product","link":"https:\/\/lds-service.com\/cs\/product\/crivit-rollschuhe-rollen-set-4-teilig\/","title":{"rendered":"Kole\u010dka Crivit d\u011btsk\u00e9 kole\u010dkov\u00e9 brusle R\u016e\u017dOV\u00c1 sada 4 kus\u016f"},"content":{"rendered":"","protected":false},"excerpt":{"rendered":"<p><span style=\"font-size: xx-large;\"><span style=\"font-family: arial;\"><b>R\u016f\u017eov\u00e9 rohl\u00edky<\/b><\/span><\/span><\/p>\n<ul>\n<li>PU vysokorychlostn\u00ed kola s velmi dobrou p\u0159ilnavost\u00ed<\/li>\n<li>Velikost kole\u010dek: 58 mm, tlou\u0161\u0165ka: 30 mm, tvrdost: 90 A, kuli\u010dkov\u00e9 lo\u017eisko ABEC-5<\/li>\n<li>Rozsah dod\u00e1vky: 4x kola smontovan\u00e1 p\u0159ipraven\u00e1 k pou\u017eit\u00ed<\/li>\n<li>Vhodn\u00e9 pro n\u00e1sleduj\u00edc\u00ed IAN 292800, 292804, 306972, 306977, 327350<\/li>\n<\/ul>","protected":false},"featured_media":6377,"template":"","meta":{"site-sidebar-layout":"default","site-content-layout":"default","ast-site-content-layout":"default","site-content-style":"default","site-sidebar-style":"default","ast-global-header-display":"","ast-banner-title-visibility":"","ast-main-header-display":"","ast-hfb-above-header-display":"","ast-hfb-below-header-display":"","ast-hfb-mobile-header-display":"","site-post-title":"","ast-breadcrumbs-content":"","ast-featured-img":"","footer-sml-layout":"","theme-transparent-header-meta":"default","adv-header-id-meta":"","stick-header-meta":"default","header-above-stick-meta":"","header-main-stick-meta":"","header-below-stick-meta":"","astra-migrate-meta-layouts":"default","ast-page-background-enabled":"default","ast-page-background-meta":{"desktop":{"background-color":"","background-image":"","background-repeat":"repeat","background-position":"center center","background-size":"auto","background-attachment":"scroll","background-type":"","background-media":"","overlay-type":"","overlay-color":"","overlay-opacity":"","overlay-gradient":""},"tablet":{"background-color":"","background-image":"","background-repeat":"repeat","background-position":"center center","background-size":"auto","background-attachment":"scroll","background-type":"","background-media":"","overlay-type":"","overlay-color":"","overlay-opacity":"","overlay-gradient":""},"mobile":{"background-color":"","background-image":"","background-repeat":"repeat","background-position":"center center","background-size":"auto","background-attachment":"scroll","background-type":"","background-media":"","overlay-type":"","overlay-color":"","overlay-opacity":"","overlay-gradient":""}},"ast-content-background-meta":{"desktop":{"background-color":"var(--ast-global-color-5)","background-image":"","background-repeat":"repeat","background-position":"center center","background-size":"auto","background-attachment":"scroll","background-type":"","background-media":"","overlay-type":"","overlay-color":"","overlay-opacity":"","overlay-gradient":""},"tablet":{"background-color":"var(--ast-global-color-5)","background-image":"","background-repeat":"repeat","background-position":"center center","background-size":"auto","background-attachment":"scroll","background-type":"","background-media":"","overlay-type":"","overlay-color":"","overlay-opacity":"","overlay-gradient":""},"mobile":{"background-color":"var(--ast-global-color-5)","background-image":"","background-repeat":"repeat","background-position":"center center","background-size":"auto","background-attachment":"scroll","background-type":"","background-media":"","overlay-type":"","overlay-color":"","overlay-opacity":"","overlay-gradient":""}}},"product_brand":[],"product_cat":[139],"product_tag":[582,583,584,585,191,581,190,580,579,195],"class_list":{"0":"post-6374","1":"product","2":"type-product","3":"status-publish","4":"has-post-thumbnail","6":"product_cat-alle-ersatzteile-rund-um-inline-skates-rollschuhe-und-roller-bremsstopper-radlager-rollen-uvm","7":"product_tag-582","8":"product_tag-583","9":"product_tag-584","10":"product_tag-585","11":"product_tag-crivit","12":"product_tag-ian-292800","13":"product_tag-lidl","14":"product_tag-rollen","15":"product_tag-rollschuhe","16":"product_tag-softboot","17":"desktop-align-left","18":"tablet-align-left","19":"mobile-align-left","20":"ast-product-gallery-layout-horizontal","21":"ast-product-gallery-with-no-image","23":"first","24":"instock","25":"taxable","26":"shipping-taxable","27":"purchasable","28":"product-type-simple"},"_links":{"self":[{"href":"https:\/\/lds-service.com\/cs\/wp-json\/wp\/v2\/product\/6374","targetHints":{"allow":["GET"]}}],"collection":[{"href":"https:\/\/lds-service.com\/cs\/wp-json\/wp\/v2\/product"}],"about":[{"href":"https:\/\/lds-service.com\/cs\/wp-json\/wp\/v2\/types\/product"}],"version-history":[{"count":0,"href":"https:\/\/lds-service.com\/cs\/wp-json\/wp\/v2\/product\/6374\/revisions"}],"wp:featuredmedia":[{"embeddable":true,"href":"https:\/\/lds-service.com\/cs\/wp-json\/wp\/v2\/media\/6377"}],"wp:attachment":[{"href":"https:\/\/lds-service.com\/cs\/wp-json\/wp\/v2\/media?parent=6374"}],"wp:term":[{"taxonomy":"product_brand","embeddable":true,"href":"https:\/\/lds-service.com\/cs\/wp-json\/wp\/v2\/product_brand?post=6374"},{"taxonomy":"product_cat","embeddable":true,"href":"https:\/\/lds-service.com\/cs\/wp-json\/wp\/v2\/product_cat?post=6374"},{"taxonomy":"product_tag","embeddable":true,"href":"https:\/\/lds-service.com\/cs\/wp-json\/wp\/v2\/product_tag?post=6374"}],"curies":[{"name":"wp","href":"https:\/\/api.w.org\/{rel}","templated":true}]}}