{"id":6824,"date":"2024-01-09T15:02:39","date_gmt":"2024-01-09T14:02:39","guid":{"rendered":"https:\/\/yesvcan.de\/?post_type=product&#038;p=6824"},"modified":"2025-08-03T22:31:44","modified_gmt":"2025-08-03T20:31:44","slug":"varna-deska-pro-herni-kuchynku-playtive","status":"publish","type":"product","link":"https:\/\/lds-service.com\/cs\/product\/kochfeld-fuer-playtive-spielkueche\/","title":{"rendered":"Playtive Play Kitchen \u010c\u00e1st 22 Va\u0159i\u010d \/ Spor\u00e1k"},"content":{"rendered":"","protected":false},"excerpt":{"rendered":"<p>Rozsah dod\u00e1vky: 1 varn\u00e1 deska jako n\u00e1hradn\u00ed d\u00edl (\u010d\u00edslo d\u00edlu 22) dle obr\u00e1zku, D x V horn\u00ed desky 28 x 19,5 cm, bez bateri\u00ed<\/p>\n<p>Kompatibiln\u00ed s kuchyn\u011bmi Playtive z prav\u00e9ho d\u0159eva IAN 426229, 426209, 393072, 309059, 359560<\/p>","protected":false},"featured_media":6826,"template":"","meta":{"site-sidebar-layout":"default","site-content-layout":"default","ast-site-content-layout":"default","site-content-style":"default","site-sidebar-style":"default","ast-global-header-display":"","ast-banner-title-visibility":"","ast-main-header-display":"","ast-hfb-above-header-display":"","ast-hfb-below-header-display":"","ast-hfb-mobile-header-display":"","site-post-title":"","ast-breadcrumbs-content":"","ast-featured-img":"","footer-sml-layout":"","theme-transparent-header-meta":"default","adv-header-id-meta":"","stick-header-meta":"default","header-above-stick-meta":"","header-main-stick-meta":"","header-below-stick-meta":"","astra-migrate-meta-layouts":"set","ast-page-background-enabled":"default","ast-page-background-meta":{"desktop":{"background-color":"","background-image":"","background-repeat":"repeat","background-position":"center center","background-size":"auto","background-attachment":"scroll","background-type":"","background-media":"","overlay-type":"","overlay-color":"","overlay-opacity":"","overlay-gradient":""},"tablet":{"background-color":"","background-image":"","background-repeat":"repeat","background-position":"center center","background-size":"auto","background-attachment":"scroll","background-type":"","background-media":"","overlay-type":"","overlay-color":"","overlay-opacity":"","overlay-gradient":""},"mobile":{"background-color":"","background-image":"","background-repeat":"repeat","background-position":"center center","background-size":"auto","background-attachment":"scroll","background-type":"","background-media":"","overlay-type":"","overlay-color":"","overlay-opacity":"","overlay-gradient":""}},"ast-content-background-meta":{"desktop":{"background-color":"var(--ast-global-color-5)","background-image":"","background-repeat":"repeat","background-position":"center center","background-size":"auto","background-attachment":"scroll","background-type":"","background-media":"","overlay-type":"","overlay-color":"","overlay-opacity":"","overlay-gradient":""},"tablet":{"background-color":"var(--ast-global-color-5)","background-image":"","background-repeat":"repeat","background-position":"center center","background-size":"auto","background-attachment":"scroll","background-type":"","background-media":"","overlay-type":"","overlay-color":"","overlay-opacity":"","overlay-gradient":""},"mobile":{"background-color":"var(--ast-global-color-5)","background-image":"","background-repeat":"repeat","background-position":"center center","background-size":"auto","background-attachment":"scroll","background-type":"","background-media":"","overlay-type":"","overlay-color":"","overlay-opacity":"","overlay-gradient":""}}},"product_brand":[],"product_cat":[663],"product_tag":[655,656,654,653,426,652,645,647,649,650,644,597,646,651,648],"class_list":{"0":"post-6824","1":"product","2":"type-product","3":"status-publish","4":"has-post-thumbnail","6":"product_cat-spielkueche","7":"product_tag-655","8":"product_tag-656","9":"product_tag-654","10":"product_tag-653","11":"product_tag-holz","12":"product_tag-ian-426229","13":"product_tag-kinder","14":"product_tag-kinderkueche","15":"product_tag-kochen","16":"product_tag-kochfeld","17":"product_tag-play","18":"product_tag-playtive","19":"product_tag-spielkueche","20":"product_tag-teil22","21":"product_tag-teile","22":"desktop-align-left","23":"tablet-align-left","24":"mobile-align-left","25":"ast-product-gallery-layout-horizontal","27":"first","28":"outofstock","29":"taxable","30":"shipping-taxable","31":"purchasable","32":"product-type-simple"},"_links":{"self":[{"href":"https:\/\/lds-service.com\/cs\/wp-json\/wp\/v2\/product\/6824","targetHints":{"allow":["GET"]}}],"collection":[{"href":"https:\/\/lds-service.com\/cs\/wp-json\/wp\/v2\/product"}],"about":[{"href":"https:\/\/lds-service.com\/cs\/wp-json\/wp\/v2\/types\/product"}],"version-history":[{"count":1,"href":"https:\/\/lds-service.com\/cs\/wp-json\/wp\/v2\/product\/6824\/revisions"}],"predecessor-version":[{"id":5210088,"href":"https:\/\/lds-service.com\/cs\/wp-json\/wp\/v2\/product\/6824\/revisions\/5210088"}],"wp:featuredmedia":[{"embeddable":true,"href":"https:\/\/lds-service.com\/cs\/wp-json\/wp\/v2\/media\/6826"}],"wp:attachment":[{"href":"https:\/\/lds-service.com\/cs\/wp-json\/wp\/v2\/media?parent=6824"}],"wp:term":[{"taxonomy":"product_brand","embeddable":true,"href":"https:\/\/lds-service.com\/cs\/wp-json\/wp\/v2\/product_brand?post=6824"},{"taxonomy":"product_cat","embeddable":true,"href":"https:\/\/lds-service.com\/cs\/wp-json\/wp\/v2\/product_cat?post=6824"},{"taxonomy":"product_tag","embeddable":true,"href":"https:\/\/lds-service.com\/cs\/wp-json\/wp\/v2\/product_tag?post=6824"}],"curies":[{"name":"wp","href":"https:\/\/api.w.org\/{rel}","templated":true}]}}