{"id":9251,"date":"2025-06-10T06:41:13","date_gmt":"2025-06-10T04:41:13","guid":{"rendered":"https:\/\/lds-service.com\/?post_type=product&#038;p=9251"},"modified":"2025-09-23T09:55:50","modified_gmt":"2025-09-23T07:55:50","slug":"raeder-passend-fuer-playtive-stahlrahmen-laufrad-465972","status":"publish","type":"product","link":"https:\/\/lds-service.com\/cs\/product\/raeder-passend-fuer-playtive-stahlrahmen-laufrad-465972\/","title":{"rendered":"8,5palcov\u00e1 kola pro odr\u00e1\u017eedlo Playtive s ocelov\u00fdm r\u00e1mem 465972"},"content":{"rendered":"","protected":false},"excerpt":{"rendered":"<p>Lieferumfang: 1 Paar profilierte R\u00e4der (vorne, hinten) mit ABEC-5-Kugellagernf\u00fcr IAN 465972<\/p>","protected":false},"featured_media":0,"template":"","meta":{"site-sidebar-layout":"default","site-content-layout":"default","ast-site-content-layout":"default","site-content-style":"default","site-sidebar-style":"default","ast-global-header-display":"","ast-banner-title-visibility":"","ast-main-header-display":"","ast-hfb-above-header-display":"","ast-hfb-below-header-display":"","ast-hfb-mobile-header-display":"","site-post-title":"","ast-breadcrumbs-content":"","ast-featured-img":"","footer-sml-layout":"","theme-transparent-header-meta":"default","adv-header-id-meta":"","stick-header-meta":"default","header-above-stick-meta":"","header-main-stick-meta":"","header-below-stick-meta":"","astra-migrate-meta-layouts":"set","ast-page-background-enabled":"default","ast-page-background-meta":{"desktop":{"background-color":"","background-image":"","background-repeat":"repeat","background-position":"center center","background-size":"auto","background-attachment":"scroll","background-type":"","background-media":"","overlay-type":"","overlay-color":"","overlay-opacity":"","overlay-gradient":""},"tablet":{"background-color":"","background-image":"","background-repeat":"repeat","background-position":"center center","background-size":"auto","background-attachment":"scroll","background-type":"","background-media":"","overlay-type":"","overlay-color":"","overlay-opacity":"","overlay-gradient":""},"mobile":{"background-color":"","background-image":"","background-repeat":"repeat","background-position":"center center","background-size":"auto","background-attachment":"scroll","background-type":"","background-media":"","overlay-type":"","overlay-color":"","overlay-opacity":"","overlay-gradient":""}},"ast-content-background-meta":{"desktop":{"background-color":"var(--ast-global-color-5)","background-image":"","background-repeat":"repeat","background-position":"center center","background-size":"auto","background-attachment":"scroll","background-type":"","background-media":"","overlay-type":"","overlay-color":"","overlay-opacity":"","overlay-gradient":""},"tablet":{"background-color":"var(--ast-global-color-5)","background-image":"","background-repeat":"repeat","background-position":"center center","background-size":"auto","background-attachment":"scroll","background-type":"","background-media":"","overlay-type":"","overlay-color":"","overlay-opacity":"","overlay-gradient":""},"mobile":{"background-color":"var(--ast-global-color-5)","background-image":"","background-repeat":"repeat","background-position":"center center","background-size":"auto","background-attachment":"scroll","background-type":"","background-media":"","overlay-type":"","overlay-color":"","overlay-opacity":"","overlay-gradient":""}}},"product_brand":[],"product_cat":[757],"product_tag":[770,769,772,771,774,773,705,768,767,759,597,766],"class_list":{"0":"post-9251","1":"product","2":"type-product","3":"status-publish","5":"product_cat-laufrad","6":"product_tag-770","7":"product_tag-769","8":"product_tag-5-zoll","9":"product_tag-771","10":"product_tag-abec-5-kugellager","11":"product_tag-bereifung","12":"product_tag-gabel","13":"product_tag-griffe","14":"product_tag-hinterrad","15":"product_tag-laufrad","16":"product_tag-playtive","17":"product_tag-vorderrad","18":"desktop-align-left","19":"tablet-align-left","20":"mobile-align-left","21":"ast-product-gallery-layout-horizontal","23":"first","24":"instock","25":"taxable","26":"shipping-taxable","27":"purchasable","28":"product-type-simple"},"_links":{"self":[{"href":"https:\/\/lds-service.com\/cs\/wp-json\/wp\/v2\/product\/9251","targetHints":{"allow":["GET"]}}],"collection":[{"href":"https:\/\/lds-service.com\/cs\/wp-json\/wp\/v2\/product"}],"about":[{"href":"https:\/\/lds-service.com\/cs\/wp-json\/wp\/v2\/types\/product"}],"version-history":[{"count":4,"href":"https:\/\/lds-service.com\/cs\/wp-json\/wp\/v2\/product\/9251\/revisions"}],"predecessor-version":[{"id":9256,"href":"https:\/\/lds-service.com\/cs\/wp-json\/wp\/v2\/product\/9251\/revisions\/9256"}],"wp:attachment":[{"href":"https:\/\/lds-service.com\/cs\/wp-json\/wp\/v2\/media?parent=9251"}],"wp:term":[{"taxonomy":"product_brand","embeddable":true,"href":"https:\/\/lds-service.com\/cs\/wp-json\/wp\/v2\/product_brand?post=9251"},{"taxonomy":"product_cat","embeddable":true,"href":"https:\/\/lds-service.com\/cs\/wp-json\/wp\/v2\/product_cat?post=9251"},{"taxonomy":"product_tag","embeddable":true,"href":"https:\/\/lds-service.com\/cs\/wp-json\/wp\/v2\/product_tag?post=9251"}],"curies":[{"name":"wp","href":"https:\/\/api.w.org\/{rel}","templated":true}]}}