{"id":55,"date":"2023-05-25T11:41:37","date_gmt":"2023-05-25T09:41:37","guid":{"rendered":"https:\/\/yesvcan.de\/?page_id=55"},"modified":"2026-01-13T15:39:41","modified_gmt":"2026-01-13T14:39:41","slug":"vilkar-og-betingelser-lds","status":"publish","type":"page","link":"https:\/\/lds-service.com\/da\/terms-and-conditions-lds\/","title":{"rendered":"Generelle forretningsbetingelser"},"content":{"rendered":"<p><strong>Vilk\u00e5r og betingelser og kundeoplysninger<\/strong><\/p>\n<p><strong>I. Generelle vilk\u00e5r og betingelser<\/strong><\/p>\n<p><strong>\u00a7 1 Grundl\u00e6ggende bestemmelser<\/strong><\/p>\n<p><strong>(1)<\/strong> F\u00f8lgende vilk\u00e5r og betingelser g\u00e6lder for kontrakter, du har med os som leverand\u00f8r <strong>(kerlco GmbH)<\/strong> via hjemmesiden www.delta-sport.info. Medmindre andet er aftalt, er medtagelsen af eventuelle vilk\u00e5r, du m\u00e5tte have brugt, modsagt.<\/p>\n<p><strong>(2)<\/strong> En forbruger i betydningen af f\u00f8lgende regler er enhver fysisk person, der indg\u00e5r en juridisk transaktion til form\u00e5l, der ikke prim\u00e6rt kan henf\u00f8res til deres kommercielle eller selvst\u00e6ndige erhvervsm\u00e6ssige aktivitet. En iv\u00e6rks\u00e6tter er enhver fysisk eller juridisk person eller et partnerskab med retlig handleevne, der, n\u00e5r de indg\u00e5r en juridisk transaktion, handler i ud\u00f8velsen af deres selvst\u00e6ndige professionelle eller kommercielle aktivitet.<\/p>\n<p><strong>\u00a7 2 Kontraktindg\u00e5else<\/strong><\/p>\n<p><strong>(1)<\/strong> Genstand for kontrakten er salg af varer.<\/p>\n<p><strong>(2)<\/strong> S\u00e5 snart det p\u00e5g\u00e6ldende produkt er placeret p\u00e5 vores hjemmeside, giver vi dig et bindende tilbud om at indg\u00e5 en kontrakt via online-indk\u00f8bsvognssystemet under de betingelser, der er angivet i varebeskrivelsen.<\/p>\n<p><strong>(3)<\/strong>\u00a0Kontrakten indg\u00e5s via online indk\u00f8bskurvsystemet som f\u00f8lger:<br \/>\nDe varer, der skal k\u00f8bes, l\u00e6gges i &quot;indk\u00f8bskurven&quot;. Du kan bruge den tilsvarende knap i navigationslinjen til at hente &quot;indk\u00f8bskurven&quot; og til enhver tid foretage \u00e6ndringer der.<br \/>\nEfter at du har klikket p\u00e5 knappen &quot;Checkout&quot; eller &quot;Forts\u00e6t med at bestille&quot; (eller lignende betegnelse) og indtastet dine personlige data og betalings- og forsendelsesbetingelserne, vil ordredataene blive vist som en ordreoversigt.<\/p>\n<p>Soweit Sie als Zahlungsart ein Sofortzahl-System (z.B. PayPal (Express\/Plus\/Checkout), Amazon Pay, Sofort) nutzen, werden Sie entweder auf die Bestell\u00fcbersichtsseite in unserem Online-Shop gef\u00fchrt oder auf die Internetseite des Anbieters des Sofortzahl-Systems weitergeleitet.<br \/>\nHvis du videresendes til det respektive \u00f8jeblikkelige betalingssystem, skal du foretage det relevante valg eller indtaste dine data der. Endelig vil ordredataene blive vist som en ordreoversigt p\u00e5 hjemmesiden for udbyderen af det \u00f8jeblikkelige betalingssystem, eller efter du er blevet omdirigeret til vores online shop.<\/p>\n<p>Inden du sender ordren, har du mulighed for at tjekke detaljerne i ordreoversigten igen, \u00e6ndre dem (ogs\u00e5 ved hj\u00e6lp af &quot;tilbage&quot;-funktionen i internetbrowseren) eller annullere ordren.<\/p>\n<div>Ved at sende ordren via den tilsvarende knap (\u201cbestilling med betalingspligt\u201d, \u201ck\u00f8b\u201d \/ \u201ck\u00f8b nu\u201d, \u201cbestilling med forpligtelse til at betale\u201d, \u201cbetal\u201d \/ \u201cbetal nu\u201d eller lignende betegnelse), erkl\u00e6rer du din accept af tilbuddet p\u00e5 en juridisk bindende m\u00e5de, hvorved kontrakten indg\u00e5s.<\/div>\n<div><\/div>\n<p><strong>(4)<\/strong> Behandlingen af ordren og videregivelsen af alle n\u00f8dvendige oplysninger i forbindelse med kontraktindg\u00e5elsen foreg\u00e5r via e-mail, i nogle tilf\u00e6lde automatisk. Du skal derfor sikre dig, at den e-mailadresse, du har givet os, er korrekt, at modtagelsen af e-mails er teknisk garanteret og i s\u00e6rdeleshed, at den ikke forhindres af SPAM-filtre.<\/p>\n<p><strong>\u00a7 3 Besondere Vereinbarungen zu angebotenen Zahlungsarten<\/strong><\/p>\n<p><strong>(1)\u00a0<\/strong><strong>Zahlung \u00fcber &#8220;PayPal&#8221; \/ &#8220;PayPal Checkout&#8221;<\/strong><br \/>\nBei Auswahl einer Zahlungsart, die \u00fcber &#8220;PayPal&#8221; \/ &#8220;PayPal Checkout&#8221; angeboten wird, erfolgt die Zahlungsabwicklung \u00fcber den Zahlungsdienstleister PayPal (Europe) S.\u00e0.r.l. et Cie, S.C.A. (22-24 Boulevard Royal L-2449, Luxemburg; &#8220;PayPal&#8221;). Die einzelnen Zahlungsarten \u00fcber &#8220;PayPal&#8221; werden Ihnen unter einer entsprechend bezeichneten Schaltfl\u00e4che auf unserer Internetpr\u00e4senz sowie im Online-Bestellvorgang angezeigt. F\u00fcr die Zahlungsabwicklung kann sich &#8220;PayPal&#8221; weiterer Zahlungsdienste bedienen; soweit hierf\u00fcr besondere Zahlungsbedingungen gelten, werden Sie auf diese gesondert hingewiesen. N\u00e4here Informationen zu &#8220;PayPal&#8221; finden Sie unter <a href=\"https:\/\/www.paypal.com\/de\/webapps\/mpp\/ua\/legalhub-full\" target=\"_blank\" rel=\"noopener\">https:\/\/www.paypal.com\/de\/webapps\/mpp\/ua\/legalhub-full<\/a>.<\/p>\n<p><strong>\u00a7 4 Zur\u00fcckbehaltungsrecht<\/strong><strong>, ejendomsforbehold<\/strong><\/p>\n<p><strong>(1)<\/strong> Du kan kun ud\u00f8ve en tilbageholdelsesret, for s\u00e5 vidt det drejer sig om krav fra samme kontraktforhold.<\/p>\n<p><strong>(2)<\/strong> Varerne forbliver vores ejendom, indtil k\u00f8besummen er betalt fuldt ud.<\/p>\n<p><strong>(3)<\/strong>\u00a0Er du iv\u00e6rks\u00e6tter, g\u00e6lder f\u00f8lgende ogs\u00e5:<\/p>\n<p>a) Vi forbeholder os ejendomsretten til varerne, indtil alle krav fra det aktuelle forretningsforhold er fuldt ud afgjort. Pants\u00e6tning eller overdragelse som sikkerhed er ikke tilladt, f\u00f8r ejendomsretten til de forbeholdte varer er overg\u00e5et.<\/p>\n<p>b) Du kan videres\u00e6lge varerne i den almindelige virksomhed. I dette tilf\u00e6lde overdrager du os alle krav p\u00e5 det fakturabel\u00f8b, der tilfalder dig fra videresalget, og vi accepterer overdragelsen. Du er endvidere bemyndiget til at inddrive kravet. Hvis du ikke opfylder dine betalingsforpligtelser korrekt, forbeholder vi os retten til selv at inddrive kravet.<\/p>\n<p>c) Hvis de forbeholdte varer kombineres og blandes, erhverver vi medejendomsretten til den nye vare i forhold til fakturav\u00e6rdien af de reserverede varer til de \u00f8vrige forarbejdede varer p\u00e5 forarbejdningstidspunktet.<\/p>\n<p>d) Vi forpligter os til at frigive de v\u00e6rdipapirer, som vi er berettiget til p\u00e5 din anmodning, i det omfang realisationsv\u00e6rdien af vores v\u00e6rdipapirer overstiger det krav, der skal sikres med mere end 10%. Vi er ansvarlige for at udv\u00e6lge de v\u00e6rdipapirer, der skal frigives.<\/p>\n<p><strong>\u00a7 5 Gew\u00e4hrleistung<\/strong><\/p>\n<p><strong>(1) <\/strong>De lovbestemte rettigheder til ansvar for mangler eksisterer.<\/p>\n<p><strong>(2)<\/strong>\u00a0Som forbruger bedes du straks ved leveringen kontrollere varerne for fuldst\u00e6ndighed, \u00e5benlyse fejl og transportskader samt hurtigst muligt at informere os og transport\u00f8ren om eventuelle reklamationer. Hvis du ikke overholder dette, har dette ingen indflydelse p\u00e5 dine lovpligtige garantikrav.<\/p>\n<p><strong>(3)\u00a0<\/strong>Hvis et tr\u00e6k ved varen afviger fra de objektive krav, anses afvigelsen kun for at v\u00e6re aftalt, hvis du af os blev informeret om det samme inden afgivelse af kontrakterkl\u00e6ringen, og afvigelsen er udtrykkeligt og s\u00e6rskilt aftalt mellem de kontraherende parter.<\/p>\n<p><strong>(4)<\/strong> Hvis du er iv\u00e6rks\u00e6tter, g\u00e6lder f\u00f8lgende i afvigelse fra ovenst\u00e5ende garantibestemmelser:<\/p>\n<p><strong>en)\u00a0\u00a0<\/strong>Kun vores egne oplysninger og producentens produktbeskrivelse er aftalt som kvaliteten af varerne, men ikke anden reklame, offentlige kampagner og udtalelser fra producenten.<\/p>\n<p><strong>b)\u00a0 <\/strong>I tilf\u00e6lde af defekter yder vi en garanti efter vores sk\u00f8n ved udbedring eller efterf\u00f8lgende levering. Mislykkes afhj\u00e6lpningen af manglen, kan du enten kr\u00e6ve prisafslag eller tr\u00e6de tilbage fra kontrakten. Afhj\u00e6lpning af mangler anses for mislykket efter endnu et mislykket fors\u00f8g, medmindre andet skyldes varens art eller manglen eller de \u00f8vrige omst\u00e6ndigheder. Ved berigtigelse skal vi ikke afholde de \u00f8gede omkostninger, der opst\u00e5r ved at transportere varen til et andet sted end udf\u00f8relsesstedet, hvis transporten ikke svarer til varens tilsigtede anvendelse.<\/p>\n<p><strong>c) \u00a0<\/strong>Garantiperioden er et \u00e5r fra leveringsdatoen. Den forkortede frist g\u00e6lder ikke:<\/p>\n<p>\u2013 skyldigt forvoldt skade, som kan henf\u00f8res til os, som f\u00f8lge af skade p\u00e5 liv, lemmer eller helbred og anden skade for\u00e5rsaget fors\u00e6tligt eller ved grov uagtsomhed;<br \/>\n\u2013 i det omfang vi svigagtigt har skjult manglen eller har p\u00e5taget os garanti for varens stand;<br \/>\n\u2013 i tilf\u00e6lde af genstande, der har v\u00e6ret brugt til en bygning i overensstemmelse med deres s\u00e6dvanlige form\u00e5l og har for\u00e5rsaget dens mangel;<br \/>\n\u2013 i tilf\u00e6lde af lovbestemte regresrettigheder, som du har mod os i forbindelse med garantirettigheder.<\/p>\n<p><strong>\u00a7 6 Rechtswahl, Erf\u00fcllungsort, Gerichtsstand<\/strong><\/p>\n<p><strong>(1)<\/strong>\u00a0Tysk lov g\u00e6lder. For forbrugere g\u00e6lder dette lovvalg kun, s\u00e5fremt beskyttelsen af ufravigelige bestemmelser i loven i den stat, hvor forbrugeren har sit s\u00e6dvanlige opholdssted, ikke tr\u00e6kkes tilbage (begunstigelsesprincippet).<\/p>\n<p><strong>(2)<\/strong>\u00a0Udf\u00f8relsesstedet for alle tjenester, der hidr\u00f8rer fra forretningsforholdet med os, og v\u00e6rnetingsstedet er vores registrerede kontor, hvis du ikke er en forbruger, men en k\u00f8bmand, en juridisk enhed under offentlig ret eller en s\u00e6rlig fond under offentlig ret. Det samme g\u00e6lder, hvis du ikke har et generelt v\u00e6rneting i Tyskland eller EU, eller hvis dit bop\u00e6l eller s\u00e6dvanlige opholdssted ikke er kendt p\u00e5 det tidspunkt, hvor sagen anl\u00e6gges. Bef\u00f8jelsen til at appellere til domstolen p\u00e5 et andet juridisk v\u00e6rneting forbliver up\u00e5virket.<\/p>\n<p><strong>(3)<\/strong>\u00a0Bestemmelserne i FN&#039;s salgskonvention g\u00e6lder udtrykkeligt ikke.<\/p>\n<hr \/>\n<p><strong>II. Kundeoplysninger <\/strong><\/p>\n<p><strong>1. S\u00e6lgers identitet<\/strong><\/p>\n<p>kerlco GmbH<br \/>\nNikolaus-Otto-Strasse 9<br \/>\n24568 Kaltenkirchen<br \/>\nTyskland<br \/>\nTelefon: 004941919959765<br \/>\nE-mail: info@kerlco.com<\/p>\n<p>Vi er ikke villige og ikke forpligtede til at deltage i tvistbil\u00e6ggelsesprocedurer for forbrugervoldgiftsn\u00e6vn.<\/p>\n<p><strong>2. Oplysninger om indg\u00e5else af kontrakten<\/strong><\/p>\n<p>De tekniske trin til indg\u00e5else af kontrakten, indg\u00e5elsen af selve kontrakten og rettelsesmulighederne udf\u00f8res i overensstemmelse med reglerne &quot;Kontraktindg\u00e5else&quot; i vores generelle vilk\u00e5r og betingelser (Del I.).<\/p>\n<p><strong>3. Kontraktsprog, kontrakttekstlagring<\/strong><\/p>\n<p>3.1. Kontraktsproget er tysk.<\/p>\n<p>3.2. Der vollst\u00e4ndige Vertragstext wird von uns nicht gespeichert. Vor Absenden der Bestellung \u00fcber das Online &#8211; Warenkorbsystem\u00a0k\u00f6nnen die Vertragsdaten \u00fcber die Druckfunktion des Browsers ausgedruckt oder elektronisch gesichert werden. Nach Zugang der Bestellung bei uns werden die Bestelldaten, die gesetzlich vorgeschriebenen Informationen bei Fernabsatzvertr\u00e4gen und die Allgemeinen Gesch\u00e4ftsbedingungen nochmals per E-Mail an Sie \u00fcbersandt.<\/p>\n<p><strong>4. V\u00e6sentlige egenskaber ved varen eller tjenesteydelsen<\/strong><\/p>\n<p>De v\u00e6sentlige egenskaber ved varen og\/eller ydelsen kan findes i det respektive tilbud.<\/p>\n<p><strong>5. Priser og betalingsbetingelser<\/strong><\/p>\n<p>5.1. Priserne angivet i de respektive tilbud og forsendelsesomkostningerne repr\u00e6senterer samlede priser. De inkluderer alle priskomponenter inklusive alle g\u00e6ldende afgifter.<\/p>\n<p>5.2. Fragtomkostningerne er ikke inkluderet i k\u00f8bsprisen. De kan kaldes op via en tilsvarende knap p\u00e5 vores hjemmeside eller i det p\u00e5g\u00e6ldende tilbud, vises separat under bestillingsprocessen og afholdes desuden af dig, medmindre der er lovet gratis levering.<\/p>\n<p>5.3. Hvis leveringen sker til lande uden for EU, kan der opst\u00e5 yderligere omkostninger, som vi ikke er ansvarlige for, s\u00e5som told, skatter eller pengeoverf\u00f8rselsgebyrer (bankoverf\u00f8rsel eller valutakursgebyrer), som du skal afholde.<\/p>\n<p>5.4. Du skal afholde omkostningerne ved pengeoverf\u00f8rslen (bankoverf\u00f8rsel eller valutakursgebyrer) i tilf\u00e6lde, hvor leveringen sker til et EU-medlemsland, men betalingen er foretaget uden for EU.<\/p>\n<p>5.5. De tilg\u00e6ngelige betalingsmetoder vises under en tilsvarende knap p\u00e5 vores hjemmeside eller i det respektive tilbud.<\/p>\n<p>5.6. Medmindre andet er angivet for de enkelte betalingsformer, forfalder betalingskravene fra den indg\u00e5ede kontrakt til betaling straks.<\/p>\n<p><strong>6. Leveringsbetingelser<\/strong><\/p>\n<p>6.1. Leveringsbetingelserne, leveringsdatoen og eventuelle eksisterende leveringsbegr\u00e6nsninger kan findes under en tilsvarende udpeget knap p\u00e5 vores hjemmeside eller i det respektive tilbud.<\/p>\n<p>6.2. Hvis du er forbruger, er det reguleret ved lov, at risikoen for h\u00e6ndeligt tab og h\u00e6ndelig forringelse af den solgte vare under forsendelsen f\u00f8rst overg\u00e5r til dig, n\u00e5r varerne udleveres til dig, uanset om forsendelsen er forsikret eller uforsikret. Dette g\u00e6lder ikke, hvis du selvst\u00e6ndigt har bestilt et transportfirma, der ikke er navngivet af entrepren\u00f8ren eller en anden person, der er ansvarlig for at udf\u00f8re forsendelsen.<\/p>\n<p>Hvis du er iv\u00e6rks\u00e6tter, er levering og forsendelse p\u00e5 eget ansvar.<\/p>\n<p><strong>7. Lovpligtigt ansvar for mangler <\/strong><\/p>\n<p>Ansvar for defekter er baseret p\u00e5 &quot;Garanti&quot;-bestemmelsen i vores generelle vilk\u00e5r og betingelser (del I).<\/p>\n<p>Disse vilk\u00e5r og betingelser og kundeoplysninger er oprettet af H\u00e4ndlerbunds advokater, som er specialiseret i IT-ret, og kontrolleres konstant for juridisk overensstemmelse. H\u00e4ndlerbund Management AG garanterer teksternes retssikkerhed og er ansvarlig i tilf\u00e6lde af advarsler. Du kan finde mere information om dette p\u00e5:\u00a0<a href=\"https:\/\/www.haendlerbund.de\/de\/leistungen\/rechtssicherheit\/agb-service\" target=\"_blank\" rel=\"noopener\" data-saferedirecturl=\"https:\/\/www.google.com\/url?q=https:\/\/www.haendlerbund.de\/de\/leistungen\/rechtssicherheit\/agb-service&amp;source=gmail&amp;ust=1595571225131000&amp;usg=AFQjCNFRXstfsBqXtZxEv0RC9XDgevh1EQ\">https:\/\/www.haendlerbund.de\/<wbr \/>en\/services\/<wbr \/>retssikkerhed\/vilk\u00e5r og betingelser service<\/a>.<\/p>\n<p>letzte Aktualisierung: 22.10.2024<\/p>","protected":false},"excerpt":{"rendered":"<p>Allgemeine Gesch\u00e4ftsbedingungen und Kundeninformationen I. Allgemeine Gesch\u00e4ftsbedingungen \u00a7 1 Grundlegende Bestimmungen (1) Die nachstehenden Gesch\u00e4ftsbedingungen gelten f\u00fcr Vertr\u00e4ge, die Sie mit uns als Anbieter (kerlco GmbH) \u00fcber die Internetseite www.delta-sport.info schlie\u00dfen. Soweit nicht anders vereinbart, wird der Einbeziehung gegebenenfalls von Ihnen verwendeter eigener Bedingungen widersprochen. (2) Verbraucher im Sinne der nachstehenden Regelungen ist jede nat\u00fcrliche [&hellip;]<\/p>\n","protected":false},"author":1,"featured_media":0,"parent":0,"menu_order":0,"comment_status":"closed","ping_status":"closed","template":"","meta":{"site-sidebar-layout":"default","site-content-layout":"default","ast-site-content-layout":"default","site-content-style":"default","site-sidebar-style":"default","ast-global-header-display":"","ast-banner-title-visibility":"","ast-main-header-display":"","ast-hfb-above-header-display":"","ast-hfb-below-header-display":"","ast-hfb-mobile-header-display":"","site-post-title":"","ast-breadcrumbs-content":"","ast-featured-img":"","footer-sml-layout":"","theme-transparent-header-meta":"default","adv-header-id-meta":"","stick-header-meta":"","header-above-stick-meta":"","header-main-stick-meta":"","header-below-stick-meta":"","astra-migrate-meta-layouts":"set","ast-page-background-enabled":"default","ast-page-background-meta":{"desktop":{"background-color":"","background-image":"","background-repeat":"repeat","background-position":"center center","background-size":"auto","background-attachment":"scroll","background-type":"","background-media":"","overlay-type":"","overlay-color":"","overlay-opacity":"","overlay-gradient":""},"tablet":{"background-color":"","background-image":"","background-repeat":"repeat","background-position":"center center","background-size":"auto","background-attachment":"scroll","background-type":"","background-media":"","overlay-type":"","overlay-color":"","overlay-opacity":"","overlay-gradient":""},"mobile":{"background-color":"","background-image":"","background-repeat":"repeat","background-position":"center center","background-size":"auto","background-attachment":"scroll","background-type":"","background-media":"","overlay-type":"","overlay-color":"","overlay-opacity":"","overlay-gradient":""}},"ast-content-background-meta":{"desktop":{"background-color":"var(--ast-global-color-5)","background-image":"","background-repeat":"repeat","background-position":"center center","background-size":"auto","background-attachment":"scroll","background-type":"","background-media":"","overlay-type":"","overlay-color":"","overlay-opacity":"","overlay-gradient":""},"tablet":{"background-color":"var(--ast-global-color-5)","background-image":"","background-repeat":"repeat","background-position":"center center","background-size":"auto","background-attachment":"scroll","background-type":"","background-media":"","overlay-type":"","overlay-color":"","overlay-opacity":"","overlay-gradient":""},"mobile":{"background-color":"var(--ast-global-color-5)","background-image":"","background-repeat":"repeat","background-position":"center center","background-size":"auto","background-attachment":"scroll","background-type":"","background-media":"","overlay-type":"","overlay-color":"","overlay-opacity":"","overlay-gradient":""}},"footnotes":""},"class_list":["post-55","page","type-page","status-publish","hentry"],"_links":{"self":[{"href":"https:\/\/lds-service.com\/da\/wp-json\/wp\/v2\/pages\/55","targetHints":{"allow":["GET"]}}],"collection":[{"href":"https:\/\/lds-service.com\/da\/wp-json\/wp\/v2\/pages"}],"about":[{"href":"https:\/\/lds-service.com\/da\/wp-json\/wp\/v2\/types\/page"}],"author":[{"embeddable":true,"href":"https:\/\/lds-service.com\/da\/wp-json\/wp\/v2\/users\/1"}],"replies":[{"embeddable":true,"href":"https:\/\/lds-service.com\/da\/wp-json\/wp\/v2\/comments?post=55"}],"version-history":[{"count":1,"href":"https:\/\/lds-service.com\/da\/wp-json\/wp\/v2\/pages\/55\/revisions"}],"predecessor-version":[{"id":5211095,"href":"https:\/\/lds-service.com\/da\/wp-json\/wp\/v2\/pages\/55\/revisions\/5211095"}],"wp:attachment":[{"href":"https:\/\/lds-service.com\/da\/wp-json\/wp\/v2\/media?parent=55"}],"curies":[{"name":"wp","href":"https:\/\/api.w.org\/{rel}","templated":true}]}}