{"id":6703,"date":"2023-09-11T13:21:13","date_gmt":"2023-09-11T11:21:13","guid":{"rendered":"https:\/\/yesvcan.de\/?post_type=product&#038;p=6703"},"modified":"2026-03-20T13:57:58","modified_gmt":"2026-03-20T12:57:58","slug":"schutzblech-vorne-hinten","status":"publish","type":"product","link":"https:\/\/lds-service.com\/de\/product\/schutzblech-vorne-hinten\/","title":{"rendered":"Urban eBike Schutzblech Set vorne, hinten + Zubeh\u00f6r"},"content":{"rendered":"<p>Passend f\u00fcr die IAN 413888 und 413889, Crivit Urban e-bike<\/p>\n","protected":false},"excerpt":{"rendered":"<p>Lieferumfang:\u00a0 1 Schutzblech-Set f\u00fcr vorne und hinten.<br \/>\nLanges Schutzblech f\u00fcr hinten, k\u00fcrzeres Schutzblech f\u00fcr vorne.<br \/>\nInklusive Zubeh\u00f6r wie abgebildet (Strebe, Einstellvorrichtung)<\/p>\n<p>Passend zu den Modellen IAN 413888 und 413889<\/p>\n","protected":false},"featured_media":6935,"template":"","meta":{"site-sidebar-layout":"default","site-content-layout":"default","ast-site-content-layout":"default","site-content-style":"default","site-sidebar-style":"default","ast-global-header-display":"","ast-banner-title-visibility":"","ast-main-header-display":"","ast-hfb-above-header-display":"","ast-hfb-below-header-display":"","ast-hfb-mobile-header-display":"","site-post-title":"","ast-breadcrumbs-content":"","ast-featured-img":"","footer-sml-layout":"","theme-transparent-header-meta":"default","adv-header-id-meta":"","stick-header-meta":"default","header-above-stick-meta":"","header-main-stick-meta":"","header-below-stick-meta":"","astra-migrate-meta-layouts":"set","ast-page-background-enabled":"default","ast-page-background-meta":{"desktop":{"background-color":"","background-image":"","background-repeat":"repeat","background-position":"center center","background-size":"auto","background-attachment":"scroll","background-type":"","background-media":"","overlay-type":"","overlay-color":"","overlay-opacity":"","overlay-gradient":""},"tablet":{"background-color":"","background-image":"","background-repeat":"repeat","background-position":"center center","background-size":"auto","background-attachment":"scroll","background-type":"","background-media":"","overlay-type":"","overlay-color":"","overlay-opacity":"","overlay-gradient":""},"mobile":{"background-color":"","background-image":"","background-repeat":"repeat","background-position":"center center","background-size":"auto","background-attachment":"scroll","background-type":"","background-media":"","overlay-type":"","overlay-color":"","overlay-opacity":"","overlay-gradient":""}},"ast-content-background-meta":{"desktop":{"background-color":"var(--ast-global-color-5)","background-image":"","background-repeat":"repeat","background-position":"center center","background-size":"auto","background-attachment":"scroll","background-type":"","background-media":"","overlay-type":"","overlay-color":"","overlay-opacity":"","overlay-gradient":""},"tablet":{"background-color":"var(--ast-global-color-5)","background-image":"","background-repeat":"repeat","background-position":"center center","background-size":"auto","background-attachment":"scroll","background-type":"","background-media":"","overlay-type":"","overlay-color":"","overlay-opacity":"","overlay-gradient":""},"mobile":{"background-color":"var(--ast-global-color-5)","background-image":"","background-repeat":"repeat","background-position":"center center","background-size":"auto","background-attachment":"scroll","background-type":"","background-media":"","overlay-type":"","overlay-color":"","overlay-opacity":"","overlay-gradient":""}}},"product_brand":[],"product_cat":[713],"product_tag":[1002,1000,1001,191,639,641,190,638,642,899,640],"class_list":{"0":"post-6703","1":"product","2":"type-product","3":"status-publish","4":"has-post-thumbnail","6":"product_cat-crivit-urban-ebike-x1y1","7":"product_tag-1002","8":"product_tag-1000","9":"product_tag-1001","10":"product_tag-crivit","11":"product_tag-ebike","12":"product_tag-hinten","13":"product_tag-lidl","14":"product_tag-schutzblech","15":"product_tag-tausch","16":"product_tag-v-1","17":"product_tag-vorne","18":"desktop-align-left","19":"tablet-align-left","20":"mobile-align-left","21":"ast-product-gallery-layout-horizontal","23":"first","24":"outofstock","25":"taxable","26":"shipping-taxable","27":"purchasable","28":"product-type-simple"},"_links":{"self":[{"href":"https:\/\/lds-service.com\/de\/wp-json\/wp\/v2\/product\/6703","targetHints":{"allow":["GET"]}}],"collection":[{"href":"https:\/\/lds-service.com\/de\/wp-json\/wp\/v2\/product"}],"about":[{"href":"https:\/\/lds-service.com\/de\/wp-json\/wp\/v2\/types\/product"}],"version-history":[{"count":1,"href":"https:\/\/lds-service.com\/de\/wp-json\/wp\/v2\/product\/6703\/revisions"}],"predecessor-version":[{"id":5209897,"href":"https:\/\/lds-service.com\/de\/wp-json\/wp\/v2\/product\/6703\/revisions\/5209897"}],"wp:featuredmedia":[{"embeddable":true,"href":"https:\/\/lds-service.com\/de\/wp-json\/wp\/v2\/media\/6935"}],"wp:attachment":[{"href":"https:\/\/lds-service.com\/de\/wp-json\/wp\/v2\/media?parent=6703"}],"wp:term":[{"taxonomy":"product_brand","embeddable":true,"href":"https:\/\/lds-service.com\/de\/wp-json\/wp\/v2\/product_brand?post=6703"},{"taxonomy":"product_cat","embeddable":true,"href":"https:\/\/lds-service.com\/de\/wp-json\/wp\/v2\/product_cat?post=6703"},{"taxonomy":"product_tag","embeddable":true,"href":"https:\/\/lds-service.com\/de\/wp-json\/wp\/v2\/product_tag?post=6703"}],"curies":[{"name":"wp","href":"https:\/\/api.w.org\/{rel}","templated":true}]}}