{"id":4647,"date":"2023-06-01T09:32:59","date_gmt":"2023-06-01T07:32:59","guid":{"rendered":"https:\/\/yesvcan.de\/?page_id=4647"},"modified":"2026-01-13T15:36:08","modified_gmt":"2026-01-13T14:36:08","slug":"tietosuojaseloste","status":"publish","type":"page","link":"https:\/\/lds-service.com\/fi\/data-protection-declaration\/","title":{"rendered":"Datan suojelu"},"content":{"rendered":"<p><strong>Datenschutzerkl\u00e4rung<\/strong><\/p>\n<p>Soweit nachstehend keine anderen Angaben gemacht werden, ist die Bereitstellung Ihrer personenbezogenen Daten weder gesetzlich oder vertraglich vorgeschrieben, noch f\u00fcr einen Vertragsabschluss erforderlich. Sie sind zur Bereitstellung der Daten nicht verpflichtet. Eine Nichtbereitstellung hat keine Folgen. Dies gilt nur soweit bei den nachfolgenden Verarbeitungsvorg\u00e4ngen keine anderweitige Angabe gemacht wird.<br \/>\n&#8220;Personenbezogene Daten&#8221; sind alle Informationen, die sich auf eine identifizierte oder identifizierbare nat\u00fcrliche Person beziehen.<\/p>\n<div><strong>Server-Logfiles<\/strong><\/div>\n<div>Sie k\u00f6nnen unsere Webseiten besuchen, ohne Angaben zu Ihrer Person zu machen.<\/div>\n<div>Bei jedem Zugriff auf unsere Website werden an uns oder unseren Webhoster \/ IT-Dienstleister Nutzungsdaten durch Ihren Internet Browser \u00fcbermittelt und in Protokolldaten (sog. Server-Logfiles) gespeichert. Zu diesen gespeicherten Daten geh\u00f6ren z.B. der Name der aufgerufenen Seite, Datum und Uhrzeit des Abrufs, die IP-Adresse, die \u00fcbertragene Datenmenge und der anfragende Provider.<br \/>\nDie Verarbeitung erfolgt auf Grundlage des Art. 6 Abs. 1 lit. f DSGVO aus unserem \u00fcberwiegenden berechtigten Interesse an der Gew\u00e4hrleistung eines st\u00f6rungsfreien Betriebs unserer Website sowie zur Verbesserung unseres Angebotes.\n<\/div>\n<p>Ihre Daten werden dabei gegebenenfalls in Drittstaaten au\u00dferhalb der Europ\u00e4ischen Union \u00fcbermittelt, f\u00fcr die ein Angemessenheitsbeschluss der EU-Kommission vorliegt.<\/p>\n<p><em><strong>Kontakt<\/strong><\/em><\/p>\n<p><strong>Verantwortlicher<\/strong><br \/>\nKontaktieren Sie uns auf Wunsch.\u00a0Verantwortlicher f\u00fcr die Datenverarbeitung ist:\u00a0Andreas Kerl,\u00a0Nikolaus-Otto-Strasse 9,\u00a024568\u00a0Kaltenkirchen\u00a0Deutschland,\u00a0004941919959765,\u00a0info@kerlco.com<\/p>\n<p><strong>Initiativ-Kontaktaufnahme des Kunden per E-Mail<\/strong><br \/>\nWenn Sie per E-Mail initiativ mit uns in Gesch\u00e4ftskontakt treten, erheben wir Ihre personenbezogenen Daten (Name, E-Mail-Adresse, Nachrichtentext) nur in dem von Ihnen zur Verf\u00fcgung gestellten Umfang. Die Datenverarbeitung dient der Bearbeitung und Beantwortung Ihrer Kontaktanfrage.<br \/>\nWenn die Kontaktaufnahme der Durchf\u00fchrung vorvertraglichen Ma\u00dfnahmen (bspw. Beratung bei Kaufinteresse, Angebotserstellung) dient oder einen bereits zwischen Ihnen und uns geschlossenen Vertrag betrifft, erfolgt diese Datenverarbeitung auf Grundlage des Art. 6 Abs. 1 lit. b DSGVO.<br \/>\nErfolgt die Kontaktaufnahme aus anderen Gr\u00fcnden, erfolgt diese Datenverarbeitung auf Grundlage des Art. 6 Abs. 1 lit. f DSGVO aus unserem \u00fcberwiegenden berechtigten Interesse an der Bearbeitung und Beantwortung Ihrer Anfrage. <em><strong>In diesem Fall haben Sie das Recht, aus Gr\u00fcnden, die sich aus Ihrer besonderen Situation ergeben, jederzeit dieser auf Art. 6 Abs. 1 lit. f DSGVO beruhenden Verarbeitungen Sie betreffender personenbezogener Daten zu widersprechen.<\/strong><\/em><br \/>\nIhre E-Mail-Adresse nutzen wir nur zur Bearbeitung Ihrer Anfrage. Ihre Daten werden anschlie\u00dfend unter Beachtung gesetzlicher Aufbewahrungsfristen gel\u00f6scht, sofern Sie der weitergehenden Verarbeitung und Nutzung nicht zugestimmt haben.<\/p>\n<p><strong>Erhebung und Verarbeitung bei Nutzung des Kontaktformulars <\/strong><br \/>\nBei der Nutzung des Kontaktformulars erheben wir Ihre personenbezogenen Daten (Name, E-Mail-Adresse, Nachrichtentext) nur in dem von Ihnen zur Verf\u00fcgung gestellten Umfang. Die Datenverarbeitung dient dem Zweck der Kontaktaufnahme.<br \/>\nWenn die Kontaktaufnahme der Durchf\u00fchrung vorvertraglichen Ma\u00dfnahmen (bspw. Beratung bei Kaufinteresse, Angebotserstellung) dient oder einen bereits zwischen Ihnen und uns geschlossenen Vertrag betrifft, erfolgt diese Datenverarbeitung auf Grundlage des Art. 6 Abs. 1 lit. b DSGVO.<br \/>\nErfolgt die Kontaktaufnahme aus anderen Gr\u00fcnden, erfolgt diese Datenverarbeitung auf Grundlage des Art. 6 Abs. 1 lit. f DSGVO aus unserem \u00fcberwiegenden berechtigten Interesse an der Bearbeitung und Beantwortung Ihrer Anfrage.\u00a0<em><strong>In diesem Fall haben Sie das Recht, aus Gr\u00fcnden, die sich aus Ihrer besonderen Situation ergeben, jederzeit dieser auf Art. 6 Abs. 1 lit. f DSGVO beruhenden Verarbeitungen Sie betreffender personenbezogener Daten zu widersprechen.<\/strong><\/em><br \/>\nIhre E-Mail-Adresse nutzen wir nur zur Bearbeitung Ihrer Anfrage. Ihre Daten werden anschlie\u00dfend unter Beachtung gesetzlicher Aufbewahrungsfristen gel\u00f6scht, sofern Sie der weitergehenden Verarbeitung und Nutzung nicht zugestimmt haben.<\/p>\n<p><em><strong>Kundenkonto\u00a0\u00a0\u00a0\u00a0\u00a0\u00a0Bestellungen\u00a0\u00a0\u00a0\u00a0\u00a0\u00a0<\/strong><\/em><\/p>\n<p><strong>Kundenkonto<\/strong><br \/>\nBei der Er\u00f6ffnung eines Kundenkontos erheben wir Ihre personenbezogenen Daten in dem dort angegebenen Umfang. Die Datenverarbeitung dient dem Zweck, Ihr Einkaufserlebnis zu verbessern und die Bestellabwicklung zu vereinfachen. Die Verarbeitung erfolgt auf Grundlage des Art. 6 Abs. 1 lit. a DSGVO mit Ihrer Einwilligung. Sie k\u00f6nnen Ihre Einwilligung jederzeit durch Mitteilung an uns widerrufen, ohne dass die Rechtm\u00e4\u00dfigkeit der aufgrund der Einwilligung bis zum Widerruf erfolgten Verarbeitung ber\u00fchrt wird. Ihr Kundenkonto wird anschlie\u00dfend gel\u00f6scht.<\/p>\n<div><strong>Erhebung, Verarbeitung und Weitergabe personenbezogener Daten bei Bestellungen<\/strong><\/div>\n<div>Bei der Bestellung erheben und verarbeiten wir Ihre personenbezogenen Daten nur, soweit dies zur Erf\u00fcllung und Abwicklung Ihrer Bestellung sowie zur Bearbeitung Ihrer Anfragen erforderlich ist. Die Bereitstellung der Daten ist f\u00fcr den Vertragsschluss erforderlich. Eine Nichtbereitstellung hat zur Folge, dass kein Vertrag geschlossen werden kann. Die Verarbeitung erfolgt auf Grundlage des Art. 6 Abs. 1 lit. b DSGVO und ist f\u00fcr die Erf\u00fcllung eines Vertrags mit Ihnen erforderlich.<\/div>\n<div>Eine Weitergabe Ihrer Daten erfolgt dabei beispielsweise an Versandunternehmen, Dropshipping- bzw. Fulfillment-Anbieter, Zahlungsdienstleister, Diensteanbieter f\u00fcr die Bestellabwicklung und IT-Dienstleister. In allen F\u00e4llen beachten wir strikt die gesetzlichen Vorgaben. Der Umfang der Daten\u00fcbermittlung beschr\u00e4nkt sich auf ein Mindestma\u00df.\n<\/div>\n<p data-pm-slice=\"1 1 [&quot;table&quot;,{&quot;isNumberColumnEnabled&quot;:false,&quot;layout&quot;:&quot;full-width&quot;,&quot;__autoSize&quot;:false,&quot;localId&quot;:&quot;25b64c99-f905-49a0-9286-cec5afad2d08&quot;},&quot;tableRow&quot;,{},&quot;tableCell&quot;,{&quot;colspan&quot;:1,&quot;rowspan&quot;:1,&quot;colwidth&quot;:[517],&quot;background&quot;:null}]\">Ihre Daten werden dabei gegebenenfalls in Drittstaaten au\u00dferhalb der Europ\u00e4ischen Union \u00fcbermittelt, f\u00fcr die ein Angemessenheitsbeschluss der EU-Kommission vorliegt.\n<\/p>\n<p><em><strong>Versanddienstleister\u00a0\u00a0\u00a0\u00a0\u00a0\u00a0 Warenwirtschaft\u00a0\u00a0\u00a0\u00a0\u00a0\u00a0<\/strong><\/em><\/p>\n<p><strong>Weitergabe der E-Mail-Adresse an Versandunternehmen zur Information \u00fcber den Versandstatus<\/strong><br \/>\nWir geben Ihre E-Mail-Adresse im Rahmen der Vertragsabwicklung an das Transportunternehmen weiter, sofern Sie dem ausdr\u00fccklich im Bestellvorgang zugestimmt haben. Die Weitergabe dient dem Zweck, Sie per E-Mail \u00fcber den Versandstatus zu informieren. Die Verarbeitung erfolgt auf Grundlage des Art. 6 Abs. 1 lit. a DSGVO mit Ihrer Einwilligung. Sie k\u00f6nnen die Einwilligung jederzeit durch Mitteilung an uns oder das Transportunternehmen widerrufen, ohne dass die Rechtm\u00e4\u00dfigkeit der aufgrund der Einwilligung bis zum Widerruf erfolgten Verarbeitung ber\u00fchrt wird.<\/p>\n<p><strong>Nutzung eines externen Warenwirtschaftssystems<\/strong><br \/>\nWir verwenden zur Vertragsabwicklung ein Warenwirtschaftssystem im Rahmen einer Auftragsverarbeitung. Dazu werden Ihre im Rahmen der Bestellung erhobenen personenbezogenen Daten an<br \/>\nViA-Online GmbH, Kimplerstra\u00dfe 296, 47807 Krefeld<br \/>\n\u00fcbermittelt.<\/p>\n<p>Die Verarbeitung Ihrer personenbezogenen Daten dient dem Zweck, den mit Ihnen geschlossenen Vertrag zu erf\u00fcllen und erfolgt auf Grundlage des Art. 6 Abs. 1 lit. b DSGVO.<\/p>\n<p><em><strong> Zahlungsdienstleister\u00a0\u00a0\u00a0\u00a0\u00a0\u00a0<\/strong><\/em><\/p>\n<p><strong>Verwendung von PayPal<\/strong><br \/>\nWir verwenden auf unserer Website den Zahlungsdienst PayPal der PayPal (Europe) S.\u00e0.r.l. et Cie, S.C.A. (22-24 Boulevard Royal L-2449, Luxemburg; &#8220;PayPal&#8221;). Die Datenverarbeitung dient dem Zweck, Ihnen die Zahlung \u00fcber den Zahlungsdienst anbieten zu k\u00f6nnen. Mit Auswahl und Nutzung von Zahlung via PayPal werden die zur Zahlungsabwicklung erforderlichen Daten an PayPal \u00fcbermittelt, um den Vertrag mit Ihnen mit der gew\u00e4hlten Zahlart erf\u00fcllen zu k\u00f6nnen. Diese Verarbeitung erfolgt auf Grundlage des Art. 6 Abs. 1 lit. b DSGVO.<\/p>\n<p>Alle PayPal-Transaktionen unterliegen der PayPal-Datenschutzerkl\u00e4rung. Diese finden Sie unter\u00a0<a href=\"https:\/\/www.paypal.com\/de\/webapps\/mpp\/ua\/privacy-full\" target=\"_blank\" rel=\"noopener\">https:\/\/www.paypal.com\/de\/webapps\/mpp\/ua\/privacy-full<\/a><\/p>\n<p><strong>Verwendung von PayPal Check-Out<\/strong><br \/>\nWir verwenden auf unserer Website den Zahlungsdienst PayPal Check-Out der PayPal (Europe) S.\u00e0.r.l. et Cie, S.C.A. (22-24 Boulevard Royal L-2449, Luxemburg; &#8220;PayPal&#8221;). Die Datenverarbeitung dient dem Zweck, Ihnen die Zahlung \u00fcber den Zahlungsdienst anbieten zu k\u00f6nnen. Mit Auswahl und Nutzung von Zahlung via PayPal, Kreditkarte via PayPal, Lastschrift via PayPal oder \u201eSp\u00e4ter Bezahlen\u201c via PayPal werden die zur Zahlungsabwicklung erforderlichen Daten an PayPal \u00fcbermittelt, um den Vertrag mit Ihnen mit der gew\u00e4hlten Zahlart erf\u00fcllen zu k\u00f6nnen. Diese Verarbeitung erfolgt auf Grundlage des Art. 6 Abs. 1 lit. b DSGVO.<\/p>\n<p>Hierbei k\u00f6nnen Cookies gespeichert werden, die die Wiedererkennung Ihres Browsers erm\u00f6glichen. Die dadurch stattfindende Datenverarbeitung erfolgt auf Grundlage des Art. 6 Abs. 1 lit. f DSGVO aus unserem \u00fcberwiegenden berechtigten Interesse an einem kundenorientierten Angebot von verschiedenen Zahlarten. <em><strong>Sie haben das Recht aus Gr\u00fcnden, die sich aus Ihrer besonderen Situation ergeben, jederzeit dieser Verarbeitung Sie betreffender personenbezogener Daten zu widersprechen.<\/strong><\/em><\/p>\n<p><u>Kreditkarte via PayPal, Lastschrift via PayPal &amp; \u201eSp\u00e4ter bezahlen\u201c via PayPal\u00a0<\/u><br \/>\nBei einzelnen Zahlungsarten wie Kreditkarte via PayPal, Lastschrift via PayPal oder \u201eSp\u00e4ter bezahlen\u201c via PayPal beh\u00e4lt sich PayPal das Recht vor, ggf. eine Bonit\u00e4tsauskunft auf der Basis mathematisch-statistischer Verfahren unter Nutzung von Auskunfteien einzuholen. Hierzu \u00fcbermittelt PayPal die zu einer Bonit\u00e4tspr\u00fcfung ben\u00f6tigten personenbezogenen Daten an eine Auskunftei und verwendet die erhaltenen Informationen \u00fcber die statistische Wahrscheinlichkeit eines Zahlungsausfalls f\u00fcr eine abgewogene Entscheidung \u00fcber die Begr\u00fcndung, Durchf\u00fchrung oder Beendigung des Vertragsverh\u00e4ltnisses. Die Bonit\u00e4tsauskunft kann Wahrscheinlichkeitswerte (Score-Werte) beinhalten, die auf Basis wissenschaftlich anerkannter mathematisch-statistischer Verfahren berechnet werden und in deren Berechnung unter anderem Anschriftendaten einflie\u00dfen. Ihre schutzw\u00fcrdigen Belange werden gem\u00e4\u00df den gesetzlichen Bestimmungen ber\u00fccksichtigt. Die Datenverarbeitung dient dem Zweck der Bonit\u00e4tspr\u00fcfung f\u00fcr eine Vertragsanbahnung. Die Verarbeitung erfolgt auf Grundlage des Art. 6 Abs. 1 lit. f DSGVO aus unserem \u00fcberwiegenden berechtigten Interesse am Schutz vor Zahlungsausfall, wenn PayPal in Vorleistung geht.<br \/>\n<strong><em>Sie haben das Recht aus Gr\u00fcnden, die sich aus Ihrer besonderen Situation ergeben, jederzeit gegen diese auf Art. 6 Abs. 1 lit. f DSGVO beruhende Verarbeitung Sie betreffender personenbezogener Daten durch Mitteilung an PayPal zu widersprechen.<\/em><\/strong> Die Bereitstellung der Daten ist f\u00fcr den Vertragsschluss mit der von Ihnen gew\u00fcnschten Zahlart erforderlich. Eine Nichtbereitstellung hat zur Folge, dass der Vertrag nicht mit der von Ihnen gew\u00e4hlten Zahlart geschlossen werden kann.<\/p>\n<p><u>Drittanbieter<\/u><br \/>\nBei Bezahlung \u00fcber die Zahlungsart eines Drittanbieters werden die zur Zahlungsabwicklung erforderlichen Daten an PayPal \u00fcbermittelt. Diese Verarbeitung erfolgt auf Grundlage des Art. 6 Abs. 1 lit. b DSGVO. Zur Durchf\u00fchrung dieser Zahlungsart werden die Daten ggf. sodann seitens PayPal an den jeweiligen Anbieter weitergegeben. Diese Verarbeitung erfolgt auf Grundlage des Art. 6 Abs. 1 lit. b DSGVO. Lokale Drittanbieter k\u00f6nnen beispielsweise sein:<\/p>\n<ul>\n<li role=\"presentation\">Apple Pay (Apple Distribution International Ltd., Hollyhill Industrial Estate, Hollyhill, Cork, Irland)<\/li>\n<li role=\"presentation\">Google Pay (Google Ireland Limited, Gordon House, 4 Barrow St, Dublin, D04 E5W5, Irland)<\/li>\n<\/ul>\n<p><u>Rechnungskauf via PayPal\u00a0<\/u><br \/>\nBei Bezahlung \u00fcber die Zahlungsart Rechnungskauf werden die zur Zahlungsabwicklung erforderlichen Daten zun\u00e4chst an PayPal \u00fcbermittelt. Zur Durchf\u00fchrung dieser Zahlungsart werden die Daten sodann seitens PayPal an die Ratepay GmbH (Franklinstra\u00dfe 28-29, 10587 Berlin; &#8220;Ratepay&#8221;) \u00fcbermittelt um den Vertrag mit Ihnen mit der gew\u00e4hlten Zahlart erf\u00fcllen zu k\u00f6nnen. Diese Verarbeitung erfolgt auf Grundlage des Art. 6 Abs. 1 lit. b DSGVO. Ratepay f\u00fchrt ggf. eine Bonit\u00e4tsauskunft auf der Basis mathematisch-statistischer Verfahren (Wahrscheinlichkeits- bzw. Score &#8211; Werte) unter Nutzung von Auskunfteien durch nach bereits oben beschriebenen Ablauf. Die Datenverarbeitung dient dem Zweck der Bonit\u00e4tspr\u00fcfung f\u00fcr eine Vertragsanbahnung. Die Verarbeitung erfolgt auf Grundlage des Art. 6 Abs. 1 lit. f DSGVO aus unserem \u00fcberwiegenden berechtigten Interesse am Schutz vor Zahlungsausfall, wenn Ratepay\u00a0 in Vorleistung geht. Weitere Informationen zum Datenschutz und welche Auskunfteien Ratpay verwenden finden Sie unter <a href=\"https:\/\/www.ratepay.com\/legal-payment-dataprivacy\/\" target=\"_blank\" rel=\"noopener\">https:\/\/www.ratepay.com\/legal-payment-dataprivacy\/<\/a> und <a href=\"https:\/\/www.ratepay.com\/legal-payment-creditagencies\/\" target=\"_blank\" rel=\"noopener\">https:\/\/www.ratepay.com\/legal-payment-creditagencies\/<\/a>.<\/p>\n<p>N\u00e4here Informationen zur Datenverarbeitung bei Verwendung von PayPal finden Sie in der dazugeh\u00f6rigen Datenschutzerkl\u00e4rung unter <a href=\"https:\/\/www.paypal.com\/de\/webapps\/mpp\/ua\/privacy-full\" target=\"_blank\" rel=\"noopener\">https:\/\/www.paypal.com\/de\/webapps\/mpp\/ua\/privacy-full<\/a>.<\/p>\n<p><strong><em>Betroffenenrechte und Speicherdauer<\/em><\/strong><\/p>\n<p><strong>Dauer der Speicherung<\/strong><br \/>\nNach vollst\u00e4ndiger Vertragsabwicklung werden die Daten zun\u00e4chst f\u00fcr die Dauer der Gew\u00e4hrleistungsfrist, danach unter Ber\u00fccksichtigung gesetzlicher, insbesondere steuer- und handelsrechtlicher Aufbewahrungsfristen gespeichert und dann nach Fristablauf gel\u00f6scht, sofern Sie der weitergehenden Verarbeitung und Nutzung nicht zugestimmt haben.<\/p>\n<p><strong>Rechte der betroffenen Person<\/strong><br \/>\nIhnen stehen bei Vorliegen der gesetzlichen Voraussetzungen folgende Rechte nach Art. 15 bis 20 DSGVO zu: Recht auf Auskunft, auf Berichtigung, auf L\u00f6schung, auf Einschr\u00e4nkung der Verarbeitung, auf Daten\u00fcbertragbarkeit.<br \/>\nAu\u00dferdem steht Ihnen nach Art. 21 Abs. 1 DSGVO ein Widerspruchsrecht gegen die Verarbeitungen zu, die auf Art. 6 Abs. 1 f DSGVO beruhen, sowie gegen die Verarbeitung zum Zwecke von Direktwerbung.<\/p>\n<p><strong>Beschwerderecht bei der Aufsichtsbeh\u00f6rde<\/strong><br \/>\nSie haben gem\u00e4\u00df Art. 77 DSGVO das Recht, sich bei der Aufsichtsbeh\u00f6rde zu beschweren, wenn Sie der Ansicht sind, dass die Verarbeitung Ihrer personenbezogenen Daten nicht rechtm\u00e4\u00dfig erfolgt.<\/p>\n<p>Eine Beschwerde k\u00f6nnen Sie unter anderem bei der f\u00fcr uns zust\u00e4ndigen Aufsichtsbeh\u00f6rde einlegen, die Sie unter folgenden Kontaktdaten erreichen:<\/p>\n<p>Unabh\u00e4ngiges Landeszentrum f\u00fcr Datenschutz Schleswig-Holstein<br \/>\nPostfach 71 16<br \/>\n24171 Kiel<br \/>\nTel.: +49 431 9881200<br \/>\nFax: +49 431 9881223<br \/>\nE-Mail: mail@datenschutzzentrum.de<\/p>\n<p><strong>Widerspruchsrecht<\/strong><br \/>\nBeruhen die hier aufgef\u00fchrten personenbezogenen Datenverarbeitungen auf Grundlage unseres berechtigten Interesses nach Art. 6 Abs. 1 lit. f DSGVO, haben Sie das Recht aus Gr\u00fcnden, die sich aus Ihrer besonderen Situation ergeben, jederzeit diesen Verarbeitungen mit Wirkung f\u00fcr die Zukunft zu widersprechen.<br \/>\nNach erfolgtem Widerspruch wird die Verarbeitung der betroffenen Daten beendet, es sei denn, wir k\u00f6nnen zwingende schutzw\u00fcrdige Gr\u00fcnde f\u00fcr die Verarbeitung nachweisen, die Ihren Interessen, Rechten und Freiheiten \u00fcberwiegen, oder wenn die Verarbeitung der Geltendmachung, Aus\u00fcbung oder Verteidigung von Rechtsanspr\u00fcchen dient.<\/p>\n<p>letzte Aktualisierung: 22.10.2024<\/p>\n","protected":false},"excerpt":{"rendered":"<p>Datenschutzerkl\u00e4rung Soweit nachstehend keine anderen Angaben gemacht werden, ist die Bereitstellung Ihrer personenbezogenen Daten weder gesetzlich oder vertraglich vorgeschrieben, noch f\u00fcr einen Vertragsabschluss erforderlich. Sie sind zur Bereitstellung der Daten nicht verpflichtet. Eine Nichtbereitstellung hat keine Folgen. Dies gilt nur soweit bei den nachfolgenden Verarbeitungsvorg\u00e4ngen keine anderweitige Angabe gemacht wird. &#8220;Personenbezogene Daten&#8221; sind alle Informationen, [&hellip;]<\/p>\n","protected":false},"author":1,"featured_media":0,"parent":0,"menu_order":0,"comment_status":"closed","ping_status":"closed","template":"","meta":{"site-sidebar-layout":"default","site-content-layout":"default","ast-site-content-layout":"default","site-content-style":"default","site-sidebar-style":"default","ast-global-header-display":"","ast-banner-title-visibility":"","ast-main-header-display":"","ast-hfb-above-header-display":"","ast-hfb-below-header-display":"","ast-hfb-mobile-header-display":"","site-post-title":"","ast-breadcrumbs-content":"","ast-featured-img":"","footer-sml-layout":"","theme-transparent-header-meta":"default","adv-header-id-meta":"","stick-header-meta":"","header-above-stick-meta":"","header-main-stick-meta":"","header-below-stick-meta":"","astra-migrate-meta-layouts":"set","ast-page-background-enabled":"default","ast-page-background-meta":{"desktop":{"background-color":"","background-image":"","background-repeat":"repeat","background-position":"center center","background-size":"auto","background-attachment":"scroll","background-type":"","background-media":"","overlay-type":"","overlay-color":"","overlay-opacity":"","overlay-gradient":""},"tablet":{"background-color":"","background-image":"","background-repeat":"repeat","background-position":"center center","background-size":"auto","background-attachment":"scroll","background-type":"","background-media":"","overlay-type":"","overlay-color":"","overlay-opacity":"","overlay-gradient":""},"mobile":{"background-color":"","background-image":"","background-repeat":"repeat","background-position":"center center","background-size":"auto","background-attachment":"scroll","background-type":"","background-media":"","overlay-type":"","overlay-color":"","overlay-opacity":"","overlay-gradient":""}},"ast-content-background-meta":{"desktop":{"background-color":"var(--ast-global-color-5)","background-image":"","background-repeat":"repeat","background-position":"center center","background-size":"auto","background-attachment":"scroll","background-type":"","background-media":"","overlay-type":"","overlay-color":"","overlay-opacity":"","overlay-gradient":""},"tablet":{"background-color":"var(--ast-global-color-5)","background-image":"","background-repeat":"repeat","background-position":"center center","background-size":"auto","background-attachment":"scroll","background-type":"","background-media":"","overlay-type":"","overlay-color":"","overlay-opacity":"","overlay-gradient":""},"mobile":{"background-color":"var(--ast-global-color-5)","background-image":"","background-repeat":"repeat","background-position":"center center","background-size":"auto","background-attachment":"scroll","background-type":"","background-media":"","overlay-type":"","overlay-color":"","overlay-opacity":"","overlay-gradient":""}},"footnotes":""},"class_list":["post-4647","page","type-page","status-publish","hentry"],"_links":{"self":[{"href":"https:\/\/lds-service.com\/fi\/wp-json\/wp\/v2\/pages\/4647","targetHints":{"allow":["GET"]}}],"collection":[{"href":"https:\/\/lds-service.com\/fi\/wp-json\/wp\/v2\/pages"}],"about":[{"href":"https:\/\/lds-service.com\/fi\/wp-json\/wp\/v2\/types\/page"}],"author":[{"embeddable":true,"href":"https:\/\/lds-service.com\/fi\/wp-json\/wp\/v2\/users\/1"}],"replies":[{"embeddable":true,"href":"https:\/\/lds-service.com\/fi\/wp-json\/wp\/v2\/comments?post=4647"}],"version-history":[{"count":1,"href":"https:\/\/lds-service.com\/fi\/wp-json\/wp\/v2\/pages\/4647\/revisions"}],"predecessor-version":[{"id":5211094,"href":"https:\/\/lds-service.com\/fi\/wp-json\/wp\/v2\/pages\/4647\/revisions\/5211094"}],"wp:attachment":[{"href":"https:\/\/lds-service.com\/fi\/wp-json\/wp\/v2\/media?parent=4647"}],"curies":[{"name":"wp","href":"https:\/\/api.w.org\/{rel}","templated":true}]}}