{"id":4657,"date":"2023-06-01T09:40:31","date_gmt":"2023-06-01T07:40:31","guid":{"rendered":"https:\/\/yesvcan.de\/?page_id=4657"},"modified":"2026-01-13T15:41:11","modified_gmt":"2026-01-13T14:41:11","slug":"droit-de-revocation","status":"publish","type":"page","link":"https:\/\/lds-service.com\/fr\/revocation-right\/","title":{"rendered":"Droit de R\u00e9tractation"},"content":{"rendered":"<p><strong>Droit de r\u00e9tractation\u00a0<\/strong><br \/>\n(Un consommateur est toute personne physique qui conclut une transaction l\u00e9gale \u00e0 des fins qui ne sont principalement ni commerciales ni ind\u00e9pendantes.)<\/p>\n<p><strong>Droit de r\u00e9tractation<\/strong><\/p>\n<p><strong>Droit de R\u00e9tractation<\/strong><br \/>\nVous avez le droit de vous r\u00e9tracter du pr\u00e9sent contrat dans un d\u00e9lai d&#039;un mois sans donner de motif.<br \/>\nLe d\u00e9lai de r\u00e9tractation est d&#039;un mois \u00e0 compter du jour<\/p>\n<p>- sur lequel vous ou un tiers d\u00e9sign\u00e9 par vous, qui n&#039;est pas le transporteur, avez pris possession du bien, \u00e0 condition que vous ayez command\u00e9 un ou plusieurs biens dans le cadre d&#039;une seule commande et que celui-ci soit ou sera livr\u00e9 en une seule fois ;<\/p>\n<p>Um Ihr Widerrufsrecht auszu\u00fcben, m\u00fcssen Sie uns <strong>(kerlco GmbH, Nikolaus-Otto-Stra\u00dfe 9, 24568 Kaltenkirchen, Telefonnr.: 04191-9959765, E-Mail-Adresse: info@delta-sport.info)<\/strong> mittels einer eindeutigen Erkl\u00e4rung (z.B. ein mit der Post versandter Brief oder eine E-Mail) \u00fcber Ihren Entschluss, diesen Vertrag zu widerrufen, informieren. Sie k\u00f6nnen daf\u00fcr das beigef\u00fcgte Muster-Widerrufsformular verwenden, das jedoch nicht vorgeschrieben ist.<\/p>\n<p>Pour respecter le d\u00e9lai de r\u00e9tractation, il vous suffit d&#039;envoyer la communication concernant votre exercice du droit de r\u00e9tractation avant l&#039;expiration du d\u00e9lai de r\u00e9tractation.<\/p>\n<p><strong>Cons\u00e9quences de la r\u00e9vocation<\/strong><\/p>\n<p>Wenn Sie diesen Vertrag widerrufen, haben wir Ihnen alle Zahlungen, die wir von Ihnen erhalten haben, einschlie\u00dflich der Lieferkosten (mit Ausnahme der zus\u00e4tzlichen Kosten, die sich daraus ergeben, dass Sie eine andere Art der Lieferung als die von uns angebotene, g\u00fcnstigste Standardlieferung gew\u00e4hlt haben), unverz\u00fcglich und sp\u00e4testens binnen 14\u00a0Tagen ab dem Tag zur\u00fcckzuzahlen, an dem die Mitteilung \u00fcber Ihren Widerruf dieses Vertrags bei uns eingegangen ist. F\u00fcr diese R\u00fcckzahlung verwenden wir dasselbe Zahlungsmittel, das Sie bei der urspr\u00fcnglichen Transaktion eingesetzt haben, es sei denn, mit Ihnen wurde ausdr\u00fccklich etwas anderes vereinbart; in keinem Fall werden Ihnen wegen dieser R\u00fcckzahlung Entgelte berechnet.<\/p>\n<p>Wir k\u00f6nnen die R\u00fcckzahlung f\u00fcr paketversandf\u00e4hige Waren verweigern, bis wir diese Waren wieder zur\u00fcckerhalten haben oder bis Sie den Nachweis erbracht haben, dass Sie diese Waren zur\u00fcckgesandt haben, je nachdem, welches der fr\u00fchere Zeitpunkt ist.<\/p>\n<p>Wir holen die nicht paketversandf\u00e4higen Waren ab.<\/p>\n<p>Sie haben die paketversandf\u00e4higen Waren unverz\u00fcglich und in jedem Fall sp\u00e4testens binnen 14 Tagen ab dem Tag, an dem Sie uns \u00fcber den Widerruf dieses Vertrags unterrichten, an uns\u00a0zur\u00fcckzusenden oder zu \u00fcbergeben. Die Frist ist gewahrt, wenn Sie die paketversandf\u00e4higen Waren vor Ablauf der Frist von 14 Tagen absenden.<\/p>\n<p>Sie tragen die unmittelbaren Kosten der R\u00fccksendung paketversandf\u00e4higer Waren sowie die unmittelbaren Kosten der R\u00fccksendung nicht paketversandf\u00e4higer Waren.\u00a0Die Kosten f\u00fcr nicht paketversandf\u00e4hige Waren werden auf h\u00f6chstens etwa 40 EUR gesch\u00e4tzt.<\/p>\n<p>Vous n&#039;\u00eates responsable que de toute diminution de valeur des marchandises r\u00e9sultant de manipulations autres que celles n\u00e9cessaires pour \u00e9tablir la nature, les caract\u00e9ristiques et le fonctionnement des marchandises.<\/p>\n<p><strong>Motifs d&#039;exclusion ou d&#039;expiration<\/strong><\/p>\n<p>Le droit de r\u00e9tractation ne s&#039;applique pas aux contrats<\/p>\n<p>\u2013 pour la livraison de biens qui ne sont pas pr\u00e9fabriqu\u00e9s et pour la production desquels une s\u00e9lection ou une d\u00e9termination individuelle par le consommateur est d\u00e9cisive ou qui sont clairement adapt\u00e9s aux besoins personnels du consommateur\u00a0;<br \/>\n\u2013 pour la livraison de biens pouvant se d\u00e9t\u00e9riorer rapidement ou dont la date limite de consommation serait bient\u00f4t d\u00e9pass\u00e9e ;<br \/>\n\u2013 pour la livraison de boissons alcoolis\u00e9es dont le prix a \u00e9t\u00e9 convenu lors de la conclusion du contrat, mais qui peuvent \u00eatre livr\u00e9es au plus t\u00f4t 30 jours apr\u00e8s la conclusion du contrat et dont la valeur actuelle d\u00e9pend des fluctuations du march\u00e9 sur lesquelles l&#039;entrepreneur n&#039;a aucune influence\u00a0;<br \/>\n\u2013 pour la livraison de journaux, p\u00e9riodiques ou magazines \u00e0 l&#039;exception des contrats d&#039;abonnement.<\/p>\n<p>Le droit de r\u00e9tractation expire pr\u00e9matur\u00e9ment pour les contrats<\/p>\n<p>\u2013 pour la livraison de marchandises scell\u00e9es qui, pour des raisons de protection de la sant\u00e9 ou d&#039;hygi\u00e8ne, ne peuvent \u00eatre retourn\u00e9es si leur scell\u00e9 a \u00e9t\u00e9 enlev\u00e9 apr\u00e8s la livraison\u00a0;<br \/>\n\u2013 pour la livraison de marchandises si celles-ci ont \u00e9t\u00e9 m\u00e9lang\u00e9es de mani\u00e8re indissociable avec d&#039;autres marchandises apr\u00e8s la livraison en raison de leur nature\u00a0;<br \/>\n\u2013 pour la livraison d&#039;enregistrements sonores ou vid\u00e9o ou de logiciels informatiques dans un emballage scell\u00e9 si le scell\u00e9 a \u00e9t\u00e9 bris\u00e9 apr\u00e8s la livraison.<\/p>\n<hr \/>\n<p><strong>Exemple de formulaire de r\u00e9tractation<\/strong><\/p>\n<p>(Si vous souhaitez r\u00e9voquer le contrat, veuillez remplir ce formulaire et le renvoyer.)<\/p>\n<p>&#8211; An kerlco GmbH, Nikolaus-Otto-Stra\u00dfe 9, 24568 Kaltenkirchen, E-Mail-Adresse:\u00a0info@delta-sport.info :<\/p>\n<p>\u2013 Je\/nous (*) r\u00e9voque\/r\u00e9voquons par la pr\u00e9sente le contrat conclu par moi\/nous (*) pour l&#039;achat des biens suivants (*)\/<br \/>\nla fourniture du service suivant (*)<\/p>\n<p>\u2013 Command\u00e9 le (*) \/ re\u00e7u le (*)<\/p>\n<p>\u2013 Nom du ou des consommateurs<br \/>\n\u2013 Adresse du ou des consommateurs<br \/>\n\u2013 Signature du ou des consommateurs (uniquement si la notification est faite sur papier)<br \/>\n- Date<\/p>\n<p>(*) Biffer les mentions inutiles.<\/p>","protected":false},"excerpt":{"rendered":"<p>Widerrufsrecht f\u00fcr Verbraucher\u00a0 (Verbraucher ist jede nat\u00fcrliche Person, die ein Rechtsgesch\u00e4ft zu Zwecken abschlie\u00dft, die \u00fcberwiegend weder ihrer gewerblichen noch ihrer selbstst\u00e4ndigen beruflichen T\u00e4tigkeit zugerechnet werden k\u00f6nnen.) Widerrufsbelehrung Widerrufsrecht Sie haben das Recht, binnen eines Monats ohne Angabe von Gr\u00fcnden diesen Vertrag zu widerrufen. Die Widerrufsfrist betr\u00e4gt einen Monat ab dem Tag, &#8211; an dem [&hellip;]<\/p>\n","protected":false},"author":1,"featured_media":0,"parent":0,"menu_order":0,"comment_status":"closed","ping_status":"closed","template":"","meta":{"site-sidebar-layout":"default","site-content-layout":"default","ast-site-content-layout":"default","site-content-style":"default","site-sidebar-style":"default","ast-global-header-display":"","ast-banner-title-visibility":"","ast-main-header-display":"","ast-hfb-above-header-display":"","ast-hfb-below-header-display":"","ast-hfb-mobile-header-display":"","site-post-title":"","ast-breadcrumbs-content":"","ast-featured-img":"","footer-sml-layout":"","theme-transparent-header-meta":"default","adv-header-id-meta":"","stick-header-meta":"","header-above-stick-meta":"","header-main-stick-meta":"","header-below-stick-meta":"","astra-migrate-meta-layouts":"set","ast-page-background-enabled":"default","ast-page-background-meta":{"desktop":{"background-color":"","background-image":"","background-repeat":"repeat","background-position":"center center","background-size":"auto","background-attachment":"scroll","background-type":"","background-media":"","overlay-type":"","overlay-color":"","overlay-opacity":"","overlay-gradient":""},"tablet":{"background-color":"","background-image":"","background-repeat":"repeat","background-position":"center center","background-size":"auto","background-attachment":"scroll","background-type":"","background-media":"","overlay-type":"","overlay-color":"","overlay-opacity":"","overlay-gradient":""},"mobile":{"background-color":"","background-image":"","background-repeat":"repeat","background-position":"center center","background-size":"auto","background-attachment":"scroll","background-type":"","background-media":"","overlay-type":"","overlay-color":"","overlay-opacity":"","overlay-gradient":""}},"ast-content-background-meta":{"desktop":{"background-color":"var(--ast-global-color-5)","background-image":"","background-repeat":"repeat","background-position":"center center","background-size":"auto","background-attachment":"scroll","background-type":"","background-media":"","overlay-type":"","overlay-color":"","overlay-opacity":"","overlay-gradient":""},"tablet":{"background-color":"var(--ast-global-color-5)","background-image":"","background-repeat":"repeat","background-position":"center center","background-size":"auto","background-attachment":"scroll","background-type":"","background-media":"","overlay-type":"","overlay-color":"","overlay-opacity":"","overlay-gradient":""},"mobile":{"background-color":"var(--ast-global-color-5)","background-image":"","background-repeat":"repeat","background-position":"center center","background-size":"auto","background-attachment":"scroll","background-type":"","background-media":"","overlay-type":"","overlay-color":"","overlay-opacity":"","overlay-gradient":""}},"footnotes":""},"class_list":["post-4657","page","type-page","status-publish","hentry"],"_links":{"self":[{"href":"https:\/\/lds-service.com\/fr\/wp-json\/wp\/v2\/pages\/4657","targetHints":{"allow":["GET"]}}],"collection":[{"href":"https:\/\/lds-service.com\/fr\/wp-json\/wp\/v2\/pages"}],"about":[{"href":"https:\/\/lds-service.com\/fr\/wp-json\/wp\/v2\/types\/page"}],"author":[{"embeddable":true,"href":"https:\/\/lds-service.com\/fr\/wp-json\/wp\/v2\/users\/1"}],"replies":[{"embeddable":true,"href":"https:\/\/lds-service.com\/fr\/wp-json\/wp\/v2\/comments?post=4657"}],"version-history":[{"count":1,"href":"https:\/\/lds-service.com\/fr\/wp-json\/wp\/v2\/pages\/4657\/revisions"}],"predecessor-version":[{"id":5211096,"href":"https:\/\/lds-service.com\/fr\/wp-json\/wp\/v2\/pages\/4657\/revisions\/5211096"}],"wp:attachment":[{"href":"https:\/\/lds-service.com\/fr\/wp-json\/wp\/v2\/media?parent=4657"}],"curies":[{"name":"wp","href":"https:\/\/api.w.org\/{rel}","templated":true}]}}