{"id":5983,"date":"2023-07-26T11:12:38","date_gmt":"2023-07-26T09:12:38","guid":{"rendered":"https:\/\/yesvcan.de\/?post_type=product&#038;p=5983"},"modified":"2025-07-28T07:46:17","modified_gmt":"2025-07-28T05:46:17","slug":"prozirni-vizir-za-crivit-kacigu-na-preklop-ds-multix400","status":"publish","type":"product","link":"https:\/\/lds-service.com\/hr\/product\/visier-klar-crivit-klapphelm-ds-multix400\/","title":{"rendered":"Crivit preklopni vizir za kacigu prozirni MULTIX-400"},"content":{"rendered":"","protected":false},"excerpt":{"rendered":"<p>Novi viziri kompatibilni s Pinlockom za Crivit preklopne kacige iz serije MultiX400. Svi viziri u ovoj seriji imaju odgovaraju\u0107e igle za smje\u0161taj Pinlock le\u0107a. Ovi viziri odgovaraju svim veli\u010dinama kaciga.<\/p>\n<p>Prikladno za sljede\u0107e kacige na preklop:<br \/>\n<span style=\"font-size: 11px;\">278611 &#8211; 278612 &#8211;\u00a0278613 &#8211; 306776 &#8211; 306775 &#8211; 306777 &#8211; 292222 &#8211;\u00a0<\/span><span style=\"font-family: Arial, Verdana, Helvetica; font-size: 11px;\">292224 &#8211;\u00a0292223<\/span><\/p>\n<div>\n<p><span style=\"font-size: 11px;\">EAN 4032611221068<\/span><\/p>\n<div>Opseg isporuke: 1 prozirni vizir<\/div>\n<div><\/div>\n<div>u <a href=\"http:\/\/www.lidl-service.com\/static\/302553822\/278611_DE.pdf\" data-link-type=\"external\" data-type=\"linkpicker\">Priru\u010dnik s uputama <\/a>Na\u0107i \u0107ete sve informacije o tome kako pravilno umetnuti Pinlock le\u0107u i prilagoditi napetost le\u0107e.<\/div>\n<\/div>\n<p>&nbsp;<\/p>","protected":false},"featured_media":6429,"template":"","meta":{"site-sidebar-layout":"default","site-content-layout":"default","ast-site-content-layout":"default","site-content-style":"default","site-sidebar-style":"default","ast-global-header-display":"","ast-banner-title-visibility":"","ast-main-header-display":"","ast-hfb-above-header-display":"","ast-hfb-below-header-display":"","ast-hfb-mobile-header-display":"","site-post-title":"","ast-breadcrumbs-content":"","ast-featured-img":"","footer-sml-layout":"","theme-transparent-header-meta":"default","adv-header-id-meta":"","stick-header-meta":"default","header-above-stick-meta":"","header-main-stick-meta":"","header-below-stick-meta":"","astra-migrate-meta-layouts":"default","ast-page-background-enabled":"default","ast-page-background-meta":{"desktop":{"background-color":"","background-image":"","background-repeat":"repeat","background-position":"center center","background-size":"auto","background-attachment":"scroll","background-type":"","background-media":"","overlay-type":"","overlay-color":"","overlay-opacity":"","overlay-gradient":""},"tablet":{"background-color":"","background-image":"","background-repeat":"repeat","background-position":"center center","background-size":"auto","background-attachment":"scroll","background-type":"","background-media":"","overlay-type":"","overlay-color":"","overlay-opacity":"","overlay-gradient":""},"mobile":{"background-color":"","background-image":"","background-repeat":"repeat","background-position":"center center","background-size":"auto","background-attachment":"scroll","background-type":"","background-media":"","overlay-type":"","overlay-color":"","overlay-opacity":"","overlay-gradient":""}},"ast-content-background-meta":{"desktop":{"background-color":"var(--ast-global-color-5)","background-image":"","background-repeat":"repeat","background-position":"center center","background-size":"auto","background-attachment":"scroll","background-type":"","background-media":"","overlay-type":"","overlay-color":"","overlay-opacity":"","overlay-gradient":""},"tablet":{"background-color":"var(--ast-global-color-5)","background-image":"","background-repeat":"repeat","background-position":"center center","background-size":"auto","background-attachment":"scroll","background-type":"","background-media":"","overlay-type":"","overlay-color":"","overlay-opacity":"","overlay-gradient":""},"mobile":{"background-color":"var(--ast-global-color-5)","background-image":"","background-repeat":"repeat","background-position":"center center","background-size":"auto","background-attachment":"scroll","background-type":"","background-media":"","overlay-type":"","overlay-color":"","overlay-opacity":"","overlay-gradient":""}}},"product_brand":[],"product_cat":[141],"product_tag":[280,291,292,293,284,286,285,282,281,283,290,191,288,287,243,257,204,261,190,289,205],"class_list":{"0":"post-5983","1":"product","2":"type-product","3":"status-publish","4":"has-post-thumbnail","6":"product_cat-motorradhelm","7":"product_tag-280","8":"product_tag-291","9":"product_tag-292","10":"product_tag-293","11":"product_tag-284","12":"product_tag-286","13":"product_tag-285","14":"product_tag-282","15":"product_tag-281","16":"product_tag-283","17":"product_tag-290","18":"product_tag-crivit","19":"product_tag-delta-sport","20":"product_tag-ds-multix400","21":"product_tag-ersatzvisier","22":"product_tag-ian","23":"product_tag-klapphelm","24":"product_tag-klar","25":"product_tag-lidl","26":"product_tag-pinlock","27":"product_tag-visier","28":"desktop-align-left","29":"tablet-align-left","30":"mobile-align-left","31":"ast-product-gallery-layout-horizontal","32":"ast-product-gallery-with-no-image","34":"first","35":"outofstock","36":"taxable","37":"shipping-taxable","38":"purchasable","39":"product-type-simple"},"_links":{"self":[{"href":"https:\/\/lds-service.com\/hr\/wp-json\/wp\/v2\/product\/5983","targetHints":{"allow":["GET"]}}],"collection":[{"href":"https:\/\/lds-service.com\/hr\/wp-json\/wp\/v2\/product"}],"about":[{"href":"https:\/\/lds-service.com\/hr\/wp-json\/wp\/v2\/types\/product"}],"version-history":[{"count":1,"href":"https:\/\/lds-service.com\/hr\/wp-json\/wp\/v2\/product\/5983\/revisions"}],"predecessor-version":[{"id":5210068,"href":"https:\/\/lds-service.com\/hr\/wp-json\/wp\/v2\/product\/5983\/revisions\/5210068"}],"wp:featuredmedia":[{"embeddable":true,"href":"https:\/\/lds-service.com\/hr\/wp-json\/wp\/v2\/media\/6429"}],"wp:attachment":[{"href":"https:\/\/lds-service.com\/hr\/wp-json\/wp\/v2\/media?parent=5983"}],"wp:term":[{"taxonomy":"product_brand","embeddable":true,"href":"https:\/\/lds-service.com\/hr\/wp-json\/wp\/v2\/product_brand?post=5983"},{"taxonomy":"product_cat","embeddable":true,"href":"https:\/\/lds-service.com\/hr\/wp-json\/wp\/v2\/product_cat?post=5983"},{"taxonomy":"product_tag","embeddable":true,"href":"https:\/\/lds-service.com\/hr\/wp-json\/wp\/v2\/product_tag?post=5983"}],"curies":[{"name":"wp","href":"https:\/\/api.w.org\/{rel}","templated":true}]}}