{"id":5196966,"date":"2025-06-26T23:13:21","date_gmt":"2025-06-26T21:13:21","guid":{"rendered":"https:\/\/lds-service.com\/?post_type=product&#038;p=5196966"},"modified":"2026-04-02T21:06:36","modified_gmt":"2026-04-02T19:06:36","slug":"varosi-3-0-hatso-fektarcsa_bda_21b","status":"publish","type":"product","link":"https:\/\/lds-service.com\/hu\/product\/urban-3-0-bremssscheibe-hinten_bda_21b\/","title":{"rendered":"Urban 3.0 eBike Bremssscheibe hinten_BDA_21b"},"content":{"rendered":"<p>Original Ersatzteil f\u00fcr 467061<\/p>","protected":false},"excerpt":{"rendered":"<p>Sz\u00e1ll\u00edt\u00e1si terjedelem: f\u00e9kt\u00e1rcsa h.<\/p>","protected":false},"featured_media":0,"template":"","meta":{"site-sidebar-layout":"default","site-content-layout":"","ast-site-content-layout":"default","site-content-style":"default","site-sidebar-style":"default","ast-global-header-display":"","ast-banner-title-visibility":"","ast-main-header-display":"","ast-hfb-above-header-display":"","ast-hfb-below-header-display":"","ast-hfb-mobile-header-display":"","site-post-title":"","ast-breadcrumbs-content":"","ast-featured-img":"","footer-sml-layout":"","theme-transparent-header-meta":"","adv-header-id-meta":"","stick-header-meta":"","header-above-stick-meta":"","header-main-stick-meta":"","header-below-stick-meta":"","astra-migrate-meta-layouts":"default","ast-page-background-enabled":"default","ast-page-background-meta":{"desktop":{"background-color":"","background-image":"","background-repeat":"repeat","background-position":"center center","background-size":"auto","background-attachment":"scroll","background-type":"","background-media":"","overlay-type":"","overlay-color":"","overlay-opacity":"","overlay-gradient":""},"tablet":{"background-color":"","background-image":"","background-repeat":"repeat","background-position":"center center","background-size":"auto","background-attachment":"scroll","background-type":"","background-media":"","overlay-type":"","overlay-color":"","overlay-opacity":"","overlay-gradient":""},"mobile":{"background-color":"","background-image":"","background-repeat":"repeat","background-position":"center center","background-size":"auto","background-attachment":"scroll","background-type":"","background-media":"","overlay-type":"","overlay-color":"","overlay-opacity":"","overlay-gradient":""}},"ast-content-background-meta":{"desktop":{"background-color":"var(--ast-global-color-5)","background-image":"","background-repeat":"repeat","background-position":"center center","background-size":"auto","background-attachment":"scroll","background-type":"","background-media":"","overlay-type":"","overlay-color":"","overlay-opacity":"","overlay-gradient":""},"tablet":{"background-color":"var(--ast-global-color-5)","background-image":"","background-repeat":"repeat","background-position":"center center","background-size":"auto","background-attachment":"scroll","background-type":"","background-media":"","overlay-type":"","overlay-color":"","overlay-opacity":"","overlay-gradient":""},"mobile":{"background-color":"var(--ast-global-color-5)","background-image":"","background-repeat":"repeat","background-position":"center center","background-size":"auto","background-attachment":"scroll","background-type":"","background-media":"","overlay-type":"","overlay-color":"","overlay-opacity":"","overlay-gradient":""}}},"product_brand":[1213],"product_cat":[714],"product_tag":[1114,875,1113,1115],"class_list":{"0":"post-5196966","1":"product","2":"type-product","3":"status-publish","5":"product_brand-crivit","6":"product_cat-crivit-urban-ebike-x3y3-x-3-y-3","7":"product_tag-1114","8":"product_tag-875","9":"product_tag-1113","10":"product_tag-bda-21b","11":"desktop-align-left","12":"tablet-align-left","13":"mobile-align-left","14":"ast-product-gallery-layout-horizontal","15":"ast-product-gallery-with-no-image","17":"first","18":"instock","19":"taxable","20":"shipping-taxable","21":"purchasable","22":"product-type-simple"},"_links":{"self":[{"href":"https:\/\/lds-service.com\/hu\/wp-json\/wp\/v2\/product\/5196966","targetHints":{"allow":["GET"]}}],"collection":[{"href":"https:\/\/lds-service.com\/hu\/wp-json\/wp\/v2\/product"}],"about":[{"href":"https:\/\/lds-service.com\/hu\/wp-json\/wp\/v2\/types\/product"}],"version-history":[{"count":3,"href":"https:\/\/lds-service.com\/hu\/wp-json\/wp\/v2\/product\/5196966\/revisions"}],"predecessor-version":[{"id":5211806,"href":"https:\/\/lds-service.com\/hu\/wp-json\/wp\/v2\/product\/5196966\/revisions\/5211806"}],"wp:attachment":[{"href":"https:\/\/lds-service.com\/hu\/wp-json\/wp\/v2\/media?parent=5196966"}],"wp:term":[{"taxonomy":"product_brand","embeddable":true,"href":"https:\/\/lds-service.com\/hu\/wp-json\/wp\/v2\/product_brand?post=5196966"},{"taxonomy":"product_cat","embeddable":true,"href":"https:\/\/lds-service.com\/hu\/wp-json\/wp\/v2\/product_cat?post=5196966"},{"taxonomy":"product_tag","embeddable":true,"href":"https:\/\/lds-service.com\/hu\/wp-json\/wp\/v2\/product_tag?post=5196966"}],"curies":[{"name":"wp","href":"https:\/\/api.w.org\/{rel}","templated":true}]}}