{"id":5211274,"date":"2026-02-19T14:04:17","date_gmt":"2026-02-19T13:04:17","guid":{"rendered":"https:\/\/lds-service.com\/?post_type=product&#038;p=5211274"},"modified":"2026-02-19T14:09:57","modified_gmt":"2026-02-19T13:09:57","slug":"livarno-lounge-gruppe-stellfuesse-polyrattan-404459_273","status":"publish","type":"product","link":"https:\/\/lds-service.com\/hu\/product\/livarno-lounge-gruppe-stellfuesse-polyrattan-404459_273\/","title":{"rendered":"Livarno Lounge-Gruppe &#8211; Stellf\u00fc\u00dfe Polyrattan 404459_273"},"content":{"rendered":"<p>2022, Livarno home, Rattan, Lounge-Set, Stellf\u00fc\u00dfe, Ersatzteil, 404459<\/p>","protected":false},"excerpt":{"rendered":"<p>Lieferumfang: 1 Stellf\u00fc\u00dfe siehe BDA 12 als Ersatzteil<\/p>\n<p>Passend f\u00fcr Artikel IAN 404459<\/p>","protected":false},"featured_media":5211239,"template":"","meta":{"site-sidebar-layout":"default","site-content-layout":"","ast-site-content-layout":"default","site-content-style":"default","site-sidebar-style":"default","ast-global-header-display":"","ast-banner-title-visibility":"","ast-main-header-display":"","ast-hfb-above-header-display":"","ast-hfb-below-header-display":"","ast-hfb-mobile-header-display":"","site-post-title":"","ast-breadcrumbs-content":"","ast-featured-img":"","footer-sml-layout":"","theme-transparent-header-meta":"default","adv-header-id-meta":"","stick-header-meta":"default","header-above-stick-meta":"","header-main-stick-meta":"","header-below-stick-meta":"","astra-migrate-meta-layouts":"set","ast-page-background-enabled":"default","ast-page-background-meta":{"desktop":{"background-color":"","background-image":"","background-repeat":"repeat","background-position":"center center","background-size":"auto","background-attachment":"scroll","background-type":"","background-media":"","overlay-type":"","overlay-color":"","overlay-opacity":"","overlay-gradient":""},"tablet":{"background-color":"","background-image":"","background-repeat":"repeat","background-position":"center center","background-size":"auto","background-attachment":"scroll","background-type":"","background-media":"","overlay-type":"","overlay-color":"","overlay-opacity":"","overlay-gradient":""},"mobile":{"background-color":"","background-image":"","background-repeat":"repeat","background-position":"center center","background-size":"auto","background-attachment":"scroll","background-type":"","background-media":"","overlay-type":"","overlay-color":"","overlay-opacity":"","overlay-gradient":""}},"ast-content-background-meta":{"desktop":{"background-color":"var(--ast-global-color-5)","background-image":"","background-repeat":"repeat","background-position":"center center","background-size":"auto","background-attachment":"scroll","background-type":"","background-media":"","overlay-type":"","overlay-color":"","overlay-opacity":"","overlay-gradient":""},"tablet":{"background-color":"var(--ast-global-color-5)","background-image":"","background-repeat":"repeat","background-position":"center center","background-size":"auto","background-attachment":"scroll","background-type":"","background-media":"","overlay-type":"","overlay-color":"","overlay-opacity":"","overlay-gradient":""},"mobile":{"background-color":"var(--ast-global-color-5)","background-image":"","background-repeat":"repeat","background-position":"center center","background-size":"auto","background-attachment":"scroll","background-type":"","background-media":"","overlay-type":"","overlay-color":"","overlay-opacity":"","overlay-gradient":""}}},"product_brand":[],"product_cat":[154],"product_tag":[572,1187,430,1198,203,437,418,1180,435,1184,1182,1186,436,421],"class_list":{"0":"post-5211274","1":"product","2":"type-product","3":"status-publish","4":"has-post-thumbnail","6":"product_cat-lounge-sets","7":"product_tag-572","8":"product_tag-1187","9":"product_tag-bank","10":"product_tag-ean-4032611317273","11":"product_tag-ersatzteil","12":"product_tag-gartenbank","13":"product_tag-glasplatte","14":"product_tag-ian-404459","15":"product_tag-liege","16":"product_tag-livarno-home","17":"product_tag-loungeset-2","18":"product_tag-ottomane","19":"product_tag-sitzbank","20":"product_tag-tisch","21":"desktop-align-left","22":"tablet-align-left","23":"mobile-align-left","24":"ast-product-gallery-layout-horizontal","26":"first","27":"instock","28":"sold-individually","29":"taxable","30":"shipping-taxable","31":"purchasable","32":"product-type-simple"},"_links":{"self":[{"href":"https:\/\/lds-service.com\/hu\/wp-json\/wp\/v2\/product\/5211274","targetHints":{"allow":["GET"]}}],"collection":[{"href":"https:\/\/lds-service.com\/hu\/wp-json\/wp\/v2\/product"}],"about":[{"href":"https:\/\/lds-service.com\/hu\/wp-json\/wp\/v2\/types\/product"}],"version-history":[{"count":2,"href":"https:\/\/lds-service.com\/hu\/wp-json\/wp\/v2\/product\/5211274\/revisions"}],"predecessor-version":[{"id":5211276,"href":"https:\/\/lds-service.com\/hu\/wp-json\/wp\/v2\/product\/5211274\/revisions\/5211276"}],"wp:featuredmedia":[{"embeddable":true,"href":"https:\/\/lds-service.com\/hu\/wp-json\/wp\/v2\/media\/5211239"}],"wp:attachment":[{"href":"https:\/\/lds-service.com\/hu\/wp-json\/wp\/v2\/media?parent=5211274"}],"wp:term":[{"taxonomy":"product_brand","embeddable":true,"href":"https:\/\/lds-service.com\/hu\/wp-json\/wp\/v2\/product_brand?post=5211274"},{"taxonomy":"product_cat","embeddable":true,"href":"https:\/\/lds-service.com\/hu\/wp-json\/wp\/v2\/product_cat?post=5211274"},{"taxonomy":"product_tag","embeddable":true,"href":"https:\/\/lds-service.com\/hu\/wp-json\/wp\/v2\/product_tag?post=5211274"}],"curies":[{"name":"wp","href":"https:\/\/api.w.org\/{rel}","templated":true}]}}