{"id":5961,"date":"2023-07-26T11:12:33","date_gmt":"2023-07-26T09:12:33","guid":{"rendered":"https:\/\/yesvcan.de\/?post_type=product&#038;p=5961"},"modified":"2026-01-28T11:18:42","modified_gmt":"2026-01-28T10:18:42","slug":"teljes-arcvedo-sisak-plexi-603-atlatszo","status":"publish","type":"product","link":"https:\/\/lds-service.com\/hu\/product\/integralhelm-visier-603-klar\/","title":{"rendered":"Teljes arcv\u00e9d\u0151 sisakv\u00e9d\u0151 603 \u00e1tl\u00e1tsz\u00f3"},"content":{"rendered":"<p>IAN 41791, Lidl, Ersatzteil, Integralhelm, Visier, 603, Vcan, ian&#8217;s 260706, IAN 4010, IAN 41791, IAN 41792, IAN 41793, IAN 41794, max-603<\/p>","protected":false},"excerpt":{"rendered":"<p><span style=\"font-family: sans-serif; font-size: 12px; line-height: 1.3;\">ian 260706, IAN 4010,&nbsp;<\/span><span style=\"font-family: sans-serif; font-size: 12px; line-height: 1.3;\">IAN&nbsp;<\/span><span style=\"font-family: sans-serif; font-size: 12px; line-height: 1.3;\">41791,&nbsp;<\/span><span style=\"font-family: sans-serif; font-size: 12px; line-height: 1.3;\">IAN&nbsp;<\/span><span style=\"font-family: sans-serif; font-size: 12px; line-height: 1.3;\">41792,&nbsp;<\/span><span style=\"font-family: sans-serif; font-size: 12px; line-height: 1.3;\">IAN&nbsp;<\/span><span style=\"font-family: sans-serif; font-size: 12px; line-height: 1.3;\">41793,&nbsp;<\/span><span style=\"font-family: sans-serif; font-size: 12px; line-height: 1.3;\">IAN&nbsp;<\/span><span style=\"font-family: sans-serif; font-size: 12px; line-height: 1.3;\">41794, max-603<\/span><\/p>","protected":false},"featured_media":0,"template":"","meta":{"site-sidebar-layout":"default","site-content-layout":"","ast-site-content-layout":"default","site-content-style":"default","site-sidebar-style":"default","ast-global-header-display":"","ast-banner-title-visibility":"","ast-main-header-display":"","ast-hfb-above-header-display":"","ast-hfb-below-header-display":"","ast-hfb-mobile-header-display":"","site-post-title":"","ast-breadcrumbs-content":"","ast-featured-img":"","footer-sml-layout":"","theme-transparent-header-meta":"","adv-header-id-meta":"","stick-header-meta":"","header-above-stick-meta":"","header-main-stick-meta":"","header-below-stick-meta":"","astra-migrate-meta-layouts":"default","ast-page-background-enabled":"default","ast-page-background-meta":{"desktop":{"background-color":"","background-image":"","background-repeat":"repeat","background-position":"center center","background-size":"auto","background-attachment":"scroll","background-type":"","background-media":"","overlay-type":"","overlay-color":"","overlay-opacity":"","overlay-gradient":""},"tablet":{"background-color":"","background-image":"","background-repeat":"repeat","background-position":"center center","background-size":"auto","background-attachment":"scroll","background-type":"","background-media":"","overlay-type":"","overlay-color":"","overlay-opacity":"","overlay-gradient":""},"mobile":{"background-color":"","background-image":"","background-repeat":"repeat","background-position":"center center","background-size":"auto","background-attachment":"scroll","background-type":"","background-media":"","overlay-type":"","overlay-color":"","overlay-opacity":"","overlay-gradient":""}},"ast-content-background-meta":{"desktop":{"background-color":"var(--ast-global-color-5)","background-image":"","background-repeat":"repeat","background-position":"center center","background-size":"auto","background-attachment":"scroll","background-type":"","background-media":"","overlay-type":"","overlay-color":"","overlay-opacity":"","overlay-gradient":""},"tablet":{"background-color":"var(--ast-global-color-5)","background-image":"","background-repeat":"repeat","background-position":"center center","background-size":"auto","background-attachment":"scroll","background-type":"","background-media":"","overlay-type":"","overlay-color":"","overlay-opacity":"","overlay-gradient":""},"mobile":{"background-color":"var(--ast-global-color-5)","background-image":"","background-repeat":"repeat","background-position":"center center","background-size":"auto","background-attachment":"scroll","background-type":"","background-media":"","overlay-type":"","overlay-color":"","overlay-opacity":"","overlay-gradient":""}}},"product_brand":[],"product_cat":[141],"product_tag":[219,203,221,217,222,223,224,220,218,190,225,207,205],"class_list":{"0":"post-5961","1":"product","2":"type-product","3":"status-publish","5":"product_cat-motorradhelm","6":"product_tag-219","7":"product_tag-ersatzteil","8":"product_tag-ian-4010","9":"product_tag-ian-41791","10":"product_tag-ian-41792","11":"product_tag-ian-41793","12":"product_tag-ian-41794","13":"product_tag-ians-260706","14":"product_tag-integralhelm","15":"product_tag-lidl","16":"product_tag-max-603","17":"product_tag-vcan","18":"product_tag-visier","19":"desktop-align-left","20":"tablet-align-left","21":"mobile-align-left","22":"ast-product-gallery-layout-horizontal","23":"ast-product-gallery-with-no-image","25":"first","26":"instock","27":"taxable","28":"shipping-taxable","29":"purchasable","30":"product-type-simple"},"_links":{"self":[{"href":"https:\/\/lds-service.com\/hu\/wp-json\/wp\/v2\/product\/5961","targetHints":{"allow":["GET"]}}],"collection":[{"href":"https:\/\/lds-service.com\/hu\/wp-json\/wp\/v2\/product"}],"about":[{"href":"https:\/\/lds-service.com\/hu\/wp-json\/wp\/v2\/types\/product"}],"version-history":[{"count":1,"href":"https:\/\/lds-service.com\/hu\/wp-json\/wp\/v2\/product\/5961\/revisions"}],"predecessor-version":[{"id":5210079,"href":"https:\/\/lds-service.com\/hu\/wp-json\/wp\/v2\/product\/5961\/revisions\/5210079"}],"wp:attachment":[{"href":"https:\/\/lds-service.com\/hu\/wp-json\/wp\/v2\/media?parent=5961"}],"wp:term":[{"taxonomy":"product_brand","embeddable":true,"href":"https:\/\/lds-service.com\/hu\/wp-json\/wp\/v2\/product_brand?post=5961"},{"taxonomy":"product_cat","embeddable":true,"href":"https:\/\/lds-service.com\/hu\/wp-json\/wp\/v2\/product_cat?post=5961"},{"taxonomy":"product_tag","embeddable":true,"href":"https:\/\/lds-service.com\/hu\/wp-json\/wp\/v2\/product_tag?post=5961"}],"curies":[{"name":"wp","href":"https:\/\/api.w.org\/{rel}","templated":true}]}}