{"id":5981,"date":"2023-07-26T11:12:38","date_gmt":"2023-07-26T09:12:38","guid":{"rendered":"https:\/\/yesvcan.de\/?post_type=product&#038;p=5981"},"modified":"2025-08-29T10:46:18","modified_gmt":"2025-08-29T08:46:18","slug":"enyhen-szinezett-crivit-felhajthato-bukosisak-ds-multix301-302","status":"publish","type":"product","link":"https:\/\/lds-service.com\/hu\/product\/visier-leicht-getoent-crivit-klapphelm-ds-multix301-302\/","title":{"rendered":"VISOR enyh\u00e9n sz\u00ednezett - Crivit felhajthat\u00f3 sisak DS-MULTIX301\/302\/400"},"content":{"rendered":"","protected":false},"excerpt":{"rendered":"<p>Alkalmas a k\u00f6vetkez\u0151 Multi-X felhajthat\u00f3 sisakmodellekhez (l\u00e1sd az IAN-t), valamint az \u00f6sszes 2017-es, 2018-as, 2019-es, 2020-as, 2021-es, 2022-es, 2023-as modellhez:<\/p>\n<div>\n<div><span style=\"font-size: 11px;\">IAN sz\u00e1m 2012 -&gt;\u00a0<span style=\"line-height: normal; font-family: Arial,Helvetica,sans-serif; white-space: nowrap;\">69423.69424.69425.69426<\/span><\/span><br \/>\n<span style=\"font-size: 11px;\">IAN sz\u00e1m 2013 -&gt; <span style=\"line-height: normal; font-family: Arial,Helvetica,sans-serif; white-space: nowrap;\">78787.78788.78789.78790<\/span><\/span><\/div>\n<div>\n<div><span style=\"font-size: 11px;\">IAN-sz\u00e1m 2014 -&gt; 93696, 93693, 93694, 93695<\/span><\/div>\n<div>\n<div><span style=\"font-size: 11px;\">IAN-sz\u00e1m 2015 -&gt; 103798, 108514, 103796, 103797<br \/>\nIAN sz\u00e1m 2016 -&gt; 272277, 272278, 272279<\/span><\/div>\n<div><\/div>\n<div>Sz\u00e1ll\u00edt\u00e1si terjedelem: 1 szemellenz\u0151, enyh\u00e9n sz\u00ednezett<\/div>\n<\/div>\n<\/div>\n<\/div>\n<p>&nbsp;<\/p>","protected":false},"featured_media":0,"template":"","meta":{"site-sidebar-layout":"default","site-content-layout":"default","ast-site-content-layout":"default","site-content-style":"default","site-sidebar-style":"default","ast-global-header-display":"","ast-banner-title-visibility":"","ast-main-header-display":"","ast-hfb-above-header-display":"","ast-hfb-below-header-display":"","ast-hfb-mobile-header-display":"","site-post-title":"","ast-breadcrumbs-content":"","ast-featured-img":"","footer-sml-layout":"","theme-transparent-header-meta":"default","adv-header-id-meta":"","stick-header-meta":"default","header-above-stick-meta":"","header-main-stick-meta":"","header-below-stick-meta":"","astra-migrate-meta-layouts":"default","ast-page-background-enabled":"default","ast-page-background-meta":{"desktop":{"background-color":"","background-image":"","background-repeat":"repeat","background-position":"center center","background-size":"auto","background-attachment":"scroll","background-type":"","background-media":"","overlay-type":"","overlay-color":"","overlay-opacity":"","overlay-gradient":""},"tablet":{"background-color":"","background-image":"","background-repeat":"repeat","background-position":"center center","background-size":"auto","background-attachment":"scroll","background-type":"","background-media":"","overlay-type":"","overlay-color":"","overlay-opacity":"","overlay-gradient":""},"mobile":{"background-color":"","background-image":"","background-repeat":"repeat","background-position":"center center","background-size":"auto","background-attachment":"scroll","background-type":"","background-media":"","overlay-type":"","overlay-color":"","overlay-opacity":"","overlay-gradient":""}},"ast-content-background-meta":{"desktop":{"background-color":"var(--ast-global-color-5)","background-image":"","background-repeat":"repeat","background-position":"center center","background-size":"auto","background-attachment":"scroll","background-type":"","background-media":"","overlay-type":"","overlay-color":"","overlay-opacity":"","overlay-gradient":""},"tablet":{"background-color":"var(--ast-global-color-5)","background-image":"","background-repeat":"repeat","background-position":"center center","background-size":"auto","background-attachment":"scroll","background-type":"","background-media":"","overlay-type":"","overlay-color":"","overlay-opacity":"","overlay-gradient":""},"mobile":{"background-color":"var(--ast-global-color-5)","background-image":"","background-repeat":"repeat","background-position":"center center","background-size":"auto","background-attachment":"scroll","background-type":"","background-media":"","overlay-type":"","overlay-color":"","overlay-opacity":"","overlay-gradient":""}}},"product_brand":[],"product_cat":[141],"product_tag":[270,271,268,269,258,272,273,274,262,263,265,266,267,264,191,246,259,278,257,204,190,205],"class_list":{"0":"post-5981","1":"product","2":"type-product","3":"status-publish","5":"product_cat-motorradhelm","6":"product_tag-270","7":"product_tag-271","8":"product_tag-268","9":"product_tag-269","10":"product_tag-258","11":"product_tag-272","12":"product_tag-273","13":"product_tag-274","14":"product_tag-69423-69424-69425-69426","15":"product_tag-78787-78788-78789-78790","16":"product_tag-265","17":"product_tag-266","18":"product_tag-267","19":"product_tag-264","20":"product_tag-crivit","21":"product_tag-ds-multix301","22":"product_tag-ds-multix302","23":"product_tag-getoent","24":"product_tag-ian","25":"product_tag-klapphelm","26":"product_tag-lidl","27":"product_tag-visier","28":"desktop-align-left","29":"tablet-align-left","30":"mobile-align-left","31":"ast-product-gallery-layout-horizontal","32":"ast-product-gallery-with-no-image","34":"first","35":"outofstock","36":"taxable","37":"shipping-taxable","38":"purchasable","39":"product-type-simple"},"_links":{"self":[{"href":"https:\/\/lds-service.com\/hu\/wp-json\/wp\/v2\/product\/5981","targetHints":{"allow":["GET"]}}],"collection":[{"href":"https:\/\/lds-service.com\/hu\/wp-json\/wp\/v2\/product"}],"about":[{"href":"https:\/\/lds-service.com\/hu\/wp-json\/wp\/v2\/types\/product"}],"version-history":[{"count":1,"href":"https:\/\/lds-service.com\/hu\/wp-json\/wp\/v2\/product\/5981\/revisions"}],"predecessor-version":[{"id":5210070,"href":"https:\/\/lds-service.com\/hu\/wp-json\/wp\/v2\/product\/5981\/revisions\/5210070"}],"wp:attachment":[{"href":"https:\/\/lds-service.com\/hu\/wp-json\/wp\/v2\/media?parent=5981"}],"wp:term":[{"taxonomy":"product_brand","embeddable":true,"href":"https:\/\/lds-service.com\/hu\/wp-json\/wp\/v2\/product_brand?post=5981"},{"taxonomy":"product_cat","embeddable":true,"href":"https:\/\/lds-service.com\/hu\/wp-json\/wp\/v2\/product_cat?post=5981"},{"taxonomy":"product_tag","embeddable":true,"href":"https:\/\/lds-service.com\/hu\/wp-json\/wp\/v2\/product_tag?post=5981"}],"curies":[{"name":"wp","href":"https:\/\/api.w.org\/{rel}","templated":true}]}}