{"id":5983,"date":"2023-07-26T11:12:38","date_gmt":"2023-07-26T09:12:38","guid":{"rendered":"https:\/\/yesvcan.de\/?post_type=product&#038;p=5983"},"modified":"2025-07-28T07:46:17","modified_gmt":"2025-07-28T05:46:17","slug":"atlatszo-napellenzovel-ellatott-crivit-felhajthato-bukosisak-ds-multix400","status":"publish","type":"product","link":"https:\/\/lds-service.com\/hu\/product\/visier-klar-crivit-klapphelm-ds-multix400\/","title":{"rendered":"Crivit felhajthat\u00f3 sisakellenz\u0151 \u00e1tl\u00e1tsz\u00f3 MULTIX-400"},"content":{"rendered":"","protected":false},"excerpt":{"rendered":"<p>Az \u00faj Pinlock-kompatibilis napellenz\u0151k a MultiX400 sorozat Crivit felhajthat\u00f3 sisakjaihoz. Ebben a sorozatban minden napellenz\u0151 rendelkezik a megfelel\u0151 t\u0171kkel a Pinlock lencs\u00e9k elhelyez\u00e9s\u00e9hez. Ezek a napellenz\u0151k minden sisakm\u00e9rethez illeszkednek.<\/p>\n<p>Alkalmas a k\u00f6vetkez\u0151 felhajthat\u00f3 sisakokhoz:<br \/>\n<span style=\"font-size: 11px;\">278611 &#8211; 278612 &#8211;\u00a0278613 &#8211; 306776 &#8211; 306775 &#8211; 306777 &#8211; 292222 &#8211;\u00a0<\/span><span style=\"font-family: Arial, Verdana, Helvetica; font-size: 11px;\">292224 &#8211;\u00a0292223<\/span><\/p>\n<div>\n<p><span style=\"font-size: 11px;\">EAN 4032611221068<\/span><\/p>\n<div>Sz\u00e1ll\u00edt\u00e1si terjedelem: 1 db \u00e1tl\u00e1tsz\u00f3 napellenz\u0151<\/div>\n<div><\/div>\n<div>Ban,-ben <a href=\"http:\/\/www.lidl-service.com\/static\/302553822\/278611_DE.pdf\" data-link-type=\"external\" data-type=\"linkpicker\">haszn\u00e1lati utas\u00edt\u00e1s <\/a>Minden inform\u00e1ci\u00f3t megtal\u00e1l a Pinlock objekt\u00edv helyes behelyez\u00e9s\u00e9vel \u00e9s a lencse feszess\u00e9g\u00e9nek be\u00e1ll\u00edt\u00e1s\u00e1val kapcsolatban.<\/div>\n<\/div>\n<p>&nbsp;<\/p>","protected":false},"featured_media":6429,"template":"","meta":{"site-sidebar-layout":"default","site-content-layout":"default","ast-site-content-layout":"default","site-content-style":"default","site-sidebar-style":"default","ast-global-header-display":"","ast-banner-title-visibility":"","ast-main-header-display":"","ast-hfb-above-header-display":"","ast-hfb-below-header-display":"","ast-hfb-mobile-header-display":"","site-post-title":"","ast-breadcrumbs-content":"","ast-featured-img":"","footer-sml-layout":"","theme-transparent-header-meta":"default","adv-header-id-meta":"","stick-header-meta":"default","header-above-stick-meta":"","header-main-stick-meta":"","header-below-stick-meta":"","astra-migrate-meta-layouts":"default","ast-page-background-enabled":"default","ast-page-background-meta":{"desktop":{"background-color":"","background-image":"","background-repeat":"repeat","background-position":"center center","background-size":"auto","background-attachment":"scroll","background-type":"","background-media":"","overlay-type":"","overlay-color":"","overlay-opacity":"","overlay-gradient":""},"tablet":{"background-color":"","background-image":"","background-repeat":"repeat","background-position":"center center","background-size":"auto","background-attachment":"scroll","background-type":"","background-media":"","overlay-type":"","overlay-color":"","overlay-opacity":"","overlay-gradient":""},"mobile":{"background-color":"","background-image":"","background-repeat":"repeat","background-position":"center center","background-size":"auto","background-attachment":"scroll","background-type":"","background-media":"","overlay-type":"","overlay-color":"","overlay-opacity":"","overlay-gradient":""}},"ast-content-background-meta":{"desktop":{"background-color":"var(--ast-global-color-5)","background-image":"","background-repeat":"repeat","background-position":"center center","background-size":"auto","background-attachment":"scroll","background-type":"","background-media":"","overlay-type":"","overlay-color":"","overlay-opacity":"","overlay-gradient":""},"tablet":{"background-color":"var(--ast-global-color-5)","background-image":"","background-repeat":"repeat","background-position":"center center","background-size":"auto","background-attachment":"scroll","background-type":"","background-media":"","overlay-type":"","overlay-color":"","overlay-opacity":"","overlay-gradient":""},"mobile":{"background-color":"var(--ast-global-color-5)","background-image":"","background-repeat":"repeat","background-position":"center center","background-size":"auto","background-attachment":"scroll","background-type":"","background-media":"","overlay-type":"","overlay-color":"","overlay-opacity":"","overlay-gradient":""}}},"product_brand":[],"product_cat":[141],"product_tag":[280,291,292,293,284,286,285,282,281,283,290,191,288,287,243,257,204,261,190,289,205],"class_list":{"0":"post-5983","1":"product","2":"type-product","3":"status-publish","4":"has-post-thumbnail","6":"product_cat-motorradhelm","7":"product_tag-280","8":"product_tag-291","9":"product_tag-292","10":"product_tag-293","11":"product_tag-284","12":"product_tag-286","13":"product_tag-285","14":"product_tag-282","15":"product_tag-281","16":"product_tag-283","17":"product_tag-290","18":"product_tag-crivit","19":"product_tag-delta-sport","20":"product_tag-ds-multix400","21":"product_tag-ersatzvisier","22":"product_tag-ian","23":"product_tag-klapphelm","24":"product_tag-klar","25":"product_tag-lidl","26":"product_tag-pinlock","27":"product_tag-visier","28":"desktop-align-left","29":"tablet-align-left","30":"mobile-align-left","31":"ast-product-gallery-layout-horizontal","32":"ast-product-gallery-with-no-image","34":"first","35":"outofstock","36":"taxable","37":"shipping-taxable","38":"purchasable","39":"product-type-simple"},"_links":{"self":[{"href":"https:\/\/lds-service.com\/hu\/wp-json\/wp\/v2\/product\/5983","targetHints":{"allow":["GET"]}}],"collection":[{"href":"https:\/\/lds-service.com\/hu\/wp-json\/wp\/v2\/product"}],"about":[{"href":"https:\/\/lds-service.com\/hu\/wp-json\/wp\/v2\/types\/product"}],"version-history":[{"count":1,"href":"https:\/\/lds-service.com\/hu\/wp-json\/wp\/v2\/product\/5983\/revisions"}],"predecessor-version":[{"id":5210068,"href":"https:\/\/lds-service.com\/hu\/wp-json\/wp\/v2\/product\/5983\/revisions\/5210068"}],"wp:featuredmedia":[{"embeddable":true,"href":"https:\/\/lds-service.com\/hu\/wp-json\/wp\/v2\/media\/6429"}],"wp:attachment":[{"href":"https:\/\/lds-service.com\/hu\/wp-json\/wp\/v2\/media?parent=5983"}],"wp:term":[{"taxonomy":"product_brand","embeddable":true,"href":"https:\/\/lds-service.com\/hu\/wp-json\/wp\/v2\/product_brand?post=5983"},{"taxonomy":"product_cat","embeddable":true,"href":"https:\/\/lds-service.com\/hu\/wp-json\/wp\/v2\/product_cat?post=5983"},{"taxonomy":"product_tag","embeddable":true,"href":"https:\/\/lds-service.com\/hu\/wp-json\/wp\/v2\/product_tag?post=5983"}],"curies":[{"name":"wp","href":"https:\/\/api.w.org\/{rel}","templated":true}]}}