{"id":6063,"date":"2023-07-26T11:13:07","date_gmt":"2023-07-26T09:13:07","guid":{"rendered":"https:\/\/yesvcan.de\/?post_type=product&#038;p=6063"},"modified":"2025-06-05T15:05:46","modified_gmt":"2025-06-05T13:05:46","slug":"labtartok-2-reszes-jobb-bal-crivit-evezogep","status":"publish","type":"product","link":"https:\/\/lds-service.com\/hu\/product\/fuessstuetzen-2-teilig-rechts-links-crivit-rudergeraet\/","title":{"rendered":"L\u00e1btart\u00f3k Crivit v\u00edzi evez\u0151g\u00e9phez 458878, 2 r\u00e9szes, jobb\/bal"},"content":{"rendered":"<p>Ruderger\u00e4t, Ersatzteile, Crivit, Fu\u00dfst\u00fctze, rowing machine, 292988, 304119, 327387<\/p>","protected":false},"excerpt":{"rendered":"<p>Sz\u00e1ll\u00edt\u00e1si terjedelem: 1-1 l\u00e1btart\u00f3 balra \u00e9s jobbra, az IAN 458878 cikksz\u00e1m\u00fa term\u00e9khez illik<\/p>","protected":false},"featured_media":0,"template":"","meta":{"site-sidebar-layout":"default","site-content-layout":"","ast-site-content-layout":"default","site-content-style":"default","site-sidebar-style":"default","ast-global-header-display":"","ast-banner-title-visibility":"","ast-main-header-display":"","ast-hfb-above-header-display":"","ast-hfb-below-header-display":"","ast-hfb-mobile-header-display":"","site-post-title":"","ast-breadcrumbs-content":"","ast-featured-img":"","footer-sml-layout":"","theme-transparent-header-meta":"default","adv-header-id-meta":"","stick-header-meta":"default","header-above-stick-meta":"","header-main-stick-meta":"","header-below-stick-meta":"","astra-migrate-meta-layouts":"set","ast-page-background-enabled":"default","ast-page-background-meta":{"desktop":{"background-color":"","background-image":"","background-repeat":"repeat","background-position":"center center","background-size":"auto","background-attachment":"scroll","background-type":"","background-media":"","overlay-type":"","overlay-color":"","overlay-opacity":"","overlay-gradient":""},"tablet":{"background-color":"","background-image":"","background-repeat":"repeat","background-position":"center center","background-size":"auto","background-attachment":"scroll","background-type":"","background-media":"","overlay-type":"","overlay-color":"","overlay-opacity":"","overlay-gradient":""},"mobile":{"background-color":"","background-image":"","background-repeat":"repeat","background-position":"center center","background-size":"auto","background-attachment":"scroll","background-type":"","background-media":"","overlay-type":"","overlay-color":"","overlay-opacity":"","overlay-gradient":""}},"ast-content-background-meta":{"desktop":{"background-color":"var(--ast-global-color-5)","background-image":"","background-repeat":"repeat","background-position":"center center","background-size":"auto","background-attachment":"scroll","background-type":"","background-media":"","overlay-type":"","overlay-color":"","overlay-opacity":"","overlay-gradient":""},"tablet":{"background-color":"var(--ast-global-color-5)","background-image":"","background-repeat":"repeat","background-position":"center center","background-size":"auto","background-attachment":"scroll","background-type":"","background-media":"","overlay-type":"","overlay-color":"","overlay-opacity":"","overlay-gradient":""},"mobile":{"background-color":"var(--ast-global-color-5)","background-image":"","background-repeat":"repeat","background-position":"center center","background-size":"auto","background-attachment":"scroll","background-type":"","background-media":"","overlay-type":"","overlay-color":"","overlay-opacity":"","overlay-gradient":""}}},"product_brand":[],"product_cat":[732],"product_tag":[442,443,444,734,191,439,440,441,438],"class_list":{"0":"post-6063","1":"product","2":"type-product","3":"status-publish","5":"product_cat-wasser-rudergeraet","6":"product_tag-442","7":"product_tag-443","8":"product_tag-444","9":"product_tag-734","10":"product_tag-crivit","11":"product_tag-ersatzteile","12":"product_tag-fussstuetze","13":"product_tag-rowing-machine","14":"product_tag-rudergeraet","15":"desktop-align-left","16":"tablet-align-left","17":"mobile-align-left","18":"ast-product-gallery-layout-horizontal","20":"first","21":"instock","22":"taxable","23":"shipping-taxable","24":"purchasable","25":"product-type-simple"},"_links":{"self":[{"href":"https:\/\/lds-service.com\/hu\/wp-json\/wp\/v2\/product\/6063","targetHints":{"allow":["GET"]}}],"collection":[{"href":"https:\/\/lds-service.com\/hu\/wp-json\/wp\/v2\/product"}],"about":[{"href":"https:\/\/lds-service.com\/hu\/wp-json\/wp\/v2\/types\/product"}],"version-history":[{"count":0,"href":"https:\/\/lds-service.com\/hu\/wp-json\/wp\/v2\/product\/6063\/revisions"}],"wp:attachment":[{"href":"https:\/\/lds-service.com\/hu\/wp-json\/wp\/v2\/media?parent=6063"}],"wp:term":[{"taxonomy":"product_brand","embeddable":true,"href":"https:\/\/lds-service.com\/hu\/wp-json\/wp\/v2\/product_brand?post=6063"},{"taxonomy":"product_cat","embeddable":true,"href":"https:\/\/lds-service.com\/hu\/wp-json\/wp\/v2\/product_cat?post=6063"},{"taxonomy":"product_tag","embeddable":true,"href":"https:\/\/lds-service.com\/hu\/wp-json\/wp\/v2\/product_tag?post=6063"}],"curies":[{"name":"wp","href":"https:\/\/api.w.org\/{rel}","templated":true}]}}