{"id":6079,"date":"2023-07-26T11:13:11","date_gmt":"2023-07-26T09:13:11","guid":{"rendered":"https:\/\/yesvcan.de\/?post_type=product&#038;p=6079"},"modified":"2026-04-13T12:25:47","modified_gmt":"2026-04-13T10:25:47","slug":"10-db-crivit-nw-aszfalttalp","status":"publish","type":"product","link":"https:\/\/lds-service.com\/hu\/product\/10-x-crivit-nw-asphalt-pads\/","title":{"rendered":"Crivit Nordic Walking Sticks Pads - 10 db egy k\u00e9szletben"},"content":{"rendered":"","protected":false},"excerpt":{"rendered":"<p>A k\u00f6vetkez\u0151 IAN sz\u00e1mokhoz alkalmas: 292986 307011 326845<\/p>\n<p>Profilozott, \u00fct\u00e9scsillap\u00edt\u00f3 aszfalttalp a leg\u00fajabb gener\u00e1ci\u00f3s Crivit nordic walking botokhoz.<br \/>\nA p\u00e1rn\u00e1k cs\u00fasz\u00e1sg\u00e1tl\u00f3 TPR m\u0171anyagb\u00f3l k\u00e9sz\u00fcltek a f\u00e9mhegyek v\u00e9delme \u00e9rdek\u00e9ben, \u00e9s<br \/>\nrendelkezik a f\u00e9mhegynek megfelel\u0151 bem\u00e9lyed\u00e9ssel.<\/p>\n<ul>\n<li>Profilozott aszfalt al\u00e1t\u00e9tek nordic walking botokhoz, Crivit m\u00e1rka<\/li>\n<li>M\u00e9retek: H 53, nyithat\u00f3 p\u00e1lcatart\u00f3 k\u00fcls\u0151 24 mm x bels\u0151 10 mm<\/li>\n<li>Bel\u00fcl f\u00e9mgy\u0171r\u0171vel meger\u0151s\u00edtve<\/li>\n<li>S\u00faly 11 gramm p\u00e1rn\u00e1nk\u00e9nt<\/li>\n<\/ul>\n<p>Az FX Carbon nordic walking botokkal kapcsolatos tov\u00e1bbi inform\u00e1ci\u00f3k\u00e9rt l\u00e1sd a <a data-link-type=\"external\" data-type=\"linkpicker\" href=\"http:\/\/www.lidl-service.com\/static\/333933634\/282089_CH_DE_FR_IT.pdf\">haszn\u00e1lati utas\u00edt\u00e1s<\/a> a modelledr\u0151l.<\/p>","protected":false},"featured_media":6516,"template":"","meta":{"site-sidebar-layout":"default","site-content-layout":"default","ast-site-content-layout":"default","site-content-style":"default","site-sidebar-style":"default","ast-global-header-display":"","ast-banner-title-visibility":"","ast-main-header-display":"","ast-hfb-above-header-display":"","ast-hfb-below-header-display":"","ast-hfb-mobile-header-display":"","site-post-title":"","ast-breadcrumbs-content":"","ast-featured-img":"","footer-sml-layout":"","theme-transparent-header-meta":"default","adv-header-id-meta":"","stick-header-meta":"default","header-above-stick-meta":"","header-main-stick-meta":"","header-below-stick-meta":"","astra-migrate-meta-layouts":"default","ast-page-background-enabled":"default","ast-page-background-meta":{"desktop":{"background-color":"","background-image":"","background-repeat":"repeat","background-position":"center center","background-size":"auto","background-attachment":"scroll","background-type":"","background-media":"","overlay-type":"","overlay-color":"","overlay-opacity":"","overlay-gradient":""},"tablet":{"background-color":"","background-image":"","background-repeat":"repeat","background-position":"center center","background-size":"auto","background-attachment":"scroll","background-type":"","background-media":"","overlay-type":"","overlay-color":"","overlay-opacity":"","overlay-gradient":""},"mobile":{"background-color":"","background-image":"","background-repeat":"repeat","background-position":"center center","background-size":"auto","background-attachment":"scroll","background-type":"","background-media":"","overlay-type":"","overlay-color":"","overlay-opacity":"","overlay-gradient":""}},"ast-content-background-meta":{"desktop":{"background-color":"var(--ast-global-color-5)","background-image":"","background-repeat":"repeat","background-position":"center center","background-size":"auto","background-attachment":"scroll","background-type":"","background-media":"","overlay-type":"","overlay-color":"","overlay-opacity":"","overlay-gradient":""},"tablet":{"background-color":"var(--ast-global-color-5)","background-image":"","background-repeat":"repeat","background-position":"center center","background-size":"auto","background-attachment":"scroll","background-type":"","background-media":"","overlay-type":"","overlay-color":"","overlay-opacity":"","overlay-gradient":""},"mobile":{"background-color":"var(--ast-global-color-5)","background-image":"","background-repeat":"repeat","background-position":"center center","background-size":"auto","background-attachment":"scroll","background-type":"","background-media":"","overlay-type":"","overlay-color":"","overlay-opacity":"","overlay-gradient":""}}},"product_brand":[],"product_cat":[143],"product_tag":[433,432,482,484,483,447,191,481,190,480,448],"class_list":{"0":"post-6079","1":"product","2":"type-product","3":"status-publish","4":"has-post-thumbnail","6":"product_cat-trekking-und-nw-stoecke","7":"product_tag-433","8":"product_tag-432","9":"product_tag-482","10":"product_tag-484","11":"product_tag-483","12":"product_tag-asphalt-pads","13":"product_tag-crivit","14":"product_tag-fx-carbon-nordic-walking-stoecken","15":"product_tag-lidl","16":"product_tag-nordic-walking","17":"product_tag-pads","18":"desktop-align-left","19":"tablet-align-left","20":"mobile-align-left","21":"ast-product-gallery-layout-horizontal","22":"ast-product-gallery-with-no-image","24":"first","25":"instock","26":"taxable","27":"shipping-taxable","28":"purchasable","29":"product-type-simple"},"_links":{"self":[{"href":"https:\/\/lds-service.com\/hu\/wp-json\/wp\/v2\/product\/6079","targetHints":{"allow":["GET"]}}],"collection":[{"href":"https:\/\/lds-service.com\/hu\/wp-json\/wp\/v2\/product"}],"about":[{"href":"https:\/\/lds-service.com\/hu\/wp-json\/wp\/v2\/types\/product"}],"version-history":[{"count":0,"href":"https:\/\/lds-service.com\/hu\/wp-json\/wp\/v2\/product\/6079\/revisions"}],"wp:featuredmedia":[{"embeddable":true,"href":"https:\/\/lds-service.com\/hu\/wp-json\/wp\/v2\/media\/6516"}],"wp:attachment":[{"href":"https:\/\/lds-service.com\/hu\/wp-json\/wp\/v2\/media?parent=6079"}],"wp:term":[{"taxonomy":"product_brand","embeddable":true,"href":"https:\/\/lds-service.com\/hu\/wp-json\/wp\/v2\/product_brand?post=6079"},{"taxonomy":"product_cat","embeddable":true,"href":"https:\/\/lds-service.com\/hu\/wp-json\/wp\/v2\/product_cat?post=6079"},{"taxonomy":"product_tag","embeddable":true,"href":"https:\/\/lds-service.com\/hu\/wp-json\/wp\/v2\/product_tag?post=6079"}],"curies":[{"name":"wp","href":"https:\/\/api.w.org\/{rel}","templated":true}]}}