{"id":6115,"date":"2023-07-26T11:13:19","date_gmt":"2023-07-26T09:13:19","guid":{"rendered":"https:\/\/yesvcan.de\/?post_type=product&#038;p=6115"},"modified":"2025-08-21T21:14:10","modified_gmt":"2025-08-21T19:14:10","slug":"trampolin-abdeckung-wetterfest-bis-330-cm-reissfest-wetterschutzplane-618","status":"publish","type":"product","link":"https:\/\/lds-service.com\/hu\/product\/trampolin-abdeckung-wetterfest-bis-330-cm-reissfest-wetterschutzplane-618\/","title":{"rendered":"Trambulin takar\u00f3, id\u0151j\u00e1r\u00e1s\u00e1ll\u00f3, ak\u00e1r 330 cm-ig | szakad\u00e1s\u00e1ll\u00f3 id\u0151j\u00e1r\u00e1s\u00e1ll\u00f3 ponyva -618"},"content":{"rendered":"<p>360625, Crivit, Garten-Trampolin, Garten, Trampolin, Gartentrampolin, Wetterschutz, Winterschutz, Lidl, 305 330, plane, schutzplane, abdeckung<\/p>","protected":false},"excerpt":{"rendered":"<p>Sz\u00e1ll\u00edt\u00e1si terjedelem: 1 db id\u0151j\u00e1r\u00e1s\u00e1ll\u00f3 t\u00e9li v\u00e9d\u0151k\u00e9szlet<br \/>\n1 x ponyva r\u00f6gz\u00edt\u0151kamp\u00f3kkal<br \/>\n4x fesz\u00edt\u0151k\u00f6t\u00e9l<br \/>\n4x viharc\u00f6vek<\/p>\n<p>Alkalmas a Crivit kerti trambulinhoz (IAN 360625) \u00e9s minden olyan kerti trambulinhoz, amelynek van egy <font size=\"2\">kb. \u00f8 330 cm.<\/font><\/p>","protected":false},"featured_media":0,"template":"","meta":{"site-sidebar-layout":"default","site-content-layout":"","ast-site-content-layout":"default","site-content-style":"default","site-sidebar-style":"default","ast-global-header-display":"","ast-banner-title-visibility":"","ast-main-header-display":"","ast-hfb-above-header-display":"","ast-hfb-below-header-display":"","ast-hfb-mobile-header-display":"","site-post-title":"","ast-breadcrumbs-content":"","ast-featured-img":"","footer-sml-layout":"","theme-transparent-header-meta":"","adv-header-id-meta":"","stick-header-meta":"","header-above-stick-meta":"","header-main-stick-meta":"","header-below-stick-meta":"","astra-migrate-meta-layouts":"default","ast-page-background-enabled":"default","ast-page-background-meta":{"desktop":{"background-color":"","background-image":"","background-repeat":"repeat","background-position":"center center","background-size":"auto","background-attachment":"scroll","background-type":"","background-media":"","overlay-type":"","overlay-color":"","overlay-opacity":"","overlay-gradient":""},"tablet":{"background-color":"","background-image":"","background-repeat":"repeat","background-position":"center center","background-size":"auto","background-attachment":"scroll","background-type":"","background-media":"","overlay-type":"","overlay-color":"","overlay-opacity":"","overlay-gradient":""},"mobile":{"background-color":"","background-image":"","background-repeat":"repeat","background-position":"center center","background-size":"auto","background-attachment":"scroll","background-type":"","background-media":"","overlay-type":"","overlay-color":"","overlay-opacity":"","overlay-gradient":""}},"ast-content-background-meta":{"desktop":{"background-color":"var(--ast-global-color-5)","background-image":"","background-repeat":"repeat","background-position":"center center","background-size":"auto","background-attachment":"scroll","background-type":"","background-media":"","overlay-type":"","overlay-color":"","overlay-opacity":"","overlay-gradient":""},"tablet":{"background-color":"var(--ast-global-color-5)","background-image":"","background-repeat":"repeat","background-position":"center center","background-size":"auto","background-attachment":"scroll","background-type":"","background-media":"","overlay-type":"","overlay-color":"","overlay-opacity":"","overlay-gradient":""},"mobile":{"background-color":"var(--ast-global-color-5)","background-image":"","background-repeat":"repeat","background-position":"center center","background-size":"auto","background-attachment":"scroll","background-type":"","background-media":"","overlay-type":"","overlay-color":"","overlay-opacity":"","overlay-gradient":""}}},"product_brand":[],"product_cat":[146],"product_tag":[545,523,548,191,525,524,466,190,546,547,467,543,544],"class_list":{"0":"post-6115","1":"product","2":"type-product","3":"status-publish","5":"product_cat-gartentrampolin","6":"product_tag-305-330","7":"product_tag-523","8":"product_tag-abdeckung","9":"product_tag-crivit","10":"product_tag-garten","11":"product_tag-garten-trampolin","12":"product_tag-gartentrampolin","13":"product_tag-lidl","14":"product_tag-plane","15":"product_tag-schutzplane","16":"product_tag-trampolin","17":"product_tag-wetterschutz","18":"product_tag-winterschutz","19":"desktop-align-left","20":"tablet-align-left","21":"mobile-align-left","22":"ast-product-gallery-layout-horizontal","23":"ast-product-gallery-with-no-image","25":"first","26":"instock","27":"taxable","28":"shipping-taxable","29":"purchasable","30":"product-type-simple"},"_links":{"self":[{"href":"https:\/\/lds-service.com\/hu\/wp-json\/wp\/v2\/product\/6115","targetHints":{"allow":["GET"]}}],"collection":[{"href":"https:\/\/lds-service.com\/hu\/wp-json\/wp\/v2\/product"}],"about":[{"href":"https:\/\/lds-service.com\/hu\/wp-json\/wp\/v2\/types\/product"}],"version-history":[{"count":0,"href":"https:\/\/lds-service.com\/hu\/wp-json\/wp\/v2\/product\/6115\/revisions"}],"wp:attachment":[{"href":"https:\/\/lds-service.com\/hu\/wp-json\/wp\/v2\/media?parent=6115"}],"wp:term":[{"taxonomy":"product_brand","embeddable":true,"href":"https:\/\/lds-service.com\/hu\/wp-json\/wp\/v2\/product_brand?post=6115"},{"taxonomy":"product_cat","embeddable":true,"href":"https:\/\/lds-service.com\/hu\/wp-json\/wp\/v2\/product_cat?post=6115"},{"taxonomy":"product_tag","embeddable":true,"href":"https:\/\/lds-service.com\/hu\/wp-json\/wp\/v2\/product_tag?post=6115"}],"curies":[{"name":"wp","href":"https:\/\/api.w.org\/{rel}","templated":true}]}}