{"id":6139,"date":"2023-07-26T11:13:26","date_gmt":"2023-07-26T09:13:26","guid":{"rendered":"https:\/\/yesvcan.de\/?post_type=product&#038;p=6139"},"modified":"2026-03-03T16:36:08","modified_gmt":"2026-03-03T15:36:08","slug":"crivit-kerti-trambulin-244-cm-275-vazvedovel-roegzitopanttal","status":"publish","type":"product","link":"https:\/\/lds-service.com\/hu\/product\/rahmenschutz-mit-befestigungsband-crivit-garten-trampolin-244-cm-275\/","title":{"rendered":"V\u00e1zv\u00e9delem r\u00f6gz\u00edt\u0151p\u00e1nttal | Crivit kerti trambulin (244 cm) -275"},"content":{"rendered":"<p>356343, Crivit, Garten-Trampolin, Garten, Trampolin, Gartentrampolin, Rahmenschutz, Rahmenpolster<\/p>","protected":false},"excerpt":{"rendered":"<p>Sz\u00e1ll\u00edt\u00e1si terjedelem: 1 db v\u00e1zv\u00e9d\u0151 6 db p\u00e1nttal a v\u00e1zv\u00e9d\u0151 alapkerethez val\u00f3 r\u00f6gz\u00edt\u00e9s\u00e9hez \u00e9s 6 db p\u00e1nttal a v\u00e1zv\u00e9d\u0151 ugr\u00f3sz\u0151nyeg r\u00f6gz\u00edt\u0151f\u00fcleihez val\u00f3 r\u00f6gz\u00edt\u00e9s\u00e9hez (l\u00e1sd 8 + 8a + 8b)<\/p>\n<p>Alkalmas a Crivit kerti trambulinhoz (IAN 356343)&nbsp;<\/p>\n<p>&nbsp;<\/p>\n<p>&nbsp;<\/p>","protected":false},"featured_media":0,"template":"","meta":{"site-sidebar-layout":"default","site-content-layout":"","ast-site-content-layout":"default","site-content-style":"default","site-sidebar-style":"default","ast-global-header-display":"","ast-banner-title-visibility":"","ast-main-header-display":"","ast-hfb-above-header-display":"","ast-hfb-below-header-display":"","ast-hfb-mobile-header-display":"","site-post-title":"","ast-breadcrumbs-content":"","ast-featured-img":"","footer-sml-layout":"","theme-transparent-header-meta":"","adv-header-id-meta":"","stick-header-meta":"","header-above-stick-meta":"","header-main-stick-meta":"","header-below-stick-meta":"","astra-migrate-meta-layouts":"default","ast-page-background-enabled":"default","ast-page-background-meta":{"desktop":{"background-color":"","background-image":"","background-repeat":"repeat","background-position":"center center","background-size":"auto","background-attachment":"scroll","background-type":"","background-media":"","overlay-type":"","overlay-color":"","overlay-opacity":"","overlay-gradient":""},"tablet":{"background-color":"","background-image":"","background-repeat":"repeat","background-position":"center center","background-size":"auto","background-attachment":"scroll","background-type":"","background-media":"","overlay-type":"","overlay-color":"","overlay-opacity":"","overlay-gradient":""},"mobile":{"background-color":"","background-image":"","background-repeat":"repeat","background-position":"center center","background-size":"auto","background-attachment":"scroll","background-type":"","background-media":"","overlay-type":"","overlay-color":"","overlay-opacity":"","overlay-gradient":""}},"ast-content-background-meta":{"desktop":{"background-color":"var(--ast-global-color-5)","background-image":"","background-repeat":"repeat","background-position":"center center","background-size":"auto","background-attachment":"scroll","background-type":"","background-media":"","overlay-type":"","overlay-color":"","overlay-opacity":"","overlay-gradient":""},"tablet":{"background-color":"var(--ast-global-color-5)","background-image":"","background-repeat":"repeat","background-position":"center center","background-size":"auto","background-attachment":"scroll","background-type":"","background-media":"","overlay-type":"","overlay-color":"","overlay-opacity":"","overlay-gradient":""},"mobile":{"background-color":"var(--ast-global-color-5)","background-image":"","background-repeat":"repeat","background-position":"center center","background-size":"auto","background-attachment":"scroll","background-type":"","background-media":"","overlay-type":"","overlay-color":"","overlay-opacity":"","overlay-gradient":""}}},"product_brand":[],"product_cat":[146],"product_tag":[558,191,525,524,466,531,530,467],"class_list":{"0":"post-6139","1":"product","2":"type-product","3":"status-publish","5":"product_cat-gartentrampolin","6":"product_tag-558","7":"product_tag-crivit","8":"product_tag-garten","9":"product_tag-garten-trampolin","10":"product_tag-gartentrampolin","11":"product_tag-rahmenpolster","12":"product_tag-rahmenschutz","13":"product_tag-trampolin","14":"desktop-align-left","15":"tablet-align-left","16":"mobile-align-left","17":"ast-product-gallery-layout-horizontal","18":"ast-product-gallery-with-no-image","20":"first","21":"instock","22":"taxable","23":"shipping-taxable","24":"purchasable","25":"product-type-simple"},"_links":{"self":[{"href":"https:\/\/lds-service.com\/hu\/wp-json\/wp\/v2\/product\/6139","targetHints":{"allow":["GET"]}}],"collection":[{"href":"https:\/\/lds-service.com\/hu\/wp-json\/wp\/v2\/product"}],"about":[{"href":"https:\/\/lds-service.com\/hu\/wp-json\/wp\/v2\/types\/product"}],"version-history":[{"count":0,"href":"https:\/\/lds-service.com\/hu\/wp-json\/wp\/v2\/product\/6139\/revisions"}],"wp:attachment":[{"href":"https:\/\/lds-service.com\/hu\/wp-json\/wp\/v2\/media?parent=6139"}],"wp:term":[{"taxonomy":"product_brand","embeddable":true,"href":"https:\/\/lds-service.com\/hu\/wp-json\/wp\/v2\/product_brand?post=6139"},{"taxonomy":"product_cat","embeddable":true,"href":"https:\/\/lds-service.com\/hu\/wp-json\/wp\/v2\/product_cat?post=6139"},{"taxonomy":"product_tag","embeddable":true,"href":"https:\/\/lds-service.com\/hu\/wp-json\/wp\/v2\/product_tag?post=6139"}],"curies":[{"name":"wp","href":"https:\/\/api.w.org\/{rel}","templated":true}]}}