{"id":6149,"date":"2023-07-26T11:13:28","date_gmt":"2023-07-26T09:13:28","guid":{"rendered":"https:\/\/yesvcan.de\/?post_type=product&#038;p=6149"},"modified":"2025-09-01T08:56:02","modified_gmt":"2025-09-01T06:56:02","slug":"inliner-rollen-pink-weiss-4-er-set-spacer-lager-inline-skates-72-mm","status":"publish","type":"product","link":"https:\/\/lds-service.com\/hu\/product\/inliner-rollen-pink-weiss-4-er-set-spacer-lager-inline-skates-72-mm\/","title":{"rendered":"Crivit Inliner Rollen Pink Weiss 72 mm Set (4x)"},"content":{"rendered":"","protected":false},"excerpt":{"rendered":"<p style=\"line-height: 15.4px; resize: none; margin: 0px 0px 6px; font-family: Arial, Verdana, Helvetica; font-size: 11px;\"><strong><span style=\"font-size: 12px;\"><span style=\"font-family: arial, verdana, helvetica;\">Sz\u00e1ll\u00edt\u00e1si terjedelem: 4 db Speed Inliner ker\u00e9k haszn\u00e1latra k\u00e9szen \u00f6sszeszerelve<\/span><\/span><\/strong><\/p>\n<ul>\n<li><span style=\"font-size: 12px;\"><span style=\"font-family: arial,verdana,helvetica;\">4x magas visszapattan\u00f3 kerekek (80 mm \/ 82A) t\u00e1vtart\u00f3kkal \u00e9s goly\u00f3scsap\u00e1gyakkal<\/span><\/span><\/li>\n<li><span style=\"font-size: 12px;\"><span style=\"font-family: arial,verdana,helvetica;\"><span style=\"font-size: 12px;\"><span style=\"font-family: arial,verdana,helvetica;\"><span style=\"color: #333333;\">goly\u00f3scsap\u00e1gy DIN 608 ZZ, <\/span>ABEC 7<span style=\"color: #333333;\">, miniat\u0171r csap\u00e1gyak nagy sebess\u00e9gekhez, 8x22x7 mm<\/span><\/span><\/span><\/span><\/span><\/li>\n<li><span style=\"font-size: 12px;\"><span style=\"font-family: arial,verdana,helvetica;\"><span style=\"font-size: 12px;\"><span style=\"font-family: arial,verdana,helvetica;\"><span style=\"color: #333333;\"><span style=\"font-size: 12px;\"><span style=\"font-family: arial,verdana,helvetica;\"><span style=\"color: #333333;\">A tengelyre szerelhet\u0151 t\u00e1vtart\u00f3k bels\u0151 m\u00e9retei 6 mm<\/span><\/span><\/span><\/span><\/span><\/span><\/span><\/span><\/li>\n<li><span style=\"font-size: 12px;\"><span style=\"font-family: arial,verdana,helvetica;\"><span style=\"font-size: 12px;\"><span style=\"font-family: arial,verdana,helvetica;\"><span style=\"color: #333333;\"><span style=\"font-size: 12px;\"><span style=\"font-family: arial,verdana,helvetica;\"><span style=\"color: #333333;\"><span style=\"font-size: 12px;\"><span style=\"font-family: arial,verdana,helvetica;\"><span style=\"color: #333333;\">Ker\u00e9k anyaga: PU nagy sebess\u00e9g\u0171 kerekek nagyon j\u00f3 tapad\u00e1s\u00fa<\/span><\/span><\/span><\/span><\/span><\/span><\/span><\/span><\/span><\/span><\/span><\/li>\n<li><span style=\"font-size: 12px;\"><span style=\"font-family: arial,verdana,helvetica;\"><span style=\"font-size: 12px;\"><span style=\"font-family: arial,verdana,helvetica;\"><span style=\"color: #333333;\"><span style=\"font-size: 12px;\"><span style=\"font-family: arial,verdana,helvetica;\"><span style=\"color: #333333;\"><span style=\"font-size: 12px;\"><span style=\"font-family: arial,verdana,helvetica;\"><span style=\"color: #333333;\"><span style=\"font-size: 12px;\"><span style=\"font-family: arial,verdana,helvetica;\"><span style=\"color: #333333;\">Tekercs kialak\u00edt\u00e1sa: feh\u00e9r sz\u00edn\u0171, a k\u00e9pen l\u00e1that\u00f3 alkalmaz\u00e1ssal<\/span><\/span><\/span><\/span><\/span><\/span><\/span><\/span><\/span><\/span><\/span><\/span><\/span><\/span><\/li>\n<li><span style=\"font-size: 12px;\"><span style=\"font-family: arial,verdana,helvetica;\"><span style=\"font-size: 12px;\"><span style=\"font-family: arial,verdana,helvetica;\"><span style=\"color: #333333;\"><span style=\"font-size: 12px;\"><span style=\"font-family: arial,verdana,helvetica;\"><span style=\"color: #333333;\"><span style=\"font-size: 12px;\"><span style=\"font-family: arial,verdana,helvetica;\"><span style=\"color: #333333;\"><span style=\"font-size: 12px;\"><span style=\"font-family: arial,verdana,helvetica;\"><span style=\"color: #333333;\"><span style=\"font-size: 12px;\"><span style=\"font-family: arial,verdana,helvetica;\"><span style=\"color: #333333;\">Tekercs sz\u00e9less\u00e9ge 21 mm<\/span><\/span><\/span><\/span><\/span><\/span><\/span><\/span><\/span><\/span><\/span><\/span><\/span><\/span><\/span><\/span><\/span><\/li>\n<li><span style=\"font-size: 12px;\"><span style=\"font-family: arial,verdana,helvetica;\"><span style=\"font-size: 12px;\"><span style=\"font-family: arial,verdana,helvetica;\"><span style=\"color: #333333;\"><span style=\"font-size: 12px;\"><span style=\"font-family: arial,verdana,helvetica;\"><span style=\"color: #333333;\"><span style=\"font-size: 12px;\"><span style=\"font-family: arial,verdana,helvetica;\"><span style=\"color: #333333;\"><span style=\"font-size: 12px;\"><span style=\"font-family: arial,verdana,helvetica;\"><span style=\"color: #333333;\"><span style=\"font-size: 12px;\"><span style=\"font-family: arial,verdana,helvetica;\"><span style=\"color: #333333;\"><span style=\"font-size: 12px;\"><span style=\"font-family: arial,verdana,helvetica;\"><span style=\"color: #333333;\">A k\u00e9t goly\u00f3scsap\u00e1gy k\u00f6z\u00f6tti t\u00e1vols\u00e1g 24 mm-en k\u00edv\u00fcl, az alv\u00e1zba t\u00f6rt\u00e9n\u0151 beszerel\u00e9shez<\/span><\/span><\/span><\/span><\/span><\/span><\/span><\/span><\/span><\/span><\/span><\/span><\/span><\/span><\/span><\/span><\/span><\/span><\/span><\/span><\/li>\n<\/ul>","protected":false},"featured_media":6337,"template":"","meta":{"site-sidebar-layout":"default","site-content-layout":"default","ast-site-content-layout":"default","site-content-style":"default","site-sidebar-style":"default","ast-global-header-display":"","ast-banner-title-visibility":"","ast-main-header-display":"","ast-hfb-above-header-display":"","ast-hfb-below-header-display":"","ast-hfb-mobile-header-display":"","site-post-title":"","ast-breadcrumbs-content":"","ast-featured-img":"","footer-sml-layout":"","theme-transparent-header-meta":"default","adv-header-id-meta":"","stick-header-meta":"default","header-above-stick-meta":"","header-main-stick-meta":"","header-below-stick-meta":"","astra-migrate-meta-layouts":"default","ast-page-background-enabled":"default","ast-page-background-meta":{"desktop":{"background-color":"","background-image":"","background-repeat":"repeat","background-position":"center center","background-size":"auto","background-attachment":"scroll","background-type":"","background-media":"","overlay-type":"","overlay-color":"","overlay-opacity":"","overlay-gradient":""},"tablet":{"background-color":"","background-image":"","background-repeat":"repeat","background-position":"center center","background-size":"auto","background-attachment":"scroll","background-type":"","background-media":"","overlay-type":"","overlay-color":"","overlay-opacity":"","overlay-gradient":""},"mobile":{"background-color":"","background-image":"","background-repeat":"repeat","background-position":"center center","background-size":"auto","background-attachment":"scroll","background-type":"","background-media":"","overlay-type":"","overlay-color":"","overlay-opacity":"","overlay-gradient":""}},"ast-content-background-meta":{"desktop":{"background-color":"var(--ast-global-color-5)","background-image":"","background-repeat":"repeat","background-position":"center center","background-size":"auto","background-attachment":"scroll","background-type":"","background-media":"","overlay-type":"","overlay-color":"","overlay-opacity":"","overlay-gradient":""},"tablet":{"background-color":"var(--ast-global-color-5)","background-image":"","background-repeat":"repeat","background-position":"center center","background-size":"auto","background-attachment":"scroll","background-type":"","background-media":"","overlay-type":"","overlay-color":"","overlay-opacity":"","overlay-gradient":""},"mobile":{"background-color":"var(--ast-global-color-5)","background-image":"","background-repeat":"repeat","background-position":"center center","background-size":"auto","background-attachment":"scroll","background-type":"","background-media":"","overlay-type":"","overlay-color":"","overlay-opacity":"","overlay-gradient":""}}},"product_brand":[],"product_cat":[139],"product_tag":[199,191,196,193,194,190,197,195,192],"class_list":{"0":"post-6149","1":"product","2":"type-product","3":"status-publish","4":"has-post-thumbnail","6":"product_cat-alle-ersatzteile-rund-um-inline-skates-rollschuhe-und-roller-bremsstopper-radlager-rollen-uvm","7":"product_tag-72-mm","8":"product_tag-crivit","9":"product_tag-ersatzrollen","10":"product_tag-inline-skates","11":"product_tag-inliner","12":"product_tag-lidl","13":"product_tag-pu","14":"product_tag-softboot","15":"product_tag-speed","16":"product_shipping_class-dhl-paket-national","17":"desktop-align-left","18":"tablet-align-left","19":"mobile-align-left","20":"ast-product-gallery-layout-horizontal","22":"first","23":"instock","24":"taxable","25":"shipping-taxable","26":"purchasable","27":"product-type-simple"},"_links":{"self":[{"href":"https:\/\/lds-service.com\/hu\/wp-json\/wp\/v2\/product\/6149","targetHints":{"allow":["GET"]}}],"collection":[{"href":"https:\/\/lds-service.com\/hu\/wp-json\/wp\/v2\/product"}],"about":[{"href":"https:\/\/lds-service.com\/hu\/wp-json\/wp\/v2\/types\/product"}],"version-history":[{"count":1,"href":"https:\/\/lds-service.com\/hu\/wp-json\/wp\/v2\/product\/6149\/revisions"}],"predecessor-version":[{"id":5210459,"href":"https:\/\/lds-service.com\/hu\/wp-json\/wp\/v2\/product\/6149\/revisions\/5210459"}],"wp:featuredmedia":[{"embeddable":true,"href":"https:\/\/lds-service.com\/hu\/wp-json\/wp\/v2\/media\/6337"}],"wp:attachment":[{"href":"https:\/\/lds-service.com\/hu\/wp-json\/wp\/v2\/media?parent=6149"}],"wp:term":[{"taxonomy":"product_brand","embeddable":true,"href":"https:\/\/lds-service.com\/hu\/wp-json\/wp\/v2\/product_brand?post=6149"},{"taxonomy":"product_cat","embeddable":true,"href":"https:\/\/lds-service.com\/hu\/wp-json\/wp\/v2\/product_cat?post=6149"},{"taxonomy":"product_tag","embeddable":true,"href":"https:\/\/lds-service.com\/hu\/wp-json\/wp\/v2\/product_tag?post=6149"}],"curies":[{"name":"wp","href":"https:\/\/api.w.org\/{rel}","templated":true}]}}