{"id":5989,"date":"2023-07-26T11:12:39","date_gmt":"2023-07-26T09:12:39","guid":{"rendered":"https:\/\/yesvcan.de\/?post_type=product&#038;p=5989"},"modified":"2025-09-27T11:55:41","modified_gmt":"2025-09-27T09:55:41","slug":"velosipeda-stiprinajuma-skava-001","status":"publish","type":"product","link":"https:\/\/lds-service.com\/lv\/product\/fahrradhalterung-klemme-001\/","title":{"rendered":"Velosip\u0113da stiprin\u0101juma skava 001"},"content":{"rendered":"<p>368781, 389176, 326459, 292230, 277689, 379767, 307559, 103921, 270381, 497961, powerfix,crivit,lidl<\/p>","protected":false},"excerpt":{"rendered":"<p>R\u0101mja skava k\u0101 rezerves da\u013ca Crivit un Powerfix mont\u0101\u017eas stat\u012bviem, kr\u0101su aizsarg\u0101jo\u0161a \u0101tr\u0101s atbr\u012bvo\u0161anas skava ar pretsl\u012bdes profilu, velosip\u0113da stiprin\u0101jums pagrie\u017eams par 360\u00b0<\/p>\n<p>Pieg\u0101des komplekts: 1x velosip\u0113da stiprin\u0101jums, ieskaitot mont\u0101\u017eas cauruli (kop\u0113jais garums 35 cm), k\u0101 par\u0101d\u012bts att\u0113l\u0101 = detaliz\u0113t\u0101 ras\u0113juma 1. da\u013ca<\/p>\n<ul>\n<li><span style=\"font-size:10px;\"><font color=\"#000000\">Skava visiem izplat\u012bt\u0101kajiem r\u0101mju diametriem no apm. 25\u201355 mm<\/font><\/span><\/li>\n<li><span style=\"font-size:10px;\"><font face=\"Arial\">Vienk\u0101r\u0161a piespie\u0161ana un aizv\u0113r\u0161ana ar met\u0101la \u0101tr\u0101s atbr\u012bvo\u0161anas sviru<\/font><\/span><\/li>\n<li><span style=\"font-size:10px;\"><font face=\"Arial\">Platuma regul\u0113\u0161ana ar sp\u0101rnskr\u016bvi uzst\u0101d\u012b\u0161anai bez instrumentiem<\/font><\/span><\/li>\n<li><span style=\"font-size:10px;\"><font face=\"Arial\">Mont\u0101\u017eas caurule ar garumu 21 cm un diametru 34,8 mm, kop\u0113jais konstrukcijas garums 35 cm<\/font><\/span><\/li>\n<li><span style=\"font-size:10px;\"><font face=\"Arial\">M\u0113s pieg\u0101d\u0101jam atsevi\u0161\u0137as deta\u013cas k\u0101 rezerves da\u013cas, piln\u012bgi jaunas, br\u012bvi iepakotas<\/font><\/span><\/li>\n<\/ul>","protected":false},"featured_media":0,"template":"","meta":{"site-sidebar-layout":"default","site-content-layout":"","ast-site-content-layout":"default","site-content-style":"default","site-sidebar-style":"default","ast-global-header-display":"","ast-banner-title-visibility":"","ast-main-header-display":"","ast-hfb-above-header-display":"","ast-hfb-below-header-display":"","ast-hfb-mobile-header-display":"","site-post-title":"","ast-breadcrumbs-content":"","ast-featured-img":"","footer-sml-layout":"","theme-transparent-header-meta":"","adv-header-id-meta":"","stick-header-meta":"","header-above-stick-meta":"","header-main-stick-meta":"","header-below-stick-meta":"","astra-migrate-meta-layouts":"default","ast-page-background-enabled":"default","ast-page-background-meta":{"desktop":{"background-color":"","background-image":"","background-repeat":"repeat","background-position":"center center","background-size":"auto","background-attachment":"scroll","background-type":"","background-media":"","overlay-type":"","overlay-color":"","overlay-opacity":"","overlay-gradient":""},"tablet":{"background-color":"","background-image":"","background-repeat":"repeat","background-position":"center center","background-size":"auto","background-attachment":"scroll","background-type":"","background-media":"","overlay-type":"","overlay-color":"","overlay-opacity":"","overlay-gradient":""},"mobile":{"background-color":"","background-image":"","background-repeat":"repeat","background-position":"center center","background-size":"auto","background-attachment":"scroll","background-type":"","background-media":"","overlay-type":"","overlay-color":"","overlay-opacity":"","overlay-gradient":""}},"ast-content-background-meta":{"desktop":{"background-color":"var(--ast-global-color-5)","background-image":"","background-repeat":"repeat","background-position":"center center","background-size":"auto","background-attachment":"scroll","background-type":"","background-media":"","overlay-type":"","overlay-color":"","overlay-opacity":"","overlay-gradient":""},"tablet":{"background-color":"var(--ast-global-color-5)","background-image":"","background-repeat":"repeat","background-position":"center center","background-size":"auto","background-attachment":"scroll","background-type":"","background-media":"","overlay-type":"","overlay-color":"","overlay-opacity":"","overlay-gradient":""},"mobile":{"background-color":"var(--ast-global-color-5)","background-image":"","background-repeat":"repeat","background-position":"center center","background-size":"auto","background-attachment":"scroll","background-type":"","background-media":"","overlay-type":"","overlay-color":"","overlay-opacity":"","overlay-gradient":""}}},"product_brand":[],"product_cat":[],"product_tag":[319,320,316,315,318,314,312,317,313,321,191,190,322],"class_list":{"0":"post-5989","1":"product","2":"type-product","3":"status-publish","5":"product_tag-319","6":"product_tag-320","7":"product_tag-316","8":"product_tag-315","9":"product_tag-318","10":"product_tag-314","11":"product_tag-312","12":"product_tag-317","13":"product_tag-313","14":"product_tag-321","15":"product_tag-crivit","16":"product_tag-lidl","17":"product_tag-powerfix","18":"desktop-align-left","19":"tablet-align-left","20":"mobile-align-left","21":"ast-product-gallery-layout-horizontal","22":"ast-product-gallery-with-no-image","24":"first","25":"instock","26":"taxable","27":"shipping-taxable","28":"purchasable","29":"product-type-simple"},"_links":{"self":[{"href":"https:\/\/lds-service.com\/lv\/wp-json\/wp\/v2\/product\/5989","targetHints":{"allow":["GET"]}}],"collection":[{"href":"https:\/\/lds-service.com\/lv\/wp-json\/wp\/v2\/product"}],"about":[{"href":"https:\/\/lds-service.com\/lv\/wp-json\/wp\/v2\/types\/product"}],"version-history":[{"count":0,"href":"https:\/\/lds-service.com\/lv\/wp-json\/wp\/v2\/product\/5989\/revisions"}],"wp:attachment":[{"href":"https:\/\/lds-service.com\/lv\/wp-json\/wp\/v2\/media?parent=5989"}],"wp:term":[{"taxonomy":"product_brand","embeddable":true,"href":"https:\/\/lds-service.com\/lv\/wp-json\/wp\/v2\/product_brand?post=5989"},{"taxonomy":"product_cat","embeddable":true,"href":"https:\/\/lds-service.com\/lv\/wp-json\/wp\/v2\/product_cat?post=5989"},{"taxonomy":"product_tag","embeddable":true,"href":"https:\/\/lds-service.com\/lv\/wp-json\/wp\/v2\/product_tag?post=5989"}],"curies":[{"name":"wp","href":"https:\/\/api.w.org\/{rel}","templated":true}]}}