{"id":6109,"date":"2023-07-26T11:13:18","date_gmt":"2023-07-26T09:13:18","guid":{"rendered":"https:\/\/yesvcan.de\/?post_type=product&#038;p=6109"},"modified":"2025-04-03T19:37:52","modified_gmt":"2025-04-03T17:37:52","slug":"drosibas-tikls-ar-ravejsledzeju-crivit-darza-batuts-330-cm-325","status":"publish","type":"product","link":"https:\/\/lds-service.com\/lv\/product\/sicherheitsnetz-mit-reissverschluss-crivit-garten-trampolin-330-cm-325\/","title":{"rendered":"Dro\u0161\u012bbas t\u012bkls ar r\u0101v\u0113jsl\u0113dz\u0113ju | Crivit d\u0101rza batuts (330 cm) -325"},"content":{"rendered":"<p>360625, Crivit, Garten-Trampolin, Garten, Trampolin, Gartentrampolin, Sicherheitsnetz, Netz<\/p>","protected":false},"excerpt":{"rendered":"<p>Pieg\u0101des komplekts: 1 dro\u0161\u012bbas t\u012bkls ar r\u0101v\u0113jsl\u0113dz\u0113ju, dro\u0161\u012bbas sl\u0113dzeni un elast\u012bgo lenti ar 41 \u0101\u0137i (skat\u012bt 10 + 10a + 10b + 10c)<\/p>\n<p>Piem\u0113rots Crivit d\u0101rza batutam ar IAN 360625<\/p>\n<p>&nbsp;<\/p>\n<p>&nbsp;<\/p>","protected":false},"featured_media":7339,"template":"","meta":{"site-sidebar-layout":"default","site-content-layout":"","ast-site-content-layout":"default","site-content-style":"default","site-sidebar-style":"default","ast-global-header-display":"","ast-banner-title-visibility":"","ast-main-header-display":"","ast-hfb-above-header-display":"","ast-hfb-below-header-display":"","ast-hfb-mobile-header-display":"","site-post-title":"","ast-breadcrumbs-content":"","ast-featured-img":"","footer-sml-layout":"","theme-transparent-header-meta":"default","adv-header-id-meta":"","stick-header-meta":"default","header-above-stick-meta":"","header-main-stick-meta":"","header-below-stick-meta":"","astra-migrate-meta-layouts":"set","ast-page-background-enabled":"default","ast-page-background-meta":{"desktop":{"background-color":"","background-image":"","background-repeat":"repeat","background-position":"center center","background-size":"auto","background-attachment":"scroll","background-type":"","background-media":"","overlay-type":"","overlay-color":"","overlay-opacity":"","overlay-gradient":""},"tablet":{"background-color":"","background-image":"","background-repeat":"repeat","background-position":"center center","background-size":"auto","background-attachment":"scroll","background-type":"","background-media":"","overlay-type":"","overlay-color":"","overlay-opacity":"","overlay-gradient":""},"mobile":{"background-color":"","background-image":"","background-repeat":"repeat","background-position":"center center","background-size":"auto","background-attachment":"scroll","background-type":"","background-media":"","overlay-type":"","overlay-color":"","overlay-opacity":"","overlay-gradient":""}},"ast-content-background-meta":{"desktop":{"background-color":"var(--ast-global-color-5)","background-image":"","background-repeat":"repeat","background-position":"center center","background-size":"auto","background-attachment":"scroll","background-type":"","background-media":"","overlay-type":"","overlay-color":"","overlay-opacity":"","overlay-gradient":""},"tablet":{"background-color":"var(--ast-global-color-5)","background-image":"","background-repeat":"repeat","background-position":"center center","background-size":"auto","background-attachment":"scroll","background-type":"","background-media":"","overlay-type":"","overlay-color":"","overlay-opacity":"","overlay-gradient":""},"mobile":{"background-color":"var(--ast-global-color-5)","background-image":"","background-repeat":"repeat","background-position":"center center","background-size":"auto","background-attachment":"scroll","background-type":"","background-media":"","overlay-type":"","overlay-color":"","overlay-opacity":"","overlay-gradient":""}}},"product_brand":[],"product_cat":[44,146],"product_tag":[523,191,525,524,466,535,534,467],"class_list":{"0":"post-6109","1":"product","2":"type-product","3":"status-publish","4":"has-post-thumbnail","6":"product_cat-ballsport","7":"product_cat-gartentrampolin","8":"product_tag-523","9":"product_tag-crivit","10":"product_tag-garten","11":"product_tag-garten-trampolin","12":"product_tag-gartentrampolin","13":"product_tag-netz","14":"product_tag-sicherheitsnetz","15":"product_tag-trampolin","16":"desktop-align-left","17":"tablet-align-left","18":"mobile-align-left","19":"ast-product-gallery-layout-horizontal","20":"ast-product-gallery-with-no-image","22":"first","23":"outofstock","24":"taxable","25":"shipping-taxable","26":"purchasable","27":"product-type-simple"},"_links":{"self":[{"href":"https:\/\/lds-service.com\/lv\/wp-json\/wp\/v2\/product\/6109","targetHints":{"allow":["GET"]}}],"collection":[{"href":"https:\/\/lds-service.com\/lv\/wp-json\/wp\/v2\/product"}],"about":[{"href":"https:\/\/lds-service.com\/lv\/wp-json\/wp\/v2\/types\/product"}],"version-history":[{"count":0,"href":"https:\/\/lds-service.com\/lv\/wp-json\/wp\/v2\/product\/6109\/revisions"}],"wp:featuredmedia":[{"embeddable":true,"href":"https:\/\/lds-service.com\/lv\/wp-json\/wp\/v2\/media\/7339"}],"wp:attachment":[{"href":"https:\/\/lds-service.com\/lv\/wp-json\/wp\/v2\/media?parent=6109"}],"wp:term":[{"taxonomy":"product_brand","embeddable":true,"href":"https:\/\/lds-service.com\/lv\/wp-json\/wp\/v2\/product_brand?post=6109"},{"taxonomy":"product_cat","embeddable":true,"href":"https:\/\/lds-service.com\/lv\/wp-json\/wp\/v2\/product_cat?post=6109"},{"taxonomy":"product_tag","embeddable":true,"href":"https:\/\/lds-service.com\/lv\/wp-json\/wp\/v2\/product_tag?post=6109"}],"curies":[{"name":"wp","href":"https:\/\/api.w.org\/{rel}","templated":true}]}}