{"id":6161,"date":"2023-07-26T11:13:33","date_gmt":"2023-07-26T09:13:33","guid":{"rendered":"https:\/\/yesvcan.de\/?post_type=product&#038;p=6161"},"modified":"2025-09-01T08:58:53","modified_gmt":"2025-09-01T06:58:53","slug":"crivit-skritulslidu-riteni-petrolejas-tirkiza-krasa-4-gab-84-mm","status":"publish","type":"product","link":"https:\/\/lds-service.com\/lv\/product\/crivit-inliner-rollen-petrol-tuerkis-4-er-set-84-mm\/","title":{"rendered":"Crivit Inliner Rollen 84 mm Set Petrol-T\u00fcrkis (4x)"},"content":{"rendered":"","protected":false},"excerpt":{"rendered":"<p style=\"line-height: 15.4px; resize: none; margin: 0px 0px 6px; font-family: Arial, Verdana, Helvetica; font-size: 11px;\"><strong><span style=\"font-size: 12px;\"><span style=\"font-family: arial, verdana, helvetica;\">Pieg\u0101des komplekts: 4 x Speed Inliner rite\u0146i, kas samont\u0113ti gatavi lieto\u0161anai<\/span><\/span><\/strong><\/p>\n<ul>\n<li><span style=\"font-size: 12px;\"><span style=\"font-family: arial,verdana,helvetica;\">4x augsti atsitiena rite\u0146i (80 mm \/ 82A), ieskaitot starplikas un lod\u012b\u0161u gult\u0146us<\/span><\/span><\/li>\n<li><span style=\"font-size: 12px;\"><span style=\"font-family: arial,verdana,helvetica;\"><span style=\"font-size: 12px;\"><span style=\"font-family: arial,verdana,helvetica;\"><span style=\"color: #333333;\">lod\u012b\u0161u gultnis DIN 608 ZZ, <\/span>ABEC\u00a07<span style=\"color: #333333;\">, miniat\u016brie gult\u0146i lieliem \u0101trumiem, 8x22x7 mm<\/span><\/span><\/span><\/span><\/span><\/li>\n<li><span style=\"font-size: 12px;\"><span style=\"font-family: arial,verdana,helvetica;\"><span style=\"font-size: 12px;\"><span style=\"font-family: arial,verdana,helvetica;\"><span style=\"color: #333333;\"><span style=\"font-size: 12px;\"><span style=\"font-family: arial,verdana,helvetica;\"><span style=\"color: #333333;\">Ass stiprin\u0101juma starpliku iek\u0161\u0113jie izm\u0113ri 6 mm<\/span><\/span><\/span><\/span><\/span><\/span><\/span><\/span><\/li>\n<li><span style=\"font-size: 12px;\"><span style=\"font-family: arial,verdana,helvetica;\"><span style=\"font-size: 12px;\"><span style=\"font-family: arial,verdana,helvetica;\"><span style=\"color: #333333;\"><span style=\"font-size: 12px;\"><span style=\"font-family: arial,verdana,helvetica;\"><span style=\"color: #333333;\"><span style=\"font-size: 12px;\"><span style=\"font-family: arial,verdana,helvetica;\"><span style=\"color: #333333;\">Rite\u0146a materi\u0101ls: PU \u0101trgaitas rite\u0146i ar \u013coti labu sa\u0137eri<\/span><\/span><\/span><\/span><\/span><\/span><\/span><\/span><\/span><\/span><\/span><\/li>\n<li><span style=\"font-size: 12px;\"><span style=\"font-family: arial,verdana,helvetica;\"><span style=\"font-size: 12px;\"><span style=\"font-family: arial,verdana,helvetica;\"><span style=\"color: #333333;\"><span style=\"font-size: 12px;\"><span style=\"font-family: arial,verdana,helvetica;\"><span style=\"color: #333333;\"><span style=\"font-size: 12px;\"><span style=\"font-family: arial,verdana,helvetica;\"><span style=\"color: #333333;\"><span style=\"font-size: 12px;\"><span style=\"font-family: arial,verdana,helvetica;\"><span style=\"color: #333333;\">Ru\u013c\u013ca dizains: tirk\u012bza kr\u0101sa ar aplik\u0101ciju, k\u0101 par\u0101d\u012bts att\u0113l\u0101<\/span><\/span><\/span><\/span><\/span><\/span><\/span><\/span><\/span><\/span><\/span><\/span><\/span><\/span><\/li>\n<li><span style=\"font-size: 12px;\"><span style=\"font-family: arial,verdana,helvetica;\"><span style=\"font-size: 12px;\"><span style=\"font-family: arial,verdana,helvetica;\"><span style=\"color: #333333;\"><span style=\"font-size: 12px;\"><span style=\"font-family: arial,verdana,helvetica;\"><span style=\"color: #333333;\"><span style=\"font-size: 12px;\"><span style=\"font-family: arial,verdana,helvetica;\"><span style=\"color: #333333;\"><span style=\"font-size: 12px;\"><span style=\"font-family: arial,verdana,helvetica;\"><span style=\"color: #333333;\"><span style=\"font-size: 12px;\"><span style=\"font-family: arial,verdana,helvetica;\"><span style=\"color: #333333;\">Ru\u013c\u013ca platums 21 mm<\/span><\/span><\/span><\/span><\/span><\/span><\/span><\/span><\/span><\/span><\/span><\/span><\/span><\/span><\/span><\/span><\/span><\/li>\n<li><span style=\"font-size: 12px;\"><span style=\"font-family: arial,verdana,helvetica;\"><span style=\"font-size: 12px;\"><span style=\"font-family: arial,verdana,helvetica;\"><span style=\"color: #333333;\"><span style=\"font-size: 12px;\"><span style=\"font-family: arial,verdana,helvetica;\"><span style=\"color: #333333;\"><span style=\"font-size: 12px;\"><span style=\"font-family: arial,verdana,helvetica;\"><span style=\"color: #333333;\"><span style=\"font-size: 12px;\"><span style=\"font-family: arial,verdana,helvetica;\"><span style=\"color: #333333;\"><span style=\"font-size: 12px;\"><span style=\"font-family: arial,verdana,helvetica;\"><span style=\"color: #333333;\"><span style=\"font-size: 12px;\"><span style=\"font-family: arial,verdana,helvetica;\"><span style=\"color: #333333;\">Att\u0101lums starp diviem lod\u012b\u0161u gult\u0146iem \u0101rpus\u0113 24 mm, uzst\u0101d\u012b\u0161anai \u0161asij\u0101<\/span><\/span><\/span><\/span><\/span><\/span><\/span><\/span><\/span><\/span><\/span><\/span><\/span><\/span><\/span><\/span><\/span><\/span><\/span><\/span><\/li>\n<\/ul>","protected":false},"featured_media":6223,"template":"","meta":{"site-sidebar-layout":"default","site-content-layout":"default","ast-site-content-layout":"default","site-content-style":"default","site-sidebar-style":"default","ast-global-header-display":"","ast-banner-title-visibility":"","ast-main-header-display":"","ast-hfb-above-header-display":"","ast-hfb-below-header-display":"","ast-hfb-mobile-header-display":"","site-post-title":"","ast-breadcrumbs-content":"","ast-featured-img":"","footer-sml-layout":"","theme-transparent-header-meta":"default","adv-header-id-meta":"","stick-header-meta":"default","header-above-stick-meta":"","header-main-stick-meta":"","header-below-stick-meta":"","astra-migrate-meta-layouts":"default","ast-page-background-enabled":"default","ast-page-background-meta":{"desktop":{"background-color":"","background-image":"","background-repeat":"repeat","background-position":"center center","background-size":"auto","background-attachment":"scroll","background-type":"","background-media":"","overlay-type":"","overlay-color":"","overlay-opacity":"","overlay-gradient":""},"tablet":{"background-color":"","background-image":"","background-repeat":"repeat","background-position":"center center","background-size":"auto","background-attachment":"scroll","background-type":"","background-media":"","overlay-type":"","overlay-color":"","overlay-opacity":"","overlay-gradient":""},"mobile":{"background-color":"","background-image":"","background-repeat":"repeat","background-position":"center center","background-size":"auto","background-attachment":"scroll","background-type":"","background-media":"","overlay-type":"","overlay-color":"","overlay-opacity":"","overlay-gradient":""}},"ast-content-background-meta":{"desktop":{"background-color":"var(--ast-global-color-5)","background-image":"","background-repeat":"repeat","background-position":"center center","background-size":"auto","background-attachment":"scroll","background-type":"","background-media":"","overlay-type":"","overlay-color":"","overlay-opacity":"","overlay-gradient":""},"tablet":{"background-color":"var(--ast-global-color-5)","background-image":"","background-repeat":"repeat","background-position":"center center","background-size":"auto","background-attachment":"scroll","background-type":"","background-media":"","overlay-type":"","overlay-color":"","overlay-opacity":"","overlay-gradient":""},"mobile":{"background-color":"var(--ast-global-color-5)","background-image":"","background-repeat":"repeat","background-position":"center center","background-size":"auto","background-attachment":"scroll","background-type":"","background-media":"","overlay-type":"","overlay-color":"","overlay-opacity":"","overlay-gradient":""}}},"product_brand":[],"product_cat":[94,139],"product_tag":[198,576,191,196,193,194,190,197,195,192],"class_list":{"0":"post-6161","1":"product","2":"type-product","3":"status-publish","4":"has-post-thumbnail","6":"product_cat-freizeit","7":"product_cat-alle-ersatzteile-rund-um-inline-skates-rollschuhe-und-roller-bremsstopper-radlager-rollen-uvm","8":"product_tag-84-mm","9":"product_tag-abec-5","10":"product_tag-crivit","11":"product_tag-ersatzrollen","12":"product_tag-inline-skates","13":"product_tag-inliner","14":"product_tag-lidl","15":"product_tag-pu","16":"product_tag-softboot","17":"product_tag-speed","18":"desktop-align-left","19":"tablet-align-left","20":"mobile-align-left","21":"ast-product-gallery-layout-horizontal","22":"ast-product-gallery-with-no-image","24":"first","25":"instock","26":"taxable","27":"shipping-taxable","28":"purchasable","29":"product-type-simple"},"_links":{"self":[{"href":"https:\/\/lds-service.com\/lv\/wp-json\/wp\/v2\/product\/6161","targetHints":{"allow":["GET"]}}],"collection":[{"href":"https:\/\/lds-service.com\/lv\/wp-json\/wp\/v2\/product"}],"about":[{"href":"https:\/\/lds-service.com\/lv\/wp-json\/wp\/v2\/types\/product"}],"version-history":[{"count":1,"href":"https:\/\/lds-service.com\/lv\/wp-json\/wp\/v2\/product\/6161\/revisions"}],"predecessor-version":[{"id":5210465,"href":"https:\/\/lds-service.com\/lv\/wp-json\/wp\/v2\/product\/6161\/revisions\/5210465"}],"wp:featuredmedia":[{"embeddable":true,"href":"https:\/\/lds-service.com\/lv\/wp-json\/wp\/v2\/media\/6223"}],"wp:attachment":[{"href":"https:\/\/lds-service.com\/lv\/wp-json\/wp\/v2\/media?parent=6161"}],"wp:term":[{"taxonomy":"product_brand","embeddable":true,"href":"https:\/\/lds-service.com\/lv\/wp-json\/wp\/v2\/product_brand?post=6161"},{"taxonomy":"product_cat","embeddable":true,"href":"https:\/\/lds-service.com\/lv\/wp-json\/wp\/v2\/product_cat?post=6161"},{"taxonomy":"product_tag","embeddable":true,"href":"https:\/\/lds-service.com\/lv\/wp-json\/wp\/v2\/product_tag?post=6161"}],"curies":[{"name":"wp","href":"https:\/\/api.w.org\/{rel}","templated":true}]}}