{"id":6894,"date":"2024-02-25T22:08:48","date_gmt":"2024-02-25T21:08:48","guid":{"rendered":"https:\/\/yesvcan.de\/?post_type=product&#038;p=6894"},"modified":"2025-12-29T10:52:52","modified_gmt":"2025-12-29T09:52:52","slug":"playtive-spielkueche-teil-27-elektronik-element-backofen","status":"publish","type":"product","link":"https:\/\/lds-service.com\/lv\/product\/playtive-spielkueche-teil-27-elektronik-element-backofen\/","title":{"rendered":"Rota\u013c\u012bgas rota\u013cu virtuves 27. da\u013ca Elektronikas elementu kr\u0101sns"},"content":{"rendered":"","protected":false},"excerpt":{"rendered":"<p>Lieferumfang: 1 Backofen-Elektronik als Ersatzteil (Teile Nr. 27) wie abgebildet<\/p>\n<p>Sader\u012bgs ar Playtive koka virtuv\u0113m IAN 426229<\/p>","protected":false},"featured_media":6998,"template":"","meta":{"site-sidebar-layout":"default","site-content-layout":"default","ast-site-content-layout":"default","site-content-style":"default","site-sidebar-style":"default","ast-global-header-display":"","ast-banner-title-visibility":"","ast-main-header-display":"","ast-hfb-above-header-display":"","ast-hfb-below-header-display":"","ast-hfb-mobile-header-display":"","site-post-title":"","ast-breadcrumbs-content":"","ast-featured-img":"","footer-sml-layout":"","theme-transparent-header-meta":"default","adv-header-id-meta":"","stick-header-meta":"default","header-above-stick-meta":"","header-main-stick-meta":"","header-below-stick-meta":"","astra-migrate-meta-layouts":"set","ast-page-background-enabled":"default","ast-page-background-meta":{"desktop":{"background-color":"","background-image":"","background-repeat":"repeat","background-position":"center center","background-size":"auto","background-attachment":"scroll","background-type":"","background-media":"","overlay-type":"","overlay-color":"","overlay-opacity":"","overlay-gradient":""},"tablet":{"background-color":"","background-image":"","background-repeat":"repeat","background-position":"center center","background-size":"auto","background-attachment":"scroll","background-type":"","background-media":"","overlay-type":"","overlay-color":"","overlay-opacity":"","overlay-gradient":""},"mobile":{"background-color":"","background-image":"","background-repeat":"repeat","background-position":"center center","background-size":"auto","background-attachment":"scroll","background-type":"","background-media":"","overlay-type":"","overlay-color":"","overlay-opacity":"","overlay-gradient":""}},"ast-content-background-meta":{"desktop":{"background-color":"var(--ast-global-color-5)","background-image":"","background-repeat":"repeat","background-position":"center center","background-size":"auto","background-attachment":"scroll","background-type":"","background-media":"","overlay-type":"","overlay-color":"","overlay-opacity":"","overlay-gradient":""},"tablet":{"background-color":"var(--ast-global-color-5)","background-image":"","background-repeat":"repeat","background-position":"center center","background-size":"auto","background-attachment":"scroll","background-type":"","background-media":"","overlay-type":"","overlay-color":"","overlay-opacity":"","overlay-gradient":""},"mobile":{"background-color":"var(--ast-global-color-5)","background-image":"","background-repeat":"repeat","background-position":"center center","background-size":"auto","background-attachment":"scroll","background-type":"","background-media":"","overlay-type":"","overlay-color":"","overlay-opacity":"","overlay-gradient":""}}},"product_brand":[],"product_cat":[663],"product_tag":[657,426,652,645,647,649,650,644,597,646],"class_list":{"0":"post-6894","1":"product","2":"type-product","3":"status-publish","4":"has-post-thumbnail","6":"product_cat-spielkueche","7":"product_tag-657","8":"product_tag-holz","9":"product_tag-ian-426229","10":"product_tag-kinder","11":"product_tag-kinderkueche","12":"product_tag-kochen","13":"product_tag-kochfeld","14":"product_tag-play","15":"product_tag-playtive","16":"product_tag-spielkueche","17":"desktop-align-left","18":"tablet-align-left","19":"mobile-align-left","20":"ast-product-gallery-layout-horizontal","22":"first","23":"instock","24":"taxable","25":"shipping-taxable","26":"purchasable","27":"product-type-simple"},"_links":{"self":[{"href":"https:\/\/lds-service.com\/lv\/wp-json\/wp\/v2\/product\/6894","targetHints":{"allow":["GET"]}}],"collection":[{"href":"https:\/\/lds-service.com\/lv\/wp-json\/wp\/v2\/product"}],"about":[{"href":"https:\/\/lds-service.com\/lv\/wp-json\/wp\/v2\/types\/product"}],"version-history":[{"count":0,"href":"https:\/\/lds-service.com\/lv\/wp-json\/wp\/v2\/product\/6894\/revisions"}],"wp:featuredmedia":[{"embeddable":true,"href":"https:\/\/lds-service.com\/lv\/wp-json\/wp\/v2\/media\/6998"}],"wp:attachment":[{"href":"https:\/\/lds-service.com\/lv\/wp-json\/wp\/v2\/media?parent=6894"}],"wp:term":[{"taxonomy":"product_brand","embeddable":true,"href":"https:\/\/lds-service.com\/lv\/wp-json\/wp\/v2\/product_brand?post=6894"},{"taxonomy":"product_cat","embeddable":true,"href":"https:\/\/lds-service.com\/lv\/wp-json\/wp\/v2\/product_cat?post=6894"},{"taxonomy":"product_tag","embeddable":true,"href":"https:\/\/lds-service.com\/lv\/wp-json\/wp\/v2\/product_tag?post=6894"}],"curies":[{"name":"wp","href":"https:\/\/api.w.org\/{rel}","templated":true}]}}