{"id":8074,"date":"2024-12-06T13:58:27","date_gmt":"2024-12-06T12:58:27","guid":{"rendered":"https:\/\/lds-service.com\/?post_type=product&#038;p=8074"},"modified":"2026-03-10T16:21:51","modified_gmt":"2026-03-10T15:21:51","slug":"talvadibas-pasazieru-vilciens-city-express-sarkans","status":"publish","type":"product","link":"https:\/\/lds-service.com\/lv\/product\/personenzug-ferngesteuert-city-express-rot\/","title":{"rendered":"Pasa\u017eieru vilciens (ar t\u0101lvad\u012bbu) CITY Express sarkans"},"content":{"rendered":"","protected":false},"excerpt":{"rendered":"<p>Pieg\u0101des komplekts: 1 vilk\u0161anas transportl\u012bdzeklis (pa\u0161g\u0101j\u0113js, darbin\u0101ms ar akumulatoru) k\u0101 rezerves da\u013ca, k\u0101 par\u0101d\u012bts att\u0113l\u0101.<br \/>\n(Pieg\u0101des komplekt\u0101 nav iek\u013cauts: 2x AAA LR03, citi piederumi)<\/p>\n<p>M\u0113s pied\u0101v\u0101jam atbilsto\u0161u t\u0101lvad\u012bbas pulti ar atsevi\u0161\u0137iem p\u0101rnesumiem brauk\u0161anai uz priek\u0161u un atpaka\u013c.<\/p>\n<p>Sader\u012bgs ar Playtive un Brio koka dzelzce\u013ca komplektiem<\/p>","protected":false},"featured_media":8076,"template":"","meta":{"site-sidebar-layout":"default","site-content-layout":"default","ast-site-content-layout":"default","site-content-style":"default","site-sidebar-style":"default","ast-global-header-display":"","ast-banner-title-visibility":"","ast-main-header-display":"","ast-hfb-above-header-display":"","ast-hfb-below-header-display":"","ast-hfb-mobile-header-display":"","site-post-title":"","ast-breadcrumbs-content":"","ast-featured-img":"","footer-sml-layout":"","theme-transparent-header-meta":"default","adv-header-id-meta":"","stick-header-meta":"default","header-above-stick-meta":"","header-main-stick-meta":"","header-below-stick-meta":"","astra-migrate-meta-layouts":"set","ast-page-background-enabled":"default","ast-page-background-meta":{"desktop":{"background-color":"","background-image":"","background-repeat":"repeat","background-position":"center center","background-size":"auto","background-attachment":"scroll","background-type":"","background-media":"","overlay-type":"","overlay-color":"","overlay-opacity":"","overlay-gradient":""},"tablet":{"background-color":"","background-image":"","background-repeat":"repeat","background-position":"center center","background-size":"auto","background-attachment":"scroll","background-type":"","background-media":"","overlay-type":"","overlay-color":"","overlay-opacity":"","overlay-gradient":""},"mobile":{"background-color":"","background-image":"","background-repeat":"repeat","background-position":"center center","background-size":"auto","background-attachment":"scroll","background-type":"","background-media":"","overlay-type":"","overlay-color":"","overlay-opacity":"","overlay-gradient":""}},"ast-content-background-meta":{"desktop":{"background-color":"var(--ast-global-color-5)","background-image":"","background-repeat":"repeat","background-position":"center center","background-size":"auto","background-attachment":"scroll","background-type":"","background-media":"","overlay-type":"","overlay-color":"","overlay-opacity":"","overlay-gradient":""},"tablet":{"background-color":"var(--ast-global-color-5)","background-image":"","background-repeat":"repeat","background-position":"center center","background-size":"auto","background-attachment":"scroll","background-type":"","background-media":"","overlay-type":"","overlay-color":"","overlay-opacity":"","overlay-gradient":""},"mobile":{"background-color":"var(--ast-global-color-5)","background-image":"","background-repeat":"repeat","background-position":"center center","background-size":"auto","background-attachment":"scroll","background-type":"","background-media":"","overlay-type":"","overlay-color":"","overlay-opacity":"","overlay-gradient":""}}},"product_brand":[],"product_cat":[685],"product_tag":[690,692,688,400,695,694,686,426,645,687,644,597,693,689,696],"class_list":{"0":"post-8074","1":"product","2":"type-product","3":"status-publish","4":"has-post-thumbnail","6":"product_cat-playtive-holz-eisenbahn-ersatzteile","7":"product_tag-690","8":"product_tag-692","9":"product_tag-anhaenger","10":"product_tag-blau","11":"product_tag-city","12":"product_tag-cityexpress","13":"product_tag-elektrische","14":"product_tag-holz","15":"product_tag-kinder","16":"product_tag-lokomotive","17":"product_tag-play","18":"product_tag-playtive","19":"product_tag-rc","20":"product_tag-selbstfahrend","21":"product_tag-spielzeug","22":"desktop-align-left","23":"tablet-align-left","24":"mobile-align-left","25":"ast-product-gallery-layout-horizontal","27":"first","28":"instock","29":"taxable","30":"shipping-taxable","31":"purchasable","32":"product-type-simple"},"_links":{"self":[{"href":"https:\/\/lds-service.com\/lv\/wp-json\/wp\/v2\/product\/8074","targetHints":{"allow":["GET"]}}],"collection":[{"href":"https:\/\/lds-service.com\/lv\/wp-json\/wp\/v2\/product"}],"about":[{"href":"https:\/\/lds-service.com\/lv\/wp-json\/wp\/v2\/types\/product"}],"version-history":[{"count":1,"href":"https:\/\/lds-service.com\/lv\/wp-json\/wp\/v2\/product\/8074\/revisions"}],"predecessor-version":[{"id":5210997,"href":"https:\/\/lds-service.com\/lv\/wp-json\/wp\/v2\/product\/8074\/revisions\/5210997"}],"wp:featuredmedia":[{"embeddable":true,"href":"https:\/\/lds-service.com\/lv\/wp-json\/wp\/v2\/media\/8076"}],"wp:attachment":[{"href":"https:\/\/lds-service.com\/lv\/wp-json\/wp\/v2\/media?parent=8074"}],"wp:term":[{"taxonomy":"product_brand","embeddable":true,"href":"https:\/\/lds-service.com\/lv\/wp-json\/wp\/v2\/product_brand?post=8074"},{"taxonomy":"product_cat","embeddable":true,"href":"https:\/\/lds-service.com\/lv\/wp-json\/wp\/v2\/product_cat?post=8074"},{"taxonomy":"product_tag","embeddable":true,"href":"https:\/\/lds-service.com\/lv\/wp-json\/wp\/v2\/product_tag?post=8074"}],"curies":[{"name":"wp","href":"https:\/\/api.w.org\/{rel}","templated":true}]}}