{"id":8750,"date":"2025-05-03T09:10:39","date_gmt":"2025-05-03T07:10:39","guid":{"rendered":"https:\/\/lds-service.com\/?post_type=product&#038;p=8750"},"modified":"2026-04-02T21:10:55","modified_gmt":"2026-04-02T19:10:55","slug":"bagagerek-voor-een-stedelijke-e-bike-onderdeel-33","status":"publish","type":"product","link":"https:\/\/lds-service.com\/nl\/product\/urban-ebike-gepaecktraeger-bda-teil-33\/","title":{"rendered":"Urban eBike V.2 Gep\u00e4cktr\u00e4ger"},"content":{"rendered":"<p>Passend f\u00fcr IAN 436329, 436332, 468875, 468876, 468877 Crivit Urban EBike<\/p>","protected":false},"excerpt":{"rendered":"<p>Leveringsomvang: 1x bagagerek<\/p>\n<p>Geschikt voor modellen IAN 436329, 436332, 468875, 468876, 468877<\/p>","protected":false},"featured_media":8673,"template":"","meta":{"site-sidebar-layout":"default","site-content-layout":"default","ast-site-content-layout":"default","site-content-style":"default","site-sidebar-style":"default","ast-global-header-display":"","ast-banner-title-visibility":"","ast-main-header-display":"","ast-hfb-above-header-display":"","ast-hfb-below-header-display":"","ast-hfb-mobile-header-display":"","site-post-title":"","ast-breadcrumbs-content":"","ast-featured-img":"","footer-sml-layout":"","theme-transparent-header-meta":"default","adv-header-id-meta":"","stick-header-meta":"default","header-above-stick-meta":"","header-main-stick-meta":"","header-below-stick-meta":"","astra-migrate-meta-layouts":"set","ast-page-background-enabled":"default","ast-page-background-meta":{"desktop":{"background-color":"","background-image":"","background-repeat":"repeat","background-position":"center center","background-size":"auto","background-attachment":"scroll","background-type":"","background-media":"","overlay-type":"","overlay-color":"","overlay-opacity":"","overlay-gradient":""},"tablet":{"background-color":"","background-image":"","background-repeat":"repeat","background-position":"center center","background-size":"auto","background-attachment":"scroll","background-type":"","background-media":"","overlay-type":"","overlay-color":"","overlay-opacity":"","overlay-gradient":""},"mobile":{"background-color":"","background-image":"","background-repeat":"repeat","background-position":"center center","background-size":"auto","background-attachment":"scroll","background-type":"","background-media":"","overlay-type":"","overlay-color":"","overlay-opacity":"","overlay-gradient":""}},"ast-content-background-meta":{"desktop":{"background-color":"var(--ast-global-color-5)","background-image":"","background-repeat":"repeat","background-position":"center center","background-size":"auto","background-attachment":"scroll","background-type":"","background-media":"","overlay-type":"","overlay-color":"","overlay-opacity":"","overlay-gradient":""},"tablet":{"background-color":"var(--ast-global-color-5)","background-image":"","background-repeat":"repeat","background-position":"center center","background-size":"auto","background-attachment":"scroll","background-type":"","background-media":"","overlay-type":"","overlay-color":"","overlay-opacity":"","overlay-gradient":""},"mobile":{"background-color":"var(--ast-global-color-5)","background-image":"","background-repeat":"repeat","background-position":"center center","background-size":"auto","background-attachment":"scroll","background-type":"","background-media":"","overlay-type":"","overlay-color":"","overlay-opacity":"","overlay-gradient":""}}},"product_brand":[1213],"product_cat":[712],"product_tag":[1162,1029,1028,715,641,717,716],"class_list":{"0":"post-8750","1":"product","2":"type-product","3":"status-publish","4":"has-post-thumbnail","6":"product_brand-crivit","7":"product_cat-crivit-urban-ebike-x2-y2-x-2-y-2","8":"product_tag-1162","9":"product_tag-1029","10":"product_tag-bda-teil-33","11":"product_tag-display","12":"product_tag-hinten","13":"product_tag-x-2","14":"product_tag-y-2","15":"desktop-align-left","16":"tablet-align-left","17":"mobile-align-left","18":"ast-product-gallery-layout-horizontal","20":"first","21":"outofstock","22":"taxable","23":"shipping-taxable","24":"purchasable","25":"product-type-simple"},"_links":{"self":[{"href":"https:\/\/lds-service.com\/nl\/wp-json\/wp\/v2\/product\/8750","targetHints":{"allow":["GET"]}}],"collection":[{"href":"https:\/\/lds-service.com\/nl\/wp-json\/wp\/v2\/product"}],"about":[{"href":"https:\/\/lds-service.com\/nl\/wp-json\/wp\/v2\/types\/product"}],"version-history":[{"count":2,"href":"https:\/\/lds-service.com\/nl\/wp-json\/wp\/v2\/product\/8750\/revisions"}],"predecessor-version":[{"id":5210628,"href":"https:\/\/lds-service.com\/nl\/wp-json\/wp\/v2\/product\/8750\/revisions\/5210628"}],"wp:featuredmedia":[{"embeddable":true,"href":"https:\/\/lds-service.com\/nl\/wp-json\/wp\/v2\/media\/8673"}],"wp:attachment":[{"href":"https:\/\/lds-service.com\/nl\/wp-json\/wp\/v2\/media?parent=8750"}],"wp:term":[{"taxonomy":"product_brand","embeddable":true,"href":"https:\/\/lds-service.com\/nl\/wp-json\/wp\/v2\/product_brand?post=8750"},{"taxonomy":"product_cat","embeddable":true,"href":"https:\/\/lds-service.com\/nl\/wp-json\/wp\/v2\/product_cat?post=8750"},{"taxonomy":"product_tag","embeddable":true,"href":"https:\/\/lds-service.com\/nl\/wp-json\/wp\/v2\/product_tag?post=8750"}],"curies":[{"name":"wp","href":"https:\/\/api.w.org\/{rel}","templated":true}]}}