{"id":6001,"date":"2023-07-26T11:12:47","date_gmt":"2023-07-26T09:12:47","guid":{"rendered":"https:\/\/yesvcan.de\/?post_type=product&#038;p=6001"},"modified":"2026-03-23T11:38:50","modified_gmt":"2026-03-23T10:38:50","slug":"pletwa-sup-do-deski-do-plywania-na-stojaco-lidl-mistral-f2-crivit","status":"publish","type":"product","link":"https:\/\/lds-service.com\/pl\/product\/sup-finne-fuer-lidl-stand-up-paddle-board-mistral-f2-crivit\/","title":{"rendered":"P\u0142etwa SUP LIDL Mistral, F2"},"content":{"rendered":"","protected":false},"excerpt":{"rendered":"<p>System Fin US-Box wraz ze \u015brub\u0105 i p\u0142atkami<\/p>\n<p>Nadaje si\u0119 do nadmuchiwanych SUP marki F2 i Mistral o nast\u0119puj\u0105cym IAN: 385699, 385701, 396827, 396829, 396833, 402047, 402049, 402806<\/p>\n<p>Ta p\u0142etwa jest specjalnie zaprojektowana do szybkiego monta\u017cu bez u\u017cycia narz\u0119dzi za pomoc\u0105 \u015bruby r\u0119cznej i mo\u017ce by\u0107 u\u017cywana we wszystkich dost\u0119pnych na rynku skrzynkach p\u0142etw w USA. Beznarz\u0119dziowy monta\u017c za pomoc\u0105 \u015bruby r\u0119cznej i ulotek (w zestawie).<\/p>","protected":false},"featured_media":6318,"template":"","meta":{"site-sidebar-layout":"default","site-content-layout":"default","ast-site-content-layout":"default","site-content-style":"default","site-sidebar-style":"default","ast-global-header-display":"","ast-banner-title-visibility":"","ast-main-header-display":"","ast-hfb-above-header-display":"","ast-hfb-below-header-display":"","ast-hfb-mobile-header-display":"","site-post-title":"","ast-breadcrumbs-content":"","ast-featured-img":"","footer-sml-layout":"","theme-transparent-header-meta":"default","adv-header-id-meta":"","stick-header-meta":"default","header-above-stick-meta":"","header-main-stick-meta":"","header-below-stick-meta":"","astra-migrate-meta-layouts":"default","ast-page-background-enabled":"default","ast-page-background-meta":{"desktop":{"background-color":"","background-image":"","background-repeat":"repeat","background-position":"center center","background-size":"auto","background-attachment":"scroll","background-type":"","background-media":"","overlay-type":"","overlay-color":"","overlay-opacity":"","overlay-gradient":""},"tablet":{"background-color":"","background-image":"","background-repeat":"repeat","background-position":"center center","background-size":"auto","background-attachment":"scroll","background-type":"","background-media":"","overlay-type":"","overlay-color":"","overlay-opacity":"","overlay-gradient":""},"mobile":{"background-color":"","background-image":"","background-repeat":"repeat","background-position":"center center","background-size":"auto","background-attachment":"scroll","background-type":"","background-media":"","overlay-type":"","overlay-color":"","overlay-opacity":"","overlay-gradient":""}},"ast-content-background-meta":{"desktop":{"background-color":"var(--ast-global-color-5)","background-image":"","background-repeat":"repeat","background-position":"center center","background-size":"auto","background-attachment":"scroll","background-type":"","background-media":"","overlay-type":"","overlay-color":"","overlay-opacity":"","overlay-gradient":""},"tablet":{"background-color":"var(--ast-global-color-5)","background-image":"","background-repeat":"repeat","background-position":"center center","background-size":"auto","background-attachment":"scroll","background-type":"","background-media":"","overlay-type":"","overlay-color":"","overlay-opacity":"","overlay-gradient":""},"mobile":{"background-color":"var(--ast-global-color-5)","background-image":"","background-repeat":"repeat","background-position":"center center","background-size":"auto","background-attachment":"scroll","background-type":"","background-media":"","overlay-type":"","overlay-color":"","overlay-opacity":"","overlay-gradient":""}}},"product_brand":[],"product_cat":[140],"product_tag":[324,325,326,327,328,329,330,323],"class_list":{"0":"post-6001","1":"product","2":"type-product","3":"status-publish","4":"has-post-thumbnail","6":"product_cat-lidl-sup-ersatzteile","7":"product_tag-324","8":"product_tag-325","9":"product_tag-326","10":"product_tag-327","11":"product_tag-328","12":"product_tag-329","13":"product_tag-330","14":"product_tag-lidl-mistral-f2-floral-yoga-race-touring-jugend-allround-team-11-10-12-us-box-nutstein-schiene-ersatz-finne-stand-up-paddling-board-crivit-385699","15":"desktop-align-left","16":"tablet-align-left","17":"mobile-align-left","18":"ast-product-gallery-layout-horizontal","19":"ast-product-gallery-with-no-image","21":"first","22":"instock","23":"taxable","24":"shipping-taxable","25":"purchasable","26":"product-type-simple"},"_links":{"self":[{"href":"https:\/\/lds-service.com\/pl\/wp-json\/wp\/v2\/product\/6001","targetHints":{"allow":["GET"]}}],"collection":[{"href":"https:\/\/lds-service.com\/pl\/wp-json\/wp\/v2\/product"}],"about":[{"href":"https:\/\/lds-service.com\/pl\/wp-json\/wp\/v2\/types\/product"}],"version-history":[{"count":1,"href":"https:\/\/lds-service.com\/pl\/wp-json\/wp\/v2\/product\/6001\/revisions"}],"predecessor-version":[{"id":5210401,"href":"https:\/\/lds-service.com\/pl\/wp-json\/wp\/v2\/product\/6001\/revisions\/5210401"}],"wp:featuredmedia":[{"embeddable":true,"href":"https:\/\/lds-service.com\/pl\/wp-json\/wp\/v2\/media\/6318"}],"wp:attachment":[{"href":"https:\/\/lds-service.com\/pl\/wp-json\/wp\/v2\/media?parent=6001"}],"wp:term":[{"taxonomy":"product_brand","embeddable":true,"href":"https:\/\/lds-service.com\/pl\/wp-json\/wp\/v2\/product_brand?post=6001"},{"taxonomy":"product_cat","embeddable":true,"href":"https:\/\/lds-service.com\/pl\/wp-json\/wp\/v2\/product_cat?post=6001"},{"taxonomy":"product_tag","embeddable":true,"href":"https:\/\/lds-service.com\/pl\/wp-json\/wp\/v2\/product_tag?post=6001"}],"curies":[{"name":"wp","href":"https:\/\/api.w.org\/{rel}","templated":true}]}}