{"id":6005,"date":"2023-07-26T11:12:48","date_gmt":"2023-07-26T09:12:48","guid":{"rendered":"https:\/\/yesvcan.de\/?post_type=product&#038;p=6005"},"modified":"2025-08-06T14:45:45","modified_gmt":"2025-08-06T12:45:45","slug":"kolka-wozka-sklepowego-topmove-do-wspinaczki-po-schodach","status":"publish","type":"product","link":"https:\/\/lds-service.com\/pl\/product\/topmove-einkaufstrolley-raeder-treppensteiger\/","title":{"rendered":"W\u00f3zek na zakupy Topmove na k\u00f3\u0142kach, wspinaczka po schodach"},"content":{"rendered":"<p>IAN 290319, 304490,322241, einkaufs-,trolley,shopping-,6,rad, 3,2,rad,lidl,treppensteiger, topmove, ersatz-r\u00e4der<\/p>","protected":false},"excerpt":{"rendered":"<p>Zakres dostawy: 1 para k\u00f3\u0142ek do wspinania si\u0119 po schodach do poprzednich w\u00f3zk\u00f3w sklepowych<\/p>\n<p>(Ko\u0142a te pasuj\u0105 do osi 12 mm w\u00f3zka dwuko\u0142owego. W zale\u017cno\u015bci od wysoko\u015bci monta\u017cu mo\u017cna r\u00f3wnie\u017c zastosowa\u0107 zamontowane b\u0142otniki.)<\/p>\n<p>Pasuje do artyku\u0142u IAN 290319,304490,322241<\/p>","protected":false},"featured_media":7264,"template":"","meta":{"site-sidebar-layout":"default","site-content-layout":"","ast-site-content-layout":"default","site-content-style":"default","site-sidebar-style":"default","ast-global-header-display":"","ast-banner-title-visibility":"","ast-main-header-display":"","ast-hfb-above-header-display":"","ast-hfb-below-header-display":"","ast-hfb-mobile-header-display":"","site-post-title":"","ast-breadcrumbs-content":"","ast-featured-img":"","footer-sml-layout":"","theme-transparent-header-meta":"default","adv-header-id-meta":"","stick-header-meta":"default","header-above-stick-meta":"","header-main-stick-meta":"","header-below-stick-meta":"","astra-migrate-meta-layouts":"set","ast-page-background-enabled":"default","ast-page-background-meta":{"desktop":{"background-color":"","background-image":"","background-repeat":"repeat","background-position":"center center","background-size":"auto","background-attachment":"scroll","background-type":"","background-media":"","overlay-type":"","overlay-color":"","overlay-opacity":"","overlay-gradient":""},"tablet":{"background-color":"","background-image":"","background-repeat":"repeat","background-position":"center center","background-size":"auto","background-attachment":"scroll","background-type":"","background-media":"","overlay-type":"","overlay-color":"","overlay-opacity":"","overlay-gradient":""},"mobile":{"background-color":"","background-image":"","background-repeat":"repeat","background-position":"center center","background-size":"auto","background-attachment":"scroll","background-type":"","background-media":"","overlay-type":"","overlay-color":"","overlay-opacity":"","overlay-gradient":""}},"ast-content-background-meta":{"desktop":{"background-color":"var(--ast-global-color-5)","background-image":"","background-repeat":"repeat","background-position":"center center","background-size":"auto","background-attachment":"scroll","background-type":"","background-media":"","overlay-type":"","overlay-color":"","overlay-opacity":"","overlay-gradient":""},"tablet":{"background-color":"var(--ast-global-color-5)","background-image":"","background-repeat":"repeat","background-position":"center center","background-size":"auto","background-attachment":"scroll","background-type":"","background-media":"","overlay-type":"","overlay-color":"","overlay-opacity":"","overlay-gradient":""},"mobile":{"background-color":"var(--ast-global-color-5)","background-image":"","background-repeat":"repeat","background-position":"center center","background-size":"auto","background-attachment":"scroll","background-type":"","background-media":"","overlay-type":"","overlay-color":"","overlay-opacity":"","overlay-gradient":""}}},"product_brand":[],"product_cat":[156],"product_tag":[340,339,337,334,342,333,190,338,336,310,341,335],"class_list":{"0":"post-6005","1":"product","2":"type-product","3":"status-publish","4":"has-post-thumbnail","6":"product_cat-einkaufstrolley","7":"product_tag-340","8":"product_tag-339","9":"product_tag-337","10":"product_tag-einkaufs","11":"product_tag-ersatz-raeder","12":"product_tag-ian-337463-343423","13":"product_tag-lidl","14":"product_tag-rad","15":"product_tag-shopping","16":"product_tag-topmove","17":"product_tag-treppensteiger","18":"product_tag-trolley","19":"desktop-align-left","20":"tablet-align-left","21":"mobile-align-left","22":"ast-product-gallery-layout-horizontal","24":"first","25":"instock","26":"taxable","27":"shipping-taxable","28":"purchasable","29":"product-type-simple"},"_links":{"self":[{"href":"https:\/\/lds-service.com\/pl\/wp-json\/wp\/v2\/product\/6005","targetHints":{"allow":["GET"]}}],"collection":[{"href":"https:\/\/lds-service.com\/pl\/wp-json\/wp\/v2\/product"}],"about":[{"href":"https:\/\/lds-service.com\/pl\/wp-json\/wp\/v2\/types\/product"}],"version-history":[{"count":0,"href":"https:\/\/lds-service.com\/pl\/wp-json\/wp\/v2\/product\/6005\/revisions"}],"wp:featuredmedia":[{"embeddable":true,"href":"https:\/\/lds-service.com\/pl\/wp-json\/wp\/v2\/media\/7264"}],"wp:attachment":[{"href":"https:\/\/lds-service.com\/pl\/wp-json\/wp\/v2\/media?parent=6005"}],"wp:term":[{"taxonomy":"product_brand","embeddable":true,"href":"https:\/\/lds-service.com\/pl\/wp-json\/wp\/v2\/product_brand?post=6005"},{"taxonomy":"product_cat","embeddable":true,"href":"https:\/\/lds-service.com\/pl\/wp-json\/wp\/v2\/product_cat?post=6005"},{"taxonomy":"product_tag","embeddable":true,"href":"https:\/\/lds-service.com\/pl\/wp-json\/wp\/v2\/product_tag?post=6005"}],"curies":[{"name":"wp","href":"https:\/\/api.w.org\/{rel}","templated":true}]}}