{"id":6079,"date":"2023-07-26T11:13:11","date_gmt":"2023-07-26T09:13:11","guid":{"rendered":"https:\/\/yesvcan.de\/?post_type=product&#038;p=6079"},"modified":"2026-04-28T20:51:10","modified_gmt":"2026-04-28T18:51:10","slug":"10-x-podkladek-asfaltowych-crivit-nw","status":"publish","type":"product","link":"https:\/\/lds-service.com\/pl\/product\/10-x-crivit-nw-asphalt-pads\/","title":{"rendered":"Crivit Nordic Walking Sticks Ochraniacze - 10 sztuk w zestawie"},"content":{"rendered":"","protected":false},"excerpt":{"rendered":"<p>Pasuje do nast\u0119puj\u0105cych numer\u00f3w IAN: 292986 307011 326845<\/p>\n<p>Profilowane, amortyzuj\u0105ce nak\u0142adki asfaltowe do najnowszej generacji kijk\u00f3w do Nordic Walkingu Crivit.<br \/>\nPodk\u0142adki wykonane s\u0105 z antypo\u015blizgowego tworzywa TPR chroni\u0105cego metalowe ko\u0144c\u00f3wki<br \/>\nposiada\u0107 odpowiednie wg\u0142\u0119bienie, przez kt\u00f3re przechodzi metalowa ko\u0144c\u00f3wka.<\/p>\n<ul>\n<li>Profilowane podk\u0142adki asfaltowe pod kijki do Nordic Walking marki Crivit<\/li>\n<li>Wymiary: d\u0142. 53, otw\u00f3r na tyczk\u0119 na zewn\u0105trz 24 mm x wewn\u0105trz 10 mm<\/li>\n<li>Wzmocnione wewn\u0105trz metalowym pier\u015bcieniem<\/li>\n<li>Waga 11 gram\u00f3w na podk\u0142adk\u0119<\/li>\n<\/ul>\n<p>Wi\u0119cej informacji na temat kijk\u00f3w do nordicwalkingu FX carbon mo\u017cna znale\u017a\u0107 w zak\u0142adce <a data-link-type=\"external\" data-type=\"linkpicker\" href=\"http:\/\/www.lidl-service.com\/static\/333933634\/282089_CH_DE_FR_IT.pdf\">instrukcja obs\u0142ugi<\/a> swojego modelu.<\/p>","protected":false},"featured_media":6516,"template":"","meta":{"site-sidebar-layout":"default","site-content-layout":"default","ast-site-content-layout":"default","site-content-style":"default","site-sidebar-style":"default","ast-global-header-display":"","ast-banner-title-visibility":"","ast-main-header-display":"","ast-hfb-above-header-display":"","ast-hfb-below-header-display":"","ast-hfb-mobile-header-display":"","site-post-title":"","ast-breadcrumbs-content":"","ast-featured-img":"","footer-sml-layout":"","theme-transparent-header-meta":"default","adv-header-id-meta":"","stick-header-meta":"default","header-above-stick-meta":"","header-main-stick-meta":"","header-below-stick-meta":"","astra-migrate-meta-layouts":"default","ast-page-background-enabled":"default","ast-page-background-meta":{"desktop":{"background-color":"","background-image":"","background-repeat":"repeat","background-position":"center center","background-size":"auto","background-attachment":"scroll","background-type":"","background-media":"","overlay-type":"","overlay-color":"","overlay-opacity":"","overlay-gradient":""},"tablet":{"background-color":"","background-image":"","background-repeat":"repeat","background-position":"center center","background-size":"auto","background-attachment":"scroll","background-type":"","background-media":"","overlay-type":"","overlay-color":"","overlay-opacity":"","overlay-gradient":""},"mobile":{"background-color":"","background-image":"","background-repeat":"repeat","background-position":"center center","background-size":"auto","background-attachment":"scroll","background-type":"","background-media":"","overlay-type":"","overlay-color":"","overlay-opacity":"","overlay-gradient":""}},"ast-content-background-meta":{"desktop":{"background-color":"var(--ast-global-color-5)","background-image":"","background-repeat":"repeat","background-position":"center center","background-size":"auto","background-attachment":"scroll","background-type":"","background-media":"","overlay-type":"","overlay-color":"","overlay-opacity":"","overlay-gradient":""},"tablet":{"background-color":"var(--ast-global-color-5)","background-image":"","background-repeat":"repeat","background-position":"center center","background-size":"auto","background-attachment":"scroll","background-type":"","background-media":"","overlay-type":"","overlay-color":"","overlay-opacity":"","overlay-gradient":""},"mobile":{"background-color":"var(--ast-global-color-5)","background-image":"","background-repeat":"repeat","background-position":"center center","background-size":"auto","background-attachment":"scroll","background-type":"","background-media":"","overlay-type":"","overlay-color":"","overlay-opacity":"","overlay-gradient":""}}},"product_brand":[],"product_cat":[143],"product_tag":[433,432,482,484,483,447,191,481,190,480,448],"class_list":{"0":"post-6079","1":"product","2":"type-product","3":"status-publish","4":"has-post-thumbnail","6":"product_cat-trekking-und-nw-stoecke","7":"product_tag-433","8":"product_tag-432","9":"product_tag-482","10":"product_tag-484","11":"product_tag-483","12":"product_tag-asphalt-pads","13":"product_tag-crivit","14":"product_tag-fx-carbon-nordic-walking-stoecken","15":"product_tag-lidl","16":"product_tag-nordic-walking","17":"product_tag-pads","18":"desktop-align-left","19":"tablet-align-left","20":"mobile-align-left","21":"ast-product-gallery-layout-horizontal","22":"ast-product-gallery-with-no-image","24":"first","25":"instock","26":"taxable","27":"shipping-taxable","28":"purchasable","29":"product-type-simple"},"_links":{"self":[{"href":"https:\/\/lds-service.com\/pl\/wp-json\/wp\/v2\/product\/6079","targetHints":{"allow":["GET"]}}],"collection":[{"href":"https:\/\/lds-service.com\/pl\/wp-json\/wp\/v2\/product"}],"about":[{"href":"https:\/\/lds-service.com\/pl\/wp-json\/wp\/v2\/types\/product"}],"version-history":[{"count":0,"href":"https:\/\/lds-service.com\/pl\/wp-json\/wp\/v2\/product\/6079\/revisions"}],"wp:featuredmedia":[{"embeddable":true,"href":"https:\/\/lds-service.com\/pl\/wp-json\/wp\/v2\/media\/6516"}],"wp:attachment":[{"href":"https:\/\/lds-service.com\/pl\/wp-json\/wp\/v2\/media?parent=6079"}],"wp:term":[{"taxonomy":"product_brand","embeddable":true,"href":"https:\/\/lds-service.com\/pl\/wp-json\/wp\/v2\/product_brand?post=6079"},{"taxonomy":"product_cat","embeddable":true,"href":"https:\/\/lds-service.com\/pl\/wp-json\/wp\/v2\/product_cat?post=6079"},{"taxonomy":"product_tag","embeddable":true,"href":"https:\/\/lds-service.com\/pl\/wp-json\/wp\/v2\/product_tag?post=6079"}],"curies":[{"name":"wp","href":"https:\/\/api.w.org\/{rel}","templated":true}]}}