{"id":6404,"date":"2023-07-29T21:18:17","date_gmt":"2023-07-29T19:18:17","guid":{"rendered":"https:\/\/yesvcan.de\/?post_type=product&#038;p=6404"},"modified":"2026-02-09T14:44:44","modified_gmt":"2026-02-09T13:44:44","slug":"tuleja-zacisku-siodelka-do-roweru-miejskiego-crivit-e-2-czesciowego","status":"publish","type":"product","link":"https:\/\/lds-service.com\/pl\/product\/sattelklemme-buchse-fuer-crivit-urban-e-bike-2-teilig\/","title":{"rendered":"Zacisk siode\u0142ka Urban eBike + klucz #22 + gniazdo #23 BDA Cz\u0119\u015b\u0107 16"},"content":{"rendered":"<p>Kompatibel mit IAN 413888 und 413889 e-bike von Crivit<\/p>","protected":false},"excerpt":{"rendered":"<p>Zakres dostawy: zacisk siod\u0142owy z zamkiem i kluczami w zestawie<\/p>\n<p>Kompatybilny z IAN 413888 i 413889<\/p>","protected":false},"featured_media":6406,"template":"","meta":{"site-sidebar-layout":"default","site-content-layout":"default","ast-site-content-layout":"default","site-content-style":"default","site-sidebar-style":"default","ast-global-header-display":"","ast-banner-title-visibility":"","ast-main-header-display":"","ast-hfb-above-header-display":"","ast-hfb-below-header-display":"","ast-hfb-mobile-header-display":"","site-post-title":"","ast-breadcrumbs-content":"","ast-featured-img":"","footer-sml-layout":"","theme-transparent-header-meta":"default","adv-header-id-meta":"","stick-header-meta":"default","header-above-stick-meta":"","header-main-stick-meta":"","header-below-stick-meta":"","astra-migrate-meta-layouts":"set","ast-page-background-enabled":"default","ast-page-background-meta":{"desktop":{"background-color":"","background-image":"","background-repeat":"repeat","background-position":"center center","background-size":"auto","background-attachment":"scroll","background-type":"","background-media":"","overlay-type":"","overlay-color":"","overlay-opacity":"","overlay-gradient":""},"tablet":{"background-color":"","background-image":"","background-repeat":"repeat","background-position":"center center","background-size":"auto","background-attachment":"scroll","background-type":"","background-media":"","overlay-type":"","overlay-color":"","overlay-opacity":"","overlay-gradient":""},"mobile":{"background-color":"","background-image":"","background-repeat":"repeat","background-position":"center center","background-size":"auto","background-attachment":"scroll","background-type":"","background-media":"","overlay-type":"","overlay-color":"","overlay-opacity":"","overlay-gradient":""}},"ast-content-background-meta":{"desktop":{"background-color":"var(--ast-global-color-5)","background-image":"","background-repeat":"repeat","background-position":"center center","background-size":"auto","background-attachment":"scroll","background-type":"","background-media":"","overlay-type":"","overlay-color":"","overlay-opacity":"","overlay-gradient":""},"tablet":{"background-color":"var(--ast-global-color-5)","background-image":"","background-repeat":"repeat","background-position":"center center","background-size":"auto","background-attachment":"scroll","background-type":"","background-media":"","overlay-type":"","overlay-color":"","overlay-opacity":"","overlay-gradient":""},"mobile":{"background-color":"var(--ast-global-color-5)","background-image":"","background-repeat":"repeat","background-position":"center center","background-size":"auto","background-attachment":"scroll","background-type":"","background-media":"","overlay-type":"","overlay-color":"","overlay-opacity":"","overlay-gradient":""}}},"product_brand":[],"product_cat":[713],"product_tag":[589,590,658,588],"class_list":{"0":"post-6404","1":"product","2":"type-product","3":"status-publish","4":"has-post-thumbnail","6":"product_cat-crivit-urban-ebike-x1y1","7":"product_tag-carbon","8":"product_tag-karbon","9":"product_tag-kompatibel-mit-ian-413888-und-413889-e-bike-crivit-urban-teile","10":"product_tag-riemen","11":"desktop-align-left","12":"tablet-align-left","13":"mobile-align-left","14":"ast-product-gallery-layout-horizontal","15":"ast-product-gallery-with-no-image","17":"first","18":"outofstock","19":"taxable","20":"shipping-taxable","21":"purchasable","22":"product-type-simple"},"_links":{"self":[{"href":"https:\/\/lds-service.com\/pl\/wp-json\/wp\/v2\/product\/6404","targetHints":{"allow":["GET"]}}],"collection":[{"href":"https:\/\/lds-service.com\/pl\/wp-json\/wp\/v2\/product"}],"about":[{"href":"https:\/\/lds-service.com\/pl\/wp-json\/wp\/v2\/types\/product"}],"version-history":[{"count":1,"href":"https:\/\/lds-service.com\/pl\/wp-json\/wp\/v2\/product\/6404\/revisions"}],"predecessor-version":[{"id":5209905,"href":"https:\/\/lds-service.com\/pl\/wp-json\/wp\/v2\/product\/6404\/revisions\/5209905"}],"wp:featuredmedia":[{"embeddable":true,"href":"https:\/\/lds-service.com\/pl\/wp-json\/wp\/v2\/media\/6406"}],"wp:attachment":[{"href":"https:\/\/lds-service.com\/pl\/wp-json\/wp\/v2\/media?parent=6404"}],"wp:term":[{"taxonomy":"product_brand","embeddable":true,"href":"https:\/\/lds-service.com\/pl\/wp-json\/wp\/v2\/product_brand?post=6404"},{"taxonomy":"product_cat","embeddable":true,"href":"https:\/\/lds-service.com\/pl\/wp-json\/wp\/v2\/product_cat?post=6404"},{"taxonomy":"product_tag","embeddable":true,"href":"https:\/\/lds-service.com\/pl\/wp-json\/wp\/v2\/product_tag?post=6404"}],"curies":[{"name":"wp","href":"https:\/\/api.w.org\/{rel}","templated":true}]}}