{"id":6412,"date":"2023-07-30T00:14:36","date_gmt":"2023-07-29T22:14:36","guid":{"rendered":"https:\/\/yesvcan.de\/?post_type=product&#038;p=6412"},"modified":"2025-08-30T11:53:06","modified_gmt":"2025-08-30T09:53:06","slug":"doppelhubpumpe-mistral-sup-isup","status":"publish","type":"product","link":"https:\/\/lds-service.com\/pl\/product\/doppelhubpumpe-mistral-sup-isup\/","title":{"rendered":"Pompka dwustronnego dzia\u0142ania Mistral SUP ISUP"},"content":{"rendered":"","protected":false},"excerpt":{"rendered":"<p>Zakres dostawy: Pompa dwustronnego dzia\u0142ania Mistral ze zintegrowanym adapterem zaworu SUP<\/p>\n<ul>\n<li>Pompuje podczas suwu w g\u00f3r\u0119 i w d\u00f3\u0142, gdy aktywna jest funkcja podw\u00f3jnego suwu\u200b<\/li>\n<li>Funkcja pompowania i opr\u00f3\u017cniania poprzez zmian\u0119 w\u0119\u017ca<\/li>\n<li>Z manometrem i w\u0119\u017cem<\/li>\n<li>Idealnie mie\u015bci si\u0119 w plecaku<\/li>\n<li>Obj\u0119to\u015b\u0107: 1,8 + 1,4 l\u200b<\/li>\n<li>Manometr: maks. 21 psi<\/li>\n<\/ul>","protected":false},"featured_media":6414,"template":"","meta":{"site-sidebar-layout":"default","site-content-layout":"default","ast-site-content-layout":"default","site-content-style":"default","site-sidebar-style":"default","ast-global-header-display":"","ast-banner-title-visibility":"","ast-main-header-display":"","ast-hfb-above-header-display":"","ast-hfb-below-header-display":"","ast-hfb-mobile-header-display":"","site-post-title":"","ast-breadcrumbs-content":"","ast-featured-img":"","footer-sml-layout":"","theme-transparent-header-meta":"default","adv-header-id-meta":"","stick-header-meta":"default","header-above-stick-meta":"","header-main-stick-meta":"","header-below-stick-meta":"","astra-migrate-meta-layouts":"default","ast-page-background-enabled":"default","ast-page-background-meta":{"desktop":{"background-color":"","background-image":"","background-repeat":"repeat","background-position":"center center","background-size":"auto","background-attachment":"scroll","background-type":"","background-media":"","overlay-type":"","overlay-color":"","overlay-opacity":"","overlay-gradient":""},"tablet":{"background-color":"","background-image":"","background-repeat":"repeat","background-position":"center center","background-size":"auto","background-attachment":"scroll","background-type":"","background-media":"","overlay-type":"","overlay-color":"","overlay-opacity":"","overlay-gradient":""},"mobile":{"background-color":"","background-image":"","background-repeat":"repeat","background-position":"center center","background-size":"auto","background-attachment":"scroll","background-type":"","background-media":"","overlay-type":"","overlay-color":"","overlay-opacity":"","overlay-gradient":""}},"ast-content-background-meta":{"desktop":{"background-color":"var(--ast-global-color-5)","background-image":"","background-repeat":"repeat","background-position":"center center","background-size":"auto","background-attachment":"scroll","background-type":"","background-media":"","overlay-type":"","overlay-color":"","overlay-opacity":"","overlay-gradient":""},"tablet":{"background-color":"var(--ast-global-color-5)","background-image":"","background-repeat":"repeat","background-position":"center center","background-size":"auto","background-attachment":"scroll","background-type":"","background-media":"","overlay-type":"","overlay-color":"","overlay-opacity":"","overlay-gradient":""},"mobile":{"background-color":"var(--ast-global-color-5)","background-image":"","background-repeat":"repeat","background-position":"center center","background-size":"auto","background-attachment":"scroll","background-type":"","background-media":"","overlay-type":"","overlay-color":"","overlay-opacity":"","overlay-gradient":""}}},"product_brand":[],"product_cat":[140],"product_tag":[324,325,326,327,328,329,330,331,323],"class_list":{"0":"post-6412","1":"product","2":"type-product","3":"status-publish","4":"has-post-thumbnail","6":"product_cat-lidl-sup-ersatzteile","7":"product_tag-324","8":"product_tag-325","9":"product_tag-326","10":"product_tag-327","11":"product_tag-328","12":"product_tag-329","13":"product_tag-330","14":"product_tag-331","15":"product_tag-lidl-mistral-f2-floral-yoga-race-touring-jugend-allround-team-11-10-12-us-box-nutstein-schiene-ersatz-finne-stand-up-paddling-board-crivit-385699","16":"desktop-align-left","17":"tablet-align-left","18":"mobile-align-left","19":"ast-product-gallery-layout-horizontal","20":"ast-product-gallery-with-no-image","22":"first","23":"instock","24":"taxable","25":"shipping-taxable","26":"purchasable","27":"product-type-simple"},"_links":{"self":[{"href":"https:\/\/lds-service.com\/pl\/wp-json\/wp\/v2\/product\/6412","targetHints":{"allow":["GET"]}}],"collection":[{"href":"https:\/\/lds-service.com\/pl\/wp-json\/wp\/v2\/product"}],"about":[{"href":"https:\/\/lds-service.com\/pl\/wp-json\/wp\/v2\/types\/product"}],"version-history":[{"count":0,"href":"https:\/\/lds-service.com\/pl\/wp-json\/wp\/v2\/product\/6412\/revisions"}],"wp:featuredmedia":[{"embeddable":true,"href":"https:\/\/lds-service.com\/pl\/wp-json\/wp\/v2\/media\/6414"}],"wp:attachment":[{"href":"https:\/\/lds-service.com\/pl\/wp-json\/wp\/v2\/media?parent=6412"}],"wp:term":[{"taxonomy":"product_brand","embeddable":true,"href":"https:\/\/lds-service.com\/pl\/wp-json\/wp\/v2\/product_brand?post=6412"},{"taxonomy":"product_cat","embeddable":true,"href":"https:\/\/lds-service.com\/pl\/wp-json\/wp\/v2\/product_cat?post=6412"},{"taxonomy":"product_tag","embeddable":true,"href":"https:\/\/lds-service.com\/pl\/wp-json\/wp\/v2\/product_tag?post=6412"}],"curies":[{"name":"wp","href":"https:\/\/api.w.org\/{rel}","templated":true}]}}