{"id":6416,"date":"2023-07-30T00:25:20","date_gmt":"2023-07-29T22:25:20","guid":{"rendered":"https:\/\/yesvcan.de\/?post_type=product&#038;p=6416"},"modified":"2026-04-06T00:21:37","modified_gmt":"2026-04-05T22:21:37","slug":"wioslo-mistral-sup-isup-4-czesciowe","status":"publish","type":"product","link":"https:\/\/lds-service.com\/pl\/product\/paddel-mistral-sup-isup-4-teilig\/","title":{"rendered":"Wios\u0142o SUP ISUP 4-cz\u0119\u015bciowe F2 lub Mistral"},"content":{"rendered":"","protected":false},"excerpt":{"rendered":"<p>Zakres dostawy: 1 wios\u0142o do kajaka\/SUP, jak pokazano, marki F2 lub Mistral, w zale\u017cno\u015bci od dost\u0119pno\u015bci<\/p>\n<ul>\n<li>Regulowane pod wzgl\u0119dem d\u0142ugo\u015bci, 4-cz\u0119\u015bciowe, uniwersalne wios\u0142o (ok. 165-215 cm) \u2013 mo\u017cliwo\u015b\u0107 przekszta\u0142cenia w wios\u0142o podw\u00f3jne (ok. 220 cm)<\/li>\n<li>Z ergonomicznym uchwytem<\/li>\n<\/ul>","protected":false},"featured_media":6418,"template":"","meta":{"site-sidebar-layout":"default","site-content-layout":"default","ast-site-content-layout":"default","site-content-style":"default","site-sidebar-style":"default","ast-global-header-display":"","ast-banner-title-visibility":"","ast-main-header-display":"","ast-hfb-above-header-display":"","ast-hfb-below-header-display":"","ast-hfb-mobile-header-display":"","site-post-title":"","ast-breadcrumbs-content":"","ast-featured-img":"","footer-sml-layout":"","theme-transparent-header-meta":"default","adv-header-id-meta":"","stick-header-meta":"default","header-above-stick-meta":"","header-main-stick-meta":"","header-below-stick-meta":"","astra-migrate-meta-layouts":"set","ast-page-background-enabled":"default","ast-page-background-meta":{"desktop":{"background-color":"","background-image":"","background-repeat":"repeat","background-position":"center center","background-size":"auto","background-attachment":"scroll","background-type":"","background-media":"","overlay-type":"","overlay-color":"","overlay-opacity":"","overlay-gradient":""},"tablet":{"background-color":"","background-image":"","background-repeat":"repeat","background-position":"center center","background-size":"auto","background-attachment":"scroll","background-type":"","background-media":"","overlay-type":"","overlay-color":"","overlay-opacity":"","overlay-gradient":""},"mobile":{"background-color":"","background-image":"","background-repeat":"repeat","background-position":"center center","background-size":"auto","background-attachment":"scroll","background-type":"","background-media":"","overlay-type":"","overlay-color":"","overlay-opacity":"","overlay-gradient":""}},"ast-content-background-meta":{"desktop":{"background-color":"var(--ast-global-color-5)","background-image":"","background-repeat":"repeat","background-position":"center center","background-size":"auto","background-attachment":"scroll","background-type":"","background-media":"","overlay-type":"","overlay-color":"","overlay-opacity":"","overlay-gradient":""},"tablet":{"background-color":"var(--ast-global-color-5)","background-image":"","background-repeat":"repeat","background-position":"center center","background-size":"auto","background-attachment":"scroll","background-type":"","background-media":"","overlay-type":"","overlay-color":"","overlay-opacity":"","overlay-gradient":""},"mobile":{"background-color":"var(--ast-global-color-5)","background-image":"","background-repeat":"repeat","background-position":"center center","background-size":"auto","background-attachment":"scroll","background-type":"","background-media":"","overlay-type":"","overlay-color":"","overlay-opacity":"","overlay-gradient":""}}},"product_brand":[],"product_cat":[140],"product_tag":[324,325,326,327,936,328,329,330,331,668,937,323,591,667],"class_list":{"0":"post-6416","1":"product","2":"type-product","3":"status-publish","4":"has-post-thumbnail","6":"product_cat-lidl-sup-ersatzteile","7":"product_tag-324","8":"product_tag-325","9":"product_tag-326","10":"product_tag-327","11":"product_tag-4-teilig","12":"product_tag-328","13":"product_tag-329","14":"product_tag-330","15":"product_tag-331","16":"product_tag-isup","17":"product_tag-kajak","18":"product_tag-lidl-mistral-f2-floral-yoga-race-touring-jugend-allround-team-11-10-12-us-box-nutstein-schiene-ersatz-finne-stand-up-paddling-board-crivit-385699","19":"product_tag-paddel","20":"product_tag-sup","21":"desktop-align-left","22":"tablet-align-left","23":"mobile-align-left","24":"ast-product-gallery-layout-horizontal","25":"ast-product-gallery-with-no-image","27":"first","28":"instock","29":"sold-individually","30":"taxable","31":"shipping-taxable","32":"purchasable","33":"product-type-simple"},"_links":{"self":[{"href":"https:\/\/lds-service.com\/pl\/wp-json\/wp\/v2\/product\/6416","targetHints":{"allow":["GET"]}}],"collection":[{"href":"https:\/\/lds-service.com\/pl\/wp-json\/wp\/v2\/product"}],"about":[{"href":"https:\/\/lds-service.com\/pl\/wp-json\/wp\/v2\/types\/product"}],"version-history":[{"count":2,"href":"https:\/\/lds-service.com\/pl\/wp-json\/wp\/v2\/product\/6416\/revisions"}],"predecessor-version":[{"id":5210090,"href":"https:\/\/lds-service.com\/pl\/wp-json\/wp\/v2\/product\/6416\/revisions\/5210090"}],"wp:featuredmedia":[{"embeddable":true,"href":"https:\/\/lds-service.com\/pl\/wp-json\/wp\/v2\/media\/6418"}],"wp:attachment":[{"href":"https:\/\/lds-service.com\/pl\/wp-json\/wp\/v2\/media?parent=6416"}],"wp:term":[{"taxonomy":"product_brand","embeddable":true,"href":"https:\/\/lds-service.com\/pl\/wp-json\/wp\/v2\/product_brand?post=6416"},{"taxonomy":"product_cat","embeddable":true,"href":"https:\/\/lds-service.com\/pl\/wp-json\/wp\/v2\/product_cat?post=6416"},{"taxonomy":"product_tag","embeddable":true,"href":"https:\/\/lds-service.com\/pl\/wp-json\/wp\/v2\/product_tag?post=6416"}],"curies":[{"name":"wp","href":"https:\/\/api.w.org\/{rel}","templated":true}]}}