{"id":9288,"date":"2025-06-10T19:03:45","date_gmt":"2025-06-10T17:03:45","guid":{"rendered":"https:\/\/lds-service.com\/?post_type=product&#038;p=9288"},"modified":"2025-11-11T16:34:00","modified_gmt":"2025-11-11T15:34:00","slug":"zestaw-czesci-rozowy-01-kola-os-hamulec-do-hulajnogi-trojkolowej-playtive-471145","status":"publish","type":"product","link":"https:\/\/lds-service.com\/pl\/product\/teile-set-rosa-01-raeder-achse-bremse-fuer-playtive-tri-scooter-471145\/","title":{"rendered":"Zestaw cz\u0119\u015bci r\u00f3\u017cowy #01 ko\u0142a + o\u015b + hamulec do hulajnogi Playtive Tri-Scooter 471145"},"content":{"rendered":"","protected":false},"excerpt":{"rendered":"<p>Zakres dostawy: 1 zestaw cz\u0119\u015bci Tri-Scooter r\u00f3\u017cowy #01 pasuj\u0105cy do IAN 471145<\/p>","protected":false},"featured_media":0,"template":"","meta":{"site-sidebar-layout":"default","site-content-layout":"default","ast-site-content-layout":"default","site-content-style":"default","site-sidebar-style":"default","ast-global-header-display":"","ast-banner-title-visibility":"","ast-main-header-display":"","ast-hfb-above-header-display":"","ast-hfb-below-header-display":"","ast-hfb-mobile-header-display":"","site-post-title":"","ast-breadcrumbs-content":"","ast-featured-img":"","footer-sml-layout":"","theme-transparent-header-meta":"default","adv-header-id-meta":"","stick-header-meta":"default","header-above-stick-meta":"","header-main-stick-meta":"","header-below-stick-meta":"","astra-migrate-meta-layouts":"set","ast-page-background-enabled":"default","ast-page-background-meta":{"desktop":{"background-color":"","background-image":"","background-repeat":"repeat","background-position":"center center","background-size":"auto","background-attachment":"scroll","background-type":"","background-media":"","overlay-type":"","overlay-color":"","overlay-opacity":"","overlay-gradient":""},"tablet":{"background-color":"","background-image":"","background-repeat":"repeat","background-position":"center center","background-size":"auto","background-attachment":"scroll","background-type":"","background-media":"","overlay-type":"","overlay-color":"","overlay-opacity":"","overlay-gradient":""},"mobile":{"background-color":"","background-image":"","background-repeat":"repeat","background-position":"center center","background-size":"auto","background-attachment":"scroll","background-type":"","background-media":"","overlay-type":"","overlay-color":"","overlay-opacity":"","overlay-gradient":""}},"ast-content-background-meta":{"desktop":{"background-color":"var(--ast-global-color-5)","background-image":"","background-repeat":"repeat","background-position":"center center","background-size":"auto","background-attachment":"scroll","background-type":"","background-media":"","overlay-type":"","overlay-color":"","overlay-opacity":"","overlay-gradient":""},"tablet":{"background-color":"var(--ast-global-color-5)","background-image":"","background-repeat":"repeat","background-position":"center center","background-size":"auto","background-attachment":"scroll","background-type":"","background-media":"","overlay-type":"","overlay-color":"","overlay-opacity":"","overlay-gradient":""},"mobile":{"background-color":"var(--ast-global-color-5)","background-image":"","background-repeat":"repeat","background-position":"center center","background-size":"auto","background-attachment":"scroll","background-type":"","background-media":"","overlay-type":"","overlay-color":"","overlay-opacity":"","overlay-gradient":""}}},"product_brand":[],"product_cat":[758,145],"product_tag":[778,764,803,439,767,645,636,190,597,506,802,777,766],"class_list":{"0":"post-9288","1":"product","2":"type-product","3":"status-publish","5":"product_cat-tri-scooter","6":"product_cat-scooter","7":"product_tag-778","8":"product_tag-achsen","9":"product_tag-agec","10":"product_tag-ersatzteile","11":"product_tag-hinterrad","12":"product_tag-kinder","13":"product_tag-lenker","14":"product_tag-lidl","15":"product_tag-playtive","16":"product_tag-raeder","17":"product_tag-sccoter","18":"product_tag-tri-scooter","19":"product_tag-vorderrad","20":"desktop-align-left","21":"tablet-align-left","22":"mobile-align-left","23":"ast-product-gallery-layout-horizontal","25":"first","26":"instock","27":"sold-individually","28":"taxable","29":"shipping-taxable","30":"purchasable","31":"product-type-simple"},"_links":{"self":[{"href":"https:\/\/lds-service.com\/pl\/wp-json\/wp\/v2\/product\/9288","targetHints":{"allow":["GET"]}}],"collection":[{"href":"https:\/\/lds-service.com\/pl\/wp-json\/wp\/v2\/product"}],"about":[{"href":"https:\/\/lds-service.com\/pl\/wp-json\/wp\/v2\/types\/product"}],"version-history":[{"count":2,"href":"https:\/\/lds-service.com\/pl\/wp-json\/wp\/v2\/product\/9288\/revisions"}],"predecessor-version":[{"id":9290,"href":"https:\/\/lds-service.com\/pl\/wp-json\/wp\/v2\/product\/9288\/revisions\/9290"}],"wp:attachment":[{"href":"https:\/\/lds-service.com\/pl\/wp-json\/wp\/v2\/media?parent=9288"}],"wp:term":[{"taxonomy":"product_brand","embeddable":true,"href":"https:\/\/lds-service.com\/pl\/wp-json\/wp\/v2\/product_brand?post=9288"},{"taxonomy":"product_cat","embeddable":true,"href":"https:\/\/lds-service.com\/pl\/wp-json\/wp\/v2\/product_cat?post=9288"},{"taxonomy":"product_tag","embeddable":true,"href":"https:\/\/lds-service.com\/pl\/wp-json\/wp\/v2\/product_tag?post=9288"}],"curies":[{"name":"wp","href":"https:\/\/api.w.org\/{rel}","templated":true}]}}