{"id":9292,"date":"2025-06-10T19:08:52","date_gmt":"2025-06-10T17:08:52","guid":{"rendered":"https:\/\/lds-service.com\/?post_type=product&#038;p=9292"},"modified":"2025-06-22T18:25:28","modified_gmt":"2025-06-22T16:25:28","slug":"zestaw-czesci-do-hulajnogi-trojkolowej-playtive-446529-rozowy-02-kierownica-rura-uchwyty","status":"publish","type":"product","link":"https:\/\/lds-service.com\/pl\/product\/playtive-tri-scooter-446529-teile-set-rosa-02-lenker-lenkerrohr-griffe\/","title":{"rendered":"Zestaw cz\u0119\u015bci Playtive Tri-Scooter 446529 w kolorze r\u00f3\u017cowym: #02 Kierownica + Rura kierownicy + Uchwyty"},"content":{"rendered":"","protected":false},"excerpt":{"rendered":"<p>Zakres dostawy: 1 zestaw cz\u0119\u015bci Tri-Scooter r\u00f3\u017cowy #02 pasuj\u0105cy do IAN 446529<\/p>","protected":false},"featured_media":0,"template":"","meta":{"site-sidebar-layout":"default","site-content-layout":"default","ast-site-content-layout":"default","site-content-style":"default","site-sidebar-style":"default","ast-global-header-display":"","ast-banner-title-visibility":"","ast-main-header-display":"","ast-hfb-above-header-display":"","ast-hfb-below-header-display":"","ast-hfb-mobile-header-display":"","site-post-title":"","ast-breadcrumbs-content":"","ast-featured-img":"","footer-sml-layout":"","theme-transparent-header-meta":"default","adv-header-id-meta":"","stick-header-meta":"default","header-above-stick-meta":"","header-main-stick-meta":"","header-below-stick-meta":"","astra-migrate-meta-layouts":"set","ast-page-background-enabled":"default","ast-page-background-meta":{"desktop":{"background-color":"","background-image":"","background-repeat":"repeat","background-position":"center center","background-size":"auto","background-attachment":"scroll","background-type":"","background-media":"","overlay-type":"","overlay-color":"","overlay-opacity":"","overlay-gradient":""},"tablet":{"background-color":"","background-image":"","background-repeat":"repeat","background-position":"center center","background-size":"auto","background-attachment":"scroll","background-type":"","background-media":"","overlay-type":"","overlay-color":"","overlay-opacity":"","overlay-gradient":""},"mobile":{"background-color":"","background-image":"","background-repeat":"repeat","background-position":"center center","background-size":"auto","background-attachment":"scroll","background-type":"","background-media":"","overlay-type":"","overlay-color":"","overlay-opacity":"","overlay-gradient":""}},"ast-content-background-meta":{"desktop":{"background-color":"var(--ast-global-color-5)","background-image":"","background-repeat":"repeat","background-position":"center center","background-size":"auto","background-attachment":"scroll","background-type":"","background-media":"","overlay-type":"","overlay-color":"","overlay-opacity":"","overlay-gradient":""},"tablet":{"background-color":"var(--ast-global-color-5)","background-image":"","background-repeat":"repeat","background-position":"center center","background-size":"auto","background-attachment":"scroll","background-type":"","background-media":"","overlay-type":"","overlay-color":"","overlay-opacity":"","overlay-gradient":""},"mobile":{"background-color":"var(--ast-global-color-5)","background-image":"","background-repeat":"repeat","background-position":"center center","background-size":"auto","background-attachment":"scroll","background-type":"","background-media":"","overlay-type":"","overlay-color":"","overlay-opacity":"","overlay-gradient":""}}},"product_brand":[],"product_cat":[758,145],"product_tag":[780,764,803,439,767,645,636,779,190,597,506,802,777,766],"class_list":{"0":"post-9292","1":"product","2":"type-product","3":"status-publish","5":"product_cat-tri-scooter","6":"product_cat-scooter","7":"product_tag-780","8":"product_tag-achsen","9":"product_tag-agec","10":"product_tag-ersatzteile","11":"product_tag-hinterrad","12":"product_tag-kinder","13":"product_tag-lenker","14":"product_tag-lenkstange","15":"product_tag-lidl","16":"product_tag-playtive","17":"product_tag-raeder","18":"product_tag-sccoter","19":"product_tag-tri-scooter","20":"product_tag-vorderrad","21":"desktop-align-left","22":"tablet-align-left","23":"mobile-align-left","24":"ast-product-gallery-layout-horizontal","26":"first","27":"instock","28":"sold-individually","29":"taxable","30":"shipping-taxable","31":"purchasable","32":"product-type-simple"},"_links":{"self":[{"href":"https:\/\/lds-service.com\/pl\/wp-json\/wp\/v2\/product\/9292","targetHints":{"allow":["GET"]}}],"collection":[{"href":"https:\/\/lds-service.com\/pl\/wp-json\/wp\/v2\/product"}],"about":[{"href":"https:\/\/lds-service.com\/pl\/wp-json\/wp\/v2\/types\/product"}],"version-history":[{"count":2,"href":"https:\/\/lds-service.com\/pl\/wp-json\/wp\/v2\/product\/9292\/revisions"}],"predecessor-version":[{"id":9295,"href":"https:\/\/lds-service.com\/pl\/wp-json\/wp\/v2\/product\/9292\/revisions\/9295"}],"wp:attachment":[{"href":"https:\/\/lds-service.com\/pl\/wp-json\/wp\/v2\/media?parent=9292"}],"wp:term":[{"taxonomy":"product_brand","embeddable":true,"href":"https:\/\/lds-service.com\/pl\/wp-json\/wp\/v2\/product_brand?post=9292"},{"taxonomy":"product_cat","embeddable":true,"href":"https:\/\/lds-service.com\/pl\/wp-json\/wp\/v2\/product_cat?post=9292"},{"taxonomy":"product_tag","embeddable":true,"href":"https:\/\/lds-service.com\/pl\/wp-json\/wp\/v2\/product_tag?post=9292"}],"curies":[{"name":"wp","href":"https:\/\/api.w.org\/{rel}","templated":true}]}}