{"id":55,"date":"2023-05-25T11:41:37","date_gmt":"2023-05-25T09:41:37","guid":{"rendered":"https:\/\/yesvcan.de\/?page_id=55"},"modified":"2026-01-13T15:39:41","modified_gmt":"2026-01-13T14:39:41","slug":"termos-e-condicoes-lds","status":"publish","type":"page","link":"https:\/\/lds-service.com\/pt\/terms-and-conditions-lds\/","title":{"rendered":"Termos e condi\u00e7\u00f5es gerais de neg\u00f3cios"},"content":{"rendered":"<p><strong>Termos e Condi\u00e7\u00f5es e Informa\u00e7\u00f5es do Cliente<\/strong><\/p>\n<p><strong>I. Termos e Condi\u00e7\u00f5es Gerais<\/strong><\/p>\n<p><strong>\u00a7 1 Disposi\u00e7\u00f5es B\u00e1sicas<\/strong><\/p>\n<p><strong>(1)<\/strong> Os seguintes termos e condi\u00e7\u00f5es se aplicam aos contratos que voc\u00ea tem conosco como fornecedor <strong>(kerlco GmbH)<\/strong> atrav\u00e9s do site www.delta-sport.info. Salvo acordo em contr\u00e1rio, a inclus\u00e3o de quaisquer termos que voc\u00ea possa ter usado \u00e9 contrariada.<\/p>\n<p><strong>(2)<\/strong> Um consumidor na acep\u00e7\u00e3o dos seguintes regulamentos \u00e9 qualquer pessoa f\u00edsica que conclui um neg\u00f3cio jur\u00eddico para fins que n\u00e3o podem ser atribu\u00eddos principalmente \u00e0 sua atividade comercial ou profissional independente. Empres\u00e1rio \u00e9 qualquer pessoa singular ou coletiva ou sociedade com capacidade jur\u00eddica que, ao celebrar um neg\u00f3cio jur\u00eddico, atue no exerc\u00edcio da sua atividade profissional ou comercial independente.<\/p>\n<p><strong>\u00a7 2 Conclus\u00e3o do contrato<\/strong><\/p>\n<p><strong>(1)<\/strong> Objeto do contrato \u00e9 a venda de mercadorias.<\/p>\n<p><strong>(2)<\/strong> Assim que o respectivo produto for colocado em nosso site, fazemos uma oferta vinculativa para concluir um contrato por meio do sistema de carrinho de compras on-line nas condi\u00e7\u00f5es especificadas na descri\u00e7\u00e3o do item.<\/p>\n<p><strong>(3)<\/strong>\u00a0O contrato \u00e9 celebrado atrav\u00e9s do sistema de carrinho de compras online da seguinte forma:<br \/>\nOs bens destinados \u00e0 compra s\u00e3o colocados no \u201ccarrinho de compras\u201d. Voc\u00ea pode usar o bot\u00e3o correspondente na barra de navega\u00e7\u00e3o para acessar o &quot;carrinho de compras&quot; e fazer altera\u00e7\u00f5es a qualquer momento.<br \/>\nDepois de clicar no bot\u00e3o \u201cCheckout\u201d ou \u201cContinue to order\u201d (ou designa\u00e7\u00e3o semelhante) e inserir os seus dados pessoais e as condi\u00e7\u00f5es de pagamento e envio, os dados do pedido ser\u00e3o exibidos como uma vis\u00e3o geral do pedido.<\/p>\n<p>Soweit Sie als Zahlungsart ein Sofortzahl-System (z.B. PayPal (Express\/Plus\/Checkout), Amazon Pay, Sofort) nutzen, werden Sie entweder auf die Bestell\u00fcbersichtsseite in unserem Online-Shop gef\u00fchrt oder auf die Internetseite des Anbieters des Sofortzahl-Systems weitergeleitet.<br \/>\nSe voc\u00ea for encaminhado para o respectivo sistema de pagamento instant\u00e2neo, fa\u00e7a a sele\u00e7\u00e3o apropriada ou insira seus dados l\u00e1. Finalmente, os dados do pedido ser\u00e3o exibidos como uma vis\u00e3o geral do pedido no site do provedor do sistema de pagamento instant\u00e2neo ou ap\u00f3s voc\u00ea ser redirecionado para nossa loja online.<\/p>\n<p>Antes de enviar o pedido, voc\u00ea tem a op\u00e7\u00e3o de verificar novamente os detalhes na vis\u00e3o geral do pedido, alter\u00e1-los (tamb\u00e9m usando a fun\u00e7\u00e3o &quot;voltar&quot; do navegador da Internet) ou cancelar o pedido.<\/p>\n<div>Ao enviar a encomenda atrav\u00e9s do bot\u00e3o correspondente (\u201cencomenda com obriga\u00e7\u00e3o de pagamento\u201d, \u201ccomprar\u201d \/ \u201ccomprar agora\u201d, \u201cencomenda com obriga\u00e7\u00e3o de pagar\u201d, \u201cpagar\u201d \/ \u201cpagar agora\u201d ou designa\u00e7\u00e3o semelhante), declara a sua aceita\u00e7\u00e3o da oferta de forma juridicamente vinculativa, pelo que se conclui o contrato.<\/div>\n<div><\/div>\n<p><strong>(4)<\/strong> O processamento do pedido e a transmiss\u00e3o de todas as informa\u00e7\u00f5es necess\u00e1rias relacionadas \u00e0 celebra\u00e7\u00e3o do contrato ocorrem por e-mail, em alguns casos automaticamente. Deve, portanto, garantir que o endere\u00e7o de e-mail que nos forneceu est\u00e1 correto, que o recebimento dos e-mails \u00e9 tecnicamente garantido e, em particular, que n\u00e3o \u00e9 impedido por filtros de SPAM.<\/p>\n<p><strong>\u00a7 3 Besondere Vereinbarungen zu angebotenen Zahlungsarten<\/strong><\/p>\n<p><strong>(1)\u00a0<\/strong><strong>Zahlung \u00fcber &#8220;PayPal&#8221; \/ &#8220;PayPal Checkout&#8221;<\/strong><br \/>\nBei Auswahl einer Zahlungsart, die \u00fcber &#8220;PayPal&#8221; \/ &#8220;PayPal Checkout&#8221; angeboten wird, erfolgt die Zahlungsabwicklung \u00fcber den Zahlungsdienstleister PayPal (Europe) S.\u00e0.r.l. et Cie, S.C.A. (22-24 Boulevard Royal L-2449, Luxemburg; &#8220;PayPal&#8221;). Die einzelnen Zahlungsarten \u00fcber &#8220;PayPal&#8221; werden Ihnen unter einer entsprechend bezeichneten Schaltfl\u00e4che auf unserer Internetpr\u00e4senz sowie im Online-Bestellvorgang angezeigt. F\u00fcr die Zahlungsabwicklung kann sich &#8220;PayPal&#8221; weiterer Zahlungsdienste bedienen; soweit hierf\u00fcr besondere Zahlungsbedingungen gelten, werden Sie auf diese gesondert hingewiesen. N\u00e4here Informationen zu &#8220;PayPal&#8221; finden Sie unter <a href=\"https:\/\/www.paypal.com\/de\/webapps\/mpp\/ua\/legalhub-full\" target=\"_blank\" rel=\"noopener\">https:\/\/www.paypal.com\/de\/webapps\/mpp\/ua\/legalhub-full<\/a>.<\/p>\n<p><strong>\u00a7 4 Zur\u00fcckbehaltungsrecht<\/strong><strong>, reten\u00e7\u00e3o de t\u00edtulo<\/strong><\/p>\n<p><strong>(1)<\/strong> Voc\u00ea s\u00f3 pode exercer um direito de reten\u00e7\u00e3o na medida em que diga respeito a reivindica\u00e7\u00f5es da mesma rela\u00e7\u00e3o contratual.<\/p>\n<p><strong>(2)<\/strong> As mercadorias permanecem nossa propriedade at\u00e9 que o pre\u00e7o de compra tenha sido pago integralmente.<\/p>\n<p><strong>(3)<\/strong>\u00a0Se voc\u00ea \u00e9 um empres\u00e1rio, o seguinte tamb\u00e9m se aplica:<\/p>\n<p>a) Reservamo-nos a propriedade dos bens at\u00e9 que todas as reivindica\u00e7\u00f5es da rela\u00e7\u00e3o comercial atual tenham sido totalmente resolvidas. Penhor ou cess\u00e3o como garantia n\u00e3o s\u00e3o permitidos antes que a propriedade dos bens reservados tenha passado.<\/p>\n<p>b) Voc\u00ea pode revender as mercadorias no curso normal dos neg\u00f3cios. Nesse caso, voc\u00ea cede a n\u00f3s todas as reivindica\u00e7\u00f5es no valor da fatura que se acumulam com a revenda e n\u00f3s aceitamos a cess\u00e3o. Voc\u00ea tamb\u00e9m est\u00e1 autorizado a cobrar a reclama\u00e7\u00e3o. No entanto, se voc\u00ea n\u00e3o cumprir suas obriga\u00e7\u00f5es de pagamento adequadamente, nos reservamos o direito de cobrar a reclama\u00e7\u00e3o.<\/p>\n<p>c) Se os bens reservados forem combinados e misturados, adquirimos a copropriedade do novo item na propor\u00e7\u00e3o do valor faturado dos bens reservados aos demais itens processados no momento do processamento.<\/p>\n<p>d) Comprometemo-nos a liberar os t\u00edtulos aos quais temos direito a seu pedido, desde que o valor realiz\u00e1vel de nossos t\u00edtulos exceda a reivindica\u00e7\u00e3o a ser garantida por mais de 10%. Somos respons\u00e1veis pela sele\u00e7\u00e3o dos t\u00edtulos a serem liberados.<\/p>\n<p><strong>\u00a7 5 Gew\u00e4hrleistung<\/strong><\/p>\n<p><strong>(1) <\/strong>Os direitos legais de responsabilidade por defeitos existem.<\/p>\n<p><strong>(2)<\/strong>\u00a0Como consumidor, voc\u00ea deve verificar as mercadorias imediatamente ap\u00f3s a entrega quanto \u00e0 integridade, defeitos \u00f3bvios e danos de transporte e informar a n\u00f3s e \u00e0 transportadora sobre quaisquer reclama\u00e7\u00f5es o mais r\u00e1pido poss\u00edvel. Se voc\u00ea n\u00e3o cumprir, isso n\u00e3o tem efeito sobre suas reivindica\u00e7\u00f5es de garantia estatut\u00e1rias.<\/p>\n<p><strong>(3)\u00a0<\/strong>Se uma caracter\u00edstica do produto se desviar dos requisitos objetivos, o desvio s\u00f3 \u00e9 considerado acordado se voc\u00ea tiver sido informado por n\u00f3s sobre o mesmo antes de enviar a declara\u00e7\u00e3o contratual e o desvio for expresso e separadamente acordado entre as partes contratantes.<\/p>\n<p><strong>(4)<\/strong> Se voc\u00ea for um empres\u00e1rio, o seguinte se aplica em desacordo com os regulamentos de garantia acima:<\/p>\n<p><strong>a)\u00a0\u00a0<\/strong>Apenas as nossas pr\u00f3prias informa\u00e7\u00f5es e a descri\u00e7\u00e3o do produto do fabricante s\u00e3o consideradas como a qualidade dos produtos, mas n\u00e3o outras publicidades, promo\u00e7\u00f5es p\u00fablicas e declara\u00e7\u00f5es do fabricante.<\/p>\n<p><strong>b)\u00a0 <\/strong>Em caso de defeitos, daremos garantia, a nosso crit\u00e9rio, pela retifica\u00e7\u00e3o ou posterior entrega. Se a elimina\u00e7\u00e3o do defeito falhar, voc\u00ea pode exigir uma redu\u00e7\u00e3o de pre\u00e7o ou rescindir o contrato. A rectifica\u00e7\u00e3o dos defeitos considera-se falhada ap\u00f3s uma segunda tentativa sem sucesso, salvo se outra coisa resultar da natureza do bem ou do defeito ou de outras circunst\u00e2ncias. No caso de retifica\u00e7\u00e3o, n\u00e3o temos de suportar os custos acrescidos decorrentes do transporte dos bens para um local diferente do local de execu\u00e7\u00e3o, se o transporte n\u00e3o corresponder ao uso pretendido dos bens.<\/p>\n<p><strong>c) \u00a0<\/strong>O per\u00edodo de garantia \u00e9 de um ano a partir da data de entrega. O prazo reduzido n\u00e3o se aplica:<\/p>\n<p>\u2013 danos causados culposamente atribu\u00edveis a n\u00f3s resultantes de les\u00f5es \u00e0 vida, membros ou sa\u00fade e outros danos causados intencionalmente ou por neglig\u00eancia grosseira;<br \/>\n\u2013 na medida em que ocultamos de forma fraudulenta o defeito ou assumimos uma garantia pelo estado do artigo;<br \/>\n\u2013 no caso de itens que tenham sido utilizados para um edif\u00edcio de acordo com sua finalidade usual e tenham causado seu defeito;<br \/>\n\u2013 no caso de direitos legais de recurso que voc\u00ea tem contra n\u00f3s em conex\u00e3o com direitos de garantia.<\/p>\n<p><strong>\u00a7 6 Rechtswahl, Erf\u00fcllungsort, Gerichtsstand<\/strong><\/p>\n<p><strong>(1)<\/strong>\u00a0Aplica-se a lei alem\u00e3. Para os consumidores, esta escolha de lei s\u00f3 se aplica na medida em que a prote\u00e7\u00e3o oferecida por disposi\u00e7\u00f5es imperativas da lei do estado da resid\u00eancia habitual do consumidor n\u00e3o seja retirada (princ\u00edpio do favorecimento).<\/p>\n<p><strong>(2)<\/strong>\u00a0O local de execu\u00e7\u00e3o de todos os servi\u00e7os decorrentes da rela\u00e7\u00e3o comercial conosco e o local de jurisdi\u00e7\u00e3o \u00e9 a nossa sede social, se voc\u00ea n\u00e3o for um consumidor, mas um comerciante, uma pessoa jur\u00eddica de direito p\u00fablico ou um fundo especial de direito p\u00fablico. O mesmo se aplica se voc\u00ea n\u00e3o tiver um local geral de jurisdi\u00e7\u00e3o na Alemanha ou na UE ou se seu domic\u00edlio ou resid\u00eancia habitual n\u00e3o for conhecido no momento da a\u00e7\u00e3o. A autoridade para recorrer ao tribunal em outro local legal de jurisdi\u00e7\u00e3o permanece inalterada.<\/p>\n<p><strong>(3)<\/strong>\u00a0As disposi\u00e7\u00f5es da Conven\u00e7\u00e3o de Vendas da ONU expressamente n\u00e3o se aplicam.<\/p>\n<hr \/>\n<p><strong>II. Informa\u00e7\u00f5es do cliente <\/strong><\/p>\n<p><strong>1. Identidade do Vendedor<\/strong><\/p>\n<p>kerlco GmbH<br \/>\nNikolaus-Otto-Strasse 9<br \/>\n24568 Kaltenkirchen<br \/>\nAlemanha<br \/>\nTelefone: 004941919959765<br \/>\nE-mail: info@kerlco.com<\/p>\n<p>N\u00e3o estamos dispostos e n\u00e3o somos obrigados a participar em procedimentos de resolu\u00e7\u00e3o de lit\u00edgios perante comiss\u00f5es de arbitragem do consumidor.<\/p>\n<p><strong>2. Informa\u00e7\u00f5es sobre a celebra\u00e7\u00e3o do contrato<\/strong><\/p>\n<p>As etapas t\u00e9cnicas para a conclus\u00e3o do contrato, a conclus\u00e3o do pr\u00f3prio contrato e as op\u00e7\u00f5es de corre\u00e7\u00e3o s\u00e3o realizadas de acordo com os regulamentos &quot;Conclus\u00e3o do contrato&quot; de nossos Termos e Condi\u00e7\u00f5es Gerais (Parte I.).<\/p>\n<p><strong>3. Linguagem contratual, armazenamento de texto contratual<\/strong><\/p>\n<p>3.1. O idioma do contrato \u00e9 o alem\u00e3o.<\/p>\n<p>3.2. Der vollst\u00e4ndige Vertragstext wird von uns nicht gespeichert. Vor Absenden der Bestellung \u00fcber das Online &#8211; Warenkorbsystem\u00a0k\u00f6nnen die Vertragsdaten \u00fcber die Druckfunktion des Browsers ausgedruckt oder elektronisch gesichert werden. Nach Zugang der Bestellung bei uns werden die Bestelldaten, die gesetzlich vorgeschriebenen Informationen bei Fernabsatzvertr\u00e4gen und die Allgemeinen Gesch\u00e4ftsbedingungen nochmals per E-Mail an Sie \u00fcbersandt.<\/p>\n<p><strong>4. Caracter\u00edsticas essenciais do bem ou servi\u00e7o<\/strong><\/p>\n<p>As caracter\u00edsticas essenciais do bem e\/ou servi\u00e7o podem ser encontradas na respectiva oferta.<\/p>\n<p><strong>5. Pre\u00e7os e condi\u00e7\u00f5es de pagamento<\/strong><\/p>\n<p>5.1. Os pre\u00e7os indicados nas respetivas ofertas e os custos de envio representam os pre\u00e7os totais, incluindo todos os componentes do pre\u00e7o, incluindo todos os impostos aplic\u00e1veis.<\/p>\n<p>5.2. Os custos de envio n\u00e3o est\u00e3o inclu\u00eddos no pre\u00e7o de compra. Eles podem ser acessados por meio de um bot\u00e3o correspondentemente designado em nosso site ou na respectiva oferta, s\u00e3o mostrados separadamente durante o processo de pedido e devem ser custeados por voc\u00ea, a menos que a entrega gratuita tenha sido prometida.<\/p>\n<p>5.3. Se a entrega for feita para pa\u00edses fora da Uni\u00e3o Europeia, podem ocorrer custos adicionais pelos quais n\u00e3o somos respons\u00e1veis, como taxas alfandeg\u00e1rias, impostos ou taxas de transfer\u00eancia de dinheiro (transfer\u00eancia banc\u00e1ria ou taxa de c\u00e2mbio), que voc\u00ea deve arcar.<\/p>\n<p>5.4. Voc\u00ea deve arcar com os custos incorridos pela transfer\u00eancia de dinheiro (transfer\u00eancia banc\u00e1ria ou taxas de c\u00e2mbio) nos casos em que a entrega \u00e9 feita para um estado membro da UE, mas o pagamento foi feito fora da Uni\u00e3o Europeia.<\/p>\n<p>5.5. Os m\u00e9todos de pagamento dispon\u00edveis para voc\u00ea s\u00e3o mostrados em um bot\u00e3o correspondentemente designado em nosso site ou na respectiva oferta.<\/p>\n<p>5.6. Salvo indica\u00e7\u00e3o em contr\u00e1rio para os m\u00e9todos de pagamento individuais, os pedidos de pagamento do contrato celebrado s\u00e3o devidos para pagamento imediatamente.<\/p>\n<p><strong>6. Termos de Entrega<\/strong><\/p>\n<p>6.1. As condi\u00e7\u00f5es de entrega, a data de entrega e quaisquer restri\u00e7\u00f5es de entrega existentes podem ser encontradas em um bot\u00e3o correspondente em nosso site ou na respectiva oferta.<\/p>\n<p>6.2. Se voc\u00ea \u00e9 um consumidor, \u00e9 regulamentado por lei que o risco de perda acidental e deteriora\u00e7\u00e3o acidental do item vendido durante a remessa s\u00f3 passa para voc\u00ea quando as mercadorias s\u00e3o entregues a voc\u00ea, independentemente de a remessa ser segurada ou n\u00e3o. Isso n\u00e3o se aplica se voc\u00ea contratou independentemente uma empresa de transporte n\u00e3o nomeada pelo contratante ou outra pessoa respons\u00e1vel pela realiza\u00e7\u00e3o da remessa.<\/p>\n<p>Se voc\u00ea \u00e9 um empres\u00e1rio, a entrega e o envio s\u00e3o por sua conta e risco.<\/p>\n<p><strong>7. Responsabilidade legal por defeitos <\/strong><\/p>\n<p>A responsabilidade por defeitos \u00e9 baseada na disposi\u00e7\u00e3o de \u201cGarantia\u201d em nossos Termos e Condi\u00e7\u00f5es Gerais (Parte I).<\/p>\n<p>Estes termos e condi\u00e7\u00f5es e informa\u00e7\u00f5es do cliente foram criados pelos advogados da H\u00e4ndlerbund, especializados em direito de TI, e s\u00e3o constantemente verificados quanto \u00e0 conformidade legal. A H\u00e4ndlerbund Management AG garante a seguran\u00e7a jur\u00eddica dos textos e \u00e9 respons\u00e1vel em caso de advert\u00eancias. Voc\u00ea pode encontrar mais informa\u00e7\u00f5es sobre isso em:\u00a0<a href=\"https:\/\/www.haendlerbund.de\/de\/leistungen\/rechtssicherheit\/agb-service\" target=\"_blank\" rel=\"noopener\" data-saferedirecturl=\"https:\/\/www.google.com\/url?q=https:\/\/www.haendlerbund.de\/de\/leistungen\/rechtssicherheit\/agb-service&amp;source=gmail&amp;ust=1595571225131000&amp;usg=AFQjCNFRXstfsBqXtZxEv0RC9XDgevh1EQ\">https:\/\/www.haendlerbund.de\/<wbr \/>pt\/servi\u00e7os\/<wbr \/>servi\u00e7o de seguran\u00e7a jur\u00eddica\/termos e condi\u00e7\u00f5es<\/a>.<\/p>\n<p>letzte Aktualisierung: 22.10.2024<\/p>","protected":false},"excerpt":{"rendered":"<p>Allgemeine Gesch\u00e4ftsbedingungen und Kundeninformationen I. Allgemeine Gesch\u00e4ftsbedingungen \u00a7 1 Grundlegende Bestimmungen (1) Die nachstehenden Gesch\u00e4ftsbedingungen gelten f\u00fcr Vertr\u00e4ge, die Sie mit uns als Anbieter (kerlco GmbH) \u00fcber die Internetseite www.delta-sport.info schlie\u00dfen. Soweit nicht anders vereinbart, wird der Einbeziehung gegebenenfalls von Ihnen verwendeter eigener Bedingungen widersprochen. (2) Verbraucher im Sinne der nachstehenden Regelungen ist jede nat\u00fcrliche [&hellip;]<\/p>\n","protected":false},"author":1,"featured_media":0,"parent":0,"menu_order":0,"comment_status":"closed","ping_status":"closed","template":"","meta":{"site-sidebar-layout":"default","site-content-layout":"default","ast-site-content-layout":"default","site-content-style":"default","site-sidebar-style":"default","ast-global-header-display":"","ast-banner-title-visibility":"","ast-main-header-display":"","ast-hfb-above-header-display":"","ast-hfb-below-header-display":"","ast-hfb-mobile-header-display":"","site-post-title":"","ast-breadcrumbs-content":"","ast-featured-img":"","footer-sml-layout":"","theme-transparent-header-meta":"default","adv-header-id-meta":"","stick-header-meta":"","header-above-stick-meta":"","header-main-stick-meta":"","header-below-stick-meta":"","astra-migrate-meta-layouts":"set","ast-page-background-enabled":"default","ast-page-background-meta":{"desktop":{"background-color":"","background-image":"","background-repeat":"repeat","background-position":"center center","background-size":"auto","background-attachment":"scroll","background-type":"","background-media":"","overlay-type":"","overlay-color":"","overlay-opacity":"","overlay-gradient":""},"tablet":{"background-color":"","background-image":"","background-repeat":"repeat","background-position":"center center","background-size":"auto","background-attachment":"scroll","background-type":"","background-media":"","overlay-type":"","overlay-color":"","overlay-opacity":"","overlay-gradient":""},"mobile":{"background-color":"","background-image":"","background-repeat":"repeat","background-position":"center center","background-size":"auto","background-attachment":"scroll","background-type":"","background-media":"","overlay-type":"","overlay-color":"","overlay-opacity":"","overlay-gradient":""}},"ast-content-background-meta":{"desktop":{"background-color":"var(--ast-global-color-5)","background-image":"","background-repeat":"repeat","background-position":"center center","background-size":"auto","background-attachment":"scroll","background-type":"","background-media":"","overlay-type":"","overlay-color":"","overlay-opacity":"","overlay-gradient":""},"tablet":{"background-color":"var(--ast-global-color-5)","background-image":"","background-repeat":"repeat","background-position":"center center","background-size":"auto","background-attachment":"scroll","background-type":"","background-media":"","overlay-type":"","overlay-color":"","overlay-opacity":"","overlay-gradient":""},"mobile":{"background-color":"var(--ast-global-color-5)","background-image":"","background-repeat":"repeat","background-position":"center center","background-size":"auto","background-attachment":"scroll","background-type":"","background-media":"","overlay-type":"","overlay-color":"","overlay-opacity":"","overlay-gradient":""}},"footnotes":""},"class_list":["post-55","page","type-page","status-publish","hentry"],"_links":{"self":[{"href":"https:\/\/lds-service.com\/pt\/wp-json\/wp\/v2\/pages\/55","targetHints":{"allow":["GET"]}}],"collection":[{"href":"https:\/\/lds-service.com\/pt\/wp-json\/wp\/v2\/pages"}],"about":[{"href":"https:\/\/lds-service.com\/pt\/wp-json\/wp\/v2\/types\/page"}],"author":[{"embeddable":true,"href":"https:\/\/lds-service.com\/pt\/wp-json\/wp\/v2\/users\/1"}],"replies":[{"embeddable":true,"href":"https:\/\/lds-service.com\/pt\/wp-json\/wp\/v2\/comments?post=55"}],"version-history":[{"count":1,"href":"https:\/\/lds-service.com\/pt\/wp-json\/wp\/v2\/pages\/55\/revisions"}],"predecessor-version":[{"id":5211095,"href":"https:\/\/lds-service.com\/pt\/wp-json\/wp\/v2\/pages\/55\/revisions\/5211095"}],"wp:attachment":[{"href":"https:\/\/lds-service.com\/pt\/wp-json\/wp\/v2\/media?parent=55"}],"curies":[{"name":"wp","href":"https:\/\/api.w.org\/{rel}","templated":true}]}}