{"id":6029,"date":"2023-07-26T11:12:56","date_gmt":"2023-07-26T09:12:56","guid":{"rendered":"https:\/\/yesvcan.de\/?post_type=product&#038;p=6029"},"modified":"2025-10-28T19:25:29","modified_gmt":"2025-10-28T18:25:29","slug":"cadeira-empilhavel-de-vime-florabest-com-bracos-de-madeira-marrom-escuro","status":"publish","type":"product","link":"https:\/\/lds-service.com\/pt\/product\/florabest-geflecht-stapelstuhl-holz-armlehnen-dunkelbraun\/","title":{"rendered":"Cadeira empilh\u00e1vel de vime Florabest com bra\u00e7os de madeira marrom escuro"},"content":{"rendered":"<p>Florabest, Lidl, Stapelstuhl, Geflecht- Stapelstuhl, 86177, 97095, 103534, 272991, 273211, 279624, 279656, 295701, 311161, 330992, 353355, 353370, Armlehnen, Stapelstuhl<\/p>","protected":false},"excerpt":{"rendered":"<p>Conte\u00fado da entrega: 1 par de apoios de bra\u00e7os de madeira escura. As dimens\u00f5es s\u00e3o adequadas para todos os UG IAN<\/p>\n<p>Observe a compatibilidade de cores com seus apoios de bra\u00e7o atuais, tamb\u00e9m temos a cor marrom em oferta sob o n\u00famero 80781,<\/p>\n<p>86177, 97095, 103534, 272991, 273211, 279624, 279656, 295701, 311161, 330992, 353355, 353370<\/p>","protected":false},"featured_media":0,"template":"","meta":{"site-sidebar-layout":"default","site-content-layout":"default","ast-site-content-layout":"default","site-content-style":"default","site-sidebar-style":"default","ast-global-header-display":"","ast-banner-title-visibility":"","ast-main-header-display":"","ast-hfb-above-header-display":"","ast-hfb-below-header-display":"","ast-hfb-mobile-header-display":"","site-post-title":"","ast-breadcrumbs-content":"","ast-featured-img":"","footer-sml-layout":"","theme-transparent-header-meta":"default","adv-header-id-meta":"","stick-header-meta":"default","header-above-stick-meta":"","header-main-stick-meta":"","header-below-stick-meta":"","astra-migrate-meta-layouts":"set","ast-page-background-enabled":"default","ast-page-background-meta":{"desktop":{"background-color":"","background-image":"","background-repeat":"repeat","background-position":"center center","background-size":"auto","background-attachment":"scroll","background-type":"","background-media":"","overlay-type":"","overlay-color":"","overlay-opacity":"","overlay-gradient":""},"tablet":{"background-color":"","background-image":"","background-repeat":"repeat","background-position":"center center","background-size":"auto","background-attachment":"scroll","background-type":"","background-media":"","overlay-type":"","overlay-color":"","overlay-opacity":"","overlay-gradient":""},"mobile":{"background-color":"","background-image":"","background-repeat":"repeat","background-position":"center center","background-size":"auto","background-attachment":"scroll","background-type":"","background-media":"","overlay-type":"","overlay-color":"","overlay-opacity":"","overlay-gradient":""}},"ast-content-background-meta":{"desktop":{"background-color":"var(--ast-global-color-5)","background-image":"","background-repeat":"repeat","background-position":"center center","background-size":"auto","background-attachment":"scroll","background-type":"","background-media":"","overlay-type":"","overlay-color":"","overlay-opacity":"","overlay-gradient":""},"tablet":{"background-color":"var(--ast-global-color-5)","background-image":"","background-repeat":"repeat","background-position":"center center","background-size":"auto","background-attachment":"scroll","background-type":"","background-media":"","overlay-type":"","overlay-color":"","overlay-opacity":"","overlay-gradient":""},"mobile":{"background-color":"var(--ast-global-color-5)","background-image":"","background-repeat":"repeat","background-position":"center center","background-size":"auto","background-attachment":"scroll","background-type":"","background-media":"","overlay-type":"","overlay-color":"","overlay-opacity":"","overlay-gradient":""}}},"product_brand":[],"product_cat":[152],"product_tag":[377,378,379,380,381,382,383,384,385,386,371,376,387,368,370,190,369],"class_list":{"0":"post-6029","1":"product","2":"type-product","3":"status-publish","5":"product_cat-stuehle","6":"product_tag-377","7":"product_tag-378","8":"product_tag-379","9":"product_tag-380","10":"product_tag-381","11":"product_tag-382","12":"product_tag-383","13":"product_tag-384","14":"product_tag-385","15":"product_tag-386","16":"product_tag-371","17":"product_tag-376","18":"product_tag-armlehnen","19":"product_tag-florabest","20":"product_tag-geflecht-stapelstuhl","21":"product_tag-lidl","22":"product_tag-stapelstuhl","23":"desktop-align-left","24":"tablet-align-left","25":"mobile-align-left","26":"ast-product-gallery-layout-horizontal","27":"ast-product-gallery-with-no-image","29":"first","30":"instock","31":"taxable","32":"shipping-taxable","33":"purchasable","34":"product-type-simple"},"_links":{"self":[{"href":"https:\/\/lds-service.com\/pt\/wp-json\/wp\/v2\/product\/6029","targetHints":{"allow":["GET"]}}],"collection":[{"href":"https:\/\/lds-service.com\/pt\/wp-json\/wp\/v2\/product"}],"about":[{"href":"https:\/\/lds-service.com\/pt\/wp-json\/wp\/v2\/types\/product"}],"version-history":[{"count":0,"href":"https:\/\/lds-service.com\/pt\/wp-json\/wp\/v2\/product\/6029\/revisions"}],"wp:attachment":[{"href":"https:\/\/lds-service.com\/pt\/wp-json\/wp\/v2\/media?parent=6029"}],"wp:term":[{"taxonomy":"product_brand","embeddable":true,"href":"https:\/\/lds-service.com\/pt\/wp-json\/wp\/v2\/product_brand?post=6029"},{"taxonomy":"product_cat","embeddable":true,"href":"https:\/\/lds-service.com\/pt\/wp-json\/wp\/v2\/product_cat?post=6029"},{"taxonomy":"product_tag","embeddable":true,"href":"https:\/\/lds-service.com\/pt\/wp-json\/wp\/v2\/product_tag?post=6029"}],"curies":[{"name":"wp","href":"https:\/\/api.w.org\/{rel}","templated":true}]}}