{"id":6091,"date":"2023-07-26T11:13:13","date_gmt":"2023-07-26T09:13:13","guid":{"rendered":"https:\/\/yesvcan.de\/?post_type=product&#038;p=6091"},"modified":"2026-04-27T18:24:42","modified_gmt":"2026-04-27T16:24:42","slug":"soft-dart-pfeile-12-stueck","status":"publish","type":"product","link":"https:\/\/lds-service.com\/pt\/product\/soft-dart-pfeile-12-stueck\/","title":{"rendered":"Conjunto de flechas macias com 12 pe\u00e7as"},"content":{"rendered":"<p>Crivit, Ersatzteile, 67074, Lidl, Dart<\/p>","protected":false},"excerpt":{"rendered":"<p>Ersatzteile geeignet f\u00fcr alle Lidl Softdartscheiben<\/p>\n<p>\u00c2mbito de entrega:<br \/>\n<span style=\"font-family: Arial, Verdana, Helvetica; font-size: 11px;\">Wir liefern f\u00fcr die Crivit Dartscheibe 4 Sets \u00e1 3 Stk. : Softdartpfeile inkl. zus\u00e4tzlicher Spitzen.<\/span><\/p>","protected":false},"featured_media":0,"template":"","meta":{"site-sidebar-layout":"default","site-content-layout":"","ast-site-content-layout":"default","site-content-style":"default","site-sidebar-style":"default","ast-global-header-display":"","ast-banner-title-visibility":"","ast-main-header-display":"","ast-hfb-above-header-display":"","ast-hfb-below-header-display":"","ast-hfb-mobile-header-display":"","site-post-title":"","ast-breadcrumbs-content":"","ast-featured-img":"","footer-sml-layout":"","theme-transparent-header-meta":"default","adv-header-id-meta":"","stick-header-meta":"default","header-above-stick-meta":"","header-main-stick-meta":"","header-below-stick-meta":"","astra-migrate-meta-layouts":"set","ast-page-background-enabled":"default","ast-page-background-meta":{"desktop":{"background-color":"","background-image":"","background-repeat":"repeat","background-position":"center center","background-size":"auto","background-attachment":"scroll","background-type":"","background-media":"","overlay-type":"","overlay-color":"","overlay-opacity":"","overlay-gradient":""},"tablet":{"background-color":"","background-image":"","background-repeat":"repeat","background-position":"center center","background-size":"auto","background-attachment":"scroll","background-type":"","background-media":"","overlay-type":"","overlay-color":"","overlay-opacity":"","overlay-gradient":""},"mobile":{"background-color":"","background-image":"","background-repeat":"repeat","background-position":"center center","background-size":"auto","background-attachment":"scroll","background-type":"","background-media":"","overlay-type":"","overlay-color":"","overlay-opacity":"","overlay-gradient":""}},"ast-content-background-meta":{"desktop":{"background-color":"var(--ast-global-color-5)","background-image":"","background-repeat":"repeat","background-position":"center center","background-size":"auto","background-attachment":"scroll","background-type":"","background-media":"","overlay-type":"","overlay-color":"","overlay-opacity":"","overlay-gradient":""},"tablet":{"background-color":"var(--ast-global-color-5)","background-image":"","background-repeat":"repeat","background-position":"center center","background-size":"auto","background-attachment":"scroll","background-type":"","background-media":"","overlay-type":"","overlay-color":"","overlay-opacity":"","overlay-gradient":""},"mobile":{"background-color":"var(--ast-global-color-5)","background-image":"","background-repeat":"repeat","background-position":"center center","background-size":"auto","background-attachment":"scroll","background-type":"","background-media":"","overlay-type":"","overlay-color":"","overlay-opacity":"","overlay-gradient":""}}},"product_brand":[],"product_cat":[94],"product_tag":[521,191,522,698,697,439,190,700,699],"class_list":{"0":"post-6091","1":"product","2":"type-product","3":"status-publish","5":"product_cat-freizeit","6":"product_tag-521","7":"product_tag-crivit","8":"product_tag-dart","9":"product_tag-dartscheibe","10":"product_tag-elektronische","11":"product_tag-ersatzteile","12":"product_tag-lidl","13":"product_tag-soft","14":"product_tag-spitze","15":"desktop-align-left","16":"tablet-align-left","17":"mobile-align-left","18":"ast-product-gallery-layout-horizontal","19":"ast-product-gallery-with-no-image","21":"first","22":"instock","23":"taxable","24":"shipping-taxable","25":"purchasable","26":"product-type-simple"},"_links":{"self":[{"href":"https:\/\/lds-service.com\/pt\/wp-json\/wp\/v2\/product\/6091","targetHints":{"allow":["GET"]}}],"collection":[{"href":"https:\/\/lds-service.com\/pt\/wp-json\/wp\/v2\/product"}],"about":[{"href":"https:\/\/lds-service.com\/pt\/wp-json\/wp\/v2\/types\/product"}],"version-history":[{"count":0,"href":"https:\/\/lds-service.com\/pt\/wp-json\/wp\/v2\/product\/6091\/revisions"}],"wp:attachment":[{"href":"https:\/\/lds-service.com\/pt\/wp-json\/wp\/v2\/media?parent=6091"}],"wp:term":[{"taxonomy":"product_brand","embeddable":true,"href":"https:\/\/lds-service.com\/pt\/wp-json\/wp\/v2\/product_brand?post=6091"},{"taxonomy":"product_cat","embeddable":true,"href":"https:\/\/lds-service.com\/pt\/wp-json\/wp\/v2\/product_cat?post=6091"},{"taxonomy":"product_tag","embeddable":true,"href":"https:\/\/lds-service.com\/pt\/wp-json\/wp\/v2\/product_tag?post=6091"}],"curies":[{"name":"wp","href":"https:\/\/api.w.org\/{rel}","templated":true}]}}