{"id":6400,"date":"2023-07-29T21:13:55","date_gmt":"2023-07-29T19:13:55","guid":{"rendered":"https:\/\/yesvcan.de\/?post_type=product&#038;p=6400"},"modified":"2026-04-16T16:07:22","modified_gmt":"2026-04-16T14:07:22","slug":"cinto-para-bicicleta-eletrica-urbana-crivit","status":"publish","type":"product","link":"https:\/\/lds-service.com\/pt\/product\/riemen-fuer-crivit-urban-e-bike\/","title":{"rendered":"Urban 1.0 eBike Fahrradriemen (BOM #15) BDA Teil 26"},"content":{"rendered":"<p>Kompatibel mit IAN 413888 und 413889 e-bike von Crivit<\/p>","protected":false},"excerpt":{"rendered":"<p>Escopo de entrega: Correia de carbono dur\u00e1vel e livre de manuten\u00e7\u00e3o<\/p>\n<p>Compat\u00edvel com IAN 413888 e 413889<\/p>","protected":false},"featured_media":6402,"template":"","meta":{"site-sidebar-layout":"default","site-content-layout":"default","ast-site-content-layout":"default","site-content-style":"default","site-sidebar-style":"default","ast-global-header-display":"","ast-banner-title-visibility":"","ast-main-header-display":"","ast-hfb-above-header-display":"","ast-hfb-below-header-display":"","ast-hfb-mobile-header-display":"","site-post-title":"","ast-breadcrumbs-content":"","ast-featured-img":"","footer-sml-layout":"","theme-transparent-header-meta":"default","adv-header-id-meta":"","stick-header-meta":"default","header-above-stick-meta":"","header-main-stick-meta":"","header-below-stick-meta":"","astra-migrate-meta-layouts":"default","ast-page-background-enabled":"default","ast-page-background-meta":{"desktop":{"background-color":"","background-image":"","background-repeat":"repeat","background-position":"center center","background-size":"auto","background-attachment":"scroll","background-type":"","background-media":"","overlay-type":"","overlay-color":"","overlay-opacity":"","overlay-gradient":""},"tablet":{"background-color":"","background-image":"","background-repeat":"repeat","background-position":"center center","background-size":"auto","background-attachment":"scroll","background-type":"","background-media":"","overlay-type":"","overlay-color":"","overlay-opacity":"","overlay-gradient":""},"mobile":{"background-color":"","background-image":"","background-repeat":"repeat","background-position":"center center","background-size":"auto","background-attachment":"scroll","background-type":"","background-media":"","overlay-type":"","overlay-color":"","overlay-opacity":"","overlay-gradient":""}},"ast-content-background-meta":{"desktop":{"background-color":"var(--ast-global-color-5)","background-image":"","background-repeat":"repeat","background-position":"center center","background-size":"auto","background-attachment":"scroll","background-type":"","background-media":"","overlay-type":"","overlay-color":"","overlay-opacity":"","overlay-gradient":""},"tablet":{"background-color":"var(--ast-global-color-5)","background-image":"","background-repeat":"repeat","background-position":"center center","background-size":"auto","background-attachment":"scroll","background-type":"","background-media":"","overlay-type":"","overlay-color":"","overlay-opacity":"","overlay-gradient":""},"mobile":{"background-color":"var(--ast-global-color-5)","background-image":"","background-repeat":"repeat","background-position":"center center","background-size":"auto","background-attachment":"scroll","background-type":"","background-media":"","overlay-type":"","overlay-color":"","overlay-opacity":"","overlay-gradient":""}}},"product_brand":[],"product_cat":[713],"product_tag":[665,908,674,664,589,590,658,588,673],"class_list":{"0":"post-6400","1":"product","2":"type-product","3":"status-publish","4":"has-post-thumbnail","6":"product_cat-crivit-urban-ebike-x1y1","7":"product_tag-665","8":"product_tag-908","9":"product_tag-antriebsriemen","10":"product_tag-bda","11":"product_tag-carbon","12":"product_tag-karbon","13":"product_tag-kompatibel-mit-ian-413888-und-413889-e-bike-crivit-urban-teile","14":"product_tag-riemen","15":"product_tag-zahnriemen","16":"desktop-align-left","17":"tablet-align-left","18":"mobile-align-left","19":"ast-product-gallery-layout-horizontal","21":"first","22":"instock","23":"taxable","24":"shipping-taxable","25":"purchasable","26":"product-type-simple"},"_links":{"self":[{"href":"https:\/\/lds-service.com\/pt\/wp-json\/wp\/v2\/product\/6400","targetHints":{"allow":["GET"]}}],"collection":[{"href":"https:\/\/lds-service.com\/pt\/wp-json\/wp\/v2\/product"}],"about":[{"href":"https:\/\/lds-service.com\/pt\/wp-json\/wp\/v2\/types\/product"}],"version-history":[{"count":3,"href":"https:\/\/lds-service.com\/pt\/wp-json\/wp\/v2\/product\/6400\/revisions"}],"predecessor-version":[{"id":5211714,"href":"https:\/\/lds-service.com\/pt\/wp-json\/wp\/v2\/product\/6400\/revisions\/5211714"}],"wp:featuredmedia":[{"embeddable":true,"href":"https:\/\/lds-service.com\/pt\/wp-json\/wp\/v2\/media\/6402"}],"wp:attachment":[{"href":"https:\/\/lds-service.com\/pt\/wp-json\/wp\/v2\/media?parent=6400"}],"wp:term":[{"taxonomy":"product_brand","embeddable":true,"href":"https:\/\/lds-service.com\/pt\/wp-json\/wp\/v2\/product_brand?post=6400"},{"taxonomy":"product_cat","embeddable":true,"href":"https:\/\/lds-service.com\/pt\/wp-json\/wp\/v2\/product_cat?post=6400"},{"taxonomy":"product_tag","embeddable":true,"href":"https:\/\/lds-service.com\/pt\/wp-json\/wp\/v2\/product_tag?post=6400"}],"curies":[{"name":"wp","href":"https:\/\/api.w.org\/{rel}","templated":true}]}}