{"id":7721,"date":"2024-09-13T13:44:21","date_gmt":"2024-09-13T11:44:21","guid":{"rendered":"https:\/\/yesvcan.de\/?post_type=product&#038;p=7721"},"modified":"2025-08-15T11:28:04","modified_gmt":"2025-08-15T09:28:04","slug":"ersatzpolster-fuer-florabest-geflecht-gartenliege-klappbar-313802","status":"publish","type":"product","link":"https:\/\/lds-service.com\/pt\/product\/ersatzpolster-fuer-florabest-geflecht-gartenliege-klappbar-313802\/","title":{"rendered":"Almofada de reposi\u00e7\u00e3o para espregui\u00e7adeira dobr\u00e1vel de jardim Florabest (313802)"},"content":{"rendered":"<p>313802, florabest, bank, polster , 2020, 2019, Ersatzteil, Liege, Gartenliege<\/p>","protected":false},"excerpt":{"rendered":"<p>Lieferumfang: 1 Polster lang (ca. 200&#215;55 cm), siehe Bedienungsanleitung Teil Nr. 2<\/p>\n<p>U. a. passend f\u00fcr Artikel IAN 313802<\/p>","protected":false},"featured_media":7724,"template":"","meta":{"site-sidebar-layout":"default","site-content-layout":"","ast-site-content-layout":"default","site-content-style":"default","site-sidebar-style":"default","ast-global-header-display":"","ast-banner-title-visibility":"","ast-main-header-display":"","ast-hfb-above-header-display":"","ast-hfb-below-header-display":"","ast-hfb-mobile-header-display":"","site-post-title":"","ast-breadcrumbs-content":"","ast-featured-img":"","footer-sml-layout":"","theme-transparent-header-meta":"default","adv-header-id-meta":"","stick-header-meta":"default","header-above-stick-meta":"","header-main-stick-meta":"","header-below-stick-meta":"","astra-migrate-meta-layouts":"set","ast-page-background-enabled":"default","ast-page-background-meta":{"desktop":{"background-color":"","background-image":"","background-repeat":"repeat","background-position":"center center","background-size":"auto","background-attachment":"scroll","background-type":"","background-media":"","overlay-type":"","overlay-color":"","overlay-opacity":"","overlay-gradient":""},"tablet":{"background-color":"","background-image":"","background-repeat":"repeat","background-position":"center center","background-size":"auto","background-attachment":"scroll","background-type":"","background-media":"","overlay-type":"","overlay-color":"","overlay-opacity":"","overlay-gradient":""},"mobile":{"background-color":"","background-image":"","background-repeat":"repeat","background-position":"center center","background-size":"auto","background-attachment":"scroll","background-type":"","background-media":"","overlay-type":"","overlay-color":"","overlay-opacity":"","overlay-gradient":""}},"ast-content-background-meta":{"desktop":{"background-color":"var(--ast-global-color-5)","background-image":"","background-repeat":"repeat","background-position":"center center","background-size":"auto","background-attachment":"scroll","background-type":"","background-media":"","overlay-type":"","overlay-color":"","overlay-opacity":"","overlay-gradient":""},"tablet":{"background-color":"var(--ast-global-color-5)","background-image":"","background-repeat":"repeat","background-position":"center center","background-size":"auto","background-attachment":"scroll","background-type":"","background-media":"","overlay-type":"","overlay-color":"","overlay-opacity":"","overlay-gradient":""},"mobile":{"background-color":"var(--ast-global-color-5)","background-image":"","background-repeat":"repeat","background-position":"center center","background-size":"auto","background-attachment":"scroll","background-type":"","background-media":"","overlay-type":"","overlay-color":"","overlay-opacity":"","overlay-gradient":""}}},"product_brand":[],"product_cat":[150],"product_tag":[433,432,429,430,431,368,437,426,435,436,434],"class_list":{"0":"post-7721","1":"product","2":"type-product","3":"status-publish","4":"has-post-thumbnail","6":"product_cat-liegen","7":"product_tag-433","8":"product_tag-432","9":"product_tag-429","10":"product_tag-bank","11":"product_tag-daybed","12":"product_tag-florabest","13":"product_tag-gartenbank","14":"product_tag-holz","15":"product_tag-liege","16":"product_tag-sitzbank","17":"product_tag-sitzkissen","18":"desktop-align-left","19":"tablet-align-left","20":"mobile-align-left","21":"ast-product-gallery-layout-horizontal","23":"first","24":"outofstock","25":"taxable","26":"shipping-taxable","27":"purchasable","28":"product-type-simple"},"_links":{"self":[{"href":"https:\/\/lds-service.com\/pt\/wp-json\/wp\/v2\/product\/7721","targetHints":{"allow":["GET"]}}],"collection":[{"href":"https:\/\/lds-service.com\/pt\/wp-json\/wp\/v2\/product"}],"about":[{"href":"https:\/\/lds-service.com\/pt\/wp-json\/wp\/v2\/types\/product"}],"version-history":[{"count":0,"href":"https:\/\/lds-service.com\/pt\/wp-json\/wp\/v2\/product\/7721\/revisions"}],"wp:featuredmedia":[{"embeddable":true,"href":"https:\/\/lds-service.com\/pt\/wp-json\/wp\/v2\/media\/7724"}],"wp:attachment":[{"href":"https:\/\/lds-service.com\/pt\/wp-json\/wp\/v2\/media?parent=7721"}],"wp:term":[{"taxonomy":"product_brand","embeddable":true,"href":"https:\/\/lds-service.com\/pt\/wp-json\/wp\/v2\/product_brand?post=7721"},{"taxonomy":"product_cat","embeddable":true,"href":"https:\/\/lds-service.com\/pt\/wp-json\/wp\/v2\/product_cat?post=7721"},{"taxonomy":"product_tag","embeddable":true,"href":"https:\/\/lds-service.com\/pt\/wp-json\/wp\/v2\/product_tag?post=7721"}],"curies":[{"name":"wp","href":"https:\/\/api.w.org\/{rel}","templated":true}]}}