{"id":8913,"date":"2025-05-28T09:43:05","date_gmt":"2025-05-28T07:43:05","guid":{"rendered":"https:\/\/lds-service.com\/?post_type=product&#038;p=8913"},"modified":"2025-08-16T21:41:15","modified_gmt":"2025-08-16T19:41:15","slug":"prancha-de-reposicao-completa-crivit-404410-272-para-sup-sem-acessorios","status":"publish","type":"product","link":"https:\/\/lds-service.com\/pt\/product\/crivit-404410-272-allround-sup-koerper-ersatz-board-ohne-zubehoer\/","title":{"rendered":"Crivit 404410 (272) Allround SUP Body \u2013 Prancha de substitui\u00e7\u00e3o sem acess\u00f3rios"},"content":{"rendered":"","protected":false},"excerpt":{"rendered":"<p>Conte\u00fado da entrega: 1 inflador Crivit Allround SUP 404410 conforme mostrado (sem outros acess\u00f3rios)<\/p>\n<ul>\n<li>M\u00e1x. press\u00e3o de ar: 15 psi (1 bar)<\/li>\n<li>Entrega: Pe\u00e7a n\u00famero 1 sem aleta<\/li>\n<li>Dimens\u00f5es 300 x 80 x 15 cm<\/li>\n<\/ul>","protected":false},"featured_media":8915,"template":"","meta":{"site-sidebar-layout":"default","site-content-layout":"default","ast-site-content-layout":"default","site-content-style":"default","site-sidebar-style":"default","ast-global-header-display":"","ast-banner-title-visibility":"","ast-main-header-display":"","ast-hfb-above-header-display":"","ast-hfb-below-header-display":"","ast-hfb-mobile-header-display":"","site-post-title":"","ast-breadcrumbs-content":"","ast-featured-img":"","footer-sml-layout":"","theme-transparent-header-meta":"default","adv-header-id-meta":"","stick-header-meta":"default","header-above-stick-meta":"","header-main-stick-meta":"","header-below-stick-meta":"","astra-migrate-meta-layouts":"set","ast-page-background-enabled":"default","ast-page-background-meta":{"desktop":{"background-color":"","background-image":"","background-repeat":"repeat","background-position":"center center","background-size":"auto","background-attachment":"scroll","background-type":"","background-media":"","overlay-type":"","overlay-color":"","overlay-opacity":"","overlay-gradient":""},"tablet":{"background-color":"","background-image":"","background-repeat":"repeat","background-position":"center center","background-size":"auto","background-attachment":"scroll","background-type":"","background-media":"","overlay-type":"","overlay-color":"","overlay-opacity":"","overlay-gradient":""},"mobile":{"background-color":"","background-image":"","background-repeat":"repeat","background-position":"center center","background-size":"auto","background-attachment":"scroll","background-type":"","background-media":"","overlay-type":"","overlay-color":"","overlay-opacity":"","overlay-gradient":""}},"ast-content-background-meta":{"desktop":{"background-color":"var(--ast-global-color-5)","background-image":"","background-repeat":"repeat","background-position":"center center","background-size":"auto","background-attachment":"scroll","background-type":"","background-media":"","overlay-type":"","overlay-color":"","overlay-opacity":"","overlay-gradient":""},"tablet":{"background-color":"var(--ast-global-color-5)","background-image":"","background-repeat":"repeat","background-position":"center center","background-size":"auto","background-attachment":"scroll","background-type":"","background-media":"","overlay-type":"","overlay-color":"","overlay-opacity":"","overlay-gradient":""},"mobile":{"background-color":"var(--ast-global-color-5)","background-image":"","background-repeat":"repeat","background-position":"center center","background-size":"auto","background-attachment":"scroll","background-type":"","background-media":"","overlay-type":"","overlay-color":"","overlay-opacity":"","overlay-gradient":""}}},"product_brand":[],"product_cat":[140],"product_tag":[666],"class_list":{"0":"post-8913","1":"product","2":"type-product","3":"status-publish","4":"has-post-thumbnail","6":"product_cat-lidl-sup-ersatzteile","7":"product_tag-lidl-mistral-race-touring-jugend-allround-team-11-10-12-us-box-nutstein-schiene-ersatz-finne-stand-up-paddling-board-crivit-paddel-385701","8":"desktop-align-left","9":"tablet-align-left","10":"mobile-align-left","11":"ast-product-gallery-layout-horizontal","13":"first","14":"instock","15":"sold-individually","16":"taxable","17":"shipping-taxable","18":"purchasable","19":"product-type-simple"},"_links":{"self":[{"href":"https:\/\/lds-service.com\/pt\/wp-json\/wp\/v2\/product\/8913","targetHints":{"allow":["GET"]}}],"collection":[{"href":"https:\/\/lds-service.com\/pt\/wp-json\/wp\/v2\/product"}],"about":[{"href":"https:\/\/lds-service.com\/pt\/wp-json\/wp\/v2\/types\/product"}],"version-history":[{"count":0,"href":"https:\/\/lds-service.com\/pt\/wp-json\/wp\/v2\/product\/8913\/revisions"}],"wp:featuredmedia":[{"embeddable":true,"href":"https:\/\/lds-service.com\/pt\/wp-json\/wp\/v2\/media\/8915"}],"wp:attachment":[{"href":"https:\/\/lds-service.com\/pt\/wp-json\/wp\/v2\/media?parent=8913"}],"wp:term":[{"taxonomy":"product_brand","embeddable":true,"href":"https:\/\/lds-service.com\/pt\/wp-json\/wp\/v2\/product_brand?post=8913"},{"taxonomy":"product_cat","embeddable":true,"href":"https:\/\/lds-service.com\/pt\/wp-json\/wp\/v2\/product_cat?post=8913"},{"taxonomy":"product_tag","embeddable":true,"href":"https:\/\/lds-service.com\/pt\/wp-json\/wp\/v2\/product_tag?post=8913"}],"curies":[{"name":"wp","href":"https:\/\/api.w.org\/{rel}","templated":true}]}}