{"id":6023,"date":"2023-07-26T11:12:55","date_gmt":"2023-07-26T09:12:55","guid":{"rendered":"https:\/\/yesvcan.de\/?post_type=product&#038;p=6023"},"modified":"2026-04-08T18:50:13","modified_gmt":"2026-04-08T16:50:13","slug":"sada-4-prutenych-stohovacich-stoliciek-s-krytmi-noh","status":"publish","type":"product","link":"https:\/\/lds-service.com\/sk\/product\/fusskappen-4er-set-geflecht-stapelstuhl\/","title":{"rendered":"S\u00faprava n\u00e1no\u017en\u00edkov 4 ks | Pr\u00faten\u00e1 stohovacia stoli\u010dka"},"content":{"rendered":"<p>Florabest, Lidl, Stapelstuhl, Geflecht- Stapelstuhl, 86177, Fu\u00dfendkappen, Kappen, F\u00fc\u00dfe, Ersatzfu\u00df<\/p>","protected":false},"excerpt":{"rendered":"<p>Krytky koncov n\u00f4h pre stohovaciu stoli\u010dku Florabest sa dod\u00e1vaj\u00fa v sade 4 kusov.<\/p>\n<p>\nVn\u00fatorn\u00e9 rozmery dr\u017eiaka r\u00fary: 22 a 33 mm<br \/>\nRozmery spodnej podpery: 25\u00d725 mm a 35\u00d735 mm<\/p>\n<p>Vhodn\u00e9 okrem in\u00e9ho pre nasleduj\u00face IAN: 86177, 97095, 103534, 272991, 273211, 279624, 279656, 295701, 311161, 330992, 353355, 353370<\/p>\n<p>&nbsp;<\/p>","protected":false},"featured_media":0,"template":"","meta":{"site-sidebar-layout":"default","site-content-layout":"","ast-site-content-layout":"default","site-content-style":"default","site-sidebar-style":"default","ast-global-header-display":"","ast-banner-title-visibility":"","ast-main-header-display":"","ast-hfb-above-header-display":"","ast-hfb-below-header-display":"","ast-hfb-mobile-header-display":"","site-post-title":"","ast-breadcrumbs-content":"","ast-featured-img":"","footer-sml-layout":"","theme-transparent-header-meta":"","adv-header-id-meta":"","stick-header-meta":"","header-above-stick-meta":"","header-main-stick-meta":"","header-below-stick-meta":"","astra-migrate-meta-layouts":"default","ast-page-background-enabled":"default","ast-page-background-meta":{"desktop":{"background-color":"","background-image":"","background-repeat":"repeat","background-position":"center center","background-size":"auto","background-attachment":"scroll","background-type":"","background-media":"","overlay-type":"","overlay-color":"","overlay-opacity":"","overlay-gradient":""},"tablet":{"background-color":"","background-image":"","background-repeat":"repeat","background-position":"center center","background-size":"auto","background-attachment":"scroll","background-type":"","background-media":"","overlay-type":"","overlay-color":"","overlay-opacity":"","overlay-gradient":""},"mobile":{"background-color":"","background-image":"","background-repeat":"repeat","background-position":"center center","background-size":"auto","background-attachment":"scroll","background-type":"","background-media":"","overlay-type":"","overlay-color":"","overlay-opacity":"","overlay-gradient":""}},"ast-content-background-meta":{"desktop":{"background-color":"var(--ast-global-color-5)","background-image":"","background-repeat":"repeat","background-position":"center center","background-size":"auto","background-attachment":"scroll","background-type":"","background-media":"","overlay-type":"","overlay-color":"","overlay-opacity":"","overlay-gradient":""},"tablet":{"background-color":"var(--ast-global-color-5)","background-image":"","background-repeat":"repeat","background-position":"center center","background-size":"auto","background-attachment":"scroll","background-type":"","background-media":"","overlay-type":"","overlay-color":"","overlay-opacity":"","overlay-gradient":""},"mobile":{"background-color":"var(--ast-global-color-5)","background-image":"","background-repeat":"repeat","background-position":"center center","background-size":"auto","background-attachment":"scroll","background-type":"","background-media":"","overlay-type":"","overlay-color":"","overlay-opacity":"","overlay-gradient":""}}},"product_brand":[],"product_cat":[],"product_tag":[371,375,368,374,372,370,373,190,369],"class_list":{"0":"post-6023","1":"product","2":"type-product","3":"status-publish","5":"product_tag-371","6":"product_tag-ersatzfuss","7":"product_tag-florabest","8":"product_tag-fuesse","9":"product_tag-fussendkappen","10":"product_tag-geflecht-stapelstuhl","11":"product_tag-kappen","12":"product_tag-lidl","13":"product_tag-stapelstuhl","14":"desktop-align-left","15":"tablet-align-left","16":"mobile-align-left","17":"ast-product-gallery-layout-horizontal","18":"ast-product-gallery-with-no-image","20":"first","21":"instock","22":"taxable","23":"shipping-taxable","24":"purchasable","25":"product-type-simple"},"_links":{"self":[{"href":"https:\/\/lds-service.com\/sk\/wp-json\/wp\/v2\/product\/6023","targetHints":{"allow":["GET"]}}],"collection":[{"href":"https:\/\/lds-service.com\/sk\/wp-json\/wp\/v2\/product"}],"about":[{"href":"https:\/\/lds-service.com\/sk\/wp-json\/wp\/v2\/types\/product"}],"version-history":[{"count":0,"href":"https:\/\/lds-service.com\/sk\/wp-json\/wp\/v2\/product\/6023\/revisions"}],"wp:attachment":[{"href":"https:\/\/lds-service.com\/sk\/wp-json\/wp\/v2\/media?parent=6023"}],"wp:term":[{"taxonomy":"product_brand","embeddable":true,"href":"https:\/\/lds-service.com\/sk\/wp-json\/wp\/v2\/product_brand?post=6023"},{"taxonomy":"product_cat","embeddable":true,"href":"https:\/\/lds-service.com\/sk\/wp-json\/wp\/v2\/product_cat?post=6023"},{"taxonomy":"product_tag","embeddable":true,"href":"https:\/\/lds-service.com\/sk\/wp-json\/wp\/v2\/product_tag?post=6023"}],"curies":[{"name":"wp","href":"https:\/\/api.w.org\/{rel}","templated":true}]}}