{"id":6099,"date":"2023-07-26T11:13:16","date_gmt":"2023-07-26T09:13:16","guid":{"rendered":"https:\/\/yesvcan.de\/?post_type=product&#038;p=6099"},"modified":"2026-04-07T17:05:42","modified_gmt":"2026-04-07T15:05:42","slug":"zahradna-trampolina-crivit-s-drziakom-2-dielna-vratane-peny-330-cm","status":"publish","type":"product","link":"https:\/\/lds-service.com\/sk\/product\/netzstange-mit-halterung-inkl-schaum-2-teilig-crivit-garten-trampolin-330-cm\/","title":{"rendered":"Ty\u010d siete s dr\u017eiakom vr\u00e1tane peny, 2-dielna | Z\u00e1hradn\u00e1 trampol\u00edna Crivit (330 cm) +"},"content":{"rendered":"<p>360625, Crivit, Garten-Trampolin, Garten, Trampolin, Gartentrampolin, Netzstange, Schaum<\/p>","protected":false},"excerpt":{"rendered":"<p>Rozsah dod\u00e1vky: 1 sie\u0165ov\u00e1 ty\u010d s dr\u017eiakom vr\u00e1tane peny (pozri 4)<\/p>\n<p>Vhodn\u00e9 pre z\u00e1hradn\u00fa trampol\u00ednu Crivit s k\u00f3dom IAN 360625&nbsp;<\/p>","protected":false},"featured_media":0,"template":"","meta":{"site-sidebar-layout":"default","site-content-layout":"","ast-site-content-layout":"default","site-content-style":"default","site-sidebar-style":"default","ast-global-header-display":"","ast-banner-title-visibility":"","ast-main-header-display":"","ast-hfb-above-header-display":"","ast-hfb-below-header-display":"","ast-hfb-mobile-header-display":"","site-post-title":"","ast-breadcrumbs-content":"","ast-featured-img":"","footer-sml-layout":"","theme-transparent-header-meta":"","adv-header-id-meta":"","stick-header-meta":"","header-above-stick-meta":"","header-main-stick-meta":"","header-below-stick-meta":"","astra-migrate-meta-layouts":"default","ast-page-background-enabled":"default","ast-page-background-meta":{"desktop":{"background-color":"","background-image":"","background-repeat":"repeat","background-position":"center center","background-size":"auto","background-attachment":"scroll","background-type":"","background-media":"","overlay-type":"","overlay-color":"","overlay-opacity":"","overlay-gradient":""},"tablet":{"background-color":"","background-image":"","background-repeat":"repeat","background-position":"center center","background-size":"auto","background-attachment":"scroll","background-type":"","background-media":"","overlay-type":"","overlay-color":"","overlay-opacity":"","overlay-gradient":""},"mobile":{"background-color":"","background-image":"","background-repeat":"repeat","background-position":"center center","background-size":"auto","background-attachment":"scroll","background-type":"","background-media":"","overlay-type":"","overlay-color":"","overlay-opacity":"","overlay-gradient":""}},"ast-content-background-meta":{"desktop":{"background-color":"var(--ast-global-color-5)","background-image":"","background-repeat":"repeat","background-position":"center center","background-size":"auto","background-attachment":"scroll","background-type":"","background-media":"","overlay-type":"","overlay-color":"","overlay-opacity":"","overlay-gradient":""},"tablet":{"background-color":"var(--ast-global-color-5)","background-image":"","background-repeat":"repeat","background-position":"center center","background-size":"auto","background-attachment":"scroll","background-type":"","background-media":"","overlay-type":"","overlay-color":"","overlay-opacity":"","overlay-gradient":""},"mobile":{"background-color":"var(--ast-global-color-5)","background-image":"","background-repeat":"repeat","background-position":"center center","background-size":"auto","background-attachment":"scroll","background-type":"","background-media":"","overlay-type":"","overlay-color":"","overlay-opacity":"","overlay-gradient":""}}},"product_brand":[],"product_cat":[44,146],"product_tag":[523,191,525,524,466,468,527,467],"class_list":{"0":"post-6099","1":"product","2":"type-product","3":"status-publish","5":"product_cat-ballsport","6":"product_cat-gartentrampolin","7":"product_tag-523","8":"product_tag-crivit","9":"product_tag-garten","10":"product_tag-garten-trampolin","11":"product_tag-gartentrampolin","12":"product_tag-netzstange","13":"product_tag-schaum","14":"product_tag-trampolin","15":"desktop-align-left","16":"tablet-align-left","17":"mobile-align-left","18":"ast-product-gallery-layout-horizontal","19":"ast-product-gallery-with-no-image","21":"first","22":"instock","23":"taxable","24":"shipping-taxable","25":"purchasable","26":"product-type-simple"},"_links":{"self":[{"href":"https:\/\/lds-service.com\/sk\/wp-json\/wp\/v2\/product\/6099","targetHints":{"allow":["GET"]}}],"collection":[{"href":"https:\/\/lds-service.com\/sk\/wp-json\/wp\/v2\/product"}],"about":[{"href":"https:\/\/lds-service.com\/sk\/wp-json\/wp\/v2\/types\/product"}],"version-history":[{"count":0,"href":"https:\/\/lds-service.com\/sk\/wp-json\/wp\/v2\/product\/6099\/revisions"}],"wp:attachment":[{"href":"https:\/\/lds-service.com\/sk\/wp-json\/wp\/v2\/media?parent=6099"}],"wp:term":[{"taxonomy":"product_brand","embeddable":true,"href":"https:\/\/lds-service.com\/sk\/wp-json\/wp\/v2\/product_brand?post=6099"},{"taxonomy":"product_cat","embeddable":true,"href":"https:\/\/lds-service.com\/sk\/wp-json\/wp\/v2\/product_cat?post=6099"},{"taxonomy":"product_tag","embeddable":true,"href":"https:\/\/lds-service.com\/sk\/wp-json\/wp\/v2\/product_tag?post=6099"}],"curies":[{"name":"wp","href":"https:\/\/api.w.org\/{rel}","templated":true}]}}