{"id":6143,"date":"2023-07-26T11:13:27","date_gmt":"2023-07-26T09:13:27","guid":{"rendered":"https:\/\/yesvcan.de\/?post_type=product&#038;p=6143"},"modified":"2026-04-14T12:15:18","modified_gmt":"2026-04-14T10:15:18","slug":"dvojbalenie-inline-brzdovych-dorazov-crivit-inline-korcule-2017-2018-20","status":"publish","type":"product","link":"https:\/\/lds-service.com\/sk\/product\/doppelpack-inliner-bremsstopper-crivit-inline-skates-2017-2018-20\/","title":{"rendered":"Crivit Dual Pack inline brzdov\u00e9 zar\u00e1\u017eky x2"},"content":{"rendered":"","protected":false},"excerpt":{"rendered":"<p style=\"font-size: 12px; font-family: sans-serif; line-height: 15.6000003814697px;\"><strong style=\"font-size: 12px;\">Zar\u00e1\u017eky ako sada v dvojbalen\u00ed - vhodn\u00e9 pre inline kor\u010dule Lidl Crivit od roku 2016 2017 2018 2019 2020 2021 2022 2023<\/strong><\/p>\n<p style=\"font-size: 12px; font-family: sans-serif; line-height: 15.6000003814697px;\">Zar\u00e1\u017eky s\u00fa rovnako vhodn\u00e9 pre dospel\u00fdch, ml\u00e1de\u017e a detsk\u00e9 modely, <b>okrem<\/b> pre ml\u00e1de\u017en\u00edcky model inliner Crivit od 11\/2016 napr. Napr. IAN 277824.<\/p>\n<p style=\"font-size: 12px; font-family: sans-serif; line-height: 15.6000003814697px;\">Tieto z\u00e1tky pasuj\u00fa <b>nie<\/b> pre modely od K2, LA Sports alebo Hudora.<\/p>\n<p style=\"font-size: 12px; font-family: sans-serif; line-height: 15.6000003814697px;\">Vhodn\u00e9 napr. B. pre nasleduj\u00face IAN:<\/p>\n<p style=\"font-size: 12px; font-family: sans-serif; line-height: 15.6000003814697px;\">2015: 103850, 103849, 103851, 103854, 103853, 103855, 103852<\/p>\n<p>2016: 271521, 271522, 271524, 271527<\/p>\n<p>2017: 277825, 277829, 277834, 277835<\/p>\n<p>2019 a 2020:<\/p>\n<p>&nbsp;<\/p>\n<p>EAN \u010diarov\u00e9 k\u00f3dy:<br \/>\n4032611210437 \u2026 \u010dierna\/oran\u017eov\u00e1<br \/>\n4032611210444 \u2026 \u010dierno\/zelen\u00e1<br \/>\n4032611210451 \u2026 ru\u017eov\u00e1<br \/>\n4032611210468 \u2026 biela<br \/>\n4032611201475 \u2026 \u010dierno\/zelen\u00e1<br \/>\n4032611210482 \u2026 \u010dierna\/ru\u017eov\u00e1<br \/>\n4032611210529 \u2026 38 \u010dierno\/zelen\u00e1<br \/>\n4032611210512 \u2026 38 strieborn\u00e1\/ru\u017eov\u00e1<br \/>\n4032611210543 \u2026 39 \u010dierno\/zelen\u00e1<br \/>\n4032611210536 \u2026 39 strieborn\u00e1\/ru\u017eov\u00e1<br \/>\n4032611210567 \u2026 40 \u010dierna\/zelen\u00e1<br \/>\n4032611210550 \u2026 40 strieborn\u00e1\/ru\u017eov\u00e1<br \/>\n4032611210581 \u2026 41 \u010dierno\/zelen\u00e1<br \/>\n4032611210574 \u2026 41 strieborn\u00e1\/ru\u017eov\u00e1<br \/>\n4032611201499 \u2026 kvety v \u0161t\u00fdle sk\u013eu\u010dovadla<br \/>\n4032611210505 ... sk\u013eu\u010dovadlo ru\u017eov\u00e9<\/p>\n<p>&nbsp;<\/p>\n<p style=\"font-size: 12px; font-family: sans-serif; line-height: 15.6000003814697px;\">Tieto zar\u00e1\u017eky pasuj\u00fa aj na nasleduj\u00face modely pre dospel\u00fdch, ml\u00e1de\u017e a deti<\/p>\n<table class=\"cke-table editor_table_with_border\" style=\"background-color: #efefef; width: 500px; border: 1px solid #000000;\" cellpadding=\"1\">\n<tbody>\n<tr>\n<td class=\"editor_td_with_border\" style=\"border: 1px solid #000000;\"><\/td>\n<td class=\"editor_td_with_border\" style=\"border: 1px solid #000000;\"><strong><span style=\"color: black;\">Ki 29-33<\/span><\/strong><\/td>\n<td class=\"editor_td_with_border\" style=\"border: 1px solid #000000;\"><strong><span style=\"color: black;\">Ki 33-37<\/span><\/strong><\/td>\n<td class=\"editor_td_with_border\" style=\"border: 1px solid #000000;\"><strong><span style=\"color: black;\">Ml\u00e1de\u017e 37-41<\/span><\/strong><\/td>\n<td class=\"editor_td_with_border\" style=\"border: 1px solid #000000;\"><strong><span style=\"color: black;\">Od 38+39<\/span><\/strong><\/td>\n<td class=\"editor_td_with_border\" style=\"border: 1px solid #000000;\"><strong><span style=\"color: black;\">Od 40+41<\/span><\/strong><\/td>\n<td class=\"editor_td_with_border\" style=\"border: 1px solid #000000;\"><strong><span style=\"color: black;\">Ahoj 42+43<\/span><\/strong><\/td>\n<td class=\"editor_td_with_border\" style=\"border: 1px solid #000000;\"><strong><span style=\"color: black;\">Ahoj 44+45<\/span><\/strong><\/td>\n<\/tr>\n<tr>\n<td class=\"editor_td_with_border\" style=\"border: 1px solid #000000;\"><strong><span style=\"color: black;\">2019<\/span><\/strong><\/td>\n<td class=\"editor_td_with_border\" style=\"border: 1px solid #000000;\"><span style=\"color: black;\">306989<\/span><\/td>\n<td class=\"editor_td_with_border\" style=\"border: 1px solid #000000;\"><span style=\"color: black;\">306987<\/span><\/td>\n<td class=\"editor_td_with_border\" style=\"border: 1px solid #000000;\"><span style=\"color: black;\">306981<\/span><\/td>\n<td class=\"editor_td_with_border\" style=\"border: 1px solid #000000;\"><span style=\"color: black;\">306976<\/span><\/td>\n<td class=\"editor_td_with_border\" style=\"border: 1px solid #000000;\"><span style=\"color: black;\">306974<\/span><\/td>\n<td class=\"editor_td_with_border\" style=\"border: 1px solid #000000;\"><span style=\"color: black;\">306978<\/span><\/td>\n<td class=\"editor_td_with_border\" style=\"border: 1px solid #000000;\"><span style=\"color: black;\">306975<\/span><\/td>\n<\/tr>\n<tr>\n<td class=\"editor_td_with_border\" style=\"border: 1px solid #000000;\"><strong><span style=\"color: black;\">2020<\/span><\/strong><\/td>\n<td class=\"editor_td_with_border\" style=\"border: 1px solid #000000;\"><span style=\"color: black;\">327345<\/span><\/td>\n<td class=\"editor_td_with_border\" style=\"border: 1px solid #000000;\"><span style=\"color: black;\">327349<\/span><\/td>\n<td class=\"editor_td_with_border\" style=\"border: 1px solid #000000;\"><span style=\"color: black;\">327351<\/span><\/td>\n<td class=\"editor_td_with_border\" style=\"border: 1px solid #000000;\"><span style=\"color: black;\">327346<\/span><\/td>\n<td class=\"editor_td_with_border\" style=\"border: 1px solid #000000;\"><span style=\"color: black;\">327356<\/span><\/td>\n<td class=\"editor_td_with_border\" style=\"border: 1px solid #000000;\"><span style=\"color: black;\">327344<\/span><\/td>\n<td class=\"editor_td_with_border\" style=\"border: 1px solid #000000;\"><span style=\"color: black;\">327348<\/span><\/td>\n<\/tr>\n<\/tbody>\n<\/table>\n<table border=\"0\" width=\"0\" cellspacing=\"0\" cellpadding=\"0\">\n<tbody>\n<tr>\n<td style=\"width: 68px; height: 20px;\" nowrap=\"nowrap\"><\/td>\n<td style=\"width: 71px; height: 20px;\" nowrap=\"nowrap\"><\/td>\n<td style=\"width: 99px; height: 20px;\" nowrap=\"nowrap\"><\/td>\n<td style=\"width: 80px; height: 20px;\" nowrap=\"nowrap\"><\/td>\n<td style=\"width: 80px; height: 20px;\" nowrap=\"nowrap\"><\/td>\n<td style=\"width: 80px; height: 20px;\" nowrap=\"nowrap\"><\/td>\n<td style=\"width: 80px; height: 20px;\" nowrap=\"nowrap\"><\/td>\n<\/tr>\n<tr>\n<td style=\"width: 80px; height: 20px;\" nowrap=\"nowrap\"><\/td>\n<td style=\"width: 68px; height: 20px;\" nowrap=\"nowrap\"><\/td>\n<td style=\"width: 71px; height: 20px;\" nowrap=\"nowrap\"><\/td>\n<td style=\"width: 99px; height: 20px;\" nowrap=\"nowrap\"><\/td>\n<td style=\"width: 80px; height: 20px;\" nowrap=\"nowrap\"><\/td>\n<td style=\"width: 80px; height: 20px;\" nowrap=\"nowrap\"><\/td>\n<td style=\"width: 80px; height: 20px;\" nowrap=\"nowrap\"><\/td>\n<td style=\"width: 80px; height: 20px;\" nowrap=\"nowrap\"><\/td>\n<\/tr>\n<tr>\n<td style=\"width: 80px; height: 20px;\" nowrap=\"nowrap\"><\/td>\n<td style=\"width: 68px; height: 20px;\" nowrap=\"nowrap\"><\/td>\n<td style=\"width: 71px; height: 20px;\" nowrap=\"nowrap\"><\/td>\n<td style=\"width: 99px; height: 20px;\" nowrap=\"nowrap\"><\/td>\n<td style=\"width: 80px; height: 20px;\" nowrap=\"nowrap\"><\/td>\n<td style=\"width: 80px; height: 20px;\" nowrap=\"nowrap\"><\/td>\n<td style=\"width: 80px; height: 20px;\" nowrap=\"nowrap\"><\/td>\n<td style=\"width: 80px; height: 20px;\" nowrap=\"nowrap\"><\/td>\n<\/tr>\n<\/tbody>\n<\/table>\n<div><\/div>","protected":false},"featured_media":6360,"template":"","meta":{"site-sidebar-layout":"default","site-content-layout":"default","ast-site-content-layout":"default","site-content-style":"default","site-sidebar-style":"default","ast-global-header-display":"","ast-banner-title-visibility":"","ast-main-header-display":"","ast-hfb-above-header-display":"","ast-hfb-below-header-display":"","ast-hfb-mobile-header-display":"","site-post-title":"","ast-breadcrumbs-content":"","ast-featured-img":"","footer-sml-layout":"","theme-transparent-header-meta":"default","adv-header-id-meta":"","stick-header-meta":"default","header-above-stick-meta":"","header-main-stick-meta":"","header-below-stick-meta":"","astra-migrate-meta-layouts":"default","ast-page-background-enabled":"default","ast-page-background-meta":{"desktop":{"background-color":"","background-image":"","background-repeat":"repeat","background-position":"center center","background-size":"auto","background-attachment":"scroll","background-type":"","background-media":"","overlay-type":"","overlay-color":"","overlay-opacity":"","overlay-gradient":""},"tablet":{"background-color":"","background-image":"","background-repeat":"repeat","background-position":"center center","background-size":"auto","background-attachment":"scroll","background-type":"","background-media":"","overlay-type":"","overlay-color":"","overlay-opacity":"","overlay-gradient":""},"mobile":{"background-color":"","background-image":"","background-repeat":"repeat","background-position":"center center","background-size":"auto","background-attachment":"scroll","background-type":"","background-media":"","overlay-type":"","overlay-color":"","overlay-opacity":"","overlay-gradient":""}},"ast-content-background-meta":{"desktop":{"background-color":"var(--ast-global-color-5)","background-image":"","background-repeat":"repeat","background-position":"center center","background-size":"auto","background-attachment":"scroll","background-type":"","background-media":"","overlay-type":"","overlay-color":"","overlay-opacity":"","overlay-gradient":""},"tablet":{"background-color":"var(--ast-global-color-5)","background-image":"","background-repeat":"repeat","background-position":"center center","background-size":"auto","background-attachment":"scroll","background-type":"","background-media":"","overlay-type":"","overlay-color":"","overlay-opacity":"","overlay-gradient":""},"mobile":{"background-color":"var(--ast-global-color-5)","background-image":"","background-repeat":"repeat","background-position":"center center","background-size":"auto","background-attachment":"scroll","background-type":"","background-media":"","overlay-type":"","overlay-color":"","overlay-opacity":"","overlay-gradient":""}}},"product_brand":[],"product_cat":[139],"product_tag":[565,564,566,570,568,567,569,559,643,563,562,191,560,194,190,561],"class_list":{"0":"post-6143","1":"product","2":"type-product","3":"status-publish","4":"has-post-thumbnail","6":"product_cat-alle-ersatzteile-rund-um-inline-skates-rollschuhe-und-roller-bremsstopper-radlager-rollen-uvm","7":"product_tag-565","8":"product_tag-564","9":"product_tag-566","10":"product_tag-570","11":"product_tag-568","12":"product_tag-567","13":"product_tag-569","14":"product_tag-559","15":"product_tag-643","16":"product_tag-bremse","17":"product_tag-bremsgummi","18":"product_tag-crivit","19":"product_tag-inline-skates-2","20":"product_tag-inliner","21":"product_tag-lidl","22":"product_tag-stopper","23":"desktop-align-left","24":"tablet-align-left","25":"mobile-align-left","26":"ast-product-gallery-layout-horizontal","28":"first","29":"instock","30":"taxable","31":"shipping-taxable","32":"purchasable","33":"product-type-simple"},"_links":{"self":[{"href":"https:\/\/lds-service.com\/sk\/wp-json\/wp\/v2\/product\/6143","targetHints":{"allow":["GET"]}}],"collection":[{"href":"https:\/\/lds-service.com\/sk\/wp-json\/wp\/v2\/product"}],"about":[{"href":"https:\/\/lds-service.com\/sk\/wp-json\/wp\/v2\/types\/product"}],"version-history":[{"count":0,"href":"https:\/\/lds-service.com\/sk\/wp-json\/wp\/v2\/product\/6143\/revisions"}],"wp:featuredmedia":[{"embeddable":true,"href":"https:\/\/lds-service.com\/sk\/wp-json\/wp\/v2\/media\/6360"}],"wp:attachment":[{"href":"https:\/\/lds-service.com\/sk\/wp-json\/wp\/v2\/media?parent=6143"}],"wp:term":[{"taxonomy":"product_brand","embeddable":true,"href":"https:\/\/lds-service.com\/sk\/wp-json\/wp\/v2\/product_brand?post=6143"},{"taxonomy":"product_cat","embeddable":true,"href":"https:\/\/lds-service.com\/sk\/wp-json\/wp\/v2\/product_cat?post=6143"},{"taxonomy":"product_tag","embeddable":true,"href":"https:\/\/lds-service.com\/sk\/wp-json\/wp\/v2\/product_tag?post=6143"}],"curies":[{"name":"wp","href":"https:\/\/api.w.org\/{rel}","templated":true}]}}