{"id":6149,"date":"2023-07-26T11:13:28","date_gmt":"2023-07-26T09:13:28","guid":{"rendered":"https:\/\/yesvcan.de\/?post_type=product&#038;p=6149"},"modified":"2025-09-01T08:56:02","modified_gmt":"2025-09-01T06:56:02","slug":"kolieska-na-inline-korcule-ruzovo-biele-sada-4-lozisk-s-distancnymi-vlozkami-inline-korcule-72-mm","status":"publish","type":"product","link":"https:\/\/lds-service.com\/sk\/product\/inliner-rollen-pink-weiss-4-er-set-spacer-lager-inline-skates-72-mm\/","title":{"rendered":"Crivit Inliner Rollen Pink Weiss 72 mm Set (4x)"},"content":{"rendered":"","protected":false},"excerpt":{"rendered":"<p style=\"line-height: 15.4px; resize: none; margin: 0px 0px 6px; font-family: Arial, Verdana, Helvetica; font-size: 11px;\"><strong><span style=\"font-size: 12px;\"><span style=\"font-family: arial, verdana, helvetica;\">Rozsah dod\u00e1vky: 4 x Speed Inliner koles\u00e1 zmontovan\u00e9 pripraven\u00e9 na pou\u017eitie<\/span><\/span><\/strong><\/p>\n<ul>\n<li><span style=\"font-size: 12px;\"><span style=\"font-family: arial,verdana,helvetica;\">4x kolieska s vysok\u00fdm odrazom (80 mm \/ 82A) vr\u00e1tane di\u0161tan\u010dn\u00fdch podlo\u017eiek a gu\u013e\u00f4\u010dkov\u00fdch lo\u017e\u00edsk<\/span><\/span><\/li>\n<li><span style=\"font-size: 12px;\"><span style=\"font-family: arial,verdana,helvetica;\"><span style=\"font-size: 12px;\"><span style=\"font-family: arial,verdana,helvetica;\"><span style=\"color: #333333;\">guli\u010dkov\u00e9 lo\u017eisko DIN 608 ZZ, <\/span>ABEC 7<span style=\"color: #333333;\">, miniat\u00farne lo\u017eisk\u00e1 pre vysok\u00e9 ot\u00e1\u010dky, 8x22x7 mm<\/span><\/span><\/span><\/span><\/span><\/li>\n<li><span style=\"font-size: 12px;\"><span style=\"font-family: arial,verdana,helvetica;\"><span style=\"font-size: 12px;\"><span style=\"font-family: arial,verdana,helvetica;\"><span style=\"color: #333333;\"><span style=\"font-size: 12px;\"><span style=\"font-family: arial,verdana,helvetica;\"><span style=\"color: #333333;\">Vn\u00fatorn\u00e9 rozmery di\u0161tan\u010dn\u00fdch podlo\u017eiek pre upevnenie osky 6 mm<\/span><\/span><\/span><\/span><\/span><\/span><\/span><\/span><\/li>\n<li><span style=\"font-size: 12px;\"><span style=\"font-family: arial,verdana,helvetica;\"><span style=\"font-size: 12px;\"><span style=\"font-family: arial,verdana,helvetica;\"><span style=\"color: #333333;\"><span style=\"font-size: 12px;\"><span style=\"font-family: arial,verdana,helvetica;\"><span style=\"color: #333333;\"><span style=\"font-size: 12px;\"><span style=\"font-family: arial,verdana,helvetica;\"><span style=\"color: #333333;\">Materi\u00e1l kolies: PU vysokor\u00fdchlostn\u00e9 koles\u00e1 s ve\u013emi dobrou pri\u013enavos\u0165ou<\/span><\/span><\/span><\/span><\/span><\/span><\/span><\/span><\/span><\/span><\/span><\/li>\n<li><span style=\"font-size: 12px;\"><span style=\"font-family: arial,verdana,helvetica;\"><span style=\"font-size: 12px;\"><span style=\"font-family: arial,verdana,helvetica;\"><span style=\"color: #333333;\"><span style=\"font-size: 12px;\"><span style=\"font-family: arial,verdana,helvetica;\"><span style=\"color: #333333;\"><span style=\"font-size: 12px;\"><span style=\"font-family: arial,verdana,helvetica;\"><span style=\"color: #333333;\"><span style=\"font-size: 12px;\"><span style=\"font-family: arial,verdana,helvetica;\"><span style=\"color: #333333;\">Prevedenie rolky: farba biela s aplik\u00e1ciou pod\u013ea obr\u00e1zku<\/span><\/span><\/span><\/span><\/span><\/span><\/span><\/span><\/span><\/span><\/span><\/span><\/span><\/span><\/li>\n<li><span style=\"font-size: 12px;\"><span style=\"font-family: arial,verdana,helvetica;\"><span style=\"font-size: 12px;\"><span style=\"font-family: arial,verdana,helvetica;\"><span style=\"color: #333333;\"><span style=\"font-size: 12px;\"><span style=\"font-family: arial,verdana,helvetica;\"><span style=\"color: #333333;\"><span style=\"font-size: 12px;\"><span style=\"font-family: arial,verdana,helvetica;\"><span style=\"color: #333333;\"><span style=\"font-size: 12px;\"><span style=\"font-family: arial,verdana,helvetica;\"><span style=\"color: #333333;\"><span style=\"font-size: 12px;\"><span style=\"font-family: arial,verdana,helvetica;\"><span style=\"color: #333333;\">\u0160\u00edrka rolky 21 mm<\/span><\/span><\/span><\/span><\/span><\/span><\/span><\/span><\/span><\/span><\/span><\/span><\/span><\/span><\/span><\/span><\/span><\/li>\n<li><span style=\"font-size: 12px;\"><span style=\"font-family: arial,verdana,helvetica;\"><span style=\"font-size: 12px;\"><span style=\"font-family: arial,verdana,helvetica;\"><span style=\"color: #333333;\"><span style=\"font-size: 12px;\"><span style=\"font-family: arial,verdana,helvetica;\"><span style=\"color: #333333;\"><span style=\"font-size: 12px;\"><span style=\"font-family: arial,verdana,helvetica;\"><span style=\"color: #333333;\"><span style=\"font-size: 12px;\"><span style=\"font-family: arial,verdana,helvetica;\"><span style=\"color: #333333;\"><span style=\"font-size: 12px;\"><span style=\"font-family: arial,verdana,helvetica;\"><span style=\"color: #333333;\"><span style=\"font-size: 12px;\"><span style=\"font-family: arial,verdana,helvetica;\"><span style=\"color: #333333;\">Vzdialenos\u0165 medzi dvoma gu\u013e\u00f4\u010dkov\u00fdmi lo\u017eiskami vonku 24 mm, pre mont\u00e1\u017e do podvozku<\/span><\/span><\/span><\/span><\/span><\/span><\/span><\/span><\/span><\/span><\/span><\/span><\/span><\/span><\/span><\/span><\/span><\/span><\/span><\/span><\/li>\n<\/ul>","protected":false},"featured_media":6337,"template":"","meta":{"site-sidebar-layout":"default","site-content-layout":"default","ast-site-content-layout":"default","site-content-style":"default","site-sidebar-style":"default","ast-global-header-display":"","ast-banner-title-visibility":"","ast-main-header-display":"","ast-hfb-above-header-display":"","ast-hfb-below-header-display":"","ast-hfb-mobile-header-display":"","site-post-title":"","ast-breadcrumbs-content":"","ast-featured-img":"","footer-sml-layout":"","theme-transparent-header-meta":"default","adv-header-id-meta":"","stick-header-meta":"default","header-above-stick-meta":"","header-main-stick-meta":"","header-below-stick-meta":"","astra-migrate-meta-layouts":"default","ast-page-background-enabled":"default","ast-page-background-meta":{"desktop":{"background-color":"","background-image":"","background-repeat":"repeat","background-position":"center center","background-size":"auto","background-attachment":"scroll","background-type":"","background-media":"","overlay-type":"","overlay-color":"","overlay-opacity":"","overlay-gradient":""},"tablet":{"background-color":"","background-image":"","background-repeat":"repeat","background-position":"center center","background-size":"auto","background-attachment":"scroll","background-type":"","background-media":"","overlay-type":"","overlay-color":"","overlay-opacity":"","overlay-gradient":""},"mobile":{"background-color":"","background-image":"","background-repeat":"repeat","background-position":"center center","background-size":"auto","background-attachment":"scroll","background-type":"","background-media":"","overlay-type":"","overlay-color":"","overlay-opacity":"","overlay-gradient":""}},"ast-content-background-meta":{"desktop":{"background-color":"var(--ast-global-color-5)","background-image":"","background-repeat":"repeat","background-position":"center center","background-size":"auto","background-attachment":"scroll","background-type":"","background-media":"","overlay-type":"","overlay-color":"","overlay-opacity":"","overlay-gradient":""},"tablet":{"background-color":"var(--ast-global-color-5)","background-image":"","background-repeat":"repeat","background-position":"center center","background-size":"auto","background-attachment":"scroll","background-type":"","background-media":"","overlay-type":"","overlay-color":"","overlay-opacity":"","overlay-gradient":""},"mobile":{"background-color":"var(--ast-global-color-5)","background-image":"","background-repeat":"repeat","background-position":"center center","background-size":"auto","background-attachment":"scroll","background-type":"","background-media":"","overlay-type":"","overlay-color":"","overlay-opacity":"","overlay-gradient":""}}},"product_brand":[],"product_cat":[139],"product_tag":[199,191,196,193,194,190,197,195,192],"class_list":{"0":"post-6149","1":"product","2":"type-product","3":"status-publish","4":"has-post-thumbnail","6":"product_cat-alle-ersatzteile-rund-um-inline-skates-rollschuhe-und-roller-bremsstopper-radlager-rollen-uvm","7":"product_tag-72-mm","8":"product_tag-crivit","9":"product_tag-ersatzrollen","10":"product_tag-inline-skates","11":"product_tag-inliner","12":"product_tag-lidl","13":"product_tag-pu","14":"product_tag-softboot","15":"product_tag-speed","16":"product_shipping_class-dhl-paket-national","17":"desktop-align-left","18":"tablet-align-left","19":"mobile-align-left","20":"ast-product-gallery-layout-horizontal","22":"first","23":"instock","24":"taxable","25":"shipping-taxable","26":"purchasable","27":"product-type-simple"},"_links":{"self":[{"href":"https:\/\/lds-service.com\/sk\/wp-json\/wp\/v2\/product\/6149","targetHints":{"allow":["GET"]}}],"collection":[{"href":"https:\/\/lds-service.com\/sk\/wp-json\/wp\/v2\/product"}],"about":[{"href":"https:\/\/lds-service.com\/sk\/wp-json\/wp\/v2\/types\/product"}],"version-history":[{"count":1,"href":"https:\/\/lds-service.com\/sk\/wp-json\/wp\/v2\/product\/6149\/revisions"}],"predecessor-version":[{"id":5210459,"href":"https:\/\/lds-service.com\/sk\/wp-json\/wp\/v2\/product\/6149\/revisions\/5210459"}],"wp:featuredmedia":[{"embeddable":true,"href":"https:\/\/lds-service.com\/sk\/wp-json\/wp\/v2\/media\/6337"}],"wp:attachment":[{"href":"https:\/\/lds-service.com\/sk\/wp-json\/wp\/v2\/media?parent=6149"}],"wp:term":[{"taxonomy":"product_brand","embeddable":true,"href":"https:\/\/lds-service.com\/sk\/wp-json\/wp\/v2\/product_brand?post=6149"},{"taxonomy":"product_cat","embeddable":true,"href":"https:\/\/lds-service.com\/sk\/wp-json\/wp\/v2\/product_cat?post=6149"},{"taxonomy":"product_tag","embeddable":true,"href":"https:\/\/lds-service.com\/sk\/wp-json\/wp\/v2\/product_tag?post=6149"}],"curies":[{"name":"wp","href":"https:\/\/api.w.org\/{rel}","templated":true}]}}