{"id":7861,"date":"2024-11-05T18:43:19","date_gmt":"2024-11-05T17:43:19","guid":{"rendered":"https:\/\/yesvcan.de\/?post_type=product&#038;p=7861"},"modified":"2024-11-06T09:42:35","modified_gmt":"2024-11-06T08:42:35","slug":"nahradna-zatazova-vesta-383040-bez-zavazi","status":"publish","type":"product","link":"https:\/\/lds-service.com\/sk\/product\/ersatz-gewichtsweste-383040-ohne-gewichte\/","title":{"rendered":"N\u00e1hradn\u00e1 z\u00e1\u0165a\u017eov\u00e1 vesta 383040 (bez z\u00e1va\u017e\u00ed)"},"content":{"rendered":"<p>Crivit, Weste, Gewichtsweste, ersatzgewicht, Fitness, 383040<\/p>","protected":false},"excerpt":{"rendered":"<p>Z\u00e1\u0165a\u017eov\u00e1 vesta 6 kg (bez pr\u00eddavn\u00fdch z\u00e1\u0165a\u017eov\u00fdch kot\u00fa\u010dov) vhodn\u00e1 pre IAN 383040<\/p>","protected":false},"featured_media":7848,"template":"","meta":{"site-sidebar-layout":"default","site-content-layout":"","ast-site-content-layout":"default","site-content-style":"default","site-sidebar-style":"default","ast-global-header-display":"","ast-banner-title-visibility":"","ast-main-header-display":"","ast-hfb-above-header-display":"","ast-hfb-below-header-display":"","ast-hfb-mobile-header-display":"","site-post-title":"","ast-breadcrumbs-content":"","ast-featured-img":"","footer-sml-layout":"","theme-transparent-header-meta":"default","adv-header-id-meta":"","stick-header-meta":"default","header-above-stick-meta":"","header-main-stick-meta":"","header-below-stick-meta":"","astra-migrate-meta-layouts":"set","ast-page-background-enabled":"default","ast-page-background-meta":{"desktop":{"background-color":"","background-image":"","background-repeat":"repeat","background-position":"center center","background-size":"auto","background-attachment":"scroll","background-type":"","background-media":"","overlay-type":"","overlay-color":"","overlay-opacity":"","overlay-gradient":""},"tablet":{"background-color":"","background-image":"","background-repeat":"repeat","background-position":"center center","background-size":"auto","background-attachment":"scroll","background-type":"","background-media":"","overlay-type":"","overlay-color":"","overlay-opacity":"","overlay-gradient":""},"mobile":{"background-color":"","background-image":"","background-repeat":"repeat","background-position":"center center","background-size":"auto","background-attachment":"scroll","background-type":"","background-media":"","overlay-type":"","overlay-color":"","overlay-opacity":"","overlay-gradient":""}},"ast-content-background-meta":{"desktop":{"background-color":"var(--ast-global-color-5)","background-image":"","background-repeat":"repeat","background-position":"center center","background-size":"auto","background-attachment":"scroll","background-type":"","background-media":"","overlay-type":"","overlay-color":"","overlay-opacity":"","overlay-gradient":""},"tablet":{"background-color":"var(--ast-global-color-5)","background-image":"","background-repeat":"repeat","background-position":"center center","background-size":"auto","background-attachment":"scroll","background-type":"","background-media":"","overlay-type":"","overlay-color":"","overlay-opacity":"","overlay-gradient":""},"mobile":{"background-color":"var(--ast-global-color-5)","background-image":"","background-repeat":"repeat","background-position":"center center","background-size":"auto","background-attachment":"scroll","background-type":"","background-media":"","overlay-type":"","overlay-color":"","overlay-opacity":"","overlay-gradient":""}}},"product_brand":[],"product_cat":[147],"product_tag":[677,191,680,365,679,678],"class_list":{"0":"post-7861","1":"product","2":"type-product","3":"status-publish","4":"has-post-thumbnail","6":"product_cat-grossfitnessgeraete","7":"product_tag-677","8":"product_tag-crivit","9":"product_tag-crossfit","10":"product_tag-fitness","11":"product_tag-gewicht","12":"product_tag-weste","13":"desktop-align-left","14":"tablet-align-left","15":"mobile-align-left","16":"ast-product-gallery-layout-horizontal","18":"first","19":"instock","20":"taxable","21":"shipping-taxable","22":"purchasable","23":"product-type-simple"},"_links":{"self":[{"href":"https:\/\/lds-service.com\/sk\/wp-json\/wp\/v2\/product\/7861","targetHints":{"allow":["GET"]}}],"collection":[{"href":"https:\/\/lds-service.com\/sk\/wp-json\/wp\/v2\/product"}],"about":[{"href":"https:\/\/lds-service.com\/sk\/wp-json\/wp\/v2\/types\/product"}],"version-history":[{"count":0,"href":"https:\/\/lds-service.com\/sk\/wp-json\/wp\/v2\/product\/7861\/revisions"}],"wp:featuredmedia":[{"embeddable":true,"href":"https:\/\/lds-service.com\/sk\/wp-json\/wp\/v2\/media\/7848"}],"wp:attachment":[{"href":"https:\/\/lds-service.com\/sk\/wp-json\/wp\/v2\/media?parent=7861"}],"wp:term":[{"taxonomy":"product_brand","embeddable":true,"href":"https:\/\/lds-service.com\/sk\/wp-json\/wp\/v2\/product_brand?post=7861"},{"taxonomy":"product_cat","embeddable":true,"href":"https:\/\/lds-service.com\/sk\/wp-json\/wp\/v2\/product_cat?post=7861"},{"taxonomy":"product_tag","embeddable":true,"href":"https:\/\/lds-service.com\/sk\/wp-json\/wp\/v2\/product_tag?post=7861"}],"curies":[{"name":"wp","href":"https:\/\/api.w.org\/{rel}","templated":true}]}}