{"id":8074,"date":"2024-12-06T13:58:27","date_gmt":"2024-12-06T12:58:27","guid":{"rendered":"https:\/\/lds-service.com\/?post_type=product&#038;p=8074"},"modified":"2026-03-10T16:21:51","modified_gmt":"2026-03-10T15:21:51","slug":"personenzug-ferngesteuert-city-express-rot","status":"publish","type":"product","link":"https:\/\/lds-service.com\/sk\/product\/personenzug-ferngesteuert-city-express-rot\/","title":{"rendered":"Osobn\u00fd vlak (dia\u013ekovo ovl\u00e1dan\u00fd) CITY Express \u010derven\u00fd"},"content":{"rendered":"","protected":false},"excerpt":{"rendered":"<p>Lieferumfang: 1 Zugfahrzeug (selbstfahrend, batteriebetrieben) als Ersatzteil wie abgebildet.<br \/>\n(Nicht im Lieferunfang enthalten: 2x AAA LR03, weiteres Zubeh\u00f6r)<\/p>\n<p>Die passende Fernsteuerung mit Vorw\u00e4rts- und R\u00fcckw\u00e4rtsgang bieten wir separat an.<\/p>\n<p>Kompatibiln\u00e9 s dreven\u00fdmi \u017eelezni\u010dn\u00fdmi s\u00fapravami Playtive a Brio<\/p>","protected":false},"featured_media":8076,"template":"","meta":{"site-sidebar-layout":"default","site-content-layout":"default","ast-site-content-layout":"default","site-content-style":"default","site-sidebar-style":"default","ast-global-header-display":"","ast-banner-title-visibility":"","ast-main-header-display":"","ast-hfb-above-header-display":"","ast-hfb-below-header-display":"","ast-hfb-mobile-header-display":"","site-post-title":"","ast-breadcrumbs-content":"","ast-featured-img":"","footer-sml-layout":"","theme-transparent-header-meta":"default","adv-header-id-meta":"","stick-header-meta":"default","header-above-stick-meta":"","header-main-stick-meta":"","header-below-stick-meta":"","astra-migrate-meta-layouts":"set","ast-page-background-enabled":"default","ast-page-background-meta":{"desktop":{"background-color":"","background-image":"","background-repeat":"repeat","background-position":"center center","background-size":"auto","background-attachment":"scroll","background-type":"","background-media":"","overlay-type":"","overlay-color":"","overlay-opacity":"","overlay-gradient":""},"tablet":{"background-color":"","background-image":"","background-repeat":"repeat","background-position":"center center","background-size":"auto","background-attachment":"scroll","background-type":"","background-media":"","overlay-type":"","overlay-color":"","overlay-opacity":"","overlay-gradient":""},"mobile":{"background-color":"","background-image":"","background-repeat":"repeat","background-position":"center center","background-size":"auto","background-attachment":"scroll","background-type":"","background-media":"","overlay-type":"","overlay-color":"","overlay-opacity":"","overlay-gradient":""}},"ast-content-background-meta":{"desktop":{"background-color":"var(--ast-global-color-5)","background-image":"","background-repeat":"repeat","background-position":"center center","background-size":"auto","background-attachment":"scroll","background-type":"","background-media":"","overlay-type":"","overlay-color":"","overlay-opacity":"","overlay-gradient":""},"tablet":{"background-color":"var(--ast-global-color-5)","background-image":"","background-repeat":"repeat","background-position":"center center","background-size":"auto","background-attachment":"scroll","background-type":"","background-media":"","overlay-type":"","overlay-color":"","overlay-opacity":"","overlay-gradient":""},"mobile":{"background-color":"var(--ast-global-color-5)","background-image":"","background-repeat":"repeat","background-position":"center center","background-size":"auto","background-attachment":"scroll","background-type":"","background-media":"","overlay-type":"","overlay-color":"","overlay-opacity":"","overlay-gradient":""}}},"product_brand":[],"product_cat":[685],"product_tag":[690,692,688,400,695,694,686,426,645,687,644,597,693,689,696],"class_list":{"0":"post-8074","1":"product","2":"type-product","3":"status-publish","4":"has-post-thumbnail","6":"product_cat-playtive-holz-eisenbahn-ersatzteile","7":"product_tag-690","8":"product_tag-692","9":"product_tag-anhaenger","10":"product_tag-blau","11":"product_tag-city","12":"product_tag-cityexpress","13":"product_tag-elektrische","14":"product_tag-holz","15":"product_tag-kinder","16":"product_tag-lokomotive","17":"product_tag-play","18":"product_tag-playtive","19":"product_tag-rc","20":"product_tag-selbstfahrend","21":"product_tag-spielzeug","22":"desktop-align-left","23":"tablet-align-left","24":"mobile-align-left","25":"ast-product-gallery-layout-horizontal","27":"first","28":"instock","29":"taxable","30":"shipping-taxable","31":"purchasable","32":"product-type-simple"},"_links":{"self":[{"href":"https:\/\/lds-service.com\/sk\/wp-json\/wp\/v2\/product\/8074","targetHints":{"allow":["GET"]}}],"collection":[{"href":"https:\/\/lds-service.com\/sk\/wp-json\/wp\/v2\/product"}],"about":[{"href":"https:\/\/lds-service.com\/sk\/wp-json\/wp\/v2\/types\/product"}],"version-history":[{"count":1,"href":"https:\/\/lds-service.com\/sk\/wp-json\/wp\/v2\/product\/8074\/revisions"}],"predecessor-version":[{"id":5210997,"href":"https:\/\/lds-service.com\/sk\/wp-json\/wp\/v2\/product\/8074\/revisions\/5210997"}],"wp:featuredmedia":[{"embeddable":true,"href":"https:\/\/lds-service.com\/sk\/wp-json\/wp\/v2\/media\/8076"}],"wp:attachment":[{"href":"https:\/\/lds-service.com\/sk\/wp-json\/wp\/v2\/media?parent=8074"}],"wp:term":[{"taxonomy":"product_brand","embeddable":true,"href":"https:\/\/lds-service.com\/sk\/wp-json\/wp\/v2\/product_brand?post=8074"},{"taxonomy":"product_cat","embeddable":true,"href":"https:\/\/lds-service.com\/sk\/wp-json\/wp\/v2\/product_cat?post=8074"},{"taxonomy":"product_tag","embeddable":true,"href":"https:\/\/lds-service.com\/sk\/wp-json\/wp\/v2\/product_tag?post=8074"}],"curies":[{"name":"wp","href":"https:\/\/api.w.org\/{rel}","templated":true}]}}