{"id":4657,"date":"2023-06-01T09:40:31","date_gmt":"2023-06-01T07:40:31","guid":{"rendered":"https:\/\/yesvcan.de\/?page_id=4657"},"modified":"2026-01-13T15:41:11","modified_gmt":"2026-01-13T14:41:11","slug":"pravica-do-preklica","status":"publish","type":"page","link":"https:\/\/lds-service.com\/sl\/revocation-right\/","title":{"rendered":"Pravica do Odstopa od Pogodbe"},"content":{"rendered":"<p><strong>Pravica do odstopa\u00a0<\/strong><br \/>\n(Potro\u0161nik je vsaka fizi\u010dna oseba, ki sklene pravni posel za namene, ki niso prete\u017eno niti komercialni niti samozaposleni.)<\/p>\n<p><strong>Pravica do odstopa<\/strong><\/p>\n<p><strong>Pravica do Odstopa od Pogodbe<\/strong><br \/>\nImate pravico, da v enem mesecu odstopite od te pogodbe brez navedbe razloga.<br \/>\nOdpovedni rok je en mesec od dneva<\/p>\n<p>- na katerem ste vi ali tretja oseba, ki jo dolo\u010dite vi, ki ni prevoznik, prevzela blago, pod pogojem, da ste naro\u010dili eno ali ve\u010d blaga kot del enega naro\u010dila in je ali bo dostavljeno naenkrat;<\/p>\n<p>Um Ihr Widerrufsrecht auszu\u00fcben, m\u00fcssen Sie uns <strong>(kerlco GmbH, Nikolaus-Otto-Stra\u00dfe 9, 24568 Kaltenkirchen, Telefonnr.: 04191-9959765, E-Mail-Adresse: info@delta-sport.info)<\/strong> mittels einer eindeutigen Erkl\u00e4rung (z.B. ein mit der Post versandter Brief oder eine E-Mail) \u00fcber Ihren Entschluss, diesen Vertrag zu widerrufen, informieren. Sie k\u00f6nnen daf\u00fcr das beigef\u00fcgte Muster-Widerrufsformular verwenden, das jedoch nicht vorgeschrieben ist.<\/p>\n<p>Za izpolnitev odpovednega roka zado\u0161\u010da, da sporo\u010dilo o uveljavljanju pravice do odstopa po\u0161ljete pred potekom odpovednega roka.<\/p>\n<p><strong>Posledice preklica<\/strong><\/p>\n<p>Wenn Sie diesen Vertrag widerrufen, haben wir Ihnen alle Zahlungen, die wir von Ihnen erhalten haben, einschlie\u00dflich der Lieferkosten (mit Ausnahme der zus\u00e4tzlichen Kosten, die sich daraus ergeben, dass Sie eine andere Art der Lieferung als die von uns angebotene, g\u00fcnstigste Standardlieferung gew\u00e4hlt haben), unverz\u00fcglich und sp\u00e4testens binnen 14\u00a0Tagen ab dem Tag zur\u00fcckzuzahlen, an dem die Mitteilung \u00fcber Ihren Widerruf dieses Vertrags bei uns eingegangen ist. F\u00fcr diese R\u00fcckzahlung verwenden wir dasselbe Zahlungsmittel, das Sie bei der urspr\u00fcnglichen Transaktion eingesetzt haben, es sei denn, mit Ihnen wurde ausdr\u00fccklich etwas anderes vereinbart; in keinem Fall werden Ihnen wegen dieser R\u00fcckzahlung Entgelte berechnet.<\/p>\n<p>Wir k\u00f6nnen die R\u00fcckzahlung f\u00fcr paketversandf\u00e4hige Waren verweigern, bis wir diese Waren wieder zur\u00fcckerhalten haben oder bis Sie den Nachweis erbracht haben, dass Sie diese Waren zur\u00fcckgesandt haben, je nachdem, welches der fr\u00fchere Zeitpunkt ist.<\/p>\n<p>Wir holen die nicht paketversandf\u00e4higen Waren ab.<\/p>\n<p>Sie haben die paketversandf\u00e4higen Waren unverz\u00fcglich und in jedem Fall sp\u00e4testens binnen 14 Tagen ab dem Tag, an dem Sie uns \u00fcber den Widerruf dieses Vertrags unterrichten, an uns\u00a0zur\u00fcckzusenden oder zu \u00fcbergeben. Die Frist ist gewahrt, wenn Sie die paketversandf\u00e4higen Waren vor Ablauf der Frist von 14 Tagen absenden.<\/p>\n<p>Sie tragen die unmittelbaren Kosten der R\u00fccksendung paketversandf\u00e4higer Waren sowie die unmittelbaren Kosten der R\u00fccksendung nicht paketversandf\u00e4higer Waren.\u00a0Die Kosten f\u00fcr nicht paketversandf\u00e4hige Waren werden auf h\u00f6chstens etwa 40 EUR gesch\u00e4tzt.<\/p>\n<p>Odgovorni ste samo za vsako zmanj\u0161ano vrednost blaga, ki je posledica ravnanja, ki ni potrebno za ugotavljanje narave, lastnosti in delovanja blaga.<\/p>\n<p><strong>Razlogi za izklju\u010ditev ali potek<\/strong><\/p>\n<p>Pravica do odstopa ne velja za pogodbe<\/p>\n<p>\u2013 za dobavo blaga, ki ni monta\u017eno in je za izdelavo odlo\u010dilen individualni izbor oziroma odlo\u010ditev potro\u0161nika ali ki je jasno prilagojeno osebnim potrebam potro\u0161nika;<br \/>\n\u2013 za dostavo blaga, ki se lahko hitro pokvari ali bi mu kmalu potekel rok uporabnosti;<br \/>\n\u2013 za dobavo alkoholnih pija\u010d, katerih cena je bila dogovorjena ob sklenitvi pogodbe, vendar jih je mo\u017eno dobaviti najkasneje v 30 dneh po sklenitvi pogodbe in katerih trenutna vrednost je odvisna od nihanj na trgu, na katera podjetnik nima vpliva;<br \/>\n\u2013 za dostavo \u010dasopisov, periodi\u010dnih publikacij ali revij, razen naro\u010dni\u0161kih pogodb.<\/p>\n<p>Pri pogodbah pravica do odstopa pred\u010dasno preneha<\/p>\n<p>\u2013 za dostavo zape\u010datenega blaga, ki zaradi varovanja zdravja ali higiene ni primerno za vra\u010dilo, \u010de je bil po dostavi odstranjen pe\u010dat;<br \/>\n\u2013 za dostavo blaga, \u010de je bilo to po dostavi zaradi svoje narave nelo\u010dljivo pome\u0161ano z drugim blagom;<br \/>\n\u2013 za dostavo zvo\u010dnih ali videoposnetkov ali ra\u010dunalni\u0161ke programske opreme v zaprti embala\u017ei, \u010de je bil pe\u010dat po dostavi po\u0161kodovan.<\/p>\n<hr \/>\n<p><strong>Vzorec odstopnega obrazca<\/strong><\/p>\n<p>(\u010ce \u017eelite odstopiti od pogodbe, izpolnite ta obrazec in ga po\u0161ljite nazaj.)<\/p>\n<p>&#8211; An kerlco GmbH, Nikolaus-Otto-Stra\u00dfe 9, 24568 Kaltenkirchen, E-Mail-Adresse:\u00a0info@delta-sport.info :<\/p>\n<p>\u2013 Jaz\/mi (*) s tem preklicujem pogodbo, ki sem jo\/nas sklenil (*) za nakup naslednjega blaga (*)\/<br \/>\nzagotavljanje naslednje storitve (*)<\/p>\n<p>\u2013 Naro\u010deno (*)\/prejeto (*)<\/p>\n<p>\u2013 Ime potro\u0161nika(-ov)<br \/>\n\u2013 naslov potro\u0161nika(-ov)<br \/>\n\u2013 Podpis potro\u0161nika(-ov) (samo \u010de je obvestilo na papirju)<br \/>\n- Zmenek<\/p>\n<p>(*) Neustrezno \u010drtati.<\/p>","protected":false},"excerpt":{"rendered":"<p>Widerrufsrecht f\u00fcr Verbraucher\u00a0 (Verbraucher ist jede nat\u00fcrliche Person, die ein Rechtsgesch\u00e4ft zu Zwecken abschlie\u00dft, die \u00fcberwiegend weder ihrer gewerblichen noch ihrer selbstst\u00e4ndigen beruflichen T\u00e4tigkeit zugerechnet werden k\u00f6nnen.) Widerrufsbelehrung Widerrufsrecht Sie haben das Recht, binnen eines Monats ohne Angabe von Gr\u00fcnden diesen Vertrag zu widerrufen. Die Widerrufsfrist betr\u00e4gt einen Monat ab dem Tag, &#8211; an dem [&hellip;]<\/p>\n","protected":false},"author":1,"featured_media":0,"parent":0,"menu_order":0,"comment_status":"closed","ping_status":"closed","template":"","meta":{"site-sidebar-layout":"default","site-content-layout":"default","ast-site-content-layout":"default","site-content-style":"default","site-sidebar-style":"default","ast-global-header-display":"","ast-banner-title-visibility":"","ast-main-header-display":"","ast-hfb-above-header-display":"","ast-hfb-below-header-display":"","ast-hfb-mobile-header-display":"","site-post-title":"","ast-breadcrumbs-content":"","ast-featured-img":"","footer-sml-layout":"","theme-transparent-header-meta":"default","adv-header-id-meta":"","stick-header-meta":"","header-above-stick-meta":"","header-main-stick-meta":"","header-below-stick-meta":"","astra-migrate-meta-layouts":"set","ast-page-background-enabled":"default","ast-page-background-meta":{"desktop":{"background-color":"","background-image":"","background-repeat":"repeat","background-position":"center center","background-size":"auto","background-attachment":"scroll","background-type":"","background-media":"","overlay-type":"","overlay-color":"","overlay-opacity":"","overlay-gradient":""},"tablet":{"background-color":"","background-image":"","background-repeat":"repeat","background-position":"center center","background-size":"auto","background-attachment":"scroll","background-type":"","background-media":"","overlay-type":"","overlay-color":"","overlay-opacity":"","overlay-gradient":""},"mobile":{"background-color":"","background-image":"","background-repeat":"repeat","background-position":"center center","background-size":"auto","background-attachment":"scroll","background-type":"","background-media":"","overlay-type":"","overlay-color":"","overlay-opacity":"","overlay-gradient":""}},"ast-content-background-meta":{"desktop":{"background-color":"var(--ast-global-color-5)","background-image":"","background-repeat":"repeat","background-position":"center center","background-size":"auto","background-attachment":"scroll","background-type":"","background-media":"","overlay-type":"","overlay-color":"","overlay-opacity":"","overlay-gradient":""},"tablet":{"background-color":"var(--ast-global-color-5)","background-image":"","background-repeat":"repeat","background-position":"center center","background-size":"auto","background-attachment":"scroll","background-type":"","background-media":"","overlay-type":"","overlay-color":"","overlay-opacity":"","overlay-gradient":""},"mobile":{"background-color":"var(--ast-global-color-5)","background-image":"","background-repeat":"repeat","background-position":"center center","background-size":"auto","background-attachment":"scroll","background-type":"","background-media":"","overlay-type":"","overlay-color":"","overlay-opacity":"","overlay-gradient":""}},"footnotes":""},"class_list":["post-4657","page","type-page","status-publish","hentry"],"_links":{"self":[{"href":"https:\/\/lds-service.com\/sl\/wp-json\/wp\/v2\/pages\/4657","targetHints":{"allow":["GET"]}}],"collection":[{"href":"https:\/\/lds-service.com\/sl\/wp-json\/wp\/v2\/pages"}],"about":[{"href":"https:\/\/lds-service.com\/sl\/wp-json\/wp\/v2\/types\/page"}],"author":[{"embeddable":true,"href":"https:\/\/lds-service.com\/sl\/wp-json\/wp\/v2\/users\/1"}],"replies":[{"embeddable":true,"href":"https:\/\/lds-service.com\/sl\/wp-json\/wp\/v2\/comments?post=4657"}],"version-history":[{"count":1,"href":"https:\/\/lds-service.com\/sl\/wp-json\/wp\/v2\/pages\/4657\/revisions"}],"predecessor-version":[{"id":5211096,"href":"https:\/\/lds-service.com\/sl\/wp-json\/wp\/v2\/pages\/4657\/revisions\/5211096"}],"wp:attachment":[{"href":"https:\/\/lds-service.com\/sl\/wp-json\/wp\/v2\/media?parent=4657"}],"curies":[{"name":"wp","href":"https:\/\/api.w.org\/{rel}","templated":true}]}}