{"id":6023,"date":"2023-07-26T11:12:55","date_gmt":"2023-07-26T09:12:55","guid":{"rendered":"https:\/\/yesvcan.de\/?post_type=product&#038;p=6023"},"modified":"2026-04-08T18:50:13","modified_gmt":"2026-04-08T16:50:13","slug":"%d1%81%d0%b5%d1%82-%d0%be%d0%b4-4-%d0%bf%d0%bb%d0%b5%d1%82%d0%b5%d0%bd%d0%b5-%d1%81%d1%82%d0%be%d0%bb%d0%b8%d1%86%d0%b5-%d0%b7%d0%b0-%d1%81%d0%bb%d0%b0%d0%b3%d0%b0%d1%9a%d0%b5","status":"publish","type":"product","link":"https:\/\/lds-service.com\/sr\/product\/fusskappen-4er-set-geflecht-stapelstuhl\/","title":{"rendered":"\u041a\u043e\u043c\u043f\u043b\u0435\u0442 \u043a\u0430\u043f\u0438\u0446\u0430 \u0437\u0430 \u0441\u0442\u043e\u043f\u0430\u043b\u0430 \u043e\u0434 4 | \u041f\u043b\u0435\u0442\u0435\u043d\u0430 \u0441\u0442\u043e\u043b\u0438\u0446\u0430 \u0437\u0430 \u0441\u043b\u0430\u0433\u0430\u045a\u0435"},"content":{"rendered":"<p>Florabest, Lidl, Stapelstuhl, Geflecht- Stapelstuhl, 86177, Fu\u00dfendkappen, Kappen, F\u00fc\u00dfe, Ersatzfu\u00df<\/p>","protected":false},"excerpt":{"rendered":"<p>\u041f\u043e\u043a\u043b\u043e\u043f\u0446\u0438 \u0437\u0430 \u043d\u043e\u0433\u0435 \u0437\u0430 \u0441\u0442\u043e\u043b\u0438\u0446\u0443 \u0437\u0430 \u0441\u043b\u0430\u0433\u0430\u045a\u0435 Florabest \u0438\u0441\u043f\u043e\u0440\u0443\u0447\u0443\u0458\u0443 \u0441\u0435 \u0443 \u0441\u0435\u0442\u0443 \u043e\u0434 4 \u043a\u043e\u043c\u0430\u0434\u0430.<\/p>\n<p>\n\u0423\u043d\u0443\u0442\u0440\u0430\u0448\u045a\u0435 \u0434\u0438\u043c\u0435\u043d\u0437\u0438\u0458\u0435 \u0434\u0440\u0436\u0430\u0447\u0430 \u0446\u0435\u0432\u0438: 22 \u0438 33 \u043c\u043c<br \/>\n\u0414\u0438\u043c\u0435\u043d\u0437\u0438\u0458\u0435 \u0434\u043e\u045a\u0435\u0433 \u043d\u043e\u0441\u0430\u0447\u0430: 25\u00d725 \u043c\u043c \u0438 35\u00d735 \u043c\u043c<\/p>\n<p>\u0418\u0437\u043c\u0435\u0452\u0443 \u043e\u0441\u0442\u0430\u043b\u043e\u0433, \u043f\u043e\u0433\u043e\u0434\u043d\u043e \u0437\u0430 \u0441\u043b\u0435\u0434\u0435\u045b\u0435 IAN \u0431\u0440\u043e\u0458\u0435\u0432\u0435: 86177, 97095, 103534, 272991, 273211, 279624, 279656, 295701, 311161, 330992, 353355, 353370<\/p>\n<p>&nbsp;<\/p>","protected":false},"featured_media":0,"template":"","meta":{"site-sidebar-layout":"default","site-content-layout":"","ast-site-content-layout":"default","site-content-style":"default","site-sidebar-style":"default","ast-global-header-display":"","ast-banner-title-visibility":"","ast-main-header-display":"","ast-hfb-above-header-display":"","ast-hfb-below-header-display":"","ast-hfb-mobile-header-display":"","site-post-title":"","ast-breadcrumbs-content":"","ast-featured-img":"","footer-sml-layout":"","theme-transparent-header-meta":"","adv-header-id-meta":"","stick-header-meta":"","header-above-stick-meta":"","header-main-stick-meta":"","header-below-stick-meta":"","astra-migrate-meta-layouts":"default","ast-page-background-enabled":"default","ast-page-background-meta":{"desktop":{"background-color":"","background-image":"","background-repeat":"repeat","background-position":"center center","background-size":"auto","background-attachment":"scroll","background-type":"","background-media":"","overlay-type":"","overlay-color":"","overlay-opacity":"","overlay-gradient":""},"tablet":{"background-color":"","background-image":"","background-repeat":"repeat","background-position":"center center","background-size":"auto","background-attachment":"scroll","background-type":"","background-media":"","overlay-type":"","overlay-color":"","overlay-opacity":"","overlay-gradient":""},"mobile":{"background-color":"","background-image":"","background-repeat":"repeat","background-position":"center center","background-size":"auto","background-attachment":"scroll","background-type":"","background-media":"","overlay-type":"","overlay-color":"","overlay-opacity":"","overlay-gradient":""}},"ast-content-background-meta":{"desktop":{"background-color":"var(--ast-global-color-5)","background-image":"","background-repeat":"repeat","background-position":"center center","background-size":"auto","background-attachment":"scroll","background-type":"","background-media":"","overlay-type":"","overlay-color":"","overlay-opacity":"","overlay-gradient":""},"tablet":{"background-color":"var(--ast-global-color-5)","background-image":"","background-repeat":"repeat","background-position":"center center","background-size":"auto","background-attachment":"scroll","background-type":"","background-media":"","overlay-type":"","overlay-color":"","overlay-opacity":"","overlay-gradient":""},"mobile":{"background-color":"var(--ast-global-color-5)","background-image":"","background-repeat":"repeat","background-position":"center center","background-size":"auto","background-attachment":"scroll","background-type":"","background-media":"","overlay-type":"","overlay-color":"","overlay-opacity":"","overlay-gradient":""}}},"product_brand":[],"product_cat":[],"product_tag":[371,375,368,374,372,370,373,190,369],"class_list":{"0":"post-6023","1":"product","2":"type-product","3":"status-publish","5":"product_tag-371","6":"product_tag-ersatzfuss","7":"product_tag-florabest","8":"product_tag-fuesse","9":"product_tag-fussendkappen","10":"product_tag-geflecht-stapelstuhl","11":"product_tag-kappen","12":"product_tag-lidl","13":"product_tag-stapelstuhl","14":"desktop-align-left","15":"tablet-align-left","16":"mobile-align-left","17":"ast-product-gallery-layout-horizontal","18":"ast-product-gallery-with-no-image","20":"first","21":"instock","22":"taxable","23":"shipping-taxable","24":"purchasable","25":"product-type-simple"},"_links":{"self":[{"href":"https:\/\/lds-service.com\/sr\/wp-json\/wp\/v2\/product\/6023","targetHints":{"allow":["GET"]}}],"collection":[{"href":"https:\/\/lds-service.com\/sr\/wp-json\/wp\/v2\/product"}],"about":[{"href":"https:\/\/lds-service.com\/sr\/wp-json\/wp\/v2\/types\/product"}],"version-history":[{"count":0,"href":"https:\/\/lds-service.com\/sr\/wp-json\/wp\/v2\/product\/6023\/revisions"}],"wp:attachment":[{"href":"https:\/\/lds-service.com\/sr\/wp-json\/wp\/v2\/media?parent=6023"}],"wp:term":[{"taxonomy":"product_brand","embeddable":true,"href":"https:\/\/lds-service.com\/sr\/wp-json\/wp\/v2\/product_brand?post=6023"},{"taxonomy":"product_cat","embeddable":true,"href":"https:\/\/lds-service.com\/sr\/wp-json\/wp\/v2\/product_cat?post=6023"},{"taxonomy":"product_tag","embeddable":true,"href":"https:\/\/lds-service.com\/sr\/wp-json\/wp\/v2\/product_tag?post=6023"}],"curies":[{"name":"wp","href":"https:\/\/api.w.org\/{rel}","templated":true}]}}