{"id":9103,"date":"2025-06-05T21:34:18","date_gmt":"2025-06-05T19:34:18","guid":{"rendered":"https:\/\/lds-service.com\/?post_type=product&#038;p=9103"},"modified":"2025-09-01T13:37:55","modified_gmt":"2025-09-01T11:37:55","slug":"%d1%81%d0%b5%d0%b4%d0%b8%d1%88%d1%82%d0%b5-%d0%b7%d0%b0-crivit-%d1%82%d1%80%d0%b5%d0%bd%d0%b0%d0%b6%d0%b5%d1%80-%d0%b7%d0%b0-%d0%b2%d0%b5%d1%81%d0%bb%d0%b0%d1%9a%d0%b5-%d1%83-%d0%b2%d0%be%d0%b4%d0%b8","status":"publish","type":"product","link":"https:\/\/lds-service.com\/sr\/product\/sitz-fuer-crivit-wasser-rudergeraet-458878\/","title":{"rendered":"\u0421\u0435\u0434\u0438\u0448\u0442\u0435 \u0437\u0430 Crivit \u0442\u0440\u0435\u043d\u0430\u0436\u0435\u0440 \u0437\u0430 \u0432\u0435\u0441\u043b\u0430\u045a\u0435 \u0443 \u0432\u043e\u0434\u0438 458878"},"content":{"rendered":"<p>Ruderger\u00e4t, Ersatzteile, Crivit, Fu\u00dfst\u00fctze, rowing machine, 292988, 304119, 327387<\/p>","protected":false},"excerpt":{"rendered":"<p>\u041e\u0431\u0438\u043c \u0438\u0441\u043f\u043e\u0440\u0443\u043a\u0435: 1x \u0441\u0435\u0434\u0438\u0448\u0442\u0435 \u043f\u043e\u0433\u043e\u0434\u043d\u043e \u0437\u0430 \u0430\u0440\u0442\u0438\u043a\u0430\u043b IAN 458878<\/p>","protected":false},"featured_media":0,"template":"","meta":{"site-sidebar-layout":"default","site-content-layout":"","ast-site-content-layout":"default","site-content-style":"default","site-sidebar-style":"default","ast-global-header-display":"","ast-banner-title-visibility":"","ast-main-header-display":"","ast-hfb-above-header-display":"","ast-hfb-below-header-display":"","ast-hfb-mobile-header-display":"","site-post-title":"","ast-breadcrumbs-content":"","ast-featured-img":"","footer-sml-layout":"","theme-transparent-header-meta":"default","adv-header-id-meta":"","stick-header-meta":"default","header-above-stick-meta":"","header-main-stick-meta":"","header-below-stick-meta":"","astra-migrate-meta-layouts":"set","ast-page-background-enabled":"default","ast-page-background-meta":{"desktop":{"background-color":"","background-image":"","background-repeat":"repeat","background-position":"center center","background-size":"auto","background-attachment":"scroll","background-type":"","background-media":"","overlay-type":"","overlay-color":"","overlay-opacity":"","overlay-gradient":""},"tablet":{"background-color":"","background-image":"","background-repeat":"repeat","background-position":"center center","background-size":"auto","background-attachment":"scroll","background-type":"","background-media":"","overlay-type":"","overlay-color":"","overlay-opacity":"","overlay-gradient":""},"mobile":{"background-color":"","background-image":"","background-repeat":"repeat","background-position":"center center","background-size":"auto","background-attachment":"scroll","background-type":"","background-media":"","overlay-type":"","overlay-color":"","overlay-opacity":"","overlay-gradient":""}},"ast-content-background-meta":{"desktop":{"background-color":"var(--ast-global-color-5)","background-image":"","background-repeat":"repeat","background-position":"center center","background-size":"auto","background-attachment":"scroll","background-type":"","background-media":"","overlay-type":"","overlay-color":"","overlay-opacity":"","overlay-gradient":""},"tablet":{"background-color":"var(--ast-global-color-5)","background-image":"","background-repeat":"repeat","background-position":"center center","background-size":"auto","background-attachment":"scroll","background-type":"","background-media":"","overlay-type":"","overlay-color":"","overlay-opacity":"","overlay-gradient":""},"mobile":{"background-color":"var(--ast-global-color-5)","background-image":"","background-repeat":"repeat","background-position":"center center","background-size":"auto","background-attachment":"scroll","background-type":"","background-media":"","overlay-type":"","overlay-color":"","overlay-opacity":"","overlay-gradient":""}}},"product_brand":[],"product_cat":[732],"product_tag":[442,443,444,734,191,439,440,441,438],"class_list":{"0":"post-9103","1":"product","2":"type-product","3":"status-publish","5":"product_cat-wasser-rudergeraet","6":"product_tag-442","7":"product_tag-443","8":"product_tag-444","9":"product_tag-734","10":"product_tag-crivit","11":"product_tag-ersatzteile","12":"product_tag-fussstuetze","13":"product_tag-rowing-machine","14":"product_tag-rudergeraet","15":"desktop-align-left","16":"tablet-align-left","17":"mobile-align-left","18":"ast-product-gallery-layout-horizontal","20":"first","21":"outofstock","22":"taxable","23":"shipping-taxable","24":"purchasable","25":"product-type-simple"},"_links":{"self":[{"href":"https:\/\/lds-service.com\/sr\/wp-json\/wp\/v2\/product\/9103","targetHints":{"allow":["GET"]}}],"collection":[{"href":"https:\/\/lds-service.com\/sr\/wp-json\/wp\/v2\/product"}],"about":[{"href":"https:\/\/lds-service.com\/sr\/wp-json\/wp\/v2\/types\/product"}],"version-history":[{"count":1,"href":"https:\/\/lds-service.com\/sr\/wp-json\/wp\/v2\/product\/9103\/revisions"}],"predecessor-version":[{"id":9169,"href":"https:\/\/lds-service.com\/sr\/wp-json\/wp\/v2\/product\/9103\/revisions\/9169"}],"wp:attachment":[{"href":"https:\/\/lds-service.com\/sr\/wp-json\/wp\/v2\/media?parent=9103"}],"wp:term":[{"taxonomy":"product_brand","embeddable":true,"href":"https:\/\/lds-service.com\/sr\/wp-json\/wp\/v2\/product_brand?post=9103"},{"taxonomy":"product_cat","embeddable":true,"href":"https:\/\/lds-service.com\/sr\/wp-json\/wp\/v2\/product_cat?post=9103"},{"taxonomy":"product_tag","embeddable":true,"href":"https:\/\/lds-service.com\/sr\/wp-json\/wp\/v2\/product_tag?post=9103"}],"curies":[{"name":"wp","href":"https:\/\/api.w.org\/{rel}","templated":true}]}}